{"id":48562,"date":"2025-04-07T14:28:24","date_gmt":"2025-04-07T14:28:24","guid":{"rendered":"https:\/\/avo.dkrweb.it\/aplicaciones\/gran-distribucion-gdo\/"},"modified":"2025-06-24T14:50:19","modified_gmt":"2025-06-24T14:50:19","slug":"gran-distribucion-gdo","status":"publish","type":"page","link":"https:\/\/www.avo.it\/es\/aplicaciones\/gran-distribucion-gdo\/","title":{"rendered":"Gran Distribuci\u00f3n (GDO)"},"content":{"rendered":"\t\t<div data-elementor-type=\"wp-page\" data-elementor-id=\"48562\" class=\"elementor elementor-48562 elementor-20618\" data-elementor-post-type=\"page\">\n\t\t\t\t<div class=\"elementor-element elementor-element-b409888 e-con-full e-flex e-con e-parent\" data-id=\"b409888\" data-element_type=\"container\" data-e-type=\"container\" data-settings=\"{&quot;background_background&quot;:&quot;classic&quot;}\">\n\t\t<div class=\"elementor-element elementor-element-d1101ac e-con-full e-flex e-con e-child\" data-id=\"d1101ac\" data-element_type=\"container\" data-e-type=\"container\" data-settings=\"{&quot;background_background&quot;:&quot;classic&quot;}\">\n\t\t<div class=\"elementor-element elementor-element-023f04c e-con-full e-flex e-con e-child\" data-id=\"023f04c\" data-element_type=\"container\" data-e-type=\"container\" data-settings=\"{&quot;background_background&quot;:&quot;classic&quot;}\">\n\t\t\t\t<div class=\"elementor-element elementor-element-8295daa elementor-widget elementor-widget-heading\" data-id=\"8295daa\" data-element_type=\"widget\" data-e-type=\"widget\" data-widget_type=\"heading.default\">\n\t\t\t\t\t<h1 class=\"elementor-heading-title elementor-size-default\">Gran Distribuci\u00f3n (GDO)<\/h1>\t\t\t\t<\/div>\n\t\t\t\t<\/div>\n\t\t\t\t<\/div>\n\t\t\t\t<\/div>\n\t\t<div class=\"elementor-element elementor-element-f68a739 e-con-full e-flex e-con e-parent\" data-id=\"f68a739\" data-element_type=\"container\" data-e-type=\"container\">\n\t\t<div class=\"elementor-element elementor-element-9b4addb e-con-full e-flex e-con e-child\" data-id=\"9b4addb\" data-element_type=\"container\" data-e-type=\"container\">\n\t\t\t\t<div class=\"elementor-element elementor-element-68eb560 elementor-widget elementor-widget-text-editor\" data-id=\"68eb560\" data-element_type=\"widget\" data-e-type=\"widget\" data-widget_type=\"text-editor.default\">\n\t\t\t\t\t\t\t\t\t<p class=\"p1\">Los soportes AVO, disponibles en goma s\u00f3lida o polipropileno, con n\u00facleos de poliamida 6 o polipropileno, est\u00e1n dise\u00f1ados para satisfacer las <b>necesidades espec\u00edficas de grandes superficies comerciales<\/b>, donde la <b>maniobrabilidad y resistencia<\/b> son esenciales.<\/p><br>&nbsp;<br><ul class=\"ul1\">\r\n \t<li class=\"li1\">Ruedas de goma s\u00f3lida: <b>Mayor durabilidad<\/b> y resistencia a impactos.<\/li>\r\n \t<li class=\"li1\">Ruedas de polipropileno: <b>Ligereza y resistencia qu\u00edmica<\/b>, ideales para superficies duras y planas, t\u00edpicas de almacenes y supermercados.<\/li>\r\n \t<li class=\"li1\">Aplicaciones: <b>Carros, estanter\u00edas m\u00f3viles, carritos de compras<\/b> y otros equipos de manipulaci\u00f3n.<\/li>\r\n<\/ul>\t\t\t\t\t\t\t\t<\/div>\n\t\t\t\t<\/div>\n\t\t\t\t<\/div>\n\t\t\t\t<\/div>\n\t\t","protected":false},"excerpt":{"rendered":"<p>Gran Distribuci\u00f3n (GDO) Los soportes AVO, disponibles en goma s\u00f3lida o polipropileno, con n\u00facleos de poliamida 6 o polipropileno, est\u00e1n dise\u00f1ados para satisfacer las necesidades espec\u00edficas de grandes superficies comerciales, donde la maniobrabilidad y resistencia son esenciales. &nbsp; Ruedas de goma s\u00f3lida: Mayor durabilidad y resistencia a impactos. Ruedas de polipropileno: Ligereza y resistencia qu\u00edmica, [&hellip;]<\/p>\n","protected":false},"author":2,"featured_media":0,"parent":48556,"menu_order":0,"comment_status":"closed","ping_status":"closed","template":"","meta":{"_acf_changed":false,"footnotes":""},"class_list":["post-48562","page","type-page","status-publish","hentry"],"acf":[],"_links":{"self":[{"href":"https:\/\/www.avo.it\/es\/wp-json\/wp\/v2\/pages\/48562","targetHints":{"allow":["GET"]}}],"collection":[{"href":"https:\/\/www.avo.it\/es\/wp-json\/wp\/v2\/pages"}],"about":[{"href":"https:\/\/www.avo.it\/es\/wp-json\/wp\/v2\/types\/page"}],"author":[{"embeddable":true,"href":"https:\/\/www.avo.it\/es\/wp-json\/wp\/v2\/users\/2"}],"replies":[{"embeddable":true,"href":"https:\/\/www.avo.it\/es\/wp-json\/wp\/v2\/comments?post=48562"}],"version-history":[{"count":2,"href":"https:\/\/www.avo.it\/es\/wp-json\/wp\/v2\/pages\/48562\/revisions"}],"predecessor-version":[{"id":96203,"href":"https:\/\/www.avo.it\/es\/wp-json\/wp\/v2\/pages\/48562\/revisions\/96203"}],"up":[{"embeddable":true,"href":"https:\/\/www.avo.it\/es\/wp-json\/wp\/v2\/pages\/48556"}],"wp:attachment":[{"href":"https:\/\/www.avo.it\/es\/wp-json\/wp\/v2\/media?parent=48562"}],"curies":[{"name":"wp","href":"https:\/\/api.w.org\/{rel}","templated":true}]}}