{"id":48564,"date":"2025-04-07T14:28:35","date_gmt":"2025-04-07T14:28:35","guid":{"rendered":"https:\/\/avo.dkrweb.it\/aplicaciones\/ecologia-y-gestion-de-residuos\/"},"modified":"2025-06-24T14:53:53","modified_gmt":"2025-06-24T14:53:53","slug":"ecologia-y-gestion-de-residuos","status":"publish","type":"page","link":"https:\/\/www.avo.it\/es\/aplicaciones\/ecologia-y-gestion-de-residuos\/","title":{"rendered":"Ecolog\u00eda y Gesti\u00f3n de Residuos"},"content":{"rendered":"\t\t<div data-elementor-type=\"wp-page\" data-elementor-id=\"48564\" class=\"elementor elementor-48564 elementor-20620\" data-elementor-post-type=\"page\">\n\t\t\t\t<div class=\"elementor-element elementor-element-3007664 e-con-full e-flex e-con e-parent\" data-id=\"3007664\" data-element_type=\"container\" data-e-type=\"container\" data-settings=\"{&quot;background_background&quot;:&quot;classic&quot;}\">\n\t\t<div class=\"elementor-element elementor-element-5439631 e-con-full e-flex e-con e-child\" data-id=\"5439631\" data-element_type=\"container\" data-e-type=\"container\" data-settings=\"{&quot;background_background&quot;:&quot;classic&quot;}\">\n\t\t<div class=\"elementor-element elementor-element-681c221 e-con-full e-flex e-con e-child\" data-id=\"681c221\" data-element_type=\"container\" data-e-type=\"container\" data-settings=\"{&quot;background_background&quot;:&quot;classic&quot;}\">\n\t\t\t\t<div class=\"elementor-element elementor-element-d353d3d elementor-widget elementor-widget-heading\" data-id=\"d353d3d\" data-element_type=\"widget\" data-e-type=\"widget\" data-widget_type=\"heading.default\">\n\t\t\t\t\t<h1 class=\"elementor-heading-title elementor-size-default\">Ecolog\u00eda y Gesti\u00f3n de Residuos<\/h1>\t\t\t\t<\/div>\n\t\t\t\t<\/div>\n\t\t\t\t<\/div>\n\t\t\t\t<\/div>\n\t\t<div class=\"elementor-element elementor-element-335a5e6 e-con-full e-flex e-con e-parent\" data-id=\"335a5e6\" data-element_type=\"container\" data-e-type=\"container\">\n\t\t<div class=\"elementor-element elementor-element-318c49a e-con-full e-flex e-con e-child\" data-id=\"318c49a\" data-element_type=\"container\" data-e-type=\"container\">\n\t\t\t\t<div class=\"elementor-element elementor-element-b437dd6 elementor-widget elementor-widget-text-editor\" data-id=\"b437dd6\" data-element_type=\"widget\" data-e-type=\"widget\" data-widget_type=\"text-editor.default\">\n\t\t\t\t\t\t\t\t\t<p class=\"p1\">Las ruedas de goma s\u00f3lida AVO, con n\u00facleos met\u00e1licos o pl\u00e1sticos, est\u00e1n dise\u00f1adas para <b>resistir condiciones de trabajo severas en sectores como la recogida de residuos<\/b>.<\/p><br>&nbsp;<br><ul class=\"ul1\">\r\n \t<li class=\"li1\">N\u00facleo met\u00e1lico: <b>Mayor resistencia a impactos y cargas pesadas<\/b>.<\/li>\r\n \t<li class=\"li1\">N\u00facleo pl\u00e1stico: <b>Soluci\u00f3n ligera y resistente a agentes qu\u00edmicos<\/b>, ideal para contenedores y carros de residuos.<\/li>\r\n \t<li class=\"li1\">Dise\u00f1adas para soportar las tensiones diarias, <b>asegurando una larga vida \u00fatil<\/b> y un rendimiento \u00f3ptimo incluso en entornos hostiles.<\/li>\r\n<\/ul>\t\t\t\t\t\t\t\t<\/div>\n\t\t\t\t<\/div>\n\t\t\t\t<\/div>\n\t\t\t\t<\/div>\n\t\t","protected":false},"excerpt":{"rendered":"<p>Ecolog\u00eda y Gesti\u00f3n de Residuos Las ruedas de goma s\u00f3lida AVO, con n\u00facleos met\u00e1licos o pl\u00e1sticos, est\u00e1n dise\u00f1adas para resistir condiciones de trabajo severas en sectores como la recogida de residuos. &nbsp; N\u00facleo met\u00e1lico: Mayor resistencia a impactos y cargas pesadas. N\u00facleo pl\u00e1stico: Soluci\u00f3n ligera y resistente a agentes qu\u00edmicos, ideal para contenedores y carros [&hellip;]<\/p>\n","protected":false},"author":2,"featured_media":0,"parent":48556,"menu_order":0,"comment_status":"closed","ping_status":"closed","template":"","meta":{"_acf_changed":false,"footnotes":""},"class_list":["post-48564","page","type-page","status-publish","hentry"],"acf":[],"_links":{"self":[{"href":"https:\/\/www.avo.it\/es\/wp-json\/wp\/v2\/pages\/48564","targetHints":{"allow":["GET"]}}],"collection":[{"href":"https:\/\/www.avo.it\/es\/wp-json\/wp\/v2\/pages"}],"about":[{"href":"https:\/\/www.avo.it\/es\/wp-json\/wp\/v2\/types\/page"}],"author":[{"embeddable":true,"href":"https:\/\/www.avo.it\/es\/wp-json\/wp\/v2\/users\/2"}],"replies":[{"embeddable":true,"href":"https:\/\/www.avo.it\/es\/wp-json\/wp\/v2\/comments?post=48564"}],"version-history":[{"count":2,"href":"https:\/\/www.avo.it\/es\/wp-json\/wp\/v2\/pages\/48564\/revisions"}],"predecessor-version":[{"id":96206,"href":"https:\/\/www.avo.it\/es\/wp-json\/wp\/v2\/pages\/48564\/revisions\/96206"}],"up":[{"embeddable":true,"href":"https:\/\/www.avo.it\/es\/wp-json\/wp\/v2\/pages\/48556"}],"wp:attachment":[{"href":"https:\/\/www.avo.it\/es\/wp-json\/wp\/v2\/media?parent=48564"}],"curies":[{"name":"wp","href":"https:\/\/api.w.org\/{rel}","templated":true}]}}