{"id":48566,"date":"2025-04-07T14:28:04","date_gmt":"2025-04-07T14:28:04","guid":{"rendered":"https:\/\/avo.dkrweb.it\/aplicaciones\/construccion-y-obras\/"},"modified":"2025-06-24T14:29:12","modified_gmt":"2025-06-24T14:29:12","slug":"construccion-y-obras","status":"publish","type":"page","link":"https:\/\/www.avo.it\/es\/aplicaciones\/construccion-y-obras\/","title":{"rendered":"Construcci\u00f3n y Obras"},"content":{"rendered":"\t\t<div data-elementor-type=\"wp-page\" data-elementor-id=\"48566\" class=\"elementor elementor-48566 elementor-20616\" data-elementor-post-type=\"page\">\n\t\t\t\t<div class=\"elementor-element elementor-element-35a7041 e-con-full e-flex e-con e-parent\" data-id=\"35a7041\" data-element_type=\"container\" data-e-type=\"container\" data-settings=\"{&quot;background_background&quot;:&quot;classic&quot;}\">\n\t\t<div class=\"elementor-element elementor-element-14d955c e-con-full e-flex e-con e-child\" data-id=\"14d955c\" data-element_type=\"container\" data-e-type=\"container\" data-settings=\"{&quot;background_background&quot;:&quot;classic&quot;}\">\n\t\t<div class=\"elementor-element elementor-element-af14491 e-con-full e-flex e-con e-child\" data-id=\"af14491\" data-element_type=\"container\" data-e-type=\"container\" data-settings=\"{&quot;background_background&quot;:&quot;classic&quot;}\">\n\t\t\t\t<div class=\"elementor-element elementor-element-c3b712f elementor-widget elementor-widget-heading\" data-id=\"c3b712f\" data-element_type=\"widget\" data-e-type=\"widget\" data-widget_type=\"heading.default\">\n\t\t\t\t\t<h1 class=\"elementor-heading-title elementor-size-default\">Construcci\u00f3n y <span style=\"color: #B3E5FC\">Obras<\/span><\/h1>\t\t\t\t<\/div>\n\t\t\t\t<\/div>\n\t\t\t\t<\/div>\n\t\t\t\t<\/div>\n\t\t<div class=\"elementor-element elementor-element-9409c56 e-con-full e-flex e-con e-parent\" data-id=\"9409c56\" data-element_type=\"container\" data-e-type=\"container\">\n\t\t<div class=\"elementor-element elementor-element-3206428 e-con-full e-flex e-con e-child\" data-id=\"3206428\" data-element_type=\"container\" data-e-type=\"container\">\n\t\t\t\t<div class=\"elementor-element elementor-element-24c09d0 elementor-widget elementor-widget-text-editor\" data-id=\"24c09d0\" data-element_type=\"widget\" data-e-type=\"widget\" data-widget_type=\"text-editor.default\">\n\t\t\t\t\t\t\t\t\t<p class=\"p1\">Las ruedas AVO de goma s\u00f3lida o neum\u00e1tica, as\u00ed como las ruedas de poliuretano con n\u00facleo de poliamida 6, est\u00e1n dise\u00f1adas para <b>soportar cargas pesadas en entornos de construcci\u00f3n<\/b>, donde la <b>resistencia y la fiabilidad<\/b> son fundamentales.<\/p>\n<p>&nbsp;<\/p>\n<ul class=\"ul1\">\n<li class=\"li1\">Ruedas de goma s\u00f3lida: Alta <b>resistencia a impactos<\/b> y durabilidad excepcional.<\/li>\n<li class=\"li1\">Ruedas neum\u00e1ticas: Gran capacidad de <b>absorci\u00f3n de vibraciones<\/b> y reducci\u00f3n del desgaste.<\/li>\n<li class=\"li1\">Ruedas de poliuretano: Resistencia a <b>productos qu\u00edmicos y abrasi\u00f3n<\/b>, \u00f3ptimas para superficies irregulares o \u00e1speras.<\/li>\n<\/ul>\n\t\t\t\t\t\t\t\t<\/div>\n\t\t\t\t<\/div>\n\t\t\t\t<\/div>\n\t\t\t\t<\/div>\n\t\t","protected":false},"excerpt":{"rendered":"<p>Construcci\u00f3n y Obras Las ruedas AVO de goma s\u00f3lida o neum\u00e1tica, as\u00ed como las ruedas de poliuretano con n\u00facleo de poliamida 6, est\u00e1n dise\u00f1adas para soportar cargas pesadas en entornos de construcci\u00f3n, donde la resistencia y la fiabilidad son fundamentales. &nbsp; Ruedas de goma s\u00f3lida: Alta resistencia a impactos y durabilidad excepcional. Ruedas neum\u00e1ticas: Gran [&hellip;]<\/p>\n","protected":false},"author":2,"featured_media":0,"parent":48556,"menu_order":0,"comment_status":"closed","ping_status":"closed","template":"","meta":{"_acf_changed":false,"footnotes":""},"class_list":["post-48566","page","type-page","status-publish","hentry"],"acf":[],"_links":{"self":[{"href":"https:\/\/www.avo.it\/es\/wp-json\/wp\/v2\/pages\/48566","targetHints":{"allow":["GET"]}}],"collection":[{"href":"https:\/\/www.avo.it\/es\/wp-json\/wp\/v2\/pages"}],"about":[{"href":"https:\/\/www.avo.it\/es\/wp-json\/wp\/v2\/types\/page"}],"author":[{"embeddable":true,"href":"https:\/\/www.avo.it\/es\/wp-json\/wp\/v2\/users\/2"}],"replies":[{"embeddable":true,"href":"https:\/\/www.avo.it\/es\/wp-json\/wp\/v2\/comments?post=48566"}],"version-history":[{"count":2,"href":"https:\/\/www.avo.it\/es\/wp-json\/wp\/v2\/pages\/48566\/revisions"}],"predecessor-version":[{"id":96190,"href":"https:\/\/www.avo.it\/es\/wp-json\/wp\/v2\/pages\/48566\/revisions\/96190"}],"up":[{"embeddable":true,"href":"https:\/\/www.avo.it\/es\/wp-json\/wp\/v2\/pages\/48556"}],"wp:attachment":[{"href":"https:\/\/www.avo.it\/es\/wp-json\/wp\/v2\/media?parent=48566"}],"curies":[{"name":"wp","href":"https:\/\/api.w.org\/{rel}","templated":true}]}}