{"id":48568,"date":"2025-04-07T14:18:17","date_gmt":"2025-04-07T14:18:17","guid":{"rendered":"https:\/\/avo.dkrweb.it\/aplicaciones\/industria-alimentaria\/"},"modified":"2025-06-24T14:20:43","modified_gmt":"2025-06-24T14:20:43","slug":"industria-alimentaria","status":"publish","type":"page","link":"https:\/\/www.avo.it\/es\/aplicaciones\/industria-alimentaria\/","title":{"rendered":"Industria Alimentaria"},"content":{"rendered":"\t\t<div data-elementor-type=\"wp-page\" data-elementor-id=\"48568\" class=\"elementor elementor-48568 elementor-20592\" data-elementor-post-type=\"page\">\n\t\t\t\t<div class=\"elementor-element elementor-element-c3e828c e-con-full e-flex e-con e-parent\" data-id=\"c3e828c\" data-element_type=\"container\" data-e-type=\"container\" data-settings=\"{&quot;background_background&quot;:&quot;classic&quot;}\">\n\t\t<div class=\"elementor-element elementor-element-a3a3776 e-con-full e-flex e-con e-child\" data-id=\"a3a3776\" data-element_type=\"container\" data-e-type=\"container\" data-settings=\"{&quot;background_background&quot;:&quot;classic&quot;}\">\n\t\t<div class=\"elementor-element elementor-element-6faa361 e-con-full e-flex e-con e-child\" data-id=\"6faa361\" data-element_type=\"container\" data-e-type=\"container\" data-settings=\"{&quot;background_background&quot;:&quot;classic&quot;}\">\n\t\t\t\t<div class=\"elementor-element elementor-element-d442003 elementor-widget elementor-widget-heading\" data-id=\"d442003\" data-element_type=\"widget\" data-e-type=\"widget\" data-widget_type=\"heading.default\">\n\t\t\t\t\t<h1 class=\"elementor-heading-title elementor-size-default\">Industria <span style=\"color: #B3E5FC\">Alimentaria<\/span><\/h1>\t\t\t\t<\/div>\n\t\t\t\t<\/div>\n\t\t\t\t<\/div>\n\t\t\t\t<\/div>\n\t\t<div class=\"elementor-element elementor-element-d7cf79e e-con-full e-flex e-con e-parent\" data-id=\"d7cf79e\" data-element_type=\"container\" data-e-type=\"container\">\n\t\t<div class=\"elementor-element elementor-element-81c49f4 e-con-full e-flex e-con e-child\" data-id=\"81c49f4\" data-element_type=\"container\" data-e-type=\"container\">\n\t\t\t\t<div class=\"elementor-element elementor-element-e9d9e37 elementor-widget elementor-widget-text-editor\" data-id=\"e9d9e37\" data-element_type=\"widget\" data-e-type=\"widget\" data-widget_type=\"text-editor.default\">\n\t\t\t\t\t\t\t\t\t<p class=\"p1\">Las ruedas y soportes AVO est\u00e1n dise\u00f1ados espec\u00edficamente para su uso en el sector alimentario, donde <b>higiene y seguridad<\/b> son requisitos esenciales.<\/p>\n<p>&nbsp;<\/p>\n<ul class=\"ul1\">\n<li class=\"li1\"><b>Materiales de alta calidad<\/b> que garantizan resistencia a condiciones operativas exigentes.<\/li>\n<li class=\"li1\">Soportes disponibles en <b>acero inoxidable<\/b>, un material id\u00f3neo para entornos donde la limpieza es fundamental.<\/li>\n<li class=\"li1\">Resistencia a la <b>corrosi\u00f3n y a los agentes qu\u00edmicos<\/b>, manteniendo altos est\u00e1ndares de higiene en todas las fases de producci\u00f3n.<\/li>\n<\/ul>\n\t\t\t\t\t\t\t\t<\/div>\n\t\t\t\t<\/div>\n\t\t\t\t<\/div>\n\t\t\t\t<\/div>\n\t\t","protected":false},"excerpt":{"rendered":"<p>Industria Alimentaria Las ruedas y soportes AVO est\u00e1n dise\u00f1ados espec\u00edficamente para su uso en el sector alimentario, donde higiene y seguridad son requisitos esenciales. &nbsp; Materiales de alta calidad que garantizan resistencia a condiciones operativas exigentes. Soportes disponibles en acero inoxidable, un material id\u00f3neo para entornos donde la limpieza es fundamental. Resistencia a la corrosi\u00f3n [&hellip;]<\/p>\n","protected":false},"author":2,"featured_media":0,"parent":48556,"menu_order":0,"comment_status":"closed","ping_status":"closed","template":"","meta":{"_acf_changed":false,"footnotes":""},"class_list":["post-48568","page","type-page","status-publish","hentry"],"acf":[],"_links":{"self":[{"href":"https:\/\/www.avo.it\/es\/wp-json\/wp\/v2\/pages\/48568","targetHints":{"allow":["GET"]}}],"collection":[{"href":"https:\/\/www.avo.it\/es\/wp-json\/wp\/v2\/pages"}],"about":[{"href":"https:\/\/www.avo.it\/es\/wp-json\/wp\/v2\/types\/page"}],"author":[{"embeddable":true,"href":"https:\/\/www.avo.it\/es\/wp-json\/wp\/v2\/users\/2"}],"replies":[{"embeddable":true,"href":"https:\/\/www.avo.it\/es\/wp-json\/wp\/v2\/comments?post=48568"}],"version-history":[{"count":2,"href":"https:\/\/www.avo.it\/es\/wp-json\/wp\/v2\/pages\/48568\/revisions"}],"predecessor-version":[{"id":96184,"href":"https:\/\/www.avo.it\/es\/wp-json\/wp\/v2\/pages\/48568\/revisions\/96184"}],"up":[{"embeddable":true,"href":"https:\/\/www.avo.it\/es\/wp-json\/wp\/v2\/pages\/48556"}],"wp:attachment":[{"href":"https:\/\/www.avo.it\/es\/wp-json\/wp\/v2\/media?parent=48568"}],"curies":[{"name":"wp","href":"https:\/\/api.w.org\/{rel}","templated":true}]}}