{"id":48570,"date":"2025-04-07T14:07:50","date_gmt":"2025-04-07T14:07:50","guid":{"rendered":"https:\/\/avo.dkrweb.it\/aplicaciones\/intralogistica-y-automatizacion\/"},"modified":"2025-12-23T09:30:20","modified_gmt":"2025-12-23T09:30:20","slug":"intralogistica-y-automatizacion","status":"publish","type":"page","link":"https:\/\/www.avo.it\/es\/aplicaciones\/intralogistica-y-automatizacion\/","title":{"rendered":"Intralog\u00edstica y Automatizaci\u00f3n"},"content":{"rendered":"\t\t<div data-elementor-type=\"wp-page\" data-elementor-id=\"48570\" class=\"elementor elementor-48570 elementor-20576\" data-elementor-post-type=\"page\">\n\t\t\t\t<div class=\"elementor-element elementor-element-6c56cf5 e-con-full e-flex e-con e-parent\" data-id=\"6c56cf5\" data-element_type=\"container\" data-e-type=\"container\" data-settings=\"{&quot;background_background&quot;:&quot;classic&quot;}\">\n\t\t<div class=\"elementor-element elementor-element-f165aeb e-con-full e-flex e-con e-child\" data-id=\"f165aeb\" data-element_type=\"container\" data-e-type=\"container\" data-settings=\"{&quot;background_background&quot;:&quot;classic&quot;}\">\n\t\t<div class=\"elementor-element elementor-element-cc7540a e-con-full e-flex e-con e-child\" data-id=\"cc7540a\" data-element_type=\"container\" data-e-type=\"container\" data-settings=\"{&quot;background_background&quot;:&quot;classic&quot;}\">\n\t\t\t\t<div class=\"elementor-element elementor-element-2d26ec2 elementor-widget elementor-widget-heading\" data-id=\"2d26ec2\" data-element_type=\"widget\" data-e-type=\"widget\" data-widget_type=\"heading.default\">\n\t\t\t\t\t<h1 class=\"elementor-heading-title elementor-size-default\">Intralog\u00edstica y <span style=\"color: #B3E5FC\">Automatizaci\u00f3n<\/span><\/h1>\t\t\t\t<\/div>\n\t\t\t\t<\/div>\n\t\t\t\t<\/div>\n\t\t\t\t<\/div>\n\t\t<div class=\"elementor-element elementor-element-ae6b401 e-con-full e-flex e-con e-parent\" data-id=\"ae6b401\" data-element_type=\"container\" data-e-type=\"container\">\n\t\t<div class=\"elementor-element elementor-element-2bcbe99 e-con-full e-flex e-con e-child\" data-id=\"2bcbe99\" data-element_type=\"container\" data-e-type=\"container\">\n\t\t\t\t<div class=\"elementor-element elementor-element-64d05e7 elementor-widget elementor-widget-text-editor\" data-id=\"64d05e7\" data-element_type=\"widget\" data-e-type=\"widget\" data-widget_type=\"text-editor.default\">\n\t\t\t\t\t\t\t\t\t<p class=\"p1\"><b>Productos de calidad para la manipulaci\u00f3n y la intralog\u00edstica<\/b>, con especial atenci\u00f3n a los Veh\u00edculos Guiados Autom\u00e1ticamente (AGVs) y los Robots M\u00f3viles Aut\u00f3nomos (AMRs).<\/p>\n<p><\/p>\n<p class=\"p1\">AVO ofrece productos de alta calidad ideales para <b>optimizar los procesos de manipulaci\u00f3n<\/b> en entornos industriales y corporativos. Gracias a nuestra experiencia, proporcionamos soluciones personalizadas, dise\u00f1ando y fabricando ruedas a medida para satisfacer necesidades t\u00e9cnicas y operativas espec\u00edficas.<\/p>\n<ul class=\"ul1\">\n<li class=\"li1\">Mejora de la eficiencia en los flujos log\u00edsticos.<\/li>\n<li class=\"li1\">Mayor estabilidad y durabilidad en el transporte.<\/li>\n<li class=\"li1\">Adaptabilidad a condiciones ambientales espec\u00edficas.<\/li>\n<\/ul>\n<p><\/p>\n<p class=\"p1\">La capacidad de personalizaci\u00f3n de AVO nos permite ofrecer soluciones que combinan <b>innovaci\u00f3n, durabilidad y rendimiento \u00f3ptimo<\/b>, mejorando la eficiencia general de los sistemas AGV y AMR.<\/p>\n\t\t\t\t\t\t\t\t<\/div>\n\t\t\t\t<\/div>\n\t\t\t\t<\/div>\n\t\t\t\t<\/div>\n\t\t","protected":false},"excerpt":{"rendered":"<p>Intralog\u00edstica y Automatizaci\u00f3n Productos de calidad para la manipulaci\u00f3n y la intralog\u00edstica, con especial atenci\u00f3n a los Veh\u00edculos Guiados Autom\u00e1ticamente (AGVs) y los Robots M\u00f3viles Aut\u00f3nomos (AMRs). AVO ofrece productos de alta calidad ideales para optimizar los procesos de manipulaci\u00f3n en entornos industriales y corporativos. Gracias a nuestra experiencia, proporcionamos soluciones personalizadas, dise\u00f1ando y fabricando [&hellip;]<\/p>\n","protected":false},"author":2,"featured_media":0,"parent":48556,"menu_order":0,"comment_status":"closed","ping_status":"closed","template":"","meta":{"_acf_changed":false,"footnotes":""},"class_list":["post-48570","page","type-page","status-publish","hentry"],"acf":[],"_links":{"self":[{"href":"https:\/\/www.avo.it\/es\/wp-json\/wp\/v2\/pages\/48570","targetHints":{"allow":["GET"]}}],"collection":[{"href":"https:\/\/www.avo.it\/es\/wp-json\/wp\/v2\/pages"}],"about":[{"href":"https:\/\/www.avo.it\/es\/wp-json\/wp\/v2\/types\/page"}],"author":[{"embeddable":true,"href":"https:\/\/www.avo.it\/es\/wp-json\/wp\/v2\/users\/2"}],"replies":[{"embeddable":true,"href":"https:\/\/www.avo.it\/es\/wp-json\/wp\/v2\/comments?post=48570"}],"version-history":[{"count":3,"href":"https:\/\/www.avo.it\/es\/wp-json\/wp\/v2\/pages\/48570\/revisions"}],"predecessor-version":[{"id":156384,"href":"https:\/\/www.avo.it\/es\/wp-json\/wp\/v2\/pages\/48570\/revisions\/156384"}],"up":[{"embeddable":true,"href":"https:\/\/www.avo.it\/es\/wp-json\/wp\/v2\/pages\/48556"}],"wp:attachment":[{"href":"https:\/\/www.avo.it\/es\/wp-json\/wp\/v2\/media?parent=48570"}],"curies":[{"name":"wp","href":"https:\/\/api.w.org\/{rel}","templated":true}]}}