{"id":48572,"date":"2025-04-07T14:29:10","date_gmt":"2025-04-07T14:29:10","guid":{"rendered":"https:\/\/avo.dkrweb.it\/aplicaciones\/sector-medico\/"},"modified":"2025-12-23T08:19:59","modified_gmt":"2025-12-23T08:19:59","slug":"sector-medico","status":"publish","type":"page","link":"https:\/\/www.avo.it\/es\/aplicaciones\/sector-medico\/","title":{"rendered":"Sector M\u00e9dico"},"content":{"rendered":"\t\t<div data-elementor-type=\"wp-page\" data-elementor-id=\"48572\" class=\"elementor elementor-48572 elementor-20624\" data-elementor-post-type=\"page\">\n\t\t\t\t<div class=\"elementor-element elementor-element-f8dcf36 e-con-full e-flex e-con e-parent\" data-id=\"f8dcf36\" data-element_type=\"container\" data-e-type=\"container\" data-settings=\"{&quot;background_background&quot;:&quot;classic&quot;}\">\n\t\t<div class=\"elementor-element elementor-element-5562e02 e-con-full e-flex e-con e-child\" data-id=\"5562e02\" data-element_type=\"container\" data-e-type=\"container\" data-settings=\"{&quot;background_background&quot;:&quot;classic&quot;}\">\n\t\t<div class=\"elementor-element elementor-element-00042b5 e-con-full e-flex e-con e-child\" data-id=\"00042b5\" data-element_type=\"container\" data-e-type=\"container\" data-settings=\"{&quot;background_background&quot;:&quot;classic&quot;}\">\n\t\t\t\t<div class=\"elementor-element elementor-element-f14a334 elementor-widget elementor-widget-heading\" data-id=\"f14a334\" data-element_type=\"widget\" data-e-type=\"widget\" data-widget_type=\"heading.default\">\n\t\t\t\t\t<h1 class=\"elementor-heading-title elementor-size-default\">Sector M\u00e9dico<\/h1>\t\t\t\t<\/div>\n\t\t\t\t<\/div>\n\t\t\t\t<\/div>\n\t\t\t\t<\/div>\n\t\t<div class=\"elementor-element elementor-element-6eee3e7 e-con-full e-flex e-con e-parent\" data-id=\"6eee3e7\" data-element_type=\"container\" data-e-type=\"container\">\n\t\t<div class=\"elementor-element elementor-element-ef6d1e4 e-con-full e-flex e-con e-child\" data-id=\"ef6d1e4\" data-element_type=\"container\" data-e-type=\"container\">\n\t\t\t\t<div class=\"elementor-element elementor-element-b7f5d06 elementor-widget elementor-widget-text-editor\" data-id=\"b7f5d06\" data-element_type=\"widget\" data-e-type=\"widget\" data-widget_type=\"text-editor.default\">\n\t\t\t\t\t\t\t\t\t<p class=\"p1\">Las Ruedas y rodillos AVO de materiales termopl\u00e1sticos y acero inoxidable AISI 304 y AISI 316 est\u00e1n dise\u00f1ados para satisfacer las <b>estrictas exigencias del sector m\u00e9dico<\/b>, donde la seguridad, la fiabilidad y la higiene son primordiales.<\/p><br>&nbsp;<br><ul class=\"ul1\">\r\n \t<li class=\"li1\">Rodillos termopl\u00e1sticos: <b>Alta resistencia al desgaste<\/b> y gran capacidad de carga.<\/li>\r\n \t<li class=\"li1\">Acero inoxidable AISI 304 y AISI 316: <b>Resistencia superior a agentes qu\u00edmicos, humedad y temperaturas extremas<\/b>, cumpliendo con las normativas m\u00e1s exigentes del sector m\u00e9dico.<\/li>\r\n \t<li class=\"li1\">AISI 316: Ideal para <b>entornos altamente corrosivos<\/b>, como \u00e1reas expuestas a soluciones salinas o agentes desinfectantes.<\/li>\r\n<\/ul>\t\t\t\t\t\t\t\t<\/div>\n\t\t\t\t<\/div>\n\t\t\t\t<\/div>\n\t\t\t\t<\/div>\n\t\t","protected":false},"excerpt":{"rendered":"<p>Sector M\u00e9dico Las Ruedas y rodillos AVO de materiales termopl\u00e1sticos y acero inoxidable AISI 304 y AISI 316 est\u00e1n dise\u00f1ados para satisfacer las estrictas exigencias del sector m\u00e9dico, donde la seguridad, la fiabilidad y la higiene son primordiales. &nbsp; Rodillos termopl\u00e1sticos: Alta resistencia al desgaste y gran capacidad de carga. Acero inoxidable AISI 304 y [&hellip;]<\/p>\n","protected":false},"author":2,"featured_media":0,"parent":48556,"menu_order":0,"comment_status":"closed","ping_status":"closed","template":"","meta":{"_acf_changed":false,"footnotes":""},"class_list":["post-48572","page","type-page","status-publish","hentry"],"acf":[],"_links":{"self":[{"href":"https:\/\/www.avo.it\/es\/wp-json\/wp\/v2\/pages\/48572","targetHints":{"allow":["GET"]}}],"collection":[{"href":"https:\/\/www.avo.it\/es\/wp-json\/wp\/v2\/pages"}],"about":[{"href":"https:\/\/www.avo.it\/es\/wp-json\/wp\/v2\/types\/page"}],"author":[{"embeddable":true,"href":"https:\/\/www.avo.it\/es\/wp-json\/wp\/v2\/users\/2"}],"replies":[{"embeddable":true,"href":"https:\/\/www.avo.it\/es\/wp-json\/wp\/v2\/comments?post=48572"}],"version-history":[{"count":5,"href":"https:\/\/www.avo.it\/es\/wp-json\/wp\/v2\/pages\/48572\/revisions"}],"predecessor-version":[{"id":156364,"href":"https:\/\/www.avo.it\/es\/wp-json\/wp\/v2\/pages\/48572\/revisions\/156364"}],"up":[{"embeddable":true,"href":"https:\/\/www.avo.it\/es\/wp-json\/wp\/v2\/pages\/48556"}],"wp:attachment":[{"href":"https:\/\/www.avo.it\/es\/wp-json\/wp\/v2\/media?parent=48572"}],"curies":[{"name":"wp","href":"https:\/\/api.w.org\/{rel}","templated":true}]}}