{"id":48574,"date":"2025-04-07T14:27:01","date_gmt":"2025-04-07T14:27:01","guid":{"rendered":"https:\/\/avo.dkrweb.it\/aplicaciones\/sector-de-ascensores\/"},"modified":"2025-06-24T14:26:38","modified_gmt":"2025-06-24T14:26:38","slug":"sector-de-ascensores","status":"publish","type":"page","link":"https:\/\/www.avo.it\/es\/aplicaciones\/sector-de-ascensores\/","title":{"rendered":"Sector de Ascensores"},"content":{"rendered":"\t\t<div data-elementor-type=\"wp-page\" data-elementor-id=\"48574\" class=\"elementor elementor-48574 elementor-20613\" data-elementor-post-type=\"page\">\n\t\t\t\t<div class=\"elementor-element elementor-element-ea7a2e1 e-con-full e-flex e-con e-parent\" data-id=\"ea7a2e1\" data-element_type=\"container\" data-e-type=\"container\" data-settings=\"{&quot;background_background&quot;:&quot;classic&quot;}\">\n\t\t<div class=\"elementor-element elementor-element-b395501 e-con-full e-flex e-con e-child\" data-id=\"b395501\" data-element_type=\"container\" data-e-type=\"container\" data-settings=\"{&quot;background_background&quot;:&quot;classic&quot;}\">\n\t\t<div class=\"elementor-element elementor-element-cb607b2 e-con-full e-flex e-con e-child\" data-id=\"cb607b2\" data-element_type=\"container\" data-e-type=\"container\" data-settings=\"{&quot;background_background&quot;:&quot;classic&quot;}\">\n\t\t\t\t<div class=\"elementor-element elementor-element-13e972d elementor-widget elementor-widget-heading\" data-id=\"13e972d\" data-element_type=\"widget\" data-e-type=\"widget\" data-widget_type=\"heading.default\">\n\t\t\t\t\t<h1 class=\"elementor-heading-title elementor-size-default\">Sector de <span style=\"color: #B3E5FC\">Ascensores<\/span><\/h1>\t\t\t\t<\/div>\n\t\t\t\t<\/div>\n\t\t\t\t<\/div>\n\t\t\t\t<\/div>\n\t\t<div class=\"elementor-element elementor-element-a495b7b e-con-full e-flex e-con e-parent\" data-id=\"a495b7b\" data-element_type=\"container\" data-e-type=\"container\">\n\t\t<div class=\"elementor-element elementor-element-11a41db e-con-full e-flex e-con e-child\" data-id=\"11a41db\" data-element_type=\"container\" data-e-type=\"container\">\n\t\t\t\t<div class=\"elementor-element elementor-element-5670e1c elementor-widget elementor-widget-text-editor\" data-id=\"5670e1c\" data-element_type=\"widget\" data-e-type=\"widget\" data-widget_type=\"text-editor.default\">\n\t\t\t\t\t\t\t\t\t<p class=\"p1\">Las ruedas y rodillos AVO en poliuretano fundido son productos de alta calidad dise\u00f1ados para satisfacer las <b>exigencias del sector de ascensores<\/b>, donde la fiabilidad y la resistencia son primordiales.<\/p>\n<p>&nbsp;<\/p>\n<ul class=\"ul1\">\n<li class=\"li1\"><b>Poliuretano fundido:<\/b> Material vers\u00e1til y duradero que ofrece excelente amortiguaci\u00f3n y propiedades anti-desgaste.<\/li>\n<li class=\"li1\"><b>Reducci\u00f3n de ruido y vibraciones<\/b>, garantizando un movimiento suave y silencioso en ascensores y plataformas elevadoras.<\/li>\n<\/ul>\n\t\t\t\t\t\t\t\t<\/div>\n\t\t\t\t<\/div>\n\t\t\t\t<\/div>\n\t\t\t\t<\/div>\n\t\t","protected":false},"excerpt":{"rendered":"<p>Sector de Ascensores Las ruedas y rodillos AVO en poliuretano fundido son productos de alta calidad dise\u00f1ados para satisfacer las exigencias del sector de ascensores, donde la fiabilidad y la resistencia son primordiales. &nbsp; Poliuretano fundido: Material vers\u00e1til y duradero que ofrece excelente amortiguaci\u00f3n y propiedades anti-desgaste. Reducci\u00f3n de ruido y vibraciones, garantizando un movimiento [&hellip;]<\/p>\n","protected":false},"author":2,"featured_media":0,"parent":48556,"menu_order":0,"comment_status":"closed","ping_status":"closed","template":"","meta":{"_acf_changed":false,"footnotes":""},"class_list":["post-48574","page","type-page","status-publish","hentry"],"acf":[],"_links":{"self":[{"href":"https:\/\/www.avo.it\/es\/wp-json\/wp\/v2\/pages\/48574","targetHints":{"allow":["GET"]}}],"collection":[{"href":"https:\/\/www.avo.it\/es\/wp-json\/wp\/v2\/pages"}],"about":[{"href":"https:\/\/www.avo.it\/es\/wp-json\/wp\/v2\/types\/page"}],"author":[{"embeddable":true,"href":"https:\/\/www.avo.it\/es\/wp-json\/wp\/v2\/users\/2"}],"replies":[{"embeddable":true,"href":"https:\/\/www.avo.it\/es\/wp-json\/wp\/v2\/comments?post=48574"}],"version-history":[{"count":2,"href":"https:\/\/www.avo.it\/es\/wp-json\/wp\/v2\/pages\/48574\/revisions"}],"predecessor-version":[{"id":96187,"href":"https:\/\/www.avo.it\/es\/wp-json\/wp\/v2\/pages\/48574\/revisions\/96187"}],"up":[{"embeddable":true,"href":"https:\/\/www.avo.it\/es\/wp-json\/wp\/v2\/pages\/48556"}],"wp:attachment":[{"href":"https:\/\/www.avo.it\/es\/wp-json\/wp\/v2\/media?parent=48574"}],"curies":[{"name":"wp","href":"https:\/\/api.w.org\/{rel}","templated":true}]}}