{"id":152514,"date":"2025-02-17T11:29:38","date_gmt":"2025-02-17T11:29:38","guid":{"rendered":"https:\/\/avo.it\/processus-de-production\/"},"modified":"2025-09-30T08:27:34","modified_gmt":"2025-09-30T08:27:34","slug":"processus-de-production","status":"publish","type":"page","link":"https:\/\/www.avo.it\/fr\/processus-de-production\/","title":{"rendered":"Processus de production"},"content":{"rendered":"\t\t<div data-elementor-type=\"wp-page\" data-elementor-id=\"152514\" class=\"elementor elementor-152514 elementor-14016\" data-elementor-post-type=\"page\">\n\t\t\t\t<div class=\"elementor-element elementor-element-7c0ea3b e-con-full e-flex e-con e-parent\" data-id=\"7c0ea3b\" data-element_type=\"container\" data-e-type=\"container\">\n\t\t<div class=\"elementor-element elementor-element-bdfb208 e-con-full e-flex e-con e-child\" data-id=\"bdfb208\" data-element_type=\"container\" data-e-type=\"container\" data-settings=\"{&quot;background_background&quot;:&quot;classic&quot;}\">\n\t\t<div class=\"elementor-element elementor-element-d1878e2 e-con-full e-flex e-con e-child\" data-id=\"d1878e2\" data-element_type=\"container\" data-e-type=\"container\" data-settings=\"{&quot;background_background&quot;:&quot;classic&quot;}\">\n\t\t\t\t<div class=\"elementor-element elementor-element-7ee25a2 elementor-widget elementor-widget-heading\" data-id=\"7ee25a2\" data-element_type=\"widget\" data-e-type=\"widget\" data-widget_type=\"heading.default\">\n\t\t\t\t\t<h1 class=\"elementor-heading-title elementor-size-default\">Processus <span style=\"color: #B3E5FC\">de production<\/span><\/h1>\t\t\t\t<\/div>\n\t\t\t\t<\/div>\n\t\t\t\t<\/div>\n\t\t\t\t<\/div>\n\t\t<div class=\"elementor-element elementor-element-7447df7 e-con-full e-flex e-con e-parent\" data-id=\"7447df7\" data-element_type=\"container\" data-e-type=\"container\">\n\t\t<div class=\"elementor-element elementor-element-80c33ae e-con-full e-flex e-con e-child\" data-id=\"80c33ae\" data-element_type=\"container\" data-e-type=\"container\">\n\t\t\t\t<div class=\"elementor-element elementor-element-df38c45 elementor-widget elementor-widget-heading\" data-id=\"df38c45\" data-element_type=\"widget\" data-e-type=\"widget\" data-widget_type=\"heading.default\">\n\t\t\t\t\t<h2 class=\"elementor-heading-title elementor-size-default\">Qualit\u00e9, contr\u00f4le et production int\u00e9gr\u00e9e<\/h2>\t\t\t\t<\/div>\n\t\t\t\t<\/div>\n\t\t<div class=\"elementor-element elementor-element-23e954f e-con-full e-flex e-con e-child\" data-id=\"23e954f\" data-element_type=\"container\" data-e-type=\"container\">\n\t\t<div class=\"elementor-element elementor-element-284aa9a e-con-full e-flex e-con e-child\" data-id=\"284aa9a\" data-element_type=\"container\" data-e-type=\"container\">\n\t\t\t\t<div class=\"elementor-element elementor-element-fc2bcde elementor-widget elementor-widget-text-editor\" data-id=\"fc2bcde\" data-element_type=\"widget\" data-e-type=\"widget\" data-widget_type=\"text-editor.default\">\n\t\t\t\t\t\t\t\t\t<p class=\"p1\">L\u2019int\u00e9gration des principales \u00e9tapes de production au sein de l\u2019entreprise permet un <b>contr\u00f4le direct et continu des standards de qualit\u00e9 \u00e9lev\u00e9s<\/b>.<br \/>\nCette approche favorise une gestion synergique des \u00e9tapes cl\u00e9s, garantissant un excellent niveau de qualit\u00e9 \u00e0 chaque phase du processus de production.<\/p>\n<p><\/p>\n<p class=\"p1\">Les trois unit\u00e9s de production adjacentes couvrent une surface totale d\u2019environ 17 000 m\u00b2, assurant un espace suffisant pour des op\u00e9rations efficaces et pr\u00e9cises.<\/p>\n<p><\/p>\n<p class=\"p1\">Ces d\u00e9partements sont g\u00e9r\u00e9s comme de v\u00e9ritables unit\u00e9s de production, chacune responsable de la qualit\u00e9 en entr\u00e9e et en sortie, conform\u00e9ment au <b>Syst\u00e8me de Management Int\u00e9gr\u00e9 Qualit\u00e9 et Environnement (SMI-QE)<\/b>.<br \/>\nCette organisation garantit un contr\u00f4le rigoureux et une responsabilit\u00e9 claire \u00e0 chaque \u00e9tape du processus.<br \/>\nLa coh\u00e9rence avec le syst\u00e8me environnemental souligne l\u2019engagement continu de l\u2019entreprise envers <b>l\u2019excellence op\u00e9rationnelle et la satisfaction client<\/b>.<\/p>\n<p><\/p>\n<p class=\"p1\"><b>Les \u00e9tapes de production de nos produits sont r\u00e9parties en plusieurs phases sp\u00e9cialis\u00e9es et int\u00e9gr\u00e9es. Voici une br\u00e8ve pr\u00e9sentation:<\/b><\/p>\n\t\t\t\t\t\t\t\t<\/div>\n\t\t\t\t<\/div>\n\t\t<div class=\"elementor-element elementor-element-1ae6579 e-con-full e-flex e-con e-child\" data-id=\"1ae6579\" data-element_type=\"container\" data-e-type=\"container\" data-settings=\"{&quot;background_background&quot;:&quot;classic&quot;}\">\n\t\t\t\t<\/div>\n\t\t\t\t<\/div>\n\t\t\t\t<\/div>\n\t\t<div class=\"elementor-element elementor-element-557c125 e-con-full e-flex e-con e-parent\" data-id=\"557c125\" data-element_type=\"container\" data-e-type=\"container\">\n\t\t<div class=\"elementor-element elementor-element-2599ba9 e-con-full e-flex e-con e-child\" data-id=\"2599ba9\" data-element_type=\"container\" data-e-type=\"container\">\n\t\t<div class=\"elementor-element elementor-element-343f919 e-con-full e-flex e-con e-child\" data-id=\"343f919\" data-element_type=\"container\" data-e-type=\"container\" data-settings=\"{&quot;background_background&quot;:&quot;classic&quot;}\">\n\t\t\t\t<\/div>\n\t\t<div class=\"elementor-element elementor-element-2e53485 e-con-full e-flex e-con e-child\" data-id=\"2e53485\" data-element_type=\"container\" data-e-type=\"container\" data-settings=\"{&quot;background_background&quot;:&quot;classic&quot;}\">\n\t\t<div class=\"elementor-element elementor-element-57b12fc e-con-full e-flex e-con e-child\" data-id=\"57b12fc\" data-element_type=\"container\" data-e-type=\"container\">\n\t\t\t\t<div class=\"elementor-element elementor-element-e0a4ea4 elementor-widget elementor-widget-heading\" data-id=\"e0a4ea4\" data-element_type=\"widget\" data-e-type=\"widget\" data-widget_type=\"heading.default\">\n\t\t\t\t\t<h2 class=\"elementor-heading-title elementor-size-default\">D\u00e9coupage en transfert<\/h2>\t\t\t\t<\/div>\n\t\t\t\t<div class=\"elementor-element elementor-element-0fd3768 elementor-widget elementor-widget-text-editor\" data-id=\"0fd3768\" data-element_type=\"widget\" data-e-type=\"widget\" data-widget_type=\"text-editor.default\">\n\t\t\t\t\t\t\t\t\t<p>Les produits lamin\u00e9s en acier ou acier inoxydable (coils) subissent un usinage \u00e0 froid&#8230;<\/p>\n\t\t\t\t\t\t\t\t<\/div>\n\t\t\t\t<\/div>\n\t\t\t\t<div class=\"elementor-element elementor-element-e81d995 elementor-position-inline-end elementor-mobile-position-inline-end elementor-view-default elementor-widget elementor-widget-icon-box\" data-id=\"e81d995\" data-element_type=\"widget\" data-e-type=\"widget\" data-widget_type=\"icon-box.default\">\n\t\t\t\t\t\t\t<div class=\"elementor-icon-box-wrapper\">\n\n\t\t\t\t\t\t<div class=\"elementor-icon-box-icon\">\n\t\t\t\t<a href=\"#elementor-action%3Aaction%3Dpopup%3Aopen%26settings%3DeyJpZCI6MTUyNTE2LCJ0b2dnbGUiOmZhbHNlfQ%3D%3D\" title=\"Approfondisci\" class=\"elementor-icon\" tabindex=\"-1\" aria-label=\"approfondir\">\n\t\t\t\t<svg xmlns=\"http:\/\/www.w3.org\/2000\/svg\" id=\"Livello_1\" data-name=\"Livello 1\" viewBox=\"0 0 34.83 34.83\"><defs><style>      .cls-1 {        fill: #b3e5fc;      }    <\/style><\/defs><circle class=\"cls-1\" cx=\"17.42\" cy=\"17.41\" r=\"17.41\"><\/circle><path d=\"M26.27,17.41c0,.49-.4.89-.89.89h-7.09v7.09c0,.49-.4.89-.89.89s-.89-.4-.89-.89v-7.09h-7.09c-.49,0-.89-.4-.89-.89s.4-.89.89-.89h7.09v-7.09c0-.49.4-.89.89-.89s.89.4.89.89v7.09h7.09c.49,0,.89.4.89.89Z\"><\/path><\/svg>\t\t\t\t<\/a>\n\t\t\t<\/div>\n\t\t\t\n\t\t\t\t\t\t<div class=\"elementor-icon-box-content\">\n\n\t\t\t\t\t\t\t\t\t<h3 class=\"elementor-icon-box-title\">\n\t\t\t\t\t\t<a href=\"#elementor-action%3Aaction%3Dpopup%3Aopen%26settings%3DeyJpZCI6MTUyNTE2LCJ0b2dnbGUiOmZhbHNlfQ%3D%3D\" title=\"Approfondisci\" >\n\t\t\t\t\t\t\tapprofondir\t\t\t\t\t\t<\/a>\n\t\t\t\t\t<\/h3>\n\t\t\t\t\n\t\t\t\t\n\t\t\t<\/div>\n\t\t\t\n\t\t<\/div>\n\t\t\t\t\t\t<\/div>\n\t\t\t\t<\/div>\n\t\t\t\t<\/div>\n\t\t<div class=\"elementor-element elementor-element-229765b e-con-full e-flex e-con e-child\" data-id=\"229765b\" data-element_type=\"container\" data-e-type=\"container\">\n\t\t<div class=\"elementor-element elementor-element-f149d05 e-con-full e-flex e-con e-child\" data-id=\"f149d05\" data-element_type=\"container\" data-e-type=\"container\" data-settings=\"{&quot;background_background&quot;:&quot;classic&quot;}\">\n\t\t\t\t<\/div>\n\t\t<div class=\"elementor-element elementor-element-203053e e-con-full e-flex e-con e-child\" data-id=\"203053e\" data-element_type=\"container\" data-e-type=\"container\" data-settings=\"{&quot;background_background&quot;:&quot;classic&quot;}\">\n\t\t<div class=\"elementor-element elementor-element-6eaf957 e-con-full e-flex e-con e-child\" data-id=\"6eaf957\" data-element_type=\"container\" data-e-type=\"container\">\n\t\t\t\t<div class=\"elementor-element elementor-element-afb711c elementor-widget elementor-widget-heading\" data-id=\"afb711c\" data-element_type=\"widget\" data-e-type=\"widget\" data-widget_type=\"heading.default\">\n\t\t\t\t\t<h2 class=\"elementor-heading-title elementor-size-default\">D\u00e9partement d\u2019emboutissage<\/h2>\t\t\t\t<\/div>\n\t\t\t\t<div class=\"elementor-element elementor-element-a6054ec elementor-widget elementor-widget-text-editor\" data-id=\"a6054ec\" data-element_type=\"widget\" data-e-type=\"widget\" data-widget_type=\"text-editor.default\">\n\t\t\t\t\t\t\t\t\t<p>Ce d\u00e9partement comprend des op\u00e9rations de formage, de frappe et de montage manuel \u00e0 l\u2019aide de presses hydrauliques et m\u00e9caniques&#8230;<\/p>\n\t\t\t\t\t\t\t\t<\/div>\n\t\t\t\t<\/div>\n\t\t\t\t<div class=\"elementor-element elementor-element-eee097c elementor-position-inline-end elementor-mobile-position-inline-end elementor-view-default elementor-widget elementor-widget-icon-box\" data-id=\"eee097c\" data-element_type=\"widget\" data-e-type=\"widget\" data-widget_type=\"icon-box.default\">\n\t\t\t\t\t\t\t<div class=\"elementor-icon-box-wrapper\">\n\n\t\t\t\t\t\t<div class=\"elementor-icon-box-icon\">\n\t\t\t\t<a href=\"#elementor-action%3Aaction%3Dpopup%3Aopen%26settings%3DeyJpZCI6MTUyNTE4LCJ0b2dnbGUiOmZhbHNlfQ%3D%3D\" title=\"Approfondisci\" class=\"elementor-icon\" tabindex=\"-1\" aria-label=\"approfondir\">\n\t\t\t\t<svg xmlns=\"http:\/\/www.w3.org\/2000\/svg\" id=\"Livello_1\" data-name=\"Livello 1\" viewBox=\"0 0 34.83 34.83\"><defs><style>      .cls-1 {        fill: #b3e5fc;      }    <\/style><\/defs><circle class=\"cls-1\" cx=\"17.42\" cy=\"17.41\" r=\"17.41\"><\/circle><path d=\"M26.27,17.41c0,.49-.4.89-.89.89h-7.09v7.09c0,.49-.4.89-.89.89s-.89-.4-.89-.89v-7.09h-7.09c-.49,0-.89-.4-.89-.89s.4-.89.89-.89h7.09v-7.09c0-.49.4-.89.89-.89s.89.4.89.89v7.09h7.09c.49,0,.89.4.89.89Z\"><\/path><\/svg>\t\t\t\t<\/a>\n\t\t\t<\/div>\n\t\t\t\n\t\t\t\t\t\t<div class=\"elementor-icon-box-content\">\n\n\t\t\t\t\t\t\t\t\t<h3 class=\"elementor-icon-box-title\">\n\t\t\t\t\t\t<a href=\"#elementor-action%3Aaction%3Dpopup%3Aopen%26settings%3DeyJpZCI6MTUyNTE4LCJ0b2dnbGUiOmZhbHNlfQ%3D%3D\" title=\"Approfondisci\" >\n\t\t\t\t\t\t\tapprofondir\t\t\t\t\t\t<\/a>\n\t\t\t\t\t<\/h3>\n\t\t\t\t\n\t\t\t\t\n\t\t\t<\/div>\n\t\t\t\n\t\t<\/div>\n\t\t\t\t\t\t<\/div>\n\t\t\t\t<\/div>\n\t\t\t\t<\/div>\n\t\t<div class=\"elementor-element elementor-element-889a5ff e-con-full e-flex e-con e-child\" data-id=\"889a5ff\" data-element_type=\"container\" data-e-type=\"container\">\n\t\t<div class=\"elementor-element elementor-element-a972a14 e-con-full e-flex e-con e-child\" data-id=\"a972a14\" data-element_type=\"container\" data-e-type=\"container\" data-settings=\"{&quot;background_background&quot;:&quot;classic&quot;}\">\n\t\t\t\t<\/div>\n\t\t<div class=\"elementor-element elementor-element-979b936 e-con-full e-flex e-con e-child\" data-id=\"979b936\" data-element_type=\"container\" data-e-type=\"container\" data-settings=\"{&quot;background_background&quot;:&quot;classic&quot;}\">\n\t\t<div class=\"elementor-element elementor-element-ce7735e e-con-full e-flex e-con e-child\" data-id=\"ce7735e\" data-element_type=\"container\" data-e-type=\"container\">\n\t\t\t\t<div class=\"elementor-element elementor-element-e8d61b6 elementor-widget elementor-widget-heading\" data-id=\"e8d61b6\" data-element_type=\"widget\" data-e-type=\"widget\" data-widget_type=\"heading.default\">\n\t\t\t\t\t<h2 class=\"elementor-heading-title elementor-size-default\">Assemblage automatique<\/h2>\t\t\t\t<\/div>\n\t\t\t\t<div class=\"elementor-element elementor-element-8551cd4 elementor-widget elementor-widget-text-editor\" data-id=\"8551cd4\" data-element_type=\"widget\" data-e-type=\"widget\" data-widget_type=\"text-editor.default\">\n\t\t\t\t\t\t\t\t\t<p>L\u2019assemblage automatique des supports pour mobilier et des roues en caoutchouc est effectu\u00e9 dans ce d\u00e9partement&#8230;<\/p>\n\t\t\t\t\t\t\t\t<\/div>\n\t\t\t\t<\/div>\n\t\t\t\t<div class=\"elementor-element elementor-element-fe41892 elementor-position-inline-end elementor-mobile-position-inline-end elementor-view-default elementor-widget elementor-widget-icon-box\" data-id=\"fe41892\" data-element_type=\"widget\" data-e-type=\"widget\" data-widget_type=\"icon-box.default\">\n\t\t\t\t\t\t\t<div class=\"elementor-icon-box-wrapper\">\n\n\t\t\t\t\t\t<div class=\"elementor-icon-box-icon\">\n\t\t\t\t<a href=\"#elementor-action%3Aaction%3Dpopup%3Aopen%26settings%3DeyJpZCI6MTUyNTIwLCJ0b2dnbGUiOmZhbHNlfQ%3D%3D\" title=\"Approfondisci\" class=\"elementor-icon\" tabindex=\"-1\" aria-label=\"approfondir\">\n\t\t\t\t<svg xmlns=\"http:\/\/www.w3.org\/2000\/svg\" id=\"Livello_1\" data-name=\"Livello 1\" viewBox=\"0 0 34.83 34.83\"><defs><style>      .cls-1 {        fill: #b3e5fc;      }    <\/style><\/defs><circle class=\"cls-1\" cx=\"17.42\" cy=\"17.41\" r=\"17.41\"><\/circle><path d=\"M26.27,17.41c0,.49-.4.89-.89.89h-7.09v7.09c0,.49-.4.89-.89.89s-.89-.4-.89-.89v-7.09h-7.09c-.49,0-.89-.4-.89-.89s.4-.89.89-.89h7.09v-7.09c0-.49.4-.89.89-.89s.89.4.89.89v7.09h7.09c.49,0,.89.4.89.89Z\"><\/path><\/svg>\t\t\t\t<\/a>\n\t\t\t<\/div>\n\t\t\t\n\t\t\t\t\t\t<div class=\"elementor-icon-box-content\">\n\n\t\t\t\t\t\t\t\t\t<h3 class=\"elementor-icon-box-title\">\n\t\t\t\t\t\t<a href=\"#elementor-action%3Aaction%3Dpopup%3Aopen%26settings%3DeyJpZCI6MTUyNTIwLCJ0b2dnbGUiOmZhbHNlfQ%3D%3D\" title=\"Approfondisci\" >\n\t\t\t\t\t\t\tapprofondir\t\t\t\t\t\t<\/a>\n\t\t\t\t\t<\/h3>\n\t\t\t\t\n\t\t\t\t\n\t\t\t<\/div>\n\t\t\t\n\t\t<\/div>\n\t\t\t\t\t\t<\/div>\n\t\t\t\t<\/div>\n\t\t\t\t<\/div>\n\t\t\t\t<\/div>\n\t\t<div class=\"elementor-element elementor-element-d52c83a e-con-full e-flex e-con e-parent\" data-id=\"d52c83a\" data-element_type=\"container\" data-e-type=\"container\">\n\t\t<div class=\"elementor-element elementor-element-0fe6a58 e-con-full e-flex e-con e-child\" data-id=\"0fe6a58\" data-element_type=\"container\" data-e-type=\"container\">\n\t\t<div class=\"elementor-element elementor-element-51da131 e-con-full e-flex e-con e-child\" data-id=\"51da131\" data-element_type=\"container\" data-e-type=\"container\" data-settings=\"{&quot;background_background&quot;:&quot;classic&quot;}\">\n\t\t\t\t<\/div>\n\t\t<div class=\"elementor-element elementor-element-729fd85 e-con-full e-flex e-con e-child\" data-id=\"729fd85\" data-element_type=\"container\" data-e-type=\"container\" data-settings=\"{&quot;background_background&quot;:&quot;classic&quot;}\">\n\t\t<div class=\"elementor-element elementor-element-37e5c42 e-con-full e-flex e-con e-child\" data-id=\"37e5c42\" data-element_type=\"container\" data-e-type=\"container\">\n\t\t\t\t<div class=\"elementor-element elementor-element-f11d296 elementor-widget elementor-widget-heading\" data-id=\"f11d296\" data-element_type=\"widget\" data-e-type=\"widget\" data-widget_type=\"heading.default\">\n\t\t\t\t\t<h2 class=\"elementor-heading-title elementor-size-default\">Vulcanisation<\/h2>\t\t\t\t<\/div>\n\t\t\t\t<div class=\"elementor-element elementor-element-d959623 elementor-widget elementor-widget-text-editor\" data-id=\"d959623\" data-element_type=\"widget\" data-e-type=\"widget\" data-widget_type=\"text-editor.default\">\n\t\t\t\t\t\t\t\t\t<p>Ce d\u00e9partement est d\u00e9di\u00e9 au rev\u00eatement de noyaux en fonte, en acier ou en aluminium avec du polyur\u00e9thane&#8230;<\/p>\n\t\t\t\t\t\t\t\t<\/div>\n\t\t\t\t<\/div>\n\t\t\t\t<div class=\"elementor-element elementor-element-1fba186 elementor-position-inline-end elementor-mobile-position-inline-end elementor-view-default elementor-widget elementor-widget-icon-box\" data-id=\"1fba186\" data-element_type=\"widget\" data-e-type=\"widget\" data-widget_type=\"icon-box.default\">\n\t\t\t\t\t\t\t<div class=\"elementor-icon-box-wrapper\">\n\n\t\t\t\t\t\t<div class=\"elementor-icon-box-icon\">\n\t\t\t\t<a href=\"#elementor-action%3Aaction%3Dpopup%3Aopen%26settings%3DeyJpZCI6MTUyNTIyLCJ0b2dnbGUiOmZhbHNlfQ%3D%3D\" title=\"Approfondisci\" class=\"elementor-icon\" tabindex=\"-1\" aria-label=\"approfondir\">\n\t\t\t\t<svg xmlns=\"http:\/\/www.w3.org\/2000\/svg\" id=\"Livello_1\" data-name=\"Livello 1\" viewBox=\"0 0 34.83 34.83\"><defs><style>      .cls-1 {        fill: #b3e5fc;      }    <\/style><\/defs><circle class=\"cls-1\" cx=\"17.42\" cy=\"17.41\" r=\"17.41\"><\/circle><path d=\"M26.27,17.41c0,.49-.4.89-.89.89h-7.09v7.09c0,.49-.4.89-.89.89s-.89-.4-.89-.89v-7.09h-7.09c-.49,0-.89-.4-.89-.89s.4-.89.89-.89h7.09v-7.09c0-.49.4-.89.89-.89s.89.4.89.89v7.09h7.09c.49,0,.89.4.89.89Z\"><\/path><\/svg>\t\t\t\t<\/a>\n\t\t\t<\/div>\n\t\t\t\n\t\t\t\t\t\t<div class=\"elementor-icon-box-content\">\n\n\t\t\t\t\t\t\t\t\t<h3 class=\"elementor-icon-box-title\">\n\t\t\t\t\t\t<a href=\"#elementor-action%3Aaction%3Dpopup%3Aopen%26settings%3DeyJpZCI6MTUyNTIyLCJ0b2dnbGUiOmZhbHNlfQ%3D%3D\" title=\"Approfondisci\" >\n\t\t\t\t\t\t\tapprofondir\t\t\t\t\t\t<\/a>\n\t\t\t\t\t<\/h3>\n\t\t\t\t\n\t\t\t\t\n\t\t\t<\/div>\n\t\t\t\n\t\t<\/div>\n\t\t\t\t\t\t<\/div>\n\t\t\t\t<\/div>\n\t\t\t\t<\/div>\n\t\t<div class=\"elementor-element elementor-element-81b8b88 e-con-full e-flex e-con e-child\" data-id=\"81b8b88\" data-element_type=\"container\" data-e-type=\"container\">\n\t\t<div class=\"elementor-element elementor-element-beb1ae4 e-con-full e-flex e-con e-child\" data-id=\"beb1ae4\" data-element_type=\"container\" data-e-type=\"container\" data-settings=\"{&quot;background_background&quot;:&quot;classic&quot;}\">\n\t\t\t\t<\/div>\n\t\t<div class=\"elementor-element elementor-element-e2ef85b e-con-full e-flex e-con e-child\" data-id=\"e2ef85b\" data-element_type=\"container\" data-e-type=\"container\" data-settings=\"{&quot;background_background&quot;:&quot;classic&quot;}\">\n\t\t<div class=\"elementor-element elementor-element-fc3a434 e-con-full e-flex e-con e-child\" data-id=\"fc3a434\" data-element_type=\"container\" data-e-type=\"container\">\n\t\t\t\t<div class=\"elementor-element elementor-element-1923e00 elementor-widget elementor-widget-heading\" data-id=\"1923e00\" data-element_type=\"widget\" data-e-type=\"widget\" data-widget_type=\"heading.default\">\n\t\t\t\t\t<h2 class=\"elementor-heading-title elementor-size-default\">Moulage plastique<\/h2>\t\t\t\t<\/div>\n\t\t\t\t<div class=\"elementor-element elementor-element-31d133a elementor-widget elementor-widget-text-editor\" data-id=\"31d133a\" data-element_type=\"widget\" data-e-type=\"widget\" data-widget_type=\"text-editor.default\">\n\t\t\t\t\t\t\t\t\t<p>Dans ce d\u00e9partement, les granul\u00e9s de mat\u00e9riaux thermoplastiques sont transform\u00e9s en roues par injection dans des moules, apr\u00e8s fusion&#8230;<\/p>\n\t\t\t\t\t\t\t\t<\/div>\n\t\t\t\t<\/div>\n\t\t\t\t<div class=\"elementor-element elementor-element-7013deb elementor-position-inline-end elementor-mobile-position-inline-end elementor-view-default elementor-widget elementor-widget-icon-box\" data-id=\"7013deb\" data-element_type=\"widget\" data-e-type=\"widget\" data-widget_type=\"icon-box.default\">\n\t\t\t\t\t\t\t<div class=\"elementor-icon-box-wrapper\">\n\n\t\t\t\t\t\t<div class=\"elementor-icon-box-icon\">\n\t\t\t\t<a href=\"#elementor-action%3Aaction%3Dpopup%3Aopen%26settings%3DeyJpZCI6MTUyNTI0LCJ0b2dnbGUiOmZhbHNlfQ%3D%3D\" title=\"Approfondisci\" class=\"elementor-icon\" tabindex=\"-1\" aria-label=\"approfondir\">\n\t\t\t\t<svg xmlns=\"http:\/\/www.w3.org\/2000\/svg\" id=\"Livello_1\" data-name=\"Livello 1\" viewBox=\"0 0 34.83 34.83\"><defs><style>      .cls-1 {        fill: #b3e5fc;      }    <\/style><\/defs><circle class=\"cls-1\" cx=\"17.42\" cy=\"17.41\" r=\"17.41\"><\/circle><path d=\"M26.27,17.41c0,.49-.4.89-.89.89h-7.09v7.09c0,.49-.4.89-.89.89s-.89-.4-.89-.89v-7.09h-7.09c-.49,0-.89-.4-.89-.89s.4-.89.89-.89h7.09v-7.09c0-.49.4-.89.89-.89s.89.4.89.89v7.09h7.09c.49,0,.89.4.89.89Z\"><\/path><\/svg>\t\t\t\t<\/a>\n\t\t\t<\/div>\n\t\t\t\n\t\t\t\t\t\t<div class=\"elementor-icon-box-content\">\n\n\t\t\t\t\t\t\t\t\t<h3 class=\"elementor-icon-box-title\">\n\t\t\t\t\t\t<a href=\"#elementor-action%3Aaction%3Dpopup%3Aopen%26settings%3DeyJpZCI6MTUyNTI0LCJ0b2dnbGUiOmZhbHNlfQ%3D%3D\" title=\"Approfondisci\" >\n\t\t\t\t\t\t\tapprofondir\t\t\t\t\t\t<\/a>\n\t\t\t\t\t<\/h3>\n\t\t\t\t\n\t\t\t\t\n\t\t\t<\/div>\n\t\t\t\n\t\t<\/div>\n\t\t\t\t\t\t<\/div>\n\t\t\t\t<\/div>\n\t\t\t\t<\/div>\n\t\t<div class=\"elementor-element elementor-element-7926f47 e-con-full e-flex e-con e-child\" data-id=\"7926f47\" data-element_type=\"container\" data-e-type=\"container\">\n\t\t<div class=\"elementor-element elementor-element-8df0c10 e-con-full e-flex e-con e-child\" data-id=\"8df0c10\" data-element_type=\"container\" data-e-type=\"container\" data-settings=\"{&quot;background_background&quot;:&quot;classic&quot;}\">\n\t\t\t\t<\/div>\n\t\t<div class=\"elementor-element elementor-element-13910dc e-con-full e-flex e-con e-child\" data-id=\"13910dc\" data-element_type=\"container\" data-e-type=\"container\" data-settings=\"{&quot;background_background&quot;:&quot;classic&quot;}\">\n\t\t<div class=\"elementor-element elementor-element-06e1f33 e-con-full e-flex e-con e-child\" data-id=\"06e1f33\" data-element_type=\"container\" data-e-type=\"container\">\n\t\t\t\t<div class=\"elementor-element elementor-element-d29ae98 elementor-widget elementor-widget-heading\" data-id=\"d29ae98\" data-element_type=\"widget\" data-e-type=\"widget\" data-widget_type=\"heading.default\">\n\t\t\t\t\t<h2 class=\"elementor-heading-title elementor-size-default\">Assemblage et emballage<\/h2>\t\t\t\t<\/div>\n\t\t\t\t<div class=\"elementor-element elementor-element-6bf86d7 elementor-widget elementor-widget-text-editor\" data-id=\"6bf86d7\" data-element_type=\"widget\" data-e-type=\"widget\" data-widget_type=\"text-editor.default\">\n\t\t\t\t\t\t\t\t\t<p>Le produit fini (PF) est r\u00e9alis\u00e9 dans ce d\u00e9partement, divis\u00e9 en plusieurs sections&#8230;<\/p>\n\t\t\t\t\t\t\t\t<\/div>\n\t\t\t\t<\/div>\n\t\t\t\t<div class=\"elementor-element elementor-element-898c335 elementor-position-inline-end elementor-mobile-position-inline-end elementor-view-default elementor-widget elementor-widget-icon-box\" data-id=\"898c335\" data-element_type=\"widget\" data-e-type=\"widget\" data-widget_type=\"icon-box.default\">\n\t\t\t\t\t\t\t<div class=\"elementor-icon-box-wrapper\">\n\n\t\t\t\t\t\t<div class=\"elementor-icon-box-icon\">\n\t\t\t\t<a href=\"#elementor-action%3Aaction%3Dpopup%3Aopen%26settings%3DeyJpZCI6MTUyNTI2LCJ0b2dnbGUiOmZhbHNlfQ%3D%3D\" title=\"Approfondisci\" class=\"elementor-icon\" tabindex=\"-1\" aria-label=\"approfondir\">\n\t\t\t\t<svg xmlns=\"http:\/\/www.w3.org\/2000\/svg\" id=\"Livello_1\" data-name=\"Livello 1\" viewBox=\"0 0 34.83 34.83\"><defs><style>      .cls-1 {        fill: #b3e5fc;      }    <\/style><\/defs><circle class=\"cls-1\" cx=\"17.42\" cy=\"17.41\" r=\"17.41\"><\/circle><path d=\"M26.27,17.41c0,.49-.4.89-.89.89h-7.09v7.09c0,.49-.4.89-.89.89s-.89-.4-.89-.89v-7.09h-7.09c-.49,0-.89-.4-.89-.89s.4-.89.89-.89h7.09v-7.09c0-.49.4-.89.89-.89s.89.4.89.89v7.09h7.09c.49,0,.89.4.89.89Z\"><\/path><\/svg>\t\t\t\t<\/a>\n\t\t\t<\/div>\n\t\t\t\n\t\t\t\t\t\t<div class=\"elementor-icon-box-content\">\n\n\t\t\t\t\t\t\t\t\t<h3 class=\"elementor-icon-box-title\">\n\t\t\t\t\t\t<a href=\"#elementor-action%3Aaction%3Dpopup%3Aopen%26settings%3DeyJpZCI6MTUyNTI2LCJ0b2dnbGUiOmZhbHNlfQ%3D%3D\" title=\"Approfondisci\" >\n\t\t\t\t\t\t\tapprofondir\t\t\t\t\t\t<\/a>\n\t\t\t\t\t<\/h3>\n\t\t\t\t\n\t\t\t\t\n\t\t\t<\/div>\n\t\t\t\n\t\t<\/div>\n\t\t\t\t\t\t<\/div>\n\t\t\t\t<\/div>\n\t\t\t\t<\/div>\n\t\t\t\t<\/div>\n\t\t\t\t<\/div>\n\t\t","protected":false},"excerpt":{"rendered":"<p>Processus de production Qualit\u00e9, contr\u00f4le et production int\u00e9gr\u00e9e L\u2019int\u00e9gration des principales \u00e9tapes de production au sein de l\u2019entreprise permet un contr\u00f4le direct et continu des standards de qualit\u00e9 \u00e9lev\u00e9s. Cette approche favorise une gestion synergique des \u00e9tapes cl\u00e9s, garantissant un excellent niveau de qualit\u00e9 \u00e0 chaque phase du processus de production. Les trois unit\u00e9s de [&hellip;]<\/p>\n","protected":false},"author":2,"featured_media":0,"parent":0,"menu_order":0,"comment_status":"closed","ping_status":"closed","template":"","meta":{"_acf_changed":false,"footnotes":""},"class_list":["post-152514","page","type-page","status-publish","hentry"],"acf":[],"_links":{"self":[{"href":"https:\/\/www.avo.it\/fr\/wp-json\/wp\/v2\/pages\/152514","targetHints":{"allow":["GET"]}}],"collection":[{"href":"https:\/\/www.avo.it\/fr\/wp-json\/wp\/v2\/pages"}],"about":[{"href":"https:\/\/www.avo.it\/fr\/wp-json\/wp\/v2\/types\/page"}],"author":[{"embeddable":true,"href":"https:\/\/www.avo.it\/fr\/wp-json\/wp\/v2\/users\/2"}],"replies":[{"embeddable":true,"href":"https:\/\/www.avo.it\/fr\/wp-json\/wp\/v2\/comments?post=152514"}],"version-history":[{"count":1,"href":"https:\/\/www.avo.it\/fr\/wp-json\/wp\/v2\/pages\/152514\/revisions"}],"predecessor-version":[{"id":152515,"href":"https:\/\/www.avo.it\/fr\/wp-json\/wp\/v2\/pages\/152514\/revisions\/152515"}],"wp:attachment":[{"href":"https:\/\/www.avo.it\/fr\/wp-json\/wp\/v2\/media?parent=152514"}],"curies":[{"name":"wp","href":"https:\/\/api.w.org\/{rel}","templated":true}]}}