{"id":152530,"date":"2025-02-19T15:15:52","date_gmt":"2025-02-19T15:15:52","guid":{"rendered":"https:\/\/avo.it\/environnement\/"},"modified":"2025-09-30T08:51:29","modified_gmt":"2025-09-30T08:51:29","slug":"environnement","status":"publish","type":"page","link":"https:\/\/www.avo.it\/fr\/environnement\/","title":{"rendered":"Environnement"},"content":{"rendered":"\t\t<div data-elementor-type=\"wp-page\" data-elementor-id=\"152530\" class=\"elementor elementor-152530 elementor-14337\" data-elementor-post-type=\"page\">\n\t\t\t\t<div class=\"elementor-element elementor-element-fcf94de e-con-full e-flex e-con e-parent\" data-id=\"fcf94de\" data-element_type=\"container\" data-e-type=\"container\">\n\t\t<div class=\"elementor-element elementor-element-df889e9 e-con-full e-flex e-con e-child\" data-id=\"df889e9\" data-element_type=\"container\" data-e-type=\"container\" data-settings=\"{&quot;background_background&quot;:&quot;classic&quot;}\">\n\t\t<div class=\"elementor-element elementor-element-9fe2ef7 e-con-full e-flex e-con e-child\" data-id=\"9fe2ef7\" data-element_type=\"container\" data-e-type=\"container\" data-settings=\"{&quot;background_background&quot;:&quot;classic&quot;}\">\n\t\t\t\t<div class=\"elementor-element elementor-element-7b04e47 elementor-widget elementor-widget-heading\" data-id=\"7b04e47\" data-element_type=\"widget\" data-e-type=\"widget\" data-widget_type=\"heading.default\">\n\t\t\t\t\t<h1 class=\"elementor-heading-title elementor-size-default\">Respect de l\u2019environnement<\/h1>\t\t\t\t<\/div>\n\t\t\t\t<\/div>\n\t\t\t\t<\/div>\n\t\t\t\t<\/div>\n\t\t<div class=\"elementor-element elementor-element-8ba9af4 e-con-full e-flex e-con e-parent\" data-id=\"8ba9af4\" data-element_type=\"container\" data-e-type=\"container\">\n\t\t<div class=\"elementor-element elementor-element-8cd4cea e-con-full e-flex e-con e-child\" data-id=\"8cd4cea\" data-element_type=\"container\" data-e-type=\"container\">\n\t\t\t\t<div class=\"elementor-element elementor-element-c858f59 elementor-widget elementor-widget-heading\" data-id=\"c858f59\" data-element_type=\"widget\" data-e-type=\"widget\" data-widget_type=\"heading.default\">\n\t\t\t\t\t<h2 class=\"elementor-heading-title elementor-size-default\">Innovation dans le respect de l\u2019environnement<\/h2>\t\t\t\t<\/div>\n\t\t\t\t<\/div>\n\t\t<div class=\"elementor-element elementor-element-644ca84 e-con-full e-flex e-con e-child\" data-id=\"644ca84\" data-element_type=\"container\" data-e-type=\"container\">\n\t\t<div class=\"elementor-element elementor-element-25370b1 e-con-full e-flex e-con e-child\" data-id=\"25370b1\" data-element_type=\"container\" data-e-type=\"container\">\n\t\t\t\t<div class=\"elementor-element elementor-element-032fea8 elementor-widget elementor-widget-text-editor\" data-id=\"032fea8\" data-element_type=\"widget\" data-e-type=\"widget\" data-widget_type=\"text-editor.default\">\n\t\t\t\t\t\t\t\t\t<p class=\"p1\">AVO Aldo Valsecchi<span class=\"Apple-converted-space\">\u00a0 <\/span>place <b>le respect de l\u2019environnement au c\u0153ur de sa mission<\/b>, comme en t\u00e9moigne l\u2019obtention de la certification <b>UNI EN ISO 14001<\/b> et la mise en place d\u2019un <b>Syst\u00e8me Int\u00e9gr\u00e9 de Gestion Qualit\u00e9 et Environnement (SMI-QE)<\/b>.<\/p>\n<p><\/p>\n<p class=\"p1\">L\u2019entreprise a r\u00e9alis\u00e9 une <b>\u00e9valuation approfondie des aspects environnementaux<\/b>, lan\u00e7ant une s\u00e9rie d\u2019actions visant \u00e0 <b>contr\u00f4ler et r\u00e9duire les impacts environnementaux directs et indirects<\/b>.<br \/>\nUne \u00e9tape importante a \u00e9t\u00e9 franchie avec la <b>construction d\u2019une toiture photovolta\u00efque<\/b> sur le site de production de Via XX Settembre 105, d\u2019une capacit\u00e9 de <b>350 kWp<\/b>.<\/p>\n\t\t\t\t\t\t\t\t<\/div>\n\t\t<div class=\"elementor-element elementor-element-e920283 e-con-full e-flex e-con e-child\" data-id=\"e920283\" data-element_type=\"container\" data-e-type=\"container\" data-settings=\"{&quot;background_background&quot;:&quot;classic&quot;}\">\n\t\t\t\t<\/div>\n\t\t<div class=\"elementor-element elementor-element-5965a0e e-con-full e-flex e-con e-child\" data-id=\"5965a0e\" data-element_type=\"container\" data-e-type=\"container\">\n\t\t\t\t<div class=\"elementor-element elementor-element-ac89ecd elementor-widget elementor-widget-text-editor\" data-id=\"ac89ecd\" data-element_type=\"widget\" data-e-type=\"widget\" data-widget_type=\"text-editor.default\">\n\t\t\t\t\t\t\t\t\t<p class=\"p1\">Consciente de la <b>sensibilit\u00e9 du territoire<\/b> dans lequel elle op\u00e8re \u2014 avec le lac Majeur, les vall\u00e9es de l\u2019Ossola et le Parc National de la Val Grande \u2014, AVO Aldo Valsecchi<span class=\"Apple-converted-space\">\u00a0 <\/span>s\u2019efforce constamment de <b>r\u00e9duire l\u2019impact environnemental<\/b> de ses activit\u00e9s, en t\u00e9moignant d\u2019un profond respect pour la beaut\u00e9 et la fragilit\u00e9 de son environnement naturel.<\/p>\n<p><\/p>\n<p class=\"p1\">Le respect de l\u2019environnement est <b>un axe strat\u00e9gique fondamental<\/b> dans la fabrication de nos produits.<br \/>\n\u00c0 cet effet, AVO Aldo Valsecchi<span class=\"Apple-converted-space\">\u00a0 <\/span>s\u2019engage \u00e0 respecter la <b>directive RoHS<\/b> (Restriction of Hazardous Substances) ainsi que le <b>r\u00e8glement REACH<\/b> (Registration, Evaluation, Authorisation and Restriction of Chemicals).<br \/>\nCes r\u00e9glementations imposent des <b>limitations strictes sur l\u2019utilisation de substances dangereuses<\/b>, garantissant la <b>s\u00e9curit\u00e9 des produits et leur durabilit\u00e9 environnementale<\/b>.<\/p>\n<p><\/p>\n<p class=\"p1\">L\u2019entreprise se distingue \u00e9galement par une <b>analyse approfondie du cycle de vie de ses produits<\/b>, mettant \u00e0 disposition des clients des informations d\u00e9taill\u00e9es.<br \/>\nEn collaboration avec les principaux producteurs italiens de plastiques, elle recherche l\u2019utilisation de <b>polym\u00e8res respectueux de l\u2019environnement<\/b>, contribuant \u00e0 <b>r\u00e9duire l\u2019impact \u00e9cologique<\/b> et \u00e0 <b>promouvoir des solutions durables<\/b>.<\/p>\n<p><\/p>\n<p class=\"p1\">Cet engagement envers l\u2019\u00e9cologie et la durabilit\u00e9 refl\u00e8te pleinement la volont\u00e9 de l\u2019entreprise d\u2019adopter des pratiques de fabrication responsables, en conformit\u00e9 avec les r\u00e9glementations actuelles et avec les attentes croissantes des clients, de plus en plus sensibles aux <b>produits \u00e9co-responsables<\/b>.<\/p>\n\t\t\t\t\t\t\t\t<\/div>\n\t\t\t\t<\/div>\n\t\t<div class=\"elementor-element elementor-element-9d98ea6 e-con-full e-flex e-con e-child\" data-id=\"9d98ea6\" data-element_type=\"container\" data-e-type=\"container\">\n\t\t\t\t<div class=\"elementor-element elementor-element-1f544ff elementor-widget elementor-widget-image\" data-id=\"1f544ff\" data-element_type=\"widget\" data-e-type=\"widget\" data-widget_type=\"image.default\">\n\t\t\t\t\t\t\t\t\t\t\t\t\t\t\t\t<a href=\"https:\/\/www.reach-italia.info\/\" target=\"_blank\" title=\"Reach\">\n\t\t\t\t\t\t\t<img fetchpriority=\"high\" decoding=\"async\" width=\"565\" height=\"294\" src=\"https:\/\/www.avo.it\/wp-content\/uploads\/2025\/04\/reach-logo.jpg\" class=\"attachment-full size-full wp-image-21272\" alt=\"\" srcset=\"https:\/\/www.avo.it\/wp-content\/uploads\/2025\/04\/reach-logo.jpg 565w, https:\/\/www.avo.it\/wp-content\/uploads\/2025\/04\/reach-logo-300x156.jpg 300w\" sizes=\"(max-width: 565px) 100vw, 565px\" \/>\t\t\t\t\t\t\t\t<\/a>\n\t\t\t\t\t\t\t\t\t\t\t\t\t\t\t<\/div>\n\t\t\t\t<div class=\"elementor-element elementor-element-d9992c1 elementor-widget elementor-widget-image\" data-id=\"d9992c1\" data-element_type=\"widget\" data-e-type=\"widget\" data-widget_type=\"image.default\">\n\t\t\t\t\t\t\t\t\t\t\t\t\t\t\t\t<a href=\"https:\/\/environment.ec.europa.eu\/topics\/waste-and-recycling\/rohs-directive_en\" target=\"_blank\" title=\"Rohs\">\n\t\t\t\t\t\t\t<img decoding=\"async\" width=\"116\" height=\"116\" src=\"https:\/\/www.avo.it\/wp-content\/uploads\/2025\/04\/rohs-logo.jpg\" class=\"attachment-full size-full wp-image-21276\" alt=\"\" \/>\t\t\t\t\t\t\t\t<\/a>\n\t\t\t\t\t\t\t\t\t\t\t\t\t\t\t<\/div>\n\t\t\t\t<div class=\"elementor-element elementor-element-430a6c8 elementor-widget elementor-widget-image\" data-id=\"430a6c8\" data-element_type=\"widget\" data-e-type=\"widget\" data-widget_type=\"image.default\">\n\t\t\t\t\t\t\t\t\t\t\t\t\t\t\t\t<a href=\"https:\/\/www.avo.it\/wp-content\/uploads\/2025\/04\/AVO_smaltimento_prodotti.pdf\" target=\"_blank\" title=\"Smaltimento\">\n\t\t\t\t\t\t\t<img decoding=\"async\" src=\"https:\/\/www.avo.it\/wp-content\/uploads\/2025\/04\/AVO-trash-icon.svg\" class=\"attachment-full size-full wp-image-21280\" alt=\"\" \/>\t\t\t\t\t\t\t\t<\/a>\n\t\t\t\t\t\t\t\t\t\t\t\t\t\t\t<\/div>\n\t\t\t\t<div class=\"elementor-element elementor-element-0c79b59 elementor-widget elementor-widget-image\" data-id=\"0c79b59\" data-element_type=\"widget\" data-e-type=\"widget\" data-widget_type=\"image.default\">\n\t\t\t\t\t\t\t\t\t\t\t\t\t\t\t\t<a href=\"https:\/\/www.distrettolaghi.it\/\" target=\"_blank\" title=\"Distretto turistico dei laghi\">\n\t\t\t\t\t\t\t<img decoding=\"async\" width=\"1200\" height=\"267\" src=\"https:\/\/www.avo.it\/wp-content\/uploads\/2025\/04\/Logo-distretto-turistico-dei-laghi.jpg\" class=\"attachment-full size-full wp-image-28797\" alt=\"\" srcset=\"https:\/\/www.avo.it\/wp-content\/uploads\/2025\/04\/Logo-distretto-turistico-dei-laghi.jpg 1200w, https:\/\/www.avo.it\/wp-content\/uploads\/2025\/04\/Logo-distretto-turistico-dei-laghi-300x67.jpg 300w, https:\/\/www.avo.it\/wp-content\/uploads\/2025\/04\/Logo-distretto-turistico-dei-laghi-1024x228.jpg 1024w, https:\/\/www.avo.it\/wp-content\/uploads\/2025\/04\/Logo-distretto-turistico-dei-laghi-768x171.jpg 768w\" sizes=\"(max-width: 1200px) 100vw, 1200px\" \/>\t\t\t\t\t\t\t\t<\/a>\n\t\t\t\t\t\t\t\t\t\t\t\t\t\t\t<\/div>\n\t\t\t\t<div class=\"elementor-element elementor-element-9bb7098 elementor-widget elementor-widget-image\" data-id=\"9bb7098\" data-element_type=\"widget\" data-e-type=\"widget\" data-widget_type=\"image.default\">\n\t\t\t\t\t\t\t\t\t\t\t\t\t\t\t\t<a href=\"https:\/\/www.parcovalgrande.it\/\" target=\"_blank\" title=\"Valgrande\">\n\t\t\t\t\t\t\t<img loading=\"lazy\" decoding=\"async\" width=\"313\" height=\"189\" src=\"https:\/\/www.avo.it\/wp-content\/uploads\/2025\/04\/logo-parco-valgrande.png\" class=\"attachment-full size-full wp-image-28788\" alt=\"\" srcset=\"https:\/\/www.avo.it\/wp-content\/uploads\/2025\/04\/logo-parco-valgrande.png 313w, https:\/\/www.avo.it\/wp-content\/uploads\/2025\/04\/logo-parco-valgrande-300x181.png 300w\" sizes=\"(max-width: 313px) 100vw, 313px\" \/>\t\t\t\t\t\t\t\t<\/a>\n\t\t\t\t\t\t\t\t\t\t\t\t\t\t\t<\/div>\n\t\t\t\t<\/div>\n\t\t\t\t<\/div>\n\t\t\t\t<\/div>\n\t\t\t\t<\/div>\n\t\t\t\t<\/div>\n\t\t","protected":false},"excerpt":{"rendered":"<p>Respect de l\u2019environnement Innovation dans le respect de l\u2019environnement AVO Aldo Valsecchi\u00a0 place le respect de l\u2019environnement au c\u0153ur de sa mission, comme en t\u00e9moigne l\u2019obtention de la certification UNI EN ISO 14001 et la mise en place d\u2019un Syst\u00e8me Int\u00e9gr\u00e9 de Gestion Qualit\u00e9 et Environnement (SMI-QE). L\u2019entreprise a r\u00e9alis\u00e9 une \u00e9valuation approfondie des aspects [&hellip;]<\/p>\n","protected":false},"author":2,"featured_media":0,"parent":0,"menu_order":0,"comment_status":"closed","ping_status":"closed","template":"","meta":{"_acf_changed":false,"footnotes":""},"class_list":["post-152530","page","type-page","status-publish","hentry"],"acf":[],"_links":{"self":[{"href":"https:\/\/www.avo.it\/fr\/wp-json\/wp\/v2\/pages\/152530","targetHints":{"allow":["GET"]}}],"collection":[{"href":"https:\/\/www.avo.it\/fr\/wp-json\/wp\/v2\/pages"}],"about":[{"href":"https:\/\/www.avo.it\/fr\/wp-json\/wp\/v2\/types\/page"}],"author":[{"embeddable":true,"href":"https:\/\/www.avo.it\/fr\/wp-json\/wp\/v2\/users\/2"}],"replies":[{"embeddable":true,"href":"https:\/\/www.avo.it\/fr\/wp-json\/wp\/v2\/comments?post=152530"}],"version-history":[{"count":1,"href":"https:\/\/www.avo.it\/fr\/wp-json\/wp\/v2\/pages\/152530\/revisions"}],"predecessor-version":[{"id":152531,"href":"https:\/\/www.avo.it\/fr\/wp-json\/wp\/v2\/pages\/152530\/revisions\/152531"}],"wp:attachment":[{"href":"https:\/\/www.avo.it\/fr\/wp-json\/wp\/v2\/media?parent=152530"}],"curies":[{"name":"wp","href":"https:\/\/api.w.org\/{rel}","templated":true}]}}