{"id":152533,"date":"2025-02-19T16:07:43","date_gmt":"2025-02-19T16:07:43","guid":{"rendered":"https:\/\/avo.it\/certifications\/"},"modified":"2025-09-30T08:54:03","modified_gmt":"2025-09-30T08:54:03","slug":"certifications","status":"publish","type":"page","link":"https:\/\/www.avo.it\/fr\/certifications\/","title":{"rendered":"Certifications"},"content":{"rendered":"\t\t<div data-elementor-type=\"wp-page\" data-elementor-id=\"152533\" class=\"elementor elementor-152533 elementor-14355\" data-elementor-post-type=\"page\">\n\t\t\t\t<div class=\"elementor-element elementor-element-ebdb9cf e-con-full e-flex e-con e-parent\" data-id=\"ebdb9cf\" data-element_type=\"container\" data-e-type=\"container\">\n\t\t<div class=\"elementor-element elementor-element-ef0484c e-con-full e-flex e-con e-child\" data-id=\"ef0484c\" data-element_type=\"container\" data-e-type=\"container\" data-settings=\"{&quot;background_background&quot;:&quot;classic&quot;}\">\n\t\t<div class=\"elementor-element elementor-element-7a9f84f e-con-full e-flex e-con e-child\" data-id=\"7a9f84f\" data-element_type=\"container\" data-e-type=\"container\" data-settings=\"{&quot;background_background&quot;:&quot;classic&quot;}\">\n\t\t\t\t<div class=\"elementor-element elementor-element-c2aaeca elementor-widget elementor-widget-heading\" data-id=\"c2aaeca\" data-element_type=\"widget\" data-e-type=\"widget\" data-widget_type=\"heading.default\">\n\t\t\t\t\t<h1 class=\"elementor-heading-title elementor-size-default\"><span>Certifications<\/span><\/h1>\t\t\t\t<\/div>\n\t\t\t\t<\/div>\n\t\t\t\t<\/div>\n\t\t\t\t<\/div>\n\t\t<div class=\"elementor-element elementor-element-a671099 e-con-full e-flex e-con e-parent\" data-id=\"a671099\" data-element_type=\"container\" data-e-type=\"container\">\n\t\t<div class=\"elementor-element elementor-element-b1dee49 e-con-full e-flex e-con e-child\" data-id=\"b1dee49\" data-element_type=\"container\" data-e-type=\"container\">\n\t\t\t\t<div class=\"elementor-element elementor-element-1083780 elementor-widget elementor-widget-heading\" data-id=\"1083780\" data-element_type=\"widget\" data-e-type=\"widget\" data-widget_type=\"heading.default\">\n\t\t\t\t\t<h2 class=\"elementor-heading-title elementor-size-default\">Gestion de la qualit\u00e9<\/h2>\t\t\t\t<\/div>\n\t\t\t\t<\/div>\n\t\t<div class=\"elementor-element elementor-element-c9fd08d e-con-full e-flex e-con e-child\" data-id=\"c9fd08d\" data-element_type=\"container\" data-e-type=\"container\">\n\t\t<div class=\"elementor-element elementor-element-381433c e-con-full e-flex e-con e-child\" data-id=\"381433c\" data-element_type=\"container\" data-e-type=\"container\">\n\t\t\t\t<div class=\"elementor-element elementor-element-a30ad4a elementor-widget elementor-widget-text-editor\" data-id=\"a30ad4a\" data-element_type=\"widget\" data-e-type=\"widget\" data-widget_type=\"text-editor.default\">\n\t\t\t\t\t\t\t\t\t<p class=\"p1\">AVO Aldo Valsecchi<span class=\"Apple-converted-space\">\u00a0 <\/span>s\u2019engage \u00e0 fabriquer des produits conformes aux <b>normes internationales strictes<\/b> qui r\u00e9glementent le secteur des roues et roulettes.<br \/>\nCet engagement vise \u00e0 garantir des <b>standards \u00e9lev\u00e9s de qualit\u00e9 et de s\u00e9curit\u00e9<\/b>.<\/p>\n<p><\/p>\n<p class=\"p1\">Le respect des normes constitue un <b>principe fondamental<\/b>, assur\u00e9 par une <b>approche par processus<\/b> et par une cha\u00eene client-fournisseur structur\u00e9e, mise en \u0153uvre gr\u00e2ce \u00e0 un <b>Syst\u00e8me Int\u00e9gr\u00e9 de Gestion de la Qualit\u00e9 et de l\u2019Environnement (SMI-QE)<\/b> conforme aux normes <b>UNI EN ISO 9001<\/b> et <b>UNI EN ISO 14001<\/b>.<\/p>\n<p><\/p>\n<p class=\"p1\"><b>Formation continue et s\u00e9lection des fournisseurs<\/b><\/p>\n<p><\/p>\n<p class=\"p1\">La formation du personnel est une priorit\u00e9 : des mises \u00e0 jour r\u00e9guli\u00e8res permettent aux collaborateurs de rester \u00e0 la pointe de la technologie, en utilisant les \u00e9quipements de production les plus modernes et des outils informatiques avanc\u00e9s, en accord avec la philosophie de l\u2019entreprise.<\/p>\n<p><\/p>\n<p class=\"p1\">Le concept de qualit\u00e9 s\u2019applique \u00e9galement \u00e0 la <b>s\u00e9lection rigoureuse des fournisseurs<\/b>, qui doivent faire l\u2019objet de <b>contr\u00f4les stricts<\/b> et se conformer \u00e0 des <b>proc\u00e9dures \u00e9crites<\/b>.<\/p>\n<p><\/p>\n<p class=\"p1\">La <b>flexibilit\u00e9<\/b> est aussi un crit\u00e8re fondamental pour les partenaires d\u2019AVO Aldo Valsecchi , qui doivent <b>favoriser les synergies<\/b> au b\u00e9n\u00e9fice maximum de l\u2019entreprise.<\/p>\n<p><\/p>\n<p class=\"p1\"><b>Satisfaction du client : une priorit\u00e9 strat\u00e9gique<\/b><\/p>\n<p><\/p>\n<p class=\"p1\">La politique de l\u2019entreprise place la satisfaction des clients et la r\u00e9ponse \u00e0 leurs exigences au c\u0153ur de ses objectifs.<br \/>\nLa fid\u00e9lisation des clients est un objectif prioritaire, mis en \u00e9vidence par le <b>contr\u00f4le permanent des processus<\/b>, \u00e0 travers <b>des cartes de contr\u00f4le<\/b> et <b>des fiches de gestion qualit\u00e9<\/b>.<\/p>\n<p><\/p>\n<p class=\"p1\">Les processus sp\u00e9ciaux sont <b>certifi\u00e9s<\/b> gr\u00e2ce \u00e0 des <b>instruments de contr\u00f4le r\u00e9alis\u00e9s sur mesure<\/b> par le service qualit\u00e9 interne (GQ) d\u2019AVO Aldo Valsecchi.<\/p>\n\t\t\t\t\t\t\t\t<\/div>\n\t\t\t\t<\/div>\n\t\t<div class=\"elementor-element elementor-element-cfb1f8a e-con-full e-flex e-con e-child\" data-id=\"cfb1f8a\" data-element_type=\"container\" data-e-type=\"container\" data-settings=\"{&quot;background_background&quot;:&quot;classic&quot;}\">\n\t\t\t\t<\/div>\n\t\t\t\t<\/div>\n\t\t\t\t<\/div>\n\t\t<div class=\"elementor-element elementor-element-d01943f e-con-full e-flex e-con e-parent\" data-id=\"d01943f\" data-element_type=\"container\" data-e-type=\"container\">\n\t\t\t\t<div class=\"elementor-element elementor-element-da2e669 elementor-widget elementor-widget-heading\" data-id=\"da2e669\" data-element_type=\"widget\" data-e-type=\"widget\" data-widget_type=\"heading.default\">\n\t\t\t\t\t<h2 class=\"elementor-heading-title elementor-size-default\">Nos certifications<\/h2>\t\t\t\t<\/div>\n\t\t<div class=\"elementor-element elementor-element-022752d e-con-full e-flex e-con e-child\" data-id=\"022752d\" data-element_type=\"container\" data-e-type=\"container\">\n\t\t<div class=\"elementor-element elementor-element-6d6213f e-con-full e-flex e-con e-child\" data-id=\"6d6213f\" data-element_type=\"container\" data-e-type=\"container\">\n\t\t\t\t<div class=\"elementor-element elementor-element-c8fd8f2 elementor-position-inline-start elementor-view-default elementor-mobile-position-block-start elementor-widget elementor-widget-icon-box\" data-id=\"c8fd8f2\" data-element_type=\"widget\" data-e-type=\"widget\" data-widget_type=\"icon-box.default\">\n\t\t\t\t\t\t\t<div class=\"elementor-icon-box-wrapper\">\n\n\t\t\t\t\t\t<div class=\"elementor-icon-box-icon\">\n\t\t\t\t<span  class=\"elementor-icon\">\n\t\t\t\t<svg xmlns=\"http:\/\/www.w3.org\/2000\/svg\" viewBox=\"0 0 24 24\"><path d=\"m7,13h5v1h-5v-1Zm10-4H7v1h10v-1Zm0-4H7v1h10v-1Zm4,12.942v5.998l-2.5-1.683-2.5,1.683v-5.998c-.617-.631-1-1.492-1-2.442,0-1.93,1.57-3.5,3.5-3.5.539,0,1.044.133,1.5.351V2.5c0-.827-.673-1.5-1.5-1.5H5.5c-.827,0-1.5.673-1.5,1.5v18.5h10v1H3V2.5c0-1.378,1.121-2.5,2.5-2.5h13c1.379,0,2.5,1.122,2.5,2.5v10.558c.617.631,1,1.492,1,2.442s-.383,1.81-1,2.442Zm-5-2.442c0,1.378,1.121,2.5,2.5,2.5s2.5-1.122,2.5-2.5-1.121-2.5-2.5-2.5-2.5,1.122-2.5,2.5Zm4,6.561v-3.412c-.456.219-.961.351-1.5.351s-1.044-.133-1.5-.351v3.412l1.5-1.009,1.5,1.009Z\"><\/path><\/svg>\t\t\t\t<\/span>\n\t\t\t<\/div>\n\t\t\t\n\t\t\t\t\t\t<div class=\"elementor-icon-box-content\">\n\n\t\t\t\t\t\t\t\t\t<h3 class=\"elementor-icon-box-title\">\n\t\t\t\t\t\t<span  >\n\t\t\t\t\t\t\tUNI EN ISO 9001\t\t\t\t\t\t<\/span>\n\t\t\t\t\t<\/h3>\n\t\t\t\t\n\t\t\t\t\n\t\t\t<\/div>\n\t\t\t\n\t\t<\/div>\n\t\t\t\t\t\t<\/div>\n\t\t\t\t<div class=\"elementor-element elementor-element-112ebbd elementor-position-inline-end elementor-mobile-position-inline-end elementor-view-default elementor-widget elementor-widget-icon-box\" data-id=\"112ebbd\" data-element_type=\"widget\" data-e-type=\"widget\" data-widget_type=\"icon-box.default\">\n\t\t\t\t\t\t\t<div class=\"elementor-icon-box-wrapper\">\n\n\t\t\t\t\t\t<div class=\"elementor-icon-box-icon\">\n\t\t\t\t<a href=\"https:\/\/www.avo.it\/wp-content\/uploads\/2025\/05\/ISO-9001-CERT-06329-2000-AQ-TRI-SINCERT-4-it-IT-20240410-20240416110811.pdf\" target=\"_blank\" title=\"Vedi certificazione ISO 9001\" class=\"elementor-icon\" tabindex=\"-1\" aria-label=\"Voir la certification\">\n\t\t\t\t<svg xmlns=\"http:\/\/www.w3.org\/2000\/svg\" id=\"Livello_1\" data-name=\"Livello 1\" viewBox=\"0 0 36.78 36.78\"><defs><style>      .cls-1 {        fill: #b3e5fc;      }      .cls-2 {        fill: #21355a;      }    <\/style><\/defs><circle class=\"cls-1\" cx=\"18.39\" cy=\"18.39\" r=\"18.39\"><\/circle><path class=\"cls-2\" d=\"M13.65,26.72l7.81-7.81c.28-.28.28-.77,0-1.04l-7.81-7.81,1.04-1.04,7.81,7.81c.84.84.84,2.3,0,3.13l-7.81,7.81-1.04-1.04Z\"><\/path><\/svg>\t\t\t\t<\/a>\n\t\t\t<\/div>\n\t\t\t\n\t\t\t\t\t\t<div class=\"elementor-icon-box-content\">\n\n\t\t\t\t\t\t\t\t\t<h3 class=\"elementor-icon-box-title\">\n\t\t\t\t\t\t<a href=\"https:\/\/www.avo.it\/wp-content\/uploads\/2025\/05\/ISO-9001-CERT-06329-2000-AQ-TRI-SINCERT-4-it-IT-20240410-20240416110811.pdf\" target=\"_blank\" title=\"Vedi certificazione ISO 9001\" >\n\t\t\t\t\t\t\tVoir la certification\t\t\t\t\t\t<\/a>\n\t\t\t\t\t<\/h3>\n\t\t\t\t\n\t\t\t\t\n\t\t\t<\/div>\n\t\t\t\n\t\t<\/div>\n\t\t\t\t\t\t<\/div>\n\t\t\t\t<\/div>\n\t\t<div class=\"elementor-element elementor-element-ab2a0c3 e-con-full e-flex e-con e-child\" data-id=\"ab2a0c3\" data-element_type=\"container\" data-e-type=\"container\">\n\t\t\t\t<div class=\"elementor-element elementor-element-b75d04f elementor-position-inline-start elementor-view-default elementor-mobile-position-block-start elementor-widget elementor-widget-icon-box\" data-id=\"b75d04f\" data-element_type=\"widget\" data-e-type=\"widget\" data-widget_type=\"icon-box.default\">\n\t\t\t\t\t\t\t<div class=\"elementor-icon-box-wrapper\">\n\n\t\t\t\t\t\t<div class=\"elementor-icon-box-icon\">\n\t\t\t\t<span  class=\"elementor-icon\">\n\t\t\t\t<svg xmlns=\"http:\/\/www.w3.org\/2000\/svg\" viewBox=\"0 0 24 24\"><path d=\"m7,13h5v1h-5v-1Zm10-4H7v1h10v-1Zm0-4H7v1h10v-1Zm4,12.942v5.998l-2.5-1.683-2.5,1.683v-5.998c-.617-.631-1-1.492-1-2.442,0-1.93,1.57-3.5,3.5-3.5.539,0,1.044.133,1.5.351V2.5c0-.827-.673-1.5-1.5-1.5H5.5c-.827,0-1.5.673-1.5,1.5v18.5h10v1H3V2.5c0-1.378,1.121-2.5,2.5-2.5h13c1.379,0,2.5,1.122,2.5,2.5v10.558c.617.631,1,1.492,1,2.442s-.383,1.81-1,2.442Zm-5-2.442c0,1.378,1.121,2.5,2.5,2.5s2.5-1.122,2.5-2.5-1.121-2.5-2.5-2.5-2.5,1.122-2.5,2.5Zm4,6.561v-3.412c-.456.219-.961.351-1.5.351s-1.044-.133-1.5-.351v3.412l1.5-1.009,1.5,1.009Z\"><\/path><\/svg>\t\t\t\t<\/span>\n\t\t\t<\/div>\n\t\t\t\n\t\t\t\t\t\t<div class=\"elementor-icon-box-content\">\n\n\t\t\t\t\t\t\t\t\t<h3 class=\"elementor-icon-box-title\">\n\t\t\t\t\t\t<span  >\n\t\t\t\t\t\t\tUNI EN ISO 14001\t\t\t\t\t\t<\/span>\n\t\t\t\t\t<\/h3>\n\t\t\t\t\n\t\t\t\t\n\t\t\t<\/div>\n\t\t\t\n\t\t<\/div>\n\t\t\t\t\t\t<\/div>\n\t\t\t\t<div class=\"elementor-element elementor-element-9d58a30 elementor-position-inline-end elementor-mobile-position-inline-end elementor-view-default elementor-widget elementor-widget-icon-box\" data-id=\"9d58a30\" data-element_type=\"widget\" data-e-type=\"widget\" data-widget_type=\"icon-box.default\">\n\t\t\t\t\t\t\t<div class=\"elementor-icon-box-wrapper\">\n\n\t\t\t\t\t\t<div class=\"elementor-icon-box-icon\">\n\t\t\t\t<a href=\"https:\/\/www.avo.it\/wp-content\/uploads\/2025\/05\/ISO-14001-CERT-610-2003-AE-TRI-SINCERT-4-it-IT-20240410-20240416111001.pdf\" target=\"_blank\" title=\"Vedi certificazione ISO 14001\" class=\"elementor-icon\" tabindex=\"-1\" aria-label=\"Voir la certification\">\n\t\t\t\t<svg xmlns=\"http:\/\/www.w3.org\/2000\/svg\" id=\"Livello_1\" data-name=\"Livello 1\" viewBox=\"0 0 36.78 36.78\"><defs><style>      .cls-1 {        fill: #b3e5fc;      }      .cls-2 {        fill: #21355a;      }    <\/style><\/defs><circle class=\"cls-1\" cx=\"18.39\" cy=\"18.39\" r=\"18.39\"><\/circle><path class=\"cls-2\" d=\"M13.65,26.72l7.81-7.81c.28-.28.28-.77,0-1.04l-7.81-7.81,1.04-1.04,7.81,7.81c.84.84.84,2.3,0,3.13l-7.81,7.81-1.04-1.04Z\"><\/path><\/svg>\t\t\t\t<\/a>\n\t\t\t<\/div>\n\t\t\t\n\t\t\t\t\t\t<div class=\"elementor-icon-box-content\">\n\n\t\t\t\t\t\t\t\t\t<h3 class=\"elementor-icon-box-title\">\n\t\t\t\t\t\t<a href=\"https:\/\/www.avo.it\/wp-content\/uploads\/2025\/05\/ISO-14001-CERT-610-2003-AE-TRI-SINCERT-4-it-IT-20240410-20240416111001.pdf\" target=\"_blank\" title=\"Vedi certificazione ISO 14001\" >\n\t\t\t\t\t\t\tVoir la certification\t\t\t\t\t\t<\/a>\n\t\t\t\t\t<\/h3>\n\t\t\t\t\n\t\t\t\t\n\t\t\t<\/div>\n\t\t\t\n\t\t<\/div>\n\t\t\t\t\t\t<\/div>\n\t\t\t\t<\/div>\n\t\t<div class=\"elementor-element elementor-element-8b786d8 e-con-full e-flex e-con e-child\" data-id=\"8b786d8\" data-element_type=\"container\" data-e-type=\"container\">\n\t\t\t\t<div class=\"elementor-element elementor-element-85cb2a8 elementor-position-inline-start elementor-view-default elementor-mobile-position-block-start elementor-widget elementor-widget-icon-box\" data-id=\"85cb2a8\" data-element_type=\"widget\" data-e-type=\"widget\" data-widget_type=\"icon-box.default\">\n\t\t\t\t\t\t\t<div class=\"elementor-icon-box-wrapper\">\n\n\t\t\t\t\t\t<div class=\"elementor-icon-box-icon\">\n\t\t\t\t<span  class=\"elementor-icon\">\n\t\t\t\t<svg xmlns=\"http:\/\/www.w3.org\/2000\/svg\" viewBox=\"0 0 24 24\"><path d=\"m7,13h5v1h-5v-1Zm10-4H7v1h10v-1Zm0-4H7v1h10v-1Zm4,12.942v5.998l-2.5-1.683-2.5,1.683v-5.998c-.617-.631-1-1.492-1-2.442,0-1.93,1.57-3.5,3.5-3.5.539,0,1.044.133,1.5.351V2.5c0-.827-.673-1.5-1.5-1.5H5.5c-.827,0-1.5.673-1.5,1.5v18.5h10v1H3V2.5c0-1.378,1.121-2.5,2.5-2.5h13c1.379,0,2.5,1.122,2.5,2.5v10.558c.617.631,1,1.492,1,2.442s-.383,1.81-1,2.442Zm-5-2.442c0,1.378,1.121,2.5,2.5,2.5s2.5-1.122,2.5-2.5-1.121-2.5-2.5-2.5-2.5,1.122-2.5,2.5Zm4,6.561v-3.412c-.456.219-.961.351-1.5.351s-1.044-.133-1.5-.351v3.412l1.5-1.009,1.5,1.009Z\"><\/path><\/svg>\t\t\t\t<\/span>\n\t\t\t<\/div>\n\t\t\t\n\t\t\t\t\t\t<div class=\"elementor-icon-box-content\">\n\n\t\t\t\t\t\t\t\t\t<h3 class=\"elementor-icon-box-title\">\n\t\t\t\t\t\t<span  >\n\t\t\t\t\t\t\tCertification AEO\t\t\t\t\t\t<\/span>\n\t\t\t\t\t<\/h3>\n\t\t\t\t\n\t\t\t\t\n\t\t\t<\/div>\n\t\t\t\n\t\t<\/div>\n\t\t\t\t\t\t<\/div>\n\t\t\t\t<div class=\"elementor-element elementor-element-be32696 elementor-position-inline-end elementor-mobile-position-inline-end elementor-view-default elementor-widget elementor-widget-icon-box\" data-id=\"be32696\" data-element_type=\"widget\" data-e-type=\"widget\" data-widget_type=\"icon-box.default\">\n\t\t\t\t\t\t\t<div class=\"elementor-icon-box-wrapper\">\n\n\t\t\t\t\t\t<div class=\"elementor-icon-box-icon\">\n\t\t\t\t<a href=\"https:\/\/www.adm.gov.it\/portale\/dogane\/operatore\/operatore-economico-autorizzato-aeo\/conosci-aeo\" target=\"_blank\" title=\"Vedi certificazione AEO\" class=\"elementor-icon\" tabindex=\"-1\" aria-label=\"Voir la certification\">\n\t\t\t\t<svg xmlns=\"http:\/\/www.w3.org\/2000\/svg\" id=\"Livello_1\" data-name=\"Livello 1\" viewBox=\"0 0 36.78 36.78\"><defs><style>      .cls-1 {        fill: #b3e5fc;      }      .cls-2 {        fill: #21355a;      }    <\/style><\/defs><circle class=\"cls-1\" cx=\"18.39\" cy=\"18.39\" r=\"18.39\"><\/circle><path class=\"cls-2\" d=\"M13.65,26.72l7.81-7.81c.28-.28.28-.77,0-1.04l-7.81-7.81,1.04-1.04,7.81,7.81c.84.84.84,2.3,0,3.13l-7.81,7.81-1.04-1.04Z\"><\/path><\/svg>\t\t\t\t<\/a>\n\t\t\t<\/div>\n\t\t\t\n\t\t\t\t\t\t<div class=\"elementor-icon-box-content\">\n\n\t\t\t\t\t\t\t\t\t<h3 class=\"elementor-icon-box-title\">\n\t\t\t\t\t\t<a href=\"https:\/\/www.adm.gov.it\/portale\/dogane\/operatore\/operatore-economico-autorizzato-aeo\/conosci-aeo\" target=\"_blank\" title=\"Vedi certificazione AEO\" >\n\t\t\t\t\t\t\tVoir la certification\t\t\t\t\t\t<\/a>\n\t\t\t\t\t<\/h3>\n\t\t\t\t\n\t\t\t\t\n\t\t\t<\/div>\n\t\t\t\n\t\t<\/div>\n\t\t\t\t\t\t<\/div>\n\t\t\t\t<\/div>\n\t\t<div class=\"elementor-element elementor-element-cf09664 e-con-full e-flex e-con e-child\" data-id=\"cf09664\" data-element_type=\"container\" data-e-type=\"container\">\n\t\t\t\t<div class=\"elementor-element elementor-element-81d6636 elementor-position-inline-start elementor-view-default elementor-mobile-position-block-start elementor-widget elementor-widget-icon-box\" data-id=\"81d6636\" data-element_type=\"widget\" data-e-type=\"widget\" data-widget_type=\"icon-box.default\">\n\t\t\t\t\t\t\t<div class=\"elementor-icon-box-wrapper\">\n\n\t\t\t\t\t\t<div class=\"elementor-icon-box-icon\">\n\t\t\t\t<span  class=\"elementor-icon\">\n\t\t\t\t<svg xmlns=\"http:\/\/www.w3.org\/2000\/svg\" viewBox=\"0 0 24 24\"><path d=\"m7,13h5v1h-5v-1Zm10-4H7v1h10v-1Zm0-4H7v1h10v-1Zm4,12.942v5.998l-2.5-1.683-2.5,1.683v-5.998c-.617-.631-1-1.492-1-2.442,0-1.93,1.57-3.5,3.5-3.5.539,0,1.044.133,1.5.351V2.5c0-.827-.673-1.5-1.5-1.5H5.5c-.827,0-1.5.673-1.5,1.5v18.5h10v1H3V2.5c0-1.378,1.121-2.5,2.5-2.5h13c1.379,0,2.5,1.122,2.5,2.5v10.558c.617.631,1,1.492,1,2.442s-.383,1.81-1,2.442Zm-5-2.442c0,1.378,1.121,2.5,2.5,2.5s2.5-1.122,2.5-2.5-1.121-2.5-2.5-2.5-2.5,1.122-2.5,2.5Zm4,6.561v-3.412c-.456.219-.961.351-1.5.351s-1.044-.133-1.5-.351v3.412l1.5-1.009,1.5,1.009Z\"><\/path><\/svg>\t\t\t\t<\/span>\n\t\t\t<\/div>\n\t\t\t\n\t\t\t\t\t\t<div class=\"elementor-icon-box-content\">\n\n\t\t\t\t\t\t\t\t\t<h3 class=\"elementor-icon-box-title\">\n\t\t\t\t\t\t<span  >\n\t\t\t\t\t\t\tMARQUE HISTORIQUE\t\t\t\t\t\t<\/span>\n\t\t\t\t\t<\/h3>\n\t\t\t\t\n\t\t\t\t\n\t\t\t<\/div>\n\t\t\t\n\t\t<\/div>\n\t\t\t\t\t\t<\/div>\n\t\t\t\t<div class=\"elementor-element elementor-element-8047659 elementor-position-inline-end elementor-mobile-position-inline-end elementor-view-default elementor-widget elementor-widget-icon-box\" data-id=\"8047659\" data-element_type=\"widget\" data-e-type=\"widget\" data-widget_type=\"icon-box.default\">\n\t\t\t\t\t\t\t<div class=\"elementor-icon-box-wrapper\">\n\n\t\t\t\t\t\t<div class=\"elementor-icon-box-icon\">\n\t\t\t\t<a href=\"https:\/\/uibm.mise.gov.it\/index.php\/it\/marchio-storico-di-interesse-nazionale\" target=\"_blank\" title=\"Vedi certificazione marchio storico\" class=\"elementor-icon\" tabindex=\"-1\" aria-label=\"Voir la certification\">\n\t\t\t\t<svg xmlns=\"http:\/\/www.w3.org\/2000\/svg\" id=\"Livello_1\" data-name=\"Livello 1\" viewBox=\"0 0 36.78 36.78\"><defs><style>      .cls-1 {        fill: #b3e5fc;      }      .cls-2 {        fill: #21355a;      }    <\/style><\/defs><circle class=\"cls-1\" cx=\"18.39\" cy=\"18.39\" r=\"18.39\"><\/circle><path class=\"cls-2\" d=\"M13.65,26.72l7.81-7.81c.28-.28.28-.77,0-1.04l-7.81-7.81,1.04-1.04,7.81,7.81c.84.84.84,2.3,0,3.13l-7.81,7.81-1.04-1.04Z\"><\/path><\/svg>\t\t\t\t<\/a>\n\t\t\t<\/div>\n\t\t\t\n\t\t\t\t\t\t<div class=\"elementor-icon-box-content\">\n\n\t\t\t\t\t\t\t\t\t<h3 class=\"elementor-icon-box-title\">\n\t\t\t\t\t\t<a href=\"https:\/\/uibm.mise.gov.it\/index.php\/it\/marchio-storico-di-interesse-nazionale\" target=\"_blank\" title=\"Vedi certificazione marchio storico\" >\n\t\t\t\t\t\t\tVoir la certification\t\t\t\t\t\t<\/a>\n\t\t\t\t\t<\/h3>\n\t\t\t\t\n\t\t\t\t\n\t\t\t<\/div>\n\t\t\t\n\t\t<\/div>\n\t\t\t\t\t\t<\/div>\n\t\t\t\t<\/div>\n\t\t\t\t<\/div>\n\t\t\t\t<\/div>\n\t\t\t\t<\/div>\n\t\t","protected":false},"excerpt":{"rendered":"<p>Certifications Gestion de la qualit\u00e9 AVO Aldo Valsecchi\u00a0 s\u2019engage \u00e0 fabriquer des produits conformes aux normes internationales strictes qui r\u00e9glementent le secteur des roues et roulettes. Cet engagement vise \u00e0 garantir des standards \u00e9lev\u00e9s de qualit\u00e9 et de s\u00e9curit\u00e9. Le respect des normes constitue un principe fondamental, assur\u00e9 par une approche par processus et par [&hellip;]<\/p>\n","protected":false},"author":2,"featured_media":0,"parent":0,"menu_order":0,"comment_status":"closed","ping_status":"closed","template":"","meta":{"_acf_changed":false,"footnotes":""},"class_list":["post-152533","page","type-page","status-publish","hentry"],"acf":[],"_links":{"self":[{"href":"https:\/\/www.avo.it\/fr\/wp-json\/wp\/v2\/pages\/152533","targetHints":{"allow":["GET"]}}],"collection":[{"href":"https:\/\/www.avo.it\/fr\/wp-json\/wp\/v2\/pages"}],"about":[{"href":"https:\/\/www.avo.it\/fr\/wp-json\/wp\/v2\/types\/page"}],"author":[{"embeddable":true,"href":"https:\/\/www.avo.it\/fr\/wp-json\/wp\/v2\/users\/2"}],"replies":[{"embeddable":true,"href":"https:\/\/www.avo.it\/fr\/wp-json\/wp\/v2\/comments?post=152533"}],"version-history":[{"count":1,"href":"https:\/\/www.avo.it\/fr\/wp-json\/wp\/v2\/pages\/152533\/revisions"}],"predecessor-version":[{"id":152534,"href":"https:\/\/www.avo.it\/fr\/wp-json\/wp\/v2\/pages\/152533\/revisions\/152534"}],"wp:attachment":[{"href":"https:\/\/www.avo.it\/fr\/wp-json\/wp\/v2\/media?parent=152533"}],"curies":[{"name":"wp","href":"https:\/\/api.w.org\/{rel}","templated":true}]}}