{"id":152542,"date":"2025-04-07T14:07:50","date_gmt":"2025-04-07T14:07:50","guid":{"rendered":"https:\/\/avo.it\/applications\/intralogistique-et-automatisation\/"},"modified":"2025-11-19T08:47:54","modified_gmt":"2025-11-19T08:47:54","slug":"intralogistique-et-automatisation","status":"publish","type":"page","link":"https:\/\/www.avo.it\/fr\/applications\/intralogistique-et-automatisation\/","title":{"rendered":"Intralogistique et automatisation"},"content":{"rendered":"\t\t<div data-elementor-type=\"wp-page\" data-elementor-id=\"152542\" class=\"elementor elementor-152542 elementor-20576\" data-elementor-post-type=\"page\">\n\t\t\t\t<div class=\"elementor-element elementor-element-6c56cf5 e-con-full e-flex e-con e-parent\" data-id=\"6c56cf5\" data-element_type=\"container\" data-e-type=\"container\" data-settings=\"{&quot;background_background&quot;:&quot;classic&quot;}\">\n\t\t<div class=\"elementor-element elementor-element-f165aeb e-con-full e-flex e-con e-child\" data-id=\"f165aeb\" data-element_type=\"container\" data-e-type=\"container\" data-settings=\"{&quot;background_background&quot;:&quot;classic&quot;}\">\n\t\t<div class=\"elementor-element elementor-element-cc7540a e-con-full e-flex e-con e-child\" data-id=\"cc7540a\" data-element_type=\"container\" data-e-type=\"container\" data-settings=\"{&quot;background_background&quot;:&quot;classic&quot;}\">\n\t\t\t\t<div class=\"elementor-element elementor-element-2d26ec2 elementor-widget elementor-widget-heading\" data-id=\"2d26ec2\" data-element_type=\"widget\" data-e-type=\"widget\" data-widget_type=\"heading.default\">\n\t\t\t\t\t<h1 class=\"elementor-heading-title elementor-size-default\">Intralogistique et  <span style=\"color: #B3E5FC\"> automatisation<\/span><\/h1>\t\t\t\t<\/div>\n\t\t\t\t<\/div>\n\t\t\t\t<\/div>\n\t\t\t\t<\/div>\n\t\t<div class=\"elementor-element elementor-element-ae6b401 e-con-full e-flex e-con e-parent\" data-id=\"ae6b401\" data-element_type=\"container\" data-e-type=\"container\">\n\t\t<div class=\"elementor-element elementor-element-2bcbe99 e-con-full e-flex e-con e-child\" data-id=\"2bcbe99\" data-element_type=\"container\" data-e-type=\"container\">\n\t\t\t\t<div class=\"elementor-element elementor-element-64d05e7 elementor-widget elementor-widget-text-editor\" data-id=\"64d05e7\" data-element_type=\"widget\" data-e-type=\"widget\" data-widget_type=\"text-editor.default\">\n\t\t\t\t\t\t\t\t\t<p class=\"p1\">Des produits de qualit\u00e9 pour la <b>manutention industrielle<\/b> et l\u2019<b>intralogistique<\/b>.<br \/>\nAVO propose des solutions de haute performance pour les <b>v\u00e9hicules \u00e0 guidage automatique (AGV)<\/b> et les <b>robots mobiles autonomes (AMR)<\/b>, optimisant les flux logistiques en milieux industriels et professionnels.<\/p>\n<p><\/p>\n<p class=\"p1\">Gr\u00e2ce \u00e0 notre expertise, nous d\u00e9veloppons des <b>solutions personnalis\u00e9es<\/b>, parfaitement adapt\u00e9es aux <b>contraintes techniques<\/b> et <b>fonctionnelles<\/b> de chaque client.<\/p>\n<p><\/p>\n<p class=\"p1\">Objectifs :<\/p>\n<ul class=\"ul1\">\n<li class=\"li1\">Accro\u00eetre l\u2019efficacit\u00e9 des processus logistiques<\/li>\n<li class=\"li1\">Garantir une stabilit\u00e9 et une durabilit\u00e9 accrues<\/li>\n<li class=\"li1\">S\u2019adapter aux conditions d\u2019environnement sp\u00e9cifiques<\/li>\n<\/ul>\n\t\t\t\t\t\t\t\t<\/div>\n\t\t\t\t<\/div>\n\t\t\t\t<\/div>\n\t\t\t\t<\/div>\n\t\t","protected":false},"excerpt":{"rendered":"<p>Intralogistique et automatisation Des produits de qualit\u00e9 pour la manutention industrielle et l\u2019intralogistique. AVO propose des solutions de haute performance pour les v\u00e9hicules \u00e0 guidage automatique (AGV) et les robots mobiles autonomes (AMR), optimisant les flux logistiques en milieux industriels et professionnels. Gr\u00e2ce \u00e0 notre expertise, nous d\u00e9veloppons des solutions personnalis\u00e9es, parfaitement adapt\u00e9es aux contraintes [&hellip;]<\/p>\n","protected":false},"author":2,"featured_media":0,"parent":152540,"menu_order":0,"comment_status":"closed","ping_status":"closed","template":"","meta":{"_acf_changed":false,"footnotes":""},"class_list":["post-152542","page","type-page","status-publish","hentry"],"acf":[],"_links":{"self":[{"href":"https:\/\/www.avo.it\/fr\/wp-json\/wp\/v2\/pages\/152542","targetHints":{"allow":["GET"]}}],"collection":[{"href":"https:\/\/www.avo.it\/fr\/wp-json\/wp\/v2\/pages"}],"about":[{"href":"https:\/\/www.avo.it\/fr\/wp-json\/wp\/v2\/types\/page"}],"author":[{"embeddable":true,"href":"https:\/\/www.avo.it\/fr\/wp-json\/wp\/v2\/users\/2"}],"replies":[{"embeddable":true,"href":"https:\/\/www.avo.it\/fr\/wp-json\/wp\/v2\/comments?post=152542"}],"version-history":[{"count":5,"href":"https:\/\/www.avo.it\/fr\/wp-json\/wp\/v2\/pages\/152542\/revisions"}],"predecessor-version":[{"id":153635,"href":"https:\/\/www.avo.it\/fr\/wp-json\/wp\/v2\/pages\/152542\/revisions\/153635"}],"up":[{"embeddable":true,"href":"https:\/\/www.avo.it\/fr\/wp-json\/wp\/v2\/pages\/152540"}],"wp:attachment":[{"href":"https:\/\/www.avo.it\/fr\/wp-json\/wp\/v2\/media?parent=152542"}],"curies":[{"name":"wp","href":"https:\/\/api.w.org\/{rel}","templated":true}]}}