{"id":152546,"date":"2025-04-07T14:18:17","date_gmt":"2025-04-07T14:18:17","guid":{"rendered":"https:\/\/avo.it\/applications\/industrie-agroalimentaire\/"},"modified":"2025-09-30T09:43:34","modified_gmt":"2025-09-30T09:43:34","slug":"industrie-agroalimentaire","status":"publish","type":"page","link":"https:\/\/www.avo.it\/fr\/applications\/industrie-agroalimentaire\/","title":{"rendered":"Industrie agroalimentaire"},"content":{"rendered":"\t\t<div data-elementor-type=\"wp-page\" data-elementor-id=\"152546\" class=\"elementor elementor-152546 elementor-20592\" data-elementor-post-type=\"page\">\n\t\t\t\t<div class=\"elementor-element elementor-element-c3e828c e-con-full e-flex e-con e-parent\" data-id=\"c3e828c\" data-element_type=\"container\" data-e-type=\"container\" data-settings=\"{&quot;background_background&quot;:&quot;classic&quot;}\">\n\t\t<div class=\"elementor-element elementor-element-a3a3776 e-con-full e-flex e-con e-child\" data-id=\"a3a3776\" data-element_type=\"container\" data-e-type=\"container\" data-settings=\"{&quot;background_background&quot;:&quot;classic&quot;}\">\n\t\t<div class=\"elementor-element elementor-element-6faa361 e-con-full e-flex e-con e-child\" data-id=\"6faa361\" data-element_type=\"container\" data-e-type=\"container\" data-settings=\"{&quot;background_background&quot;:&quot;classic&quot;}\">\n\t\t\t\t<div class=\"elementor-element elementor-element-d442003 elementor-widget elementor-widget-heading\" data-id=\"d442003\" data-element_type=\"widget\" data-e-type=\"widget\" data-widget_type=\"heading.default\">\n\t\t\t\t\t<h1 class=\"elementor-heading-title elementor-size-default\">Industrie <span style=\"color: #B3E5FC\"> agroalimentaire<\/span><\/h1>\t\t\t\t<\/div>\n\t\t\t\t<\/div>\n\t\t\t\t<\/div>\n\t\t\t\t<\/div>\n\t\t<div class=\"elementor-element elementor-element-d7cf79e e-con-full e-flex e-con e-parent\" data-id=\"d7cf79e\" data-element_type=\"container\" data-e-type=\"container\">\n\t\t<div class=\"elementor-element elementor-element-81c49f4 e-con-full e-flex e-con e-child\" data-id=\"81c49f4\" data-element_type=\"container\" data-e-type=\"container\">\n\t\t\t\t<div class=\"elementor-element elementor-element-e9d9e37 elementor-widget elementor-widget-text-editor\" data-id=\"e9d9e37\" data-element_type=\"widget\" data-e-type=\"widget\" data-widget_type=\"text-editor.default\">\n\t\t\t\t\t\t\t\t\t<p class=\"p1\">Nos roues et roulettes sont con\u00e7ues pour r\u00e9pondre aux <b>exigences strictes d\u2019hygi\u00e8ne, de s\u00e9curit\u00e9 et de robustesse<\/b> propres \u00e0 l\u2019industrie alimentaire.<br \/>\nMat\u00e9riaux de haute qualit\u00e9, structures faciles \u00e0 nettoyer, r\u00e9sistantes \u00e0 la corrosion et aux agents chimiques.<\/p>\n<p><\/p>\n<p class=\"p1\"><b>Supports en acier inoxydable<\/b> disponibles pour garantir la propret\u00e9 tout au long du processus de production.<\/p>\n\t\t\t\t\t\t\t\t<\/div>\n\t\t\t\t<\/div>\n\t\t\t\t<\/div>\n\t\t\t\t<\/div>\n\t\t","protected":false},"excerpt":{"rendered":"<p>Industrie agroalimentaire Nos roues et roulettes sont con\u00e7ues pour r\u00e9pondre aux exigences strictes d\u2019hygi\u00e8ne, de s\u00e9curit\u00e9 et de robustesse propres \u00e0 l\u2019industrie alimentaire. Mat\u00e9riaux de haute qualit\u00e9, structures faciles \u00e0 nettoyer, r\u00e9sistantes \u00e0 la corrosion et aux agents chimiques. Supports en acier inoxydable disponibles pour garantir la propret\u00e9 tout au long du processus de production.<\/p>\n","protected":false},"author":2,"featured_media":0,"parent":152540,"menu_order":0,"comment_status":"closed","ping_status":"closed","template":"","meta":{"_acf_changed":false,"footnotes":""},"class_list":["post-152546","page","type-page","status-publish","hentry"],"acf":[],"_links":{"self":[{"href":"https:\/\/www.avo.it\/fr\/wp-json\/wp\/v2\/pages\/152546","targetHints":{"allow":["GET"]}}],"collection":[{"href":"https:\/\/www.avo.it\/fr\/wp-json\/wp\/v2\/pages"}],"about":[{"href":"https:\/\/www.avo.it\/fr\/wp-json\/wp\/v2\/types\/page"}],"author":[{"embeddable":true,"href":"https:\/\/www.avo.it\/fr\/wp-json\/wp\/v2\/users\/2"}],"replies":[{"embeddable":true,"href":"https:\/\/www.avo.it\/fr\/wp-json\/wp\/v2\/comments?post=152546"}],"version-history":[{"count":1,"href":"https:\/\/www.avo.it\/fr\/wp-json\/wp\/v2\/pages\/152546\/revisions"}],"predecessor-version":[{"id":152547,"href":"https:\/\/www.avo.it\/fr\/wp-json\/wp\/v2\/pages\/152546\/revisions\/152547"}],"up":[{"embeddable":true,"href":"https:\/\/www.avo.it\/fr\/wp-json\/wp\/v2\/pages\/152540"}],"wp:attachment":[{"href":"https:\/\/www.avo.it\/fr\/wp-json\/wp\/v2\/media?parent=152546"}],"curies":[{"name":"wp","href":"https:\/\/api.w.org\/{rel}","templated":true}]}}