{"id":152548,"date":"2025-04-07T14:27:01","date_gmt":"2025-04-07T14:27:01","guid":{"rendered":"https:\/\/avo.it\/applications\/secteur-des-ascenseurs\/"},"modified":"2025-09-30T09:44:27","modified_gmt":"2025-09-30T09:44:27","slug":"secteur-des-ascenseurs","status":"publish","type":"page","link":"https:\/\/www.avo.it\/fr\/applications\/secteur-des-ascenseurs\/","title":{"rendered":"Secteur des ascenseurs"},"content":{"rendered":"\t\t<div data-elementor-type=\"wp-page\" data-elementor-id=\"152548\" class=\"elementor elementor-152548 elementor-20613\" data-elementor-post-type=\"page\">\n\t\t\t\t<div class=\"elementor-element elementor-element-ea7a2e1 e-con-full e-flex e-con e-parent\" data-id=\"ea7a2e1\" data-element_type=\"container\" data-e-type=\"container\" data-settings=\"{&quot;background_background&quot;:&quot;classic&quot;}\">\n\t\t<div class=\"elementor-element elementor-element-b395501 e-con-full e-flex e-con e-child\" data-id=\"b395501\" data-element_type=\"container\" data-e-type=\"container\" data-settings=\"{&quot;background_background&quot;:&quot;classic&quot;}\">\n\t\t<div class=\"elementor-element elementor-element-cb607b2 e-con-full e-flex e-con e-child\" data-id=\"cb607b2\" data-element_type=\"container\" data-e-type=\"container\" data-settings=\"{&quot;background_background&quot;:&quot;classic&quot;}\">\n\t\t\t\t<div class=\"elementor-element elementor-element-13e972d elementor-widget elementor-widget-heading\" data-id=\"13e972d\" data-element_type=\"widget\" data-e-type=\"widget\" data-widget_type=\"heading.default\">\n\t\t\t\t\t<h1 class=\"elementor-heading-title elementor-size-default\">Secteur des <span style=\"color: #B3E5FC\"> ascenseurs<\/span><\/h1>\t\t\t\t<\/div>\n\t\t\t\t<\/div>\n\t\t\t\t<\/div>\n\t\t\t\t<\/div>\n\t\t<div class=\"elementor-element elementor-element-a495b7b e-con-full e-flex e-con e-parent\" data-id=\"a495b7b\" data-element_type=\"container\" data-e-type=\"container\">\n\t\t<div class=\"elementor-element elementor-element-11a41db e-con-full e-flex e-con e-child\" data-id=\"11a41db\" data-element_type=\"container\" data-e-type=\"container\">\n\t\t\t\t<div class=\"elementor-element elementor-element-5670e1c elementor-widget elementor-widget-text-editor\" data-id=\"5670e1c\" data-element_type=\"widget\" data-e-type=\"widget\" data-widget_type=\"text-editor.default\">\n\t\t\t\t\t\t\t\t\t<p class=\"p1\">Les <b>roues et galets en polyur\u00e9thane moul\u00e9<\/b> AVO sont con\u00e7us pour offrir <b>fiabilit\u00e9, souplesse et silence de fonctionnement<\/b> dans les ascenseurs et plateformes \u00e9l\u00e9vatrices.<\/p>\n<p><\/p>\n<p class=\"p1\">Avantages du polyur\u00e9thane :<\/p>\n<ul class=\"ul1\">\n<li class=\"li1\">Excellente absorption des chocs<\/li>\n<li class=\"li1\">R\u00e9sistance \u00e0 l\u2019usure<\/li>\n<li class=\"li1\">R\u00e9duction du bruit et des vibrations<\/li>\n<\/ul>\n\t\t\t\t\t\t\t\t<\/div>\n\t\t\t\t<\/div>\n\t\t\t\t<\/div>\n\t\t\t\t<\/div>\n\t\t","protected":false},"excerpt":{"rendered":"<p>Secteur des ascenseurs Les roues et galets en polyur\u00e9thane moul\u00e9 AVO sont con\u00e7us pour offrir fiabilit\u00e9, souplesse et silence de fonctionnement dans les ascenseurs et plateformes \u00e9l\u00e9vatrices. Avantages du polyur\u00e9thane : Excellente absorption des chocs R\u00e9sistance \u00e0 l\u2019usure R\u00e9duction du bruit et des vibrations<\/p>\n","protected":false},"author":2,"featured_media":0,"parent":152540,"menu_order":0,"comment_status":"closed","ping_status":"closed","template":"","meta":{"_acf_changed":false,"footnotes":""},"class_list":["post-152548","page","type-page","status-publish","hentry"],"acf":[],"_links":{"self":[{"href":"https:\/\/www.avo.it\/fr\/wp-json\/wp\/v2\/pages\/152548","targetHints":{"allow":["GET"]}}],"collection":[{"href":"https:\/\/www.avo.it\/fr\/wp-json\/wp\/v2\/pages"}],"about":[{"href":"https:\/\/www.avo.it\/fr\/wp-json\/wp\/v2\/types\/page"}],"author":[{"embeddable":true,"href":"https:\/\/www.avo.it\/fr\/wp-json\/wp\/v2\/users\/2"}],"replies":[{"embeddable":true,"href":"https:\/\/www.avo.it\/fr\/wp-json\/wp\/v2\/comments?post=152548"}],"version-history":[{"count":1,"href":"https:\/\/www.avo.it\/fr\/wp-json\/wp\/v2\/pages\/152548\/revisions"}],"predecessor-version":[{"id":152549,"href":"https:\/\/www.avo.it\/fr\/wp-json\/wp\/v2\/pages\/152548\/revisions\/152549"}],"up":[{"embeddable":true,"href":"https:\/\/www.avo.it\/fr\/wp-json\/wp\/v2\/pages\/152540"}],"wp:attachment":[{"href":"https:\/\/www.avo.it\/fr\/wp-json\/wp\/v2\/media?parent=152548"}],"curies":[{"name":"wp","href":"https:\/\/api.w.org\/{rel}","templated":true}]}}