{"id":152550,"date":"2025-04-07T14:28:04","date_gmt":"2025-04-07T14:28:04","guid":{"rendered":"https:\/\/avo.it\/applications\/batiment-et-construction\/"},"modified":"2025-09-30T09:45:10","modified_gmt":"2025-09-30T09:45:10","slug":"batiment-et-construction","status":"publish","type":"page","link":"https:\/\/www.avo.it\/fr\/applications\/batiment-et-construction\/","title":{"rendered":"B\u00e2timent et construction"},"content":{"rendered":"\t\t<div data-elementor-type=\"wp-page\" data-elementor-id=\"152550\" class=\"elementor elementor-152550 elementor-20616\" data-elementor-post-type=\"page\">\n\t\t\t\t<div class=\"elementor-element elementor-element-35a7041 e-con-full e-flex e-con e-parent\" data-id=\"35a7041\" data-element_type=\"container\" data-e-type=\"container\" data-settings=\"{&quot;background_background&quot;:&quot;classic&quot;}\">\n\t\t<div class=\"elementor-element elementor-element-14d955c e-con-full e-flex e-con e-child\" data-id=\"14d955c\" data-element_type=\"container\" data-e-type=\"container\" data-settings=\"{&quot;background_background&quot;:&quot;classic&quot;}\">\n\t\t<div class=\"elementor-element elementor-element-af14491 e-con-full e-flex e-con e-child\" data-id=\"af14491\" data-element_type=\"container\" data-e-type=\"container\" data-settings=\"{&quot;background_background&quot;:&quot;classic&quot;}\">\n\t\t\t\t<div class=\"elementor-element elementor-element-c3b712f elementor-widget elementor-widget-heading\" data-id=\"c3b712f\" data-element_type=\"widget\" data-e-type=\"widget\" data-widget_type=\"heading.default\">\n\t\t\t\t\t<h1 class=\"elementor-heading-title elementor-size-default\">B\u00e2timent et <span style=\"color: #B3E5FC\"> construction<\/span><\/h1>\t\t\t\t<\/div>\n\t\t\t\t<\/div>\n\t\t\t\t<\/div>\n\t\t\t\t<\/div>\n\t\t<div class=\"elementor-element elementor-element-9409c56 e-con-full e-flex e-con e-parent\" data-id=\"9409c56\" data-element_type=\"container\" data-e-type=\"container\">\n\t\t<div class=\"elementor-element elementor-element-3206428 e-con-full e-flex e-con e-child\" data-id=\"3206428\" data-element_type=\"container\" data-e-type=\"container\">\n\t\t\t\t<div class=\"elementor-element elementor-element-24c09d0 elementor-widget elementor-widget-text-editor\" data-id=\"24c09d0\" data-element_type=\"widget\" data-e-type=\"widget\" data-widget_type=\"text-editor.default\">\n\t\t\t\t\t\t\t\t\t<p class=\"p1\">Roues en <b>caoutchouc plein ou pneumatique<\/b>, et <b>polyur\u00e9thane sur noyau polyamide 6<\/b>, con\u00e7ues pour supporter des <b>charges lourdes<\/b> et r\u00e9sister aux <b>conditions extr\u00eames<\/b> des chantiers.<\/p>\n<p><\/p>\n<p class=\"p1\">R\u00e9sistance aux chocs, absorption des vibrations, bonne man\u0153uvrabilit\u00e9 m\u00eame sur <b>sols irr\u00e9guliers<\/b>.<\/p>\n\t\t\t\t\t\t\t\t<\/div>\n\t\t\t\t<\/div>\n\t\t\t\t<\/div>\n\t\t\t\t<\/div>\n\t\t","protected":false},"excerpt":{"rendered":"<p>B\u00e2timent et construction Roues en caoutchouc plein ou pneumatique, et polyur\u00e9thane sur noyau polyamide 6, con\u00e7ues pour supporter des charges lourdes et r\u00e9sister aux conditions extr\u00eames des chantiers. R\u00e9sistance aux chocs, absorption des vibrations, bonne man\u0153uvrabilit\u00e9 m\u00eame sur sols irr\u00e9guliers.<\/p>\n","protected":false},"author":2,"featured_media":0,"parent":152540,"menu_order":0,"comment_status":"closed","ping_status":"closed","template":"","meta":{"_acf_changed":false,"footnotes":""},"class_list":["post-152550","page","type-page","status-publish","hentry"],"acf":[],"_links":{"self":[{"href":"https:\/\/www.avo.it\/fr\/wp-json\/wp\/v2\/pages\/152550","targetHints":{"allow":["GET"]}}],"collection":[{"href":"https:\/\/www.avo.it\/fr\/wp-json\/wp\/v2\/pages"}],"about":[{"href":"https:\/\/www.avo.it\/fr\/wp-json\/wp\/v2\/types\/page"}],"author":[{"embeddable":true,"href":"https:\/\/www.avo.it\/fr\/wp-json\/wp\/v2\/users\/2"}],"replies":[{"embeddable":true,"href":"https:\/\/www.avo.it\/fr\/wp-json\/wp\/v2\/comments?post=152550"}],"version-history":[{"count":1,"href":"https:\/\/www.avo.it\/fr\/wp-json\/wp\/v2\/pages\/152550\/revisions"}],"predecessor-version":[{"id":152551,"href":"https:\/\/www.avo.it\/fr\/wp-json\/wp\/v2\/pages\/152550\/revisions\/152551"}],"up":[{"embeddable":true,"href":"https:\/\/www.avo.it\/fr\/wp-json\/wp\/v2\/pages\/152540"}],"wp:attachment":[{"href":"https:\/\/www.avo.it\/fr\/wp-json\/wp\/v2\/media?parent=152550"}],"curies":[{"name":"wp","href":"https:\/\/api.w.org\/{rel}","templated":true}]}}