{"id":152552,"date":"2025-04-07T14:28:24","date_gmt":"2025-04-07T14:28:24","guid":{"rendered":"https:\/\/avo.it\/applications\/grande-distribution-gms\/"},"modified":"2025-12-23T09:18:07","modified_gmt":"2025-12-23T09:18:07","slug":"grande-distribution-gms","status":"publish","type":"page","link":"https:\/\/www.avo.it\/fr\/applications\/grande-distribution-gms\/","title":{"rendered":"Grande distribution (GMS)"},"content":{"rendered":"\t\t<div data-elementor-type=\"wp-page\" data-elementor-id=\"152552\" class=\"elementor elementor-152552 elementor-20618\" data-elementor-post-type=\"page\">\n\t\t\t\t<div class=\"elementor-element elementor-element-b409888 e-con-full e-flex e-con e-parent\" data-id=\"b409888\" data-element_type=\"container\" data-e-type=\"container\" data-settings=\"{&quot;background_background&quot;:&quot;classic&quot;}\">\n\t\t<div class=\"elementor-element elementor-element-d1101ac e-con-full e-flex e-con e-child\" data-id=\"d1101ac\" data-element_type=\"container\" data-e-type=\"container\" data-settings=\"{&quot;background_background&quot;:&quot;classic&quot;}\">\n\t\t<div class=\"elementor-element elementor-element-023f04c e-con-full e-flex e-con e-child\" data-id=\"023f04c\" data-element_type=\"container\" data-e-type=\"container\" data-settings=\"{&quot;background_background&quot;:&quot;classic&quot;}\">\n\t\t\t\t<div class=\"elementor-element elementor-element-8295daa elementor-widget elementor-widget-heading\" data-id=\"8295daa\" data-element_type=\"widget\" data-e-type=\"widget\" data-widget_type=\"heading.default\">\n\t\t\t\t\t<h1 class=\"elementor-heading-title elementor-size-default\">Grande distribution (GMS)<\/h1>\t\t\t\t<\/div>\n\t\t\t\t<\/div>\n\t\t\t\t<\/div>\n\t\t\t\t<\/div>\n\t\t<div class=\"elementor-element elementor-element-f68a739 e-con-full e-flex e-con e-parent\" data-id=\"f68a739\" data-element_type=\"container\" data-e-type=\"container\">\n\t\t<div class=\"elementor-element elementor-element-9b4addb e-con-full e-flex e-con e-child\" data-id=\"9b4addb\" data-element_type=\"container\" data-e-type=\"container\">\n\t\t\t\t<div class=\"elementor-element elementor-element-68eb560 elementor-widget elementor-widget-text-editor\" data-id=\"68eb560\" data-element_type=\"widget\" data-e-type=\"widget\" data-widget_type=\"text-editor.default\">\n\t\t\t\t\t\t\t\t\t<p class=\"p1\">Roues et roulettes en <b>caoutchouc plein<\/b> ou <b>polypropyl\u00e8ne<\/b>, avec noyaux en polyamide 6 ou polypropyl\u00e8ne.\r\nId\u00e9ales pour les <b>chariots, rayonnages mobiles, caddies<\/b> et \u00e9quipements de manutention dans les <b>supermarch\u00e9s et centres logistiques<\/b>.<\/p><br><p class=\"p1\">B\u00e9n\u00e9fices :<\/p><br><br><ul class=\"ul1\">\r\n \t<li class=\"li1\">Mobilit\u00e9 fluide sur sols lisses<\/li>\r\n \t<li class=\"li1\">Excellente r\u00e9sistance \u00e0 l\u2019usure et aux agents chimiques<\/li>\r\n \t<li class=\"li1\">Capacit\u00e9 de charge \u00e9lev\u00e9e<\/li>\r\n<\/ul>\t\t\t\t\t\t\t\t<\/div>\n\t\t\t\t<\/div>\n\t\t\t\t<\/div>\n\t\t\t\t<\/div>\n\t\t","protected":false},"excerpt":{"rendered":"<p>Grande distribution (GMS) Roues et roulettes en caoutchouc plein ou polypropyl\u00e8ne, avec noyaux en polyamide 6 ou polypropyl\u00e8ne. Id\u00e9ales pour les chariots, rayonnages mobiles, caddies et \u00e9quipements de manutention dans les supermarch\u00e9s et centres logistiques. B\u00e9n\u00e9fices : Mobilit\u00e9 fluide sur sols lisses Excellente r\u00e9sistance \u00e0 l\u2019usure et aux agents chimiques Capacit\u00e9 de charge \u00e9lev\u00e9e<\/p>\n","protected":false},"author":2,"featured_media":0,"parent":152540,"menu_order":0,"comment_status":"closed","ping_status":"closed","template":"","meta":{"_acf_changed":false,"footnotes":""},"class_list":["post-152552","page","type-page","status-publish","hentry"],"acf":[],"_links":{"self":[{"href":"https:\/\/www.avo.it\/fr\/wp-json\/wp\/v2\/pages\/152552","targetHints":{"allow":["GET"]}}],"collection":[{"href":"https:\/\/www.avo.it\/fr\/wp-json\/wp\/v2\/pages"}],"about":[{"href":"https:\/\/www.avo.it\/fr\/wp-json\/wp\/v2\/types\/page"}],"author":[{"embeddable":true,"href":"https:\/\/www.avo.it\/fr\/wp-json\/wp\/v2\/users\/2"}],"replies":[{"embeddable":true,"href":"https:\/\/www.avo.it\/fr\/wp-json\/wp\/v2\/comments?post=152552"}],"version-history":[{"count":3,"href":"https:\/\/www.avo.it\/fr\/wp-json\/wp\/v2\/pages\/152552\/revisions"}],"predecessor-version":[{"id":156370,"href":"https:\/\/www.avo.it\/fr\/wp-json\/wp\/v2\/pages\/152552\/revisions\/156370"}],"up":[{"embeddable":true,"href":"https:\/\/www.avo.it\/fr\/wp-json\/wp\/v2\/pages\/152540"}],"wp:attachment":[{"href":"https:\/\/www.avo.it\/fr\/wp-json\/wp\/v2\/media?parent=152552"}],"curies":[{"name":"wp","href":"https:\/\/api.w.org\/{rel}","templated":true}]}}