{"id":152554,"date":"2025-04-07T14:28:35","date_gmt":"2025-04-07T14:28:35","guid":{"rendered":"https:\/\/avo.it\/applications\/secteur-de-lenvironnement\/"},"modified":"2025-09-30T09:46:12","modified_gmt":"2025-09-30T09:46:12","slug":"secteur-de-lenvironnement","status":"publish","type":"page","link":"https:\/\/www.avo.it\/fr\/applications\/secteur-de-lenvironnement\/","title":{"rendered":"Secteur de l\u2019environnement"},"content":{"rendered":"\t\t<div data-elementor-type=\"wp-page\" data-elementor-id=\"152554\" class=\"elementor elementor-152554 elementor-20620\" data-elementor-post-type=\"page\">\n\t\t\t\t<div class=\"elementor-element elementor-element-3007664 e-con-full e-flex e-con e-parent\" data-id=\"3007664\" data-element_type=\"container\" data-e-type=\"container\" data-settings=\"{&quot;background_background&quot;:&quot;classic&quot;}\">\n\t\t<div class=\"elementor-element elementor-element-5439631 e-con-full e-flex e-con e-child\" data-id=\"5439631\" data-element_type=\"container\" data-e-type=\"container\" data-settings=\"{&quot;background_background&quot;:&quot;classic&quot;}\">\n\t\t<div class=\"elementor-element elementor-element-681c221 e-con-full e-flex e-con e-child\" data-id=\"681c221\" data-element_type=\"container\" data-e-type=\"container\" data-settings=\"{&quot;background_background&quot;:&quot;classic&quot;}\">\n\t\t\t\t<div class=\"elementor-element elementor-element-d353d3d elementor-widget elementor-widget-heading\" data-id=\"d353d3d\" data-element_type=\"widget\" data-e-type=\"widget\" data-widget_type=\"heading.default\">\n\t\t\t\t\t<h1 class=\"elementor-heading-title elementor-size-default\">Secteur de l\u2019environnement<\/h1>\t\t\t\t<\/div>\n\t\t\t\t<\/div>\n\t\t\t\t<\/div>\n\t\t\t\t<\/div>\n\t\t<div class=\"elementor-element elementor-element-335a5e6 e-con-full e-flex e-con e-parent\" data-id=\"335a5e6\" data-element_type=\"container\" data-e-type=\"container\">\n\t\t<div class=\"elementor-element elementor-element-318c49a e-con-full e-flex e-con e-child\" data-id=\"318c49a\" data-element_type=\"container\" data-e-type=\"container\">\n\t\t\t\t<div class=\"elementor-element elementor-element-b437dd6 elementor-widget elementor-widget-text-editor\" data-id=\"b437dd6\" data-element_type=\"widget\" data-e-type=\"widget\" data-widget_type=\"text-editor.default\">\n\t\t\t\t\t\t\t\t\t<p class=\"p1\">Roues en <b>caoutchouc plein avec noyaux en m\u00e9tal ou plastique<\/b>, id\u00e9ales pour la <b>collecte et le traitement des d\u00e9chets<\/b>.<\/p><br><p class=\"p1\">Adapt\u00e9es aux bacs, conteneurs et \u00e9quipements de collecte, elles garantissent :<\/p><br><br><ul class=\"ul1\">\r\n \t<li class=\"li1\">Robustesse<\/li>\r\n \t<li class=\"li1\">Long\u00e9vit\u00e9<\/li>\r\n \t<li class=\"li1\">Manutention s\u00fbre m\u00eame sur terrains irr\u00e9guliers<\/li>\r\n<\/ul>\t\t\t\t\t\t\t\t<\/div>\n\t\t\t\t<\/div>\n\t\t\t\t<\/div>\n\t\t\t\t<\/div>\n\t\t","protected":false},"excerpt":{"rendered":"<p>Secteur de l\u2019environnement Roues en caoutchouc plein avec noyaux en m\u00e9tal ou plastique, id\u00e9ales pour la collecte et le traitement des d\u00e9chets. Adapt\u00e9es aux bacs, conteneurs et \u00e9quipements de collecte, elles garantissent : Robustesse Long\u00e9vit\u00e9 Manutention s\u00fbre m\u00eame sur terrains irr\u00e9guliers<\/p>\n","protected":false},"author":2,"featured_media":0,"parent":152540,"menu_order":0,"comment_status":"closed","ping_status":"closed","template":"","meta":{"_acf_changed":false,"footnotes":""},"class_list":["post-152554","page","type-page","status-publish","hentry"],"acf":[],"_links":{"self":[{"href":"https:\/\/www.avo.it\/fr\/wp-json\/wp\/v2\/pages\/152554","targetHints":{"allow":["GET"]}}],"collection":[{"href":"https:\/\/www.avo.it\/fr\/wp-json\/wp\/v2\/pages"}],"about":[{"href":"https:\/\/www.avo.it\/fr\/wp-json\/wp\/v2\/types\/page"}],"author":[{"embeddable":true,"href":"https:\/\/www.avo.it\/fr\/wp-json\/wp\/v2\/users\/2"}],"replies":[{"embeddable":true,"href":"https:\/\/www.avo.it\/fr\/wp-json\/wp\/v2\/comments?post=152554"}],"version-history":[{"count":1,"href":"https:\/\/www.avo.it\/fr\/wp-json\/wp\/v2\/pages\/152554\/revisions"}],"predecessor-version":[{"id":152555,"href":"https:\/\/www.avo.it\/fr\/wp-json\/wp\/v2\/pages\/152554\/revisions\/152555"}],"up":[{"embeddable":true,"href":"https:\/\/www.avo.it\/fr\/wp-json\/wp\/v2\/pages\/152540"}],"wp:attachment":[{"href":"https:\/\/www.avo.it\/fr\/wp-json\/wp\/v2\/media?parent=152554"}],"curies":[{"name":"wp","href":"https:\/\/api.w.org\/{rel}","templated":true}]}}