{"id":152556,"date":"2025-04-07T14:28:56","date_gmt":"2025-04-07T14:28:56","guid":{"rendered":"https:\/\/avo.it\/applications\/mobilier-et-amenagement-interieur\/"},"modified":"2025-12-23T09:44:56","modified_gmt":"2025-12-23T09:44:56","slug":"mobilier-et-amenagement-interieur","status":"publish","type":"page","link":"https:\/\/www.avo.it\/fr\/applications\/mobilier-et-amenagement-interieur\/","title":{"rendered":"Mobilier et am\u00e9nagement int\u00e9rieur"},"content":{"rendered":"\t\t<div data-elementor-type=\"wp-page\" data-elementor-id=\"152556\" class=\"elementor elementor-152556 elementor-20622\" data-elementor-post-type=\"page\">\n\t\t\t\t<div class=\"elementor-element elementor-element-e454618 e-con-full e-flex e-con e-parent\" data-id=\"e454618\" data-element_type=\"container\" data-e-type=\"container\" data-settings=\"{&quot;background_background&quot;:&quot;classic&quot;}\">\n\t\t<div class=\"elementor-element elementor-element-a290718 e-con-full e-flex e-con e-child\" data-id=\"a290718\" data-element_type=\"container\" data-e-type=\"container\" data-settings=\"{&quot;background_background&quot;:&quot;classic&quot;}\">\n\t\t<div class=\"elementor-element elementor-element-af50b5d e-con-full e-flex e-con e-child\" data-id=\"af50b5d\" data-element_type=\"container\" data-e-type=\"container\" data-settings=\"{&quot;background_background&quot;:&quot;classic&quot;}\">\n\t\t\t\t<div class=\"elementor-element elementor-element-1be0d62 elementor-widget elementor-widget-heading\" data-id=\"1be0d62\" data-element_type=\"widget\" data-e-type=\"widget\" data-widget_type=\"heading.default\">\n\t\t\t\t\t<h1 class=\"elementor-heading-title elementor-size-default\">Mobilier et am\u00e9nagement int\u00e9rieur<\/h1>\t\t\t\t<\/div>\n\t\t\t\t<\/div>\n\t\t\t\t<\/div>\n\t\t\t\t<\/div>\n\t\t<div class=\"elementor-element elementor-element-d60053d e-con-full e-flex e-con e-parent\" data-id=\"d60053d\" data-element_type=\"container\" data-e-type=\"container\">\n\t\t<div class=\"elementor-element elementor-element-84085ae e-con-full e-flex e-con e-child\" data-id=\"84085ae\" data-element_type=\"container\" data-e-type=\"container\">\n\t\t\t\t<div class=\"elementor-element elementor-element-ae0847f elementor-widget elementor-widget-text-editor\" data-id=\"ae0847f\" data-element_type=\"widget\" data-e-type=\"widget\" data-widget_type=\"text-editor.default\">\n\t\t\t\t\t\t\t\t\t<p class=\"p1\">Plus de <b>5 000 r\u00e9f\u00e9rences<\/b> d\u00e9di\u00e9es au <b>mobilier domestique et professionnel<\/b>.<br \/>\nRoues silencieuses, esth\u00e9tiques et durables pour meubles de salon, cuisine, chambre ou bureau.<\/p>\n<p><\/p>\n<p class=\"p1\">Qualit\u00e9s :<\/p>\n<ul class=\"ul1\">\n<li class=\"li1\">Mobilit\u00e9 fluide sur parquet, carrelage, moquette<\/li>\n<li class=\"li1\">Esth\u00e9tique soign\u00e9e<\/li>\n<li class=\"li1\">Robustesse et confort<\/li>\n<\/ul>\n\t\t\t\t\t\t\t\t<\/div>\n\t\t\t\t<\/div>\n\t\t\t\t<\/div>\n\t\t\t\t<\/div>\n\t\t","protected":false},"excerpt":{"rendered":"<p>Mobilier et am\u00e9nagement int\u00e9rieur Plus de 5 000 r\u00e9f\u00e9rences d\u00e9di\u00e9es au mobilier domestique et professionnel. Roues silencieuses, esth\u00e9tiques et durables pour meubles de salon, cuisine, chambre ou bureau. Qualit\u00e9s : Mobilit\u00e9 fluide sur parquet, carrelage, moquette Esth\u00e9tique soign\u00e9e Robustesse et confort<\/p>\n","protected":false},"author":2,"featured_media":0,"parent":152540,"menu_order":0,"comment_status":"closed","ping_status":"closed","template":"","meta":{"_acf_changed":false,"footnotes":""},"class_list":["post-152556","page","type-page","status-publish","hentry"],"acf":[],"_links":{"self":[{"href":"https:\/\/www.avo.it\/fr\/wp-json\/wp\/v2\/pages\/152556","targetHints":{"allow":["GET"]}}],"collection":[{"href":"https:\/\/www.avo.it\/fr\/wp-json\/wp\/v2\/pages"}],"about":[{"href":"https:\/\/www.avo.it\/fr\/wp-json\/wp\/v2\/types\/page"}],"author":[{"embeddable":true,"href":"https:\/\/www.avo.it\/fr\/wp-json\/wp\/v2\/users\/2"}],"replies":[{"embeddable":true,"href":"https:\/\/www.avo.it\/fr\/wp-json\/wp\/v2\/comments?post=152556"}],"version-history":[{"count":2,"href":"https:\/\/www.avo.it\/fr\/wp-json\/wp\/v2\/pages\/152556\/revisions"}],"predecessor-version":[{"id":156393,"href":"https:\/\/www.avo.it\/fr\/wp-json\/wp\/v2\/pages\/152556\/revisions\/156393"}],"up":[{"embeddable":true,"href":"https:\/\/www.avo.it\/fr\/wp-json\/wp\/v2\/pages\/152540"}],"wp:attachment":[{"href":"https:\/\/www.avo.it\/fr\/wp-json\/wp\/v2\/media?parent=152556"}],"curies":[{"name":"wp","href":"https:\/\/api.w.org\/{rel}","templated":true}]}}