{"id":152558,"date":"2025-04-07T14:29:10","date_gmt":"2025-04-07T14:29:10","guid":{"rendered":"https:\/\/avo.it\/applications\/secteur-medical\/"},"modified":"2025-12-23T08:19:05","modified_gmt":"2025-12-23T08:19:05","slug":"secteur-medical","status":"publish","type":"page","link":"https:\/\/www.avo.it\/fr\/applications\/secteur-medical\/","title":{"rendered":"Secteur m\u00e9dical"},"content":{"rendered":"\t\t<div data-elementor-type=\"wp-page\" data-elementor-id=\"152558\" class=\"elementor elementor-152558 elementor-20624\" data-elementor-post-type=\"page\">\n\t\t\t\t<div class=\"elementor-element elementor-element-f8dcf36 e-con-full e-flex e-con e-parent\" data-id=\"f8dcf36\" data-element_type=\"container\" data-e-type=\"container\" data-settings=\"{&quot;background_background&quot;:&quot;classic&quot;}\">\n\t\t<div class=\"elementor-element elementor-element-5562e02 e-con-full e-flex e-con e-child\" data-id=\"5562e02\" data-element_type=\"container\" data-e-type=\"container\" data-settings=\"{&quot;background_background&quot;:&quot;classic&quot;}\">\n\t\t<div class=\"elementor-element elementor-element-00042b5 e-con-full e-flex e-con e-child\" data-id=\"00042b5\" data-element_type=\"container\" data-e-type=\"container\" data-settings=\"{&quot;background_background&quot;:&quot;classic&quot;}\">\n\t\t\t\t<div class=\"elementor-element elementor-element-f14a334 elementor-widget elementor-widget-heading\" data-id=\"f14a334\" data-element_type=\"widget\" data-e-type=\"widget\" data-widget_type=\"heading.default\">\n\t\t\t\t\t<h1 class=\"elementor-heading-title elementor-size-default\">Secteur m\u00e9dical<\/h1>\t\t\t\t<\/div>\n\t\t\t\t<\/div>\n\t\t\t\t<\/div>\n\t\t\t\t<\/div>\n\t\t<div class=\"elementor-element elementor-element-6eee3e7 e-con-full e-flex e-con e-parent\" data-id=\"6eee3e7\" data-element_type=\"container\" data-e-type=\"container\">\n\t\t<div class=\"elementor-element elementor-element-ef6d1e4 e-con-full e-flex e-con e-child\" data-id=\"ef6d1e4\" data-element_type=\"container\" data-e-type=\"container\">\n\t\t\t\t<div class=\"elementor-element elementor-element-b7f5d06 elementor-widget elementor-widget-text-editor\" data-id=\"b7f5d06\" data-element_type=\"widget\" data-e-type=\"widget\" data-widget_type=\"text-editor.default\">\n\t\t\t\t\t\t\t\t\t<p class=\"p1\">Roues en <b>mati\u00e8re thermoplastique<\/b> et <b>roulettes en inox AISI 304 ou AISI 316<\/b>, con\u00e7ues pour les environnements hospitaliers exigeant une <b>hygi\u00e8ne irr\u00e9prochable<\/b>.<\/p><br><p class=\"p1\">Avantages :<\/p><br><br><ul class=\"ul1\">\r\n \t<li class=\"li1\">R\u00e9sistance \u00e0 la corrosion, \u00e0 l\u2019humidit\u00e9 et aux d\u00e9sinfectants<\/li>\r\n \t<li class=\"li1\">Faible niveau sonore<\/li>\r\n \t<li class=\"li1\">Adapt\u00e9es aux environnements dynamiques et st\u00e9riles<\/li>\r\n<\/ul>\t\t\t\t\t\t\t\t<\/div>\n\t\t\t\t<\/div>\n\t\t\t\t<\/div>\n\t\t\t\t<\/div>\n\t\t","protected":false},"excerpt":{"rendered":"<p>Secteur m\u00e9dical Roues en mati\u00e8re thermoplastique et roulettes en inox AISI 304 ou AISI 316, con\u00e7ues pour les environnements hospitaliers exigeant une hygi\u00e8ne irr\u00e9prochable. Avantages : R\u00e9sistance \u00e0 la corrosion, \u00e0 l\u2019humidit\u00e9 et aux d\u00e9sinfectants Faible niveau sonore Adapt\u00e9es aux environnements dynamiques et st\u00e9riles<\/p>\n","protected":false},"author":2,"featured_media":0,"parent":152540,"menu_order":0,"comment_status":"closed","ping_status":"closed","template":"","meta":{"_acf_changed":false,"footnotes":""},"class_list":["post-152558","page","type-page","status-publish","hentry"],"acf":[],"_links":{"self":[{"href":"https:\/\/www.avo.it\/fr\/wp-json\/wp\/v2\/pages\/152558","targetHints":{"allow":["GET"]}}],"collection":[{"href":"https:\/\/www.avo.it\/fr\/wp-json\/wp\/v2\/pages"}],"about":[{"href":"https:\/\/www.avo.it\/fr\/wp-json\/wp\/v2\/types\/page"}],"author":[{"embeddable":true,"href":"https:\/\/www.avo.it\/fr\/wp-json\/wp\/v2\/users\/2"}],"replies":[{"embeddable":true,"href":"https:\/\/www.avo.it\/fr\/wp-json\/wp\/v2\/comments?post=152558"}],"version-history":[{"count":1,"href":"https:\/\/www.avo.it\/fr\/wp-json\/wp\/v2\/pages\/152558\/revisions"}],"predecessor-version":[{"id":152559,"href":"https:\/\/www.avo.it\/fr\/wp-json\/wp\/v2\/pages\/152558\/revisions\/152559"}],"up":[{"embeddable":true,"href":"https:\/\/www.avo.it\/fr\/wp-json\/wp\/v2\/pages\/152540"}],"wp:attachment":[{"href":"https:\/\/www.avo.it\/fr\/wp-json\/wp\/v2\/media?parent=152558"}],"curies":[{"name":"wp","href":"https:\/\/api.w.org\/{rel}","templated":true}]}}