{"id":152560,"date":"2025-04-07T14:29:20","date_gmt":"2025-04-07T14:29:20","guid":{"rendered":"https:\/\/avo.it\/applications\/industrie-automobile\/"},"modified":"2025-09-30T09:47:45","modified_gmt":"2025-09-30T09:47:45","slug":"industrie-automobile","status":"publish","type":"page","link":"https:\/\/www.avo.it\/fr\/applications\/industrie-automobile\/","title":{"rendered":"Industrie automobile"},"content":{"rendered":"\t\t<div data-elementor-type=\"wp-page\" data-elementor-id=\"152560\" class=\"elementor elementor-152560 elementor-20626\" data-elementor-post-type=\"page\">\n\t\t\t\t<div class=\"elementor-element elementor-element-d7df8b9 e-con-full e-flex e-con e-parent\" data-id=\"d7df8b9\" data-element_type=\"container\" data-e-type=\"container\" data-settings=\"{&quot;background_background&quot;:&quot;classic&quot;}\">\n\t\t<div class=\"elementor-element elementor-element-e0d01f9 e-con-full e-flex e-con e-child\" data-id=\"e0d01f9\" data-element_type=\"container\" data-e-type=\"container\" data-settings=\"{&quot;background_background&quot;:&quot;classic&quot;}\">\n\t\t<div class=\"elementor-element elementor-element-52d700c e-con-full e-flex e-con e-child\" data-id=\"52d700c\" data-element_type=\"container\" data-e-type=\"container\" data-settings=\"{&quot;background_background&quot;:&quot;classic&quot;}\">\n\t\t\t\t<div class=\"elementor-element elementor-element-01f2376 elementor-widget elementor-widget-heading\" data-id=\"01f2376\" data-element_type=\"widget\" data-e-type=\"widget\" data-widget_type=\"heading.default\">\n\t\t\t\t\t<h1 class=\"elementor-heading-title elementor-size-default\">Industrie automobile<\/h1>\t\t\t\t<\/div>\n\t\t\t\t<\/div>\n\t\t\t\t<\/div>\n\t\t\t\t<\/div>\n\t\t<div class=\"elementor-element elementor-element-38c365f e-con-full e-flex e-con e-parent\" data-id=\"38c365f\" data-element_type=\"container\" data-e-type=\"container\">\n\t\t<div class=\"elementor-element elementor-element-8f25cce e-con-full e-flex e-con e-child\" data-id=\"8f25cce\" data-element_type=\"container\" data-e-type=\"container\">\n\t\t\t\t<div class=\"elementor-element elementor-element-29a59f3 elementor-widget elementor-widget-text-editor\" data-id=\"29a59f3\" data-element_type=\"widget\" data-e-type=\"widget\" data-widget_type=\"text-editor.default\">\n\t\t\t\t\t\t\t\t\t<p class=\"p1\">Roues hautes performances en <b>polyur\u00e9thane<\/b>, avec <b>bandage bomb\u00e9<\/b> pour une <b>meilleure r\u00e9partition des charges<\/b>.<\/p><br><p class=\"p1\">R\u00e9sultats :<\/p><br><br><ul class=\"ul1\">\r\n \t<li class=\"li1\">Amortissement optimal des chocs<\/li>\r\n \t<li class=\"li1\">Long\u00e9vit\u00e9 sur surfaces rugueuses<\/li>\r\n \t<li class=\"li1\">Possibilit\u00e9 d\u2019<b>int\u00e9gration sur supports \u00e0 suspension<\/b> (capacit\u00e9s de charge vari\u00e9es selon les besoins : moyenne \u00e0 tr\u00e8s lourde)<\/li>\r\n<\/ul>\t\t\t\t\t\t\t\t<\/div>\n\t\t\t\t<\/div>\n\t\t\t\t<\/div>\n\t\t\t\t<\/div>\n\t\t","protected":false},"excerpt":{"rendered":"<p>Industrie automobile Roues hautes performances en polyur\u00e9thane, avec bandage bomb\u00e9 pour une meilleure r\u00e9partition des charges. R\u00e9sultats : Amortissement optimal des chocs Long\u00e9vit\u00e9 sur surfaces rugueuses Possibilit\u00e9 d\u2019int\u00e9gration sur supports \u00e0 suspension (capacit\u00e9s de charge vari\u00e9es selon les besoins : moyenne \u00e0 tr\u00e8s lourde)<\/p>\n","protected":false},"author":2,"featured_media":0,"parent":152540,"menu_order":0,"comment_status":"closed","ping_status":"closed","template":"","meta":{"_acf_changed":false,"footnotes":""},"class_list":["post-152560","page","type-page","status-publish","hentry"],"acf":[],"_links":{"self":[{"href":"https:\/\/www.avo.it\/fr\/wp-json\/wp\/v2\/pages\/152560","targetHints":{"allow":["GET"]}}],"collection":[{"href":"https:\/\/www.avo.it\/fr\/wp-json\/wp\/v2\/pages"}],"about":[{"href":"https:\/\/www.avo.it\/fr\/wp-json\/wp\/v2\/types\/page"}],"author":[{"embeddable":true,"href":"https:\/\/www.avo.it\/fr\/wp-json\/wp\/v2\/users\/2"}],"replies":[{"embeddable":true,"href":"https:\/\/www.avo.it\/fr\/wp-json\/wp\/v2\/comments?post=152560"}],"version-history":[{"count":1,"href":"https:\/\/www.avo.it\/fr\/wp-json\/wp\/v2\/pages\/152560\/revisions"}],"predecessor-version":[{"id":152561,"href":"https:\/\/www.avo.it\/fr\/wp-json\/wp\/v2\/pages\/152560\/revisions\/152561"}],"up":[{"embeddable":true,"href":"https:\/\/www.avo.it\/fr\/wp-json\/wp\/v2\/pages\/152540"}],"wp:attachment":[{"href":"https:\/\/www.avo.it\/fr\/wp-json\/wp\/v2\/media?parent=152560"}],"curies":[{"name":"wp","href":"https:\/\/api.w.org\/{rel}","templated":true}]}}