{"id":152575,"date":"2025-02-25T11:15:13","date_gmt":"2025-02-25T11:15:13","guid":{"rendered":"https:\/\/avo.it\/reseau-de-vente\/"},"modified":"2025-09-30T10:08:38","modified_gmt":"2025-09-30T10:08:38","slug":"reseau-de-vente","status":"publish","type":"page","link":"https:\/\/www.avo.it\/fr\/reseau-de-vente\/","title":{"rendered":"R\u00e9seau de vente"},"content":{"rendered":"\t\t<div data-elementor-type=\"wp-page\" data-elementor-id=\"152575\" class=\"elementor elementor-152575 elementor-14412\" data-elementor-post-type=\"page\">\n\t\t\t\t<div class=\"elementor-element elementor-element-8cf879f e-con-full e-flex e-con e-parent\" data-id=\"8cf879f\" data-element_type=\"container\" data-e-type=\"container\" data-settings=\"{&quot;background_background&quot;:&quot;classic&quot;}\">\n\t\t<div class=\"elementor-element elementor-element-5992ab7 e-con-full e-flex e-con e-child\" data-id=\"5992ab7\" data-element_type=\"container\" data-e-type=\"container\" data-settings=\"{&quot;background_background&quot;:&quot;classic&quot;}\">\n\t\t<div class=\"elementor-element elementor-element-24f465e e-con-full e-flex e-con e-child\" data-id=\"24f465e\" data-element_type=\"container\" data-e-type=\"container\" data-settings=\"{&quot;background_background&quot;:&quot;classic&quot;}\">\n\t\t\t\t<div class=\"elementor-element elementor-element-baa0978 elementor-widget elementor-widget-heading\" data-id=\"baa0978\" data-element_type=\"widget\" data-e-type=\"widget\" data-widget_type=\"heading.default\">\n\t\t\t\t\t<h1 class=\"elementor-heading-title elementor-size-default\">R\u00e9seau de <span style=\"color: #B3E5FC\">vente<\/span><\/h1>\t\t\t\t<\/div>\n\t\t\t\t<\/div>\n\t\t\t\t<\/div>\n\t\t\t\t<\/div>\n\t\t<div class=\"elementor-element elementor-element-e824bae e-con-full e-flex e-con e-parent\" data-id=\"e824bae\" data-element_type=\"container\" data-e-type=\"container\">\n\t\t<div class=\"elementor-element elementor-element-3e87d70 e-con-full e-flex e-con e-child\" data-id=\"3e87d70\" data-element_type=\"container\" data-e-type=\"container\">\n\t\t<div class=\"elementor-element elementor-element-16882c3 e-con-full e-flex e-con e-child\" data-id=\"16882c3\" data-element_type=\"container\" data-e-type=\"container\">\n\t\t\t\t<div class=\"elementor-element elementor-element-aa1b850 elementor-widget elementor-widget-heading\" data-id=\"aa1b850\" data-element_type=\"widget\" data-e-type=\"widget\" data-widget_type=\"heading.default\">\n\t\t\t\t\t<h2 class=\"elementor-heading-title elementor-size-default\">Fiabilit\u00e9 <\/h2>\t\t\t\t<\/div>\n\t\t\t\t<div class=\"elementor-element elementor-element-46d123f elementor-widget elementor-widget-heading\" data-id=\"46d123f\" data-element_type=\"widget\" data-e-type=\"widget\" data-widget_type=\"heading.default\">\n\t\t\t\t\t<h2 class=\"elementor-heading-title elementor-size-default\">sans fronti\u00e8res<\/h2>\t\t\t\t<\/div>\n\t\t\t\t<\/div>\n\t\t<div class=\"elementor-element elementor-element-5124ab7 e-con-full e-flex e-con e-child\" data-id=\"5124ab7\" data-element_type=\"container\" data-e-type=\"container\">\n\t\t\t\t<div class=\"elementor-element elementor-element-8315a12 elementor-widget elementor-widget-text-editor\" data-id=\"8315a12\" data-element_type=\"widget\" data-e-type=\"widget\" data-widget_type=\"text-editor.default\">\n\t\t\t\t\t\t\t\t\t<p class=\"p1\">AVO Aldo Valsecchi<span class=\"Apple-converted-space\">\u00a0 <\/span>est une r\u00e9f\u00e9rence d\u2019excellence consolid\u00e9e sur le march\u00e9 commercial, tant en Italie qu\u2019\u00e0 l\u2019international.<\/p>\n<p><\/p>\n<p class=\"p1\">Au fil des ann\u00e9es, nous avons d\u00e9velopp\u00e9 un <b>r\u00e9seau de vente performant<\/b> qui nous permet d\u2019\u00eatre pr\u00e9sents <b>sur l\u2019ensemble du territoire italien<\/b> ainsi que dans les <b>principaux march\u00e9s \u00e9trangers<\/b>.<br \/>\nNotre engagement envers la qualit\u00e9 et la fiabilit\u00e9 nous a permis de nous affirmer comme <b>leader dans plus de 50 pays<\/b> \u00e0 travers le monde.<br \/>\nNous serions ravis de vous offrir une <b>exp\u00e9rience commerciale unique<\/b>, ax\u00e9e sur la satisfaction de vos besoins.<\/p>\n\t\t\t\t\t\t\t\t<\/div>\n\t\t\t\t<\/div>\n\t\t\t\t<\/div>\n\t\t\t\t<\/div>\n\t\t<div class=\"elementor-element elementor-element-3f5a315 e-con-full e-flex e-con e-parent\" data-id=\"3f5a315\" data-element_type=\"container\" data-e-type=\"container\">\n\t\t<div class=\"elementor-element elementor-element-70dbb6e e-con-full e-flex e-con e-child\" data-id=\"70dbb6e\" data-element_type=\"container\" data-e-type=\"container\" data-settings=\"{&quot;background_background&quot;:&quot;classic&quot;}\">\n\t\t<div class=\"elementor-element elementor-element-f7e6ff7 e-con-full e-flex e-con e-child\" data-id=\"f7e6ff7\" data-element_type=\"container\" data-e-type=\"container\">\n\t\t\t\t<div class=\"elementor-element elementor-element-0fcbec5 elementor-widget elementor-widget-heading\" data-id=\"0fcbec5\" data-element_type=\"widget\" data-e-type=\"widget\" data-widget_type=\"heading.default\">\n\t\t\t\t\t<h2 class=\"elementor-heading-title elementor-size-default\">Service commercial Italie<\/h2>\t\t\t\t<\/div>\n\t\t\t\t<div class=\"elementor-element elementor-element-5da324f elementor-widget elementor-widget-text-editor\" data-id=\"5da324f\" data-element_type=\"widget\" data-e-type=\"widget\" data-widget_type=\"text-editor.default\">\n\t\t\t\t\t\t\t\t\t<p class=\"p1\">Notre large pr\u00e9sence sur le territoire italien r\u00e9sulte d\u2019un <b>r\u00e9seau de vente strat\u00e9gique et solidement implant\u00e9<\/b>.<br \/>\nGr\u00e2ce \u00e0 de <b>nombreux points de contact r\u00e9partis dans tout le pays<\/b>, nous sommes pr\u00eats \u00e0 vous fournir des produits de <b>haute qualit\u00e9<\/b> et un <b>service client fiable<\/b>.<br \/>\nAVO Aldo Valsecchi<span class=\"Apple-converted-space\">\u00a0 <\/span>est votre <b>partenaire de confiance<\/b> pour r\u00e9pondre \u00e0 vos besoins commerciaux sur le march\u00e9 italien.<\/p>\n<p><\/p>\n<p class=\"p1\">Pour toute information ou demande, n\u2019h\u00e9sitez pas \u00e0 nous contacter :<\/p>\n\t\t\t\t\t\t\t\t<\/div>\n\t\t<div class=\"elementor-element elementor-element-b2c3098 e-con-full e-flex e-con e-child\" data-id=\"b2c3098\" data-element_type=\"container\" data-e-type=\"container\">\n\t\t\t\t<div class=\"elementor-element elementor-element-60e4927 elementor-widget elementor-widget-text-editor\" data-id=\"60e4927\" data-element_type=\"widget\" data-e-type=\"widget\" data-widget_type=\"text-editor.default\">\n\t\t\t\t\t\t\t\t\t<p>E-mail:\u00a0 \u00a0 <a href=\"mailto:venditeitalia@avo.it\"><strong>venditeitalia@avo.it<\/strong><\/a><br \/>T\u00e9l:\u00a0 \u00a0 \u00a0 \u00a0 <a href=\"tel: +390323869911\"><strong>+39 0323 869911<\/strong><\/a><\/p>\n\t\t\t\t\t\t\t\t<\/div>\n\t\t\t\t<\/div>\n\t\t\t\t<div class=\"elementor-element elementor-element-0dc248b elementor-widget elementor-widget-heading\" data-id=\"0dc248b\" data-element_type=\"widget\" data-e-type=\"widget\" data-widget_type=\"heading.default\">\n\t\t\t\t\t<h2 class=\"elementor-heading-title elementor-size-default\">Nous sommes \u00e0 vos c\u00f4t\u00e9s pour soutenir votre d\u00e9veloppement et contribuer \u00e0 la r\u00e9ussite de votre entreprise.<\/h2>\t\t\t\t<\/div>\n\t\t\t\t<\/div>\n\t\t<div class=\"elementor-element elementor-element-a413c68 e-con-full e-flex e-con e-child\" data-id=\"a413c68\" data-element_type=\"container\" data-e-type=\"container\" data-settings=\"{&quot;background_background&quot;:&quot;classic&quot;}\">\n\t\t\t\t<\/div>\n\t\t\t\t<\/div>\n\t\t\t\t<\/div>\n\t\t<div class=\"elementor-element elementor-element-4d0bb33 e-con-full e-flex e-con e-parent\" data-id=\"4d0bb33\" data-element_type=\"container\" data-e-type=\"container\">\n\t\t<div class=\"elementor-element elementor-element-9418314 e-con-full e-flex e-con e-child\" data-id=\"9418314\" data-element_type=\"container\" data-e-type=\"container\" data-settings=\"{&quot;background_background&quot;:&quot;classic&quot;}\">\n\t\t<div class=\"elementor-element elementor-element-78c8412 e-con-full e-flex e-con e-child\" data-id=\"78c8412\" data-element_type=\"container\" data-e-type=\"container\">\n\t\t\t\t<div class=\"elementor-element elementor-element-7f58520 elementor-widget elementor-widget-heading\" data-id=\"7f58520\" data-element_type=\"widget\" data-e-type=\"widget\" data-widget_type=\"heading.default\">\n\t\t\t\t\t<h3 class=\"elementor-heading-title elementor-size-default\">Service commercial export<\/h3>\t\t\t\t<\/div>\n\t\t\t\t<div class=\"elementor-element elementor-element-154bd7f elementor-widget elementor-widget-text-editor\" data-id=\"154bd7f\" data-element_type=\"widget\" data-e-type=\"widget\" data-widget_type=\"text-editor.default\">\n\t\t\t\t\t\t\t\t\t<p class=\"p1\">Au-del\u00e0 des fronti\u00e8res nationales, notre <b>pr\u00e9sence internationale<\/b> est assur\u00e9e par un r\u00e9seau de <b>distributeurs qualifi\u00e9s<\/b> et par la <b>vente directe<\/b> aux industries de diff\u00e9rents secteurs \u00e0 travers le monde.<br \/>\nAVO Aldo Valsecchi<span class=\"Apple-converted-space\">\u00a0 <\/span>se distingue par la <b>qualit\u00e9 \u00e9lev\u00e9e<\/b> et la <b>fiabilit\u00e9 de ses produits<\/b>, ainsi que par sa <b>souplesse dans l\u2019adaptation aux exigences sp\u00e9cifiques de chaque march\u00e9<\/b>.<\/p>\n<p><\/p>\n<p class=\"p1\">Notre position de leader dans plus de 50 pays t\u00e9moigne de la <b>confiance que nous accordent nos clients internationaux<\/b>.<\/p>\n<p><\/p>\n<p class=\"p1\">Pour toute demande de coop\u00e9ration ou d\u2019information, veuillez nous contacter \u00e0 :<\/p>\n\t\t\t\t\t\t\t\t<\/div>\n\t\t<div class=\"elementor-element elementor-element-b631d2f e-con-full e-flex e-con e-child\" data-id=\"b631d2f\" data-element_type=\"container\" data-e-type=\"container\">\n\t\t\t\t<div class=\"elementor-element elementor-element-e16e848 elementor-widget elementor-widget-text-editor\" data-id=\"e16e848\" data-element_type=\"widget\" data-e-type=\"widget\" data-widget_type=\"text-editor.default\">\n\t\t\t\t\t\t\t\t\t<p>E-mail:\u00a0 \u00a0 <a href=\"mailto:export@avo.it\"><strong>export@avo.it<\/strong><\/a><br \/>Tel:\u00a0 \u00a0 \u00a0 \u00a0 <a href=\"tel: +390323869911\"><strong>+39 0323 869911<\/strong><\/a><\/p>\n\t\t\t\t\t\t\t\t<\/div>\n\t\t\t\t<\/div>\n\t\t\t\t<div class=\"elementor-element elementor-element-470b7ab elementor-widget elementor-widget-heading\" data-id=\"470b7ab\" data-element_type=\"widget\" data-e-type=\"widget\" data-widget_type=\"heading.default\">\n\t\t\t\t\t<h2 class=\"elementor-heading-title elementor-size-default\">Nous sommes pr\u00eats \u00e0 construire ensemble des opportunit\u00e9s de succ\u00e8s dans le paysage mondial des affaires.<\/h2>\t\t\t\t<\/div>\n\t\t\t\t<\/div>\n\t\t<div class=\"elementor-element elementor-element-ed0d954 e-con-full e-flex e-con e-child\" data-id=\"ed0d954\" data-element_type=\"container\" data-e-type=\"container\" data-settings=\"{&quot;background_background&quot;:&quot;classic&quot;}\">\n\t\t\t\t<\/div>\n\t\t\t\t<\/div>\n\t\t\t\t<\/div>\n\t\t\t\t<\/div>\n\t\t","protected":false},"excerpt":{"rendered":"<p>R\u00e9seau de vente Fiabilit\u00e9 sans fronti\u00e8res AVO Aldo Valsecchi\u00a0 est une r\u00e9f\u00e9rence d\u2019excellence consolid\u00e9e sur le march\u00e9 commercial, tant en Italie qu\u2019\u00e0 l\u2019international. Au fil des ann\u00e9es, nous avons d\u00e9velopp\u00e9 un r\u00e9seau de vente performant qui nous permet d\u2019\u00eatre pr\u00e9sents sur l\u2019ensemble du territoire italien ainsi que dans les principaux march\u00e9s \u00e9trangers. Notre engagement envers [&hellip;]<\/p>\n","protected":false},"author":2,"featured_media":0,"parent":0,"menu_order":0,"comment_status":"closed","ping_status":"closed","template":"","meta":{"_acf_changed":false,"footnotes":""},"class_list":["post-152575","page","type-page","status-publish","hentry"],"acf":[],"_links":{"self":[{"href":"https:\/\/www.avo.it\/fr\/wp-json\/wp\/v2\/pages\/152575","targetHints":{"allow":["GET"]}}],"collection":[{"href":"https:\/\/www.avo.it\/fr\/wp-json\/wp\/v2\/pages"}],"about":[{"href":"https:\/\/www.avo.it\/fr\/wp-json\/wp\/v2\/types\/page"}],"author":[{"embeddable":true,"href":"https:\/\/www.avo.it\/fr\/wp-json\/wp\/v2\/users\/2"}],"replies":[{"embeddable":true,"href":"https:\/\/www.avo.it\/fr\/wp-json\/wp\/v2\/comments?post=152575"}],"version-history":[{"count":1,"href":"https:\/\/www.avo.it\/fr\/wp-json\/wp\/v2\/pages\/152575\/revisions"}],"predecessor-version":[{"id":152576,"href":"https:\/\/www.avo.it\/fr\/wp-json\/wp\/v2\/pages\/152575\/revisions\/152576"}],"wp:attachment":[{"href":"https:\/\/www.avo.it\/fr\/wp-json\/wp\/v2\/media?parent=152575"}],"curies":[{"name":"wp","href":"https:\/\/api.w.org\/{rel}","templated":true}]}}