{"id":153350,"date":"2025-08-07T12:57:07","date_gmt":"2025-08-07T12:57:07","guid":{"rendered":"https:\/\/avo.it\/projets-speciaux\/supports-amortis\/"},"modified":"2025-10-31T10:56:02","modified_gmt":"2025-10-31T10:56:02","slug":"supports-amortis","status":"publish","type":"page","link":"https:\/\/www.avo.it\/fr\/projets-speciaux\/supports-amortis\/","title":{"rendered":"Supports amortis"},"content":{"rendered":"\t\t<div data-elementor-type=\"wp-page\" data-elementor-id=\"153350\" class=\"elementor elementor-153350 elementor-149054\" data-elementor-post-type=\"page\">\n\t\t\t\t<div class=\"elementor-element elementor-element-08ba422 e-con-full e-flex e-con e-parent\" data-id=\"08ba422\" data-element_type=\"container\" data-e-type=\"container\" data-settings=\"{&quot;background_background&quot;:&quot;classic&quot;}\">\n\t\t<div class=\"elementor-element elementor-element-09e00b8 e-con-full e-flex e-con e-child\" data-id=\"09e00b8\" data-element_type=\"container\" data-e-type=\"container\" data-settings=\"{&quot;background_background&quot;:&quot;classic&quot;}\">\n\t\t<div class=\"elementor-element elementor-element-b24e1d6 e-con-full e-flex e-con e-child\" data-id=\"b24e1d6\" data-element_type=\"container\" data-e-type=\"container\" data-settings=\"{&quot;background_background&quot;:&quot;classic&quot;}\">\n\t\t\t\t<div class=\"elementor-element elementor-element-450097f elementor-widget elementor-widget-heading\" data-id=\"450097f\" data-element_type=\"widget\" data-e-type=\"widget\" data-widget_type=\"heading.default\">\n\t\t\t\t\t<h1 class=\"elementor-heading-title elementor-size-default\">Supports <span style=\"color: #B3E5FC\">amortis<\/span><\/h1>\t\t\t\t<\/div>\n\t\t\t\t<\/div>\n\t\t\t\t<\/div>\n\t\t\t\t<\/div>\n\t\t<div class=\"elementor-element elementor-element-25eb1b2 e-con-full e-flex e-con e-parent\" data-id=\"25eb1b2\" data-element_type=\"container\" data-e-type=\"container\">\n\t\t\t\t<div class=\"elementor-element elementor-element-dd2f84c elementor-widget elementor-widget-heading\" data-id=\"dd2f84c\" data-element_type=\"widget\" data-e-type=\"widget\" data-widget_type=\"heading.default\">\n\t\t\t\t\t<h2 class=\"elementor-heading-title elementor-size-default\">Supports amortis AVO : protection, long\u00e9vit\u00e9 et confort de roulage.<\/h2>\t\t\t\t<\/div>\n\t\t\t\t<div class=\"elementor-element elementor-element-488e783 elementor-widget elementor-widget-text-editor\" data-id=\"488e783\" data-element_type=\"widget\" data-e-type=\"widget\" data-widget_type=\"text-editor.default\">\n\t\t\t\t\t\t\t\t\t<p>Les supports amortis AVO sont con\u00e7us pour absorber efficacement les chocs et les vibrations, contribuant ainsi \u00e0 prolonger la dur\u00e9e de vie des composants et \u00e0 prot\u00e9ger les produits d\u00e9licats ou de grande valeur. Gr\u00e2ce \u00e0 leur capacit\u00e9 \u00e0 r\u00e9partir uniform\u00e9ment la charge, ces solutions r\u00e9duisent \u00e9galement le bruit pendant la manutention, am\u00e9liorant ainsi le confort et la s\u00e9curit\u00e9 lors des op\u00e9rations de transport.<\/p>\n\t\t\t\t\t\t\t\t<\/div>\n\t\t\t\t<\/div>\n\t\t<div class=\"elementor-element elementor-element-35ce604 e-con-full e-flex e-con e-parent\" data-id=\"35ce604\" data-element_type=\"container\" data-e-type=\"container\">\n\t\t<div class=\"elementor-element elementor-element-753e033 e-con-full e-flex e-con e-child\" data-id=\"753e033\" data-element_type=\"container\" data-e-type=\"container\">\n\t\t<div class=\"elementor-element elementor-element-f1789ce e-con-full e-flex e-con e-child\" data-id=\"f1789ce\" data-element_type=\"container\" data-e-type=\"container\">\n\t\t\t\t<div class=\"elementor-element elementor-element-e8e22b4 elementor-widget elementor-widget-heading\" data-id=\"e8e22b4\" data-element_type=\"widget\" data-e-type=\"widget\" data-widget_type=\"heading.default\">\n\t\t\t\t\t<h2 class=\"elementor-heading-title elementor-size-default\">Solutions avec ressorts en acier et roues en polyur\u00e9thane<\/h2>\t\t\t\t<\/div>\n\t\t\t\t<div class=\"elementor-element elementor-element-0782096 elementor-widget elementor-widget-text-editor\" data-id=\"0782096\" data-element_type=\"widget\" data-e-type=\"widget\" data-widget_type=\"text-editor.default\">\n\t\t\t\t\t\t\t\t\t<p>La gamme AVO comprend plusieurs configurations de supports amortis, disponibles avec <strong>ressorts en acier<\/strong> et <strong>roues en polyur\u00e9thane<\/strong>, afin de s\u2019adapter aux besoins applicatifs les plus vari\u00e9s. Les ressorts en acier offrent une grande long\u00e9vit\u00e9 et conservent des caract\u00e9ristiques constantes dans le temps, ce qui les rend id\u00e9aux pour les applications exigeant une fiabilit\u00e9 structurelle.<\/p>\n\t\t\t\t\t\t\t\t<\/div>\n\t\t<div class=\"elementor-element elementor-element-701acc9 e-con-full e-flex e-con e-child\" data-id=\"701acc9\" data-element_type=\"container\" data-e-type=\"container\">\n\t\t\t\t<div class=\"elementor-element elementor-element-040c2a3 elementor-widget elementor-widget-heading\" data-id=\"040c2a3\" data-element_type=\"widget\" data-e-type=\"widget\" data-widget_type=\"heading.default\">\n\t\t\t\t\t<h2 class=\"elementor-heading-title elementor-size-default\">Param\u00e8tres essentiels pour le choix<\/h2>\t\t\t\t<\/div>\n\t\t\t\t<div class=\"elementor-element elementor-element-47f921c elementor-widget elementor-widget-text-editor\" data-id=\"47f921c\" data-element_type=\"widget\" data-e-type=\"widget\" data-widget_type=\"text-editor.default\">\n\t\t\t\t\t\t\t\t\t<p>Pour s\u00e9lectionner correctement une roue amortie, il est n\u00e9cessaire d\u2019\u00e9valuer trois param\u00e8tres principaux :<\/p>\n<ul>\n<li><strong>Force de pr\u00e9contrainte<\/strong> : force initiale appliqu\u00e9e au ressort pour activer la fonction de suspension. Le ressort n\u2019entre en action que lorsque ce seuil est d\u00e9pass\u00e9.<\/li>\n<li><strong>Force finale<\/strong> : force n\u00e9cessaire pour comprimer compl\u00e8tement le ressort jusqu\u2019\u00e0 la but\u00e9e m\u00e9canique.<\/li>\n<li><strong>Course maximale<\/strong> : diff\u00e9rence de hauteur entre la position de repos et celle de compression totale.<\/li>\n<\/ul>\n<p>La <strong>charge statique id\u00e9ale<\/strong> correspond approximativement \u00e0 <strong>50 % de la force finale du ressort<\/strong> ; dans cette condition, le syst\u00e8me offre des performances d\u2019amortissement optimales.<\/p>\n\t\t\t\t\t\t\t\t<\/div>\n\t\t\t\t<div class=\"elementor-element elementor-element-7771956 elementor-widget elementor-widget-text-editor\" data-id=\"7771956\" data-element_type=\"widget\" data-e-type=\"widget\" data-widget_type=\"text-editor.default\">\n\t\t\t\t\t\t\t\t\t<p><strong>Pour plus de d\u00e9tails techniques ou pour demander un conseil personnalis\u00e9:<\/strong><\/p>\n\t\t\t\t\t\t\t\t<\/div>\n\t\t\t\t<div class=\"elementor-element elementor-element-5571f26 elementor-position-inline-end elementor-mobile-position-inline-end elementor-view-default elementor-widget elementor-widget-icon-box\" data-id=\"5571f26\" data-element_type=\"widget\" data-e-type=\"widget\" data-widget_type=\"icon-box.default\">\n\t\t\t\t\t\t\t<div class=\"elementor-icon-box-wrapper\">\n\n\t\t\t\t\t\t<div class=\"elementor-icon-box-icon\">\n\t\t\t\t<a href=\"https:\/\/www.avo.it\/contatti\/\" title=\"Approfondisci\" class=\"elementor-icon\" tabindex=\"-1\" aria-label=\"Contactez-nous\">\n\t\t\t\t<svg xmlns=\"http:\/\/www.w3.org\/2000\/svg\" id=\"Livello_1\" data-name=\"Livello 1\" viewBox=\"0 0 36.78 36.78\"><defs><style>      .cls-1 {        fill: #b3e5fc;      }      .cls-2 {        fill: #21355a;      }    <\/style><\/defs><circle class=\"cls-1\" cx=\"18.39\" cy=\"18.39\" r=\"18.39\"><\/circle><path class=\"cls-2\" d=\"M13.65,26.72l7.81-7.81c.28-.28.28-.77,0-1.04l-7.81-7.81,1.04-1.04,7.81,7.81c.84.84.84,2.3,0,3.13l-7.81,7.81-1.04-1.04Z\"><\/path><\/svg>\t\t\t\t<\/a>\n\t\t\t<\/div>\n\t\t\t\n\t\t\t\t\t\t<div class=\"elementor-icon-box-content\">\n\n\t\t\t\t\t\t\t\t\t<h3 class=\"elementor-icon-box-title\">\n\t\t\t\t\t\t<a href=\"https:\/\/www.avo.it\/contatti\/\" title=\"Approfondisci\" >\n\t\t\t\t\t\t\tContactez-nous\t\t\t\t\t\t<\/a>\n\t\t\t\t\t<\/h3>\n\t\t\t\t\n\t\t\t\t\n\t\t\t<\/div>\n\t\t\t\n\t\t<\/div>\n\t\t\t\t\t\t<\/div>\n\t\t\t\t<\/div>\n\t\t\t\t<\/div>\n\t\t<div class=\"elementor-element elementor-element-a975338 e-con-full e-flex e-con e-child\" data-id=\"a975338\" data-element_type=\"container\" data-e-type=\"container\">\n\t\t\t\t<div class=\"elementor-element elementor-element-40e0388 elementor-widget elementor-widget-image\" data-id=\"40e0388\" data-element_type=\"widget\" data-e-type=\"widget\" data-widget_type=\"image.default\">\n\t\t\t\t\t\t\t\t\t\t\t\t\t\t\t\t<a href=\"https:\/\/www.avo.it\/wp-content\/uploads\/2025\/09\/PRIMA-IMMAGINE.jpg\" data-elementor-open-lightbox=\"yes\" data-e-action-hash=\"#elementor-action%3Aaction%3Dlightbox%26settings%3DeyJpZCI6MTUxNTkwLCJ1cmwiOiJodHRwczpcL1wvd3d3LmF2by5pdFwvd3AtY29udGVudFwvdXBsb2Fkc1wvMjAyNVwvMDlcL1BSSU1BLUlNTUFHSU5FLmpwZyJ9\">\n\t\t\t\t\t\t\t<img fetchpriority=\"high\" decoding=\"async\" width=\"2048\" height=\"2048\" src=\"https:\/\/www.avo.it\/wp-content\/uploads\/2025\/09\/PRIMA-IMMAGINE.jpg\" class=\"attachment-full size-full wp-image-151590\" alt=\"\" srcset=\"https:\/\/www.avo.it\/wp-content\/uploads\/2025\/09\/PRIMA-IMMAGINE.jpg 2048w, https:\/\/www.avo.it\/wp-content\/uploads\/2025\/09\/PRIMA-IMMAGINE-300x300.jpg 300w, https:\/\/www.avo.it\/wp-content\/uploads\/2025\/09\/PRIMA-IMMAGINE-1024x1024.jpg 1024w, https:\/\/www.avo.it\/wp-content\/uploads\/2025\/09\/PRIMA-IMMAGINE-150x150.jpg 150w, https:\/\/www.avo.it\/wp-content\/uploads\/2025\/09\/PRIMA-IMMAGINE-768x768.jpg 768w, https:\/\/www.avo.it\/wp-content\/uploads\/2025\/09\/PRIMA-IMMAGINE-1536x1536.jpg 1536w\" sizes=\"(max-width: 2048px) 100vw, 2048px\" \/>\t\t\t\t\t\t\t\t<\/a>\n\t\t\t\t\t\t\t\t\t\t\t\t\t\t\t<\/div>\n\t\t\t\t<div class=\"elementor-element elementor-element-c0d4180 elementor-arrows-position-outside elementor-widget-mobile__width-initial elementor-pagination-position-outside elementor-widget elementor-widget-image-carousel\" data-id=\"c0d4180\" data-element_type=\"widget\" data-e-type=\"widget\" data-settings=\"{&quot;slides_to_show&quot;:&quot;2&quot;,&quot;slides_to_show_mobile&quot;:&quot;1&quot;,&quot;navigation&quot;:&quot;both&quot;,&quot;autoplay&quot;:&quot;yes&quot;,&quot;autoplay_speed&quot;:5000,&quot;infinite&quot;:&quot;yes&quot;,&quot;speed&quot;:500,&quot;image_spacing_custom&quot;:{&quot;unit&quot;:&quot;px&quot;,&quot;size&quot;:20,&quot;sizes&quot;:[]},&quot;image_spacing_custom_tablet&quot;:{&quot;unit&quot;:&quot;px&quot;,&quot;size&quot;:&quot;&quot;,&quot;sizes&quot;:[]}}\" data-widget_type=\"image-carousel.default\">\n\t\t\t\t\t\t\t<div class=\"elementor-image-carousel-wrapper swiper\" role=\"region\" aria-roledescription=\"carousel\" aria-label=\"Carosello supporti molleggiati\" dir=\"ltr\">\n\t\t\t<div class=\"elementor-image-carousel swiper-wrapper\" aria-live=\"off\">\n\t\t\t\t\t\t\t\t<div class=\"swiper-slide\" role=\"group\" aria-roledescription=\"slide\" aria-label=\"1 sur 5\"><a data-elementor-open-lightbox=\"yes\" data-elementor-lightbox-slideshow=\"c0d4180\" data-e-action-hash=\"#elementor-action%3Aaction%3Dlightbox%26settings%3DeyJpZCI6MTUwODkxLCJ1cmwiOiJodHRwczpcL1wvd3d3LmF2by5pdFwvd3AtY29udGVudFwvdXBsb2Fkc1wvMjAyNVwvMDhcL0FWTy1zdXBwb3J0aS1tb2xsZWdnaWF0aTEtMS5qcGciLCJzbGlkZXNob3ciOiJjMGQ0MTgwIn0%3D\" href=\"https:\/\/www.avo.it\/wp-content\/uploads\/2025\/08\/AVO-supporti-molleggiati1-1.jpg\"><figure class=\"swiper-slide-inner\"><img decoding=\"async\" class=\"swiper-slide-image\" src=\"https:\/\/www.avo.it\/wp-content\/uploads\/2025\/08\/AVO-supporti-molleggiati1-1.jpg\" alt=\"AVO-supporti-molleggiati1-1\" \/><\/figure><\/a><\/div><div class=\"swiper-slide\" role=\"group\" aria-roledescription=\"slide\" aria-label=\"2 sur 5\"><a data-elementor-open-lightbox=\"yes\" data-elementor-lightbox-slideshow=\"c0d4180\" data-e-action-hash=\"#elementor-action%3Aaction%3Dlightbox%26settings%3DeyJpZCI6MTUwODk2LCJ1cmwiOiJodHRwczpcL1wvd3d3LmF2by5pdFwvd3AtY29udGVudFwvdXBsb2Fkc1wvMjAyNVwvMDhcL0FWTy1zdXBwb3J0aS1tb2xsZWdnaWF0aTEtMi5qcGciLCJzbGlkZXNob3ciOiJjMGQ0MTgwIn0%3D\" href=\"https:\/\/www.avo.it\/wp-content\/uploads\/2025\/08\/AVO-supporti-molleggiati1-2.jpg\"><figure class=\"swiper-slide-inner\"><img decoding=\"async\" class=\"swiper-slide-image\" src=\"https:\/\/www.avo.it\/wp-content\/uploads\/2025\/08\/AVO-supporti-molleggiati1-2.jpg\" alt=\"AVO-supporti-molleggiati1-2\" \/><\/figure><\/a><\/div><div class=\"swiper-slide\" role=\"group\" aria-roledescription=\"slide\" aria-label=\"3 sur 5\"><a data-elementor-open-lightbox=\"yes\" data-elementor-lightbox-slideshow=\"c0d4180\" data-e-action-hash=\"#elementor-action%3Aaction%3Dlightbox%26settings%3DeyJpZCI6MTUwOTAxLCJ1cmwiOiJodHRwczpcL1wvd3d3LmF2by5pdFwvd3AtY29udGVudFwvdXBsb2Fkc1wvMjAyNVwvMDhcL0FWTy1zdXBwb3J0aS1tb2xsZWdnaWF0aTEtMy5qcGciLCJzbGlkZXNob3ciOiJjMGQ0MTgwIn0%3D\" href=\"https:\/\/www.avo.it\/wp-content\/uploads\/2025\/08\/AVO-supporti-molleggiati1-3.jpg\"><figure class=\"swiper-slide-inner\"><img decoding=\"async\" class=\"swiper-slide-image\" src=\"https:\/\/www.avo.it\/wp-content\/uploads\/2025\/08\/AVO-supporti-molleggiati1-3.jpg\" alt=\"AVO-supporti-molleggiati1-3\" \/><\/figure><\/a><\/div><div class=\"swiper-slide\" role=\"group\" aria-roledescription=\"slide\" aria-label=\"4 sur 5\"><a data-elementor-open-lightbox=\"yes\" data-elementor-lightbox-slideshow=\"c0d4180\" data-e-action-hash=\"#elementor-action%3Aaction%3Dlightbox%26settings%3DeyJpZCI6MTUwOTA2LCJ1cmwiOiJodHRwczpcL1wvd3d3LmF2by5pdFwvd3AtY29udGVudFwvdXBsb2Fkc1wvMjAyNVwvMDhcL0FWTy1zdXBwb3J0aS1tb2xsZWdnaWF0aTEtNC5qcGciLCJzbGlkZXNob3ciOiJjMGQ0MTgwIn0%3D\" href=\"https:\/\/www.avo.it\/wp-content\/uploads\/2025\/08\/AVO-supporti-molleggiati1-4.jpg\"><figure class=\"swiper-slide-inner\"><img decoding=\"async\" class=\"swiper-slide-image\" src=\"https:\/\/www.avo.it\/wp-content\/uploads\/2025\/08\/AVO-supporti-molleggiati1-4.jpg\" alt=\"AVO-supporti-molleggiati1-4\" \/><\/figure><\/a><\/div><div class=\"swiper-slide\" role=\"group\" aria-roledescription=\"slide\" aria-label=\"5 sur 5\"><a data-elementor-open-lightbox=\"yes\" data-elementor-lightbox-slideshow=\"c0d4180\" data-e-action-hash=\"#elementor-action%3Aaction%3Dlightbox%26settings%3DeyJpZCI6MTUwOTExLCJ1cmwiOiJodHRwczpcL1wvd3d3LmF2by5pdFwvd3AtY29udGVudFwvdXBsb2Fkc1wvMjAyNVwvMDhcL0FWTy1zdXBwb3J0aS1tb2xsZWdnaWF0aTEtNS5qcGciLCJzbGlkZXNob3ciOiJjMGQ0MTgwIn0%3D\" href=\"https:\/\/www.avo.it\/wp-content\/uploads\/2025\/08\/AVO-supporti-molleggiati1-5.jpg\"><figure class=\"swiper-slide-inner\"><img decoding=\"async\" class=\"swiper-slide-image\" src=\"https:\/\/www.avo.it\/wp-content\/uploads\/2025\/08\/AVO-supporti-molleggiati1-5.jpg\" alt=\"AVO-supporti-molleggiati1-5\" \/><\/figure><\/a><\/div>\t\t\t<\/div>\n\t\t\t\t\t\t\t\t\t\t\t\t<div class=\"elementor-swiper-button elementor-swiper-button-prev\" role=\"button\" tabindex=\"0\">\n\t\t\t\t\t\t<svg aria-hidden=\"true\" class=\"e-font-icon-svg e-eicon-chevron-left\" viewBox=\"0 0 1000 1000\" xmlns=\"http:\/\/www.w3.org\/2000\/svg\"><path d=\"M646 125C629 125 613 133 604 142L308 442C296 454 292 471 292 487 292 504 296 521 308 533L604 854C617 867 629 875 646 875 663 875 679 871 692 858 704 846 713 829 713 812 713 796 708 779 692 767L438 487 692 225C700 217 708 204 708 187 708 171 704 154 692 142 675 129 663 125 646 125Z\"><\/path><\/svg>\t\t\t\t\t<\/div>\n\t\t\t\t\t<div class=\"elementor-swiper-button elementor-swiper-button-next\" role=\"button\" tabindex=\"0\">\n\t\t\t\t\t\t<svg aria-hidden=\"true\" class=\"e-font-icon-svg e-eicon-chevron-right\" viewBox=\"0 0 1000 1000\" xmlns=\"http:\/\/www.w3.org\/2000\/svg\"><path d=\"M696 533C708 521 713 504 713 487 713 471 708 454 696 446L400 146C388 133 375 125 354 125 338 125 325 129 313 142 300 154 292 171 292 187 292 204 296 221 308 233L563 492 304 771C292 783 288 800 288 817 288 833 296 850 308 863 321 871 338 875 354 875 371 875 388 867 400 854L696 533Z\"><\/path><\/svg>\t\t\t\t\t<\/div>\n\t\t\t\t\n\t\t\t\t\t\t\t\t\t<div class=\"swiper-pagination\"><\/div>\n\t\t\t\t\t\t\t\t\t<\/div>\n\t\t\t\t\t\t<\/div>\n\t\t<div class=\"elementor-element elementor-element-81e13d1 e-con-full e-flex e-con e-child\" data-id=\"81e13d1\" data-element_type=\"container\" data-e-type=\"container\" data-settings=\"{&quot;background_background&quot;:&quot;classic&quot;}\">\n\t\t\t\t<div class=\"elementor-element elementor-element-d1a556e elementor-widget elementor-widget-heading\" data-id=\"d1a556e\" data-element_type=\"widget\" data-e-type=\"widget\" data-widget_type=\"heading.default\">\n\t\t\t\t\t<h2 class=\"elementor-heading-title elementor-size-default\">Supports \u00e0 ressort AVO<\/h2>\t\t\t\t<\/div>\n\t\t\t\t<\/div>\n\t\t\t\t<\/div>\n\t\t\t\t<\/div>\n\t\t\t\t<\/div>\n\t\t<div class=\"elementor-element elementor-element-438ee2b e-flex e-con-boxed e-con e-parent\" data-id=\"438ee2b\" data-element_type=\"container\" data-e-type=\"container\">\n\t\t\t\t\t<div class=\"e-con-inner\">\n\t\t\t\t\t<\/div>\n\t\t\t\t<\/div>\n\t\t\t\t<\/div>\n\t\t","protected":false},"excerpt":{"rendered":"<p>Supports amortis Supports amortis AVO : protection, long\u00e9vit\u00e9 et confort de roulage. Les supports amortis AVO sont con\u00e7us pour absorber efficacement les chocs et les vibrations, contribuant ainsi \u00e0 prolonger la dur\u00e9e de vie des composants et \u00e0 prot\u00e9ger les produits d\u00e9licats ou de grande valeur. Gr\u00e2ce \u00e0 leur capacit\u00e9 \u00e0 r\u00e9partir uniform\u00e9ment la charge, [&hellip;]<\/p>\n","protected":false},"author":2,"featured_media":0,"parent":153344,"menu_order":0,"comment_status":"closed","ping_status":"closed","template":"","meta":{"_acf_changed":false,"footnotes":""},"class_list":["post-153350","page","type-page","status-publish","hentry"],"acf":[],"_links":{"self":[{"href":"https:\/\/www.avo.it\/fr\/wp-json\/wp\/v2\/pages\/153350","targetHints":{"allow":["GET"]}}],"collection":[{"href":"https:\/\/www.avo.it\/fr\/wp-json\/wp\/v2\/pages"}],"about":[{"href":"https:\/\/www.avo.it\/fr\/wp-json\/wp\/v2\/types\/page"}],"author":[{"embeddable":true,"href":"https:\/\/www.avo.it\/fr\/wp-json\/wp\/v2\/users\/2"}],"replies":[{"embeddable":true,"href":"https:\/\/www.avo.it\/fr\/wp-json\/wp\/v2\/comments?post=153350"}],"version-history":[{"count":4,"href":"https:\/\/www.avo.it\/fr\/wp-json\/wp\/v2\/pages\/153350\/revisions"}],"predecessor-version":[{"id":153460,"href":"https:\/\/www.avo.it\/fr\/wp-json\/wp\/v2\/pages\/153350\/revisions\/153460"}],"up":[{"embeddable":true,"href":"https:\/\/www.avo.it\/fr\/wp-json\/wp\/v2\/pages\/153344"}],"wp:attachment":[{"href":"https:\/\/www.avo.it\/fr\/wp-json\/wp\/v2\/media?parent=153350"}],"curies":[{"name":"wp","href":"https:\/\/api.w.org\/{rel}","templated":true}]}}