{"id":153356,"date":"2025-08-11T07:51:46","date_gmt":"2025-08-11T07:51:46","guid":{"rendered":"https:\/\/avo.it\/projets-speciaux\/vulkollan\/"},"modified":"2025-10-31T10:56:20","modified_gmt":"2025-10-31T10:56:20","slug":"vulkollan","status":"publish","type":"page","link":"https:\/\/www.avo.it\/fr\/projets-speciaux\/vulkollan\/","title":{"rendered":"Vulkollan"},"content":{"rendered":"\t\t<div data-elementor-type=\"wp-page\" data-elementor-id=\"153356\" class=\"elementor elementor-153356 elementor-149992\" data-elementor-post-type=\"page\">\n\t\t\t\t<div class=\"elementor-element elementor-element-4e47212 e-con-full e-flex e-con e-parent\" data-id=\"4e47212\" data-element_type=\"container\" data-e-type=\"container\" data-settings=\"{&quot;background_background&quot;:&quot;classic&quot;}\">\n\t\t<div class=\"elementor-element elementor-element-1cc2e3a e-con-full e-flex e-con e-child\" data-id=\"1cc2e3a\" data-element_type=\"container\" data-e-type=\"container\" data-settings=\"{&quot;background_background&quot;:&quot;classic&quot;}\">\n\t\t<div class=\"elementor-element elementor-element-6ce81c7 e-con-full e-flex e-con e-child\" data-id=\"6ce81c7\" data-element_type=\"container\" data-e-type=\"container\" data-settings=\"{&quot;background_background&quot;:&quot;classic&quot;}\">\n\t\t\t\t<div class=\"elementor-element elementor-element-f0c50af elementor-widget elementor-widget-heading\" data-id=\"f0c50af\" data-element_type=\"widget\" data-e-type=\"widget\" data-widget_type=\"heading.default\">\n\t\t\t\t\t<h1 class=\"elementor-heading-title elementor-size-default\">Roues en <span style=\"color: #B3E5FC\">Vulkollan\u00ae<\/span><\/h1>\t\t\t\t<\/div>\n\t\t\t\t<\/div>\n\t\t\t\t<\/div>\n\t\t\t\t<\/div>\n\t\t<div class=\"elementor-element elementor-element-5edc49f e-con-full e-flex e-con e-parent\" data-id=\"5edc49f\" data-element_type=\"container\" data-e-type=\"container\">\n\t\t\t\t<div class=\"elementor-element elementor-element-d333f13 elementor-widget elementor-widget-heading\" data-id=\"d333f13\" data-element_type=\"widget\" data-e-type=\"widget\" data-widget_type=\"heading.default\">\n\t\t\t\t\t<h2 class=\"elementor-heading-title elementor-size-default\">Roues en Vulkollan\u00ae : performances maximales pour les applications industrielles extr\u00eames<\/h2>\t\t\t\t<\/div>\n\t\t\t\t<div class=\"elementor-element elementor-element-d77a42b elementor-widget elementor-widget-text-editor\" data-id=\"d77a42b\" data-element_type=\"widget\" data-e-type=\"widget\" data-widget_type=\"text-editor.default\">\n\t\t\t\t\t\t\t\t\t<p>Les roues en Vulkollan\u00ae repr\u00e9sentent la solution id\u00e9ale pour les applications industrielles intensives o\u00f9 sont requises une capacit\u00e9 de charge \u00e9lev\u00e9e, une grande r\u00e9sistance \u00e0 l\u2019usure et des performances dynamiques sup\u00e9rieures. R\u00e9alis\u00e9es en \u00e9lastom\u00e8re de polyur\u00e9thane \u00e0 base de Desmodur\u00ae, ces roues allient de mani\u00e8re optimale capacit\u00e9 de charge, \u00e9lasticit\u00e9 et r\u00e9sistance m\u00e9canique.<\/p>\n<p>Le Vulkollan\u00ae se distingue par son exceptionnelle r\u00e9sistance \u00e0 la coupure, \u00e0 la d\u00e9chirure et \u00e0 la fatigue dynamique, ce qui le rend adapt\u00e9 aux utilisations continues, aux cycles de travail intensifs et aux conditions d\u2019exploitation s\u00e9v\u00e8res, m\u00eame en pr\u00e9sence d\u2019huiles, de graisses et d\u2019agents chimiques.<\/p>\n\t\t\t\t\t\t\t\t<\/div>\n\t\t\t\t<\/div>\n\t\t<div class=\"elementor-element elementor-element-3ef2e97 e-con-full e-flex e-con e-parent\" data-id=\"3ef2e97\" data-element_type=\"container\" data-e-type=\"container\">\n\t\t<div class=\"elementor-element elementor-element-af431f8 e-con-full e-flex e-con e-child\" data-id=\"af431f8\" data-element_type=\"container\" data-e-type=\"container\">\n\t\t<div class=\"elementor-element elementor-element-14f8026 e-con-full e-flex e-con e-child\" data-id=\"14f8026\" data-element_type=\"container\" data-e-type=\"container\">\n\t\t\t\t<div class=\"elementor-element elementor-element-2c9de40 elementor-widget elementor-widget-heading\" data-id=\"2c9de40\" data-element_type=\"widget\" data-e-type=\"widget\" data-widget_type=\"heading.default\">\n\t\t\t\t\t<h2 class=\"elementor-heading-title elementor-size-default\">Principaux avantages des roues en Vulkollan\u00ae :<\/h2>\t\t\t\t<\/div>\n\t\t\t\t<div class=\"elementor-element elementor-element-352ba81 elementor-widget elementor-widget-text-editor\" data-id=\"352ba81\" data-element_type=\"widget\" data-e-type=\"widget\" data-widget_type=\"text-editor.default\">\n\t\t\t\t\t\t\t\t\t<ul>\n<li>Haute capacit\u00e9 de charge dynamique avec d\u00e9formation minimale<\/li>\n<li>Adh\u00e9rence et traction maximales, m\u00eame sur surfaces lisses ou inclin\u00e9es<\/li>\n<li>Faible r\u00e9sistance au roulement pour une meilleure efficacit\u00e9 \u00e9nerg\u00e9tique<\/li>\n<li>Excellente r\u00e9sistance \u00e0 l\u2019usure et longue dur\u00e9e de vie, m\u00eame en conditions difficiles<\/li>\n<li>\u00c9lasticit\u00e9 sup\u00e9rieure, garantissant une bonne absorption des vibrations et un fonctionnement silencieux<\/li>\n<\/ul>\n\t\t\t\t\t\t\t\t<\/div>\n\t\t\t\t<div class=\"elementor-element elementor-element-3fbb79a elementor-widget elementor-widget-text-editor\" data-id=\"3fbb79a\" data-element_type=\"widget\" data-e-type=\"widget\" data-widget_type=\"text-editor.default\">\n\t\t\t\t\t\t\t\t\t<p>Disponibles en diff\u00e9rentes configurations de supports (fixe, pivotant, avec frein) et en plusieurs diam\u00e8tres de roue, les solutions en Vulkollan\u00ae r\u00e9pondent de mani\u00e8re fiable aux exigences de manutention dans les secteurs de l\u2019automobile, de la logistique, de la machine-outil, de la robotique et de l\u2019automatisation industrielle.<\/p>\n<p>Elles sont largement utilis\u00e9es dans les syst\u00e8mes de manutention automatis\u00e9s tels que les <strong>AGV et AMR<\/strong>, o\u00f9 la stabilit\u00e9 dimensionnelle, la faible r\u00e9sistance au roulement et l\u2019adh\u00e9rence contr\u00f4l\u00e9e assurent des d\u00e9placements fluides et s\u00fbrs, m\u00eame \u00e0 grande vitesse. Elles sont \u00e9galement employ\u00e9es dans les chariots \u00e9l\u00e9vateurs, les transstockeurs et les syst\u00e8mes de stockage automatis\u00e9s, o\u00f9 la combinaison entre r\u00e9sistance m\u00e9canique et amortissement des vibrations permet un fonctionnement silencieux et sans usure pr\u00e9matur\u00e9e.<\/p>\n<p>Le Vulkollan\u00ae est choisi pour les machines industrielles, les installations de production, les lignes d\u2019assemblage et les robots de pr\u00e9cision, n\u00e9cessitant un mat\u00e9riau capable de maintenir ses performances sous sollicitations continues, charges dynamiques et temp\u00e9ratures variables. Sa capacit\u00e9 \u00e0 associer \u00e9lasticit\u00e9 et robustesse en fait une solution de r\u00e9f\u00e9rence pour tous les secteurs exigeant des mouvements continus, de la pr\u00e9cision, de la fiabilit\u00e9 et une longue dur\u00e9e de fonctionnement.<\/p>\n<p><strong>Faites confiance aux solutions en Vulkollan\u00ae pour garantir continuit\u00e9 op\u00e9rationnelle, s\u00e9curit\u00e9 et performances maximales dans le temps.<\/strong><\/p>\n\t\t\t\t\t\t\t\t<\/div>\n\t\t\t\t<\/div>\n\t\t<div class=\"elementor-element elementor-element-7f4ba8d e-con-full e-flex e-con e-child\" data-id=\"7f4ba8d\" data-element_type=\"container\" data-e-type=\"container\">\n\t\t\t\t<div class=\"elementor-element elementor-element-bcb37e5 elementor-widget elementor-widget-image\" data-id=\"bcb37e5\" data-element_type=\"widget\" data-e-type=\"widget\" data-widget_type=\"image.default\">\n\t\t\t\t\t\t\t\t\t\t\t\t\t\t\t\t<a href=\"https:\/\/www.avo.it\/wp-content\/uploads\/2025\/10\/PIASTRELLA-VULKOLLAN-3-1.jpg\" data-elementor-open-lightbox=\"yes\" data-e-action-hash=\"#elementor-action%3Aaction%3Dlightbox%26settings%3DeyJpZCI6MTUyNjg0LCJ1cmwiOiJodHRwczpcL1wvd3d3LmF2by5pdFwvd3AtY29udGVudFwvdXBsb2Fkc1wvMjAyNVwvMTBcL1BJQVNUUkVMTEEtVlVMS09MTEFOLTMtMS5qcGcifQ%3D%3D\">\n\t\t\t\t\t\t\t<img fetchpriority=\"high\" decoding=\"async\" width=\"2505\" height=\"1300\" src=\"https:\/\/www.avo.it\/wp-content\/uploads\/2025\/10\/PIASTRELLA-VULKOLLAN-3-1.jpg\" class=\"attachment-full size-full wp-image-152684\" alt=\"\" srcset=\"https:\/\/www.avo.it\/wp-content\/uploads\/2025\/10\/PIASTRELLA-VULKOLLAN-3-1.jpg 2505w, https:\/\/www.avo.it\/wp-content\/uploads\/2025\/10\/PIASTRELLA-VULKOLLAN-3-1-300x156.jpg 300w, https:\/\/www.avo.it\/wp-content\/uploads\/2025\/10\/PIASTRELLA-VULKOLLAN-3-1-1024x531.jpg 1024w, https:\/\/www.avo.it\/wp-content\/uploads\/2025\/10\/PIASTRELLA-VULKOLLAN-3-1-768x399.jpg 768w, https:\/\/www.avo.it\/wp-content\/uploads\/2025\/10\/PIASTRELLA-VULKOLLAN-3-1-1536x797.jpg 1536w, https:\/\/www.avo.it\/wp-content\/uploads\/2025\/10\/PIASTRELLA-VULKOLLAN-3-1-2048x1063.jpg 2048w\" sizes=\"(max-width: 2505px) 100vw, 2505px\" \/>\t\t\t\t\t\t\t\t<\/a>\n\t\t\t\t\t\t\t\t\t\t\t\t\t\t\t<\/div>\n\t\t\t\t<div class=\"elementor-element elementor-element-20ef4b9 elementor-arrows-position-outside elementor-widget-mobile__width-initial elementor-pagination-position-outside elementor-widget elementor-widget-image-carousel\" data-id=\"20ef4b9\" data-element_type=\"widget\" data-e-type=\"widget\" data-settings=\"{&quot;slides_to_show&quot;:&quot;2&quot;,&quot;speed&quot;:624,&quot;slides_to_show_mobile&quot;:&quot;1&quot;,&quot;navigation&quot;:&quot;both&quot;,&quot;autoplay&quot;:&quot;yes&quot;,&quot;autoplay_speed&quot;:5000,&quot;infinite&quot;:&quot;yes&quot;,&quot;image_spacing_custom&quot;:{&quot;unit&quot;:&quot;px&quot;,&quot;size&quot;:20,&quot;sizes&quot;:[]},&quot;image_spacing_custom_tablet&quot;:{&quot;unit&quot;:&quot;px&quot;,&quot;size&quot;:&quot;&quot;,&quot;sizes&quot;:[]}}\" data-widget_type=\"image-carousel.default\">\n\t\t\t\t\t\t\t<div class=\"elementor-image-carousel-wrapper swiper\" role=\"region\" aria-roledescription=\"carousel\" aria-label=\"Carosello Volkollan\" dir=\"ltr\">\n\t\t\t<div class=\"elementor-image-carousel swiper-wrapper swiper-image-stretch\" aria-live=\"off\">\n\t\t\t\t\t\t\t\t<div class=\"swiper-slide\" role=\"group\" aria-roledescription=\"slide\" aria-label=\"1 sur 6\"><a data-elementor-open-lightbox=\"yes\" data-elementor-lightbox-slideshow=\"20ef4b9\" data-e-action-hash=\"#elementor-action%3Aaction%3Dlightbox%26settings%3DeyJpZCI6MTQ5OTk5LCJ1cmwiOiJodHRwczpcL1wvd3d3LmF2by5pdFwvd3AtY29udGVudFwvdXBsb2Fkc1wvMjAyNVwvMDhcL0FWTy12dWxrb2xsYW4tMThBLU5SLTEuanBnIiwic2xpZGVzaG93IjoiMjBlZjRiOSJ9\" href=\"https:\/\/www.avo.it\/wp-content\/uploads\/2025\/08\/AVO-vulkollan-18A-NR-1.jpg\"><figure class=\"swiper-slide-inner\"><img decoding=\"async\" class=\"swiper-slide-image\" src=\"https:\/\/www.avo.it\/wp-content\/uploads\/2025\/08\/AVO-vulkollan-18A-NR-1.jpg\" alt=\"AVO-vulkollan 18A NR-1\" \/><\/figure><\/a><\/div><div class=\"swiper-slide\" role=\"group\" aria-roledescription=\"slide\" aria-label=\"2 sur 6\"><a data-elementor-open-lightbox=\"yes\" data-elementor-lightbox-slideshow=\"20ef4b9\" data-e-action-hash=\"#elementor-action%3Aaction%3Dlightbox%26settings%3DeyJpZCI6MTUwMDA0LCJ1cmwiOiJodHRwczpcL1wvd3d3LmF2by5pdFwvd3AtY29udGVudFwvdXBsb2Fkc1wvMjAyNVwvMDhcL0FWTy12dWxrb2xsYW4tMThBLU5SLTUuanBnLmpwZyIsInNsaWRlc2hvdyI6IjIwZWY0YjkifQ%3D%3D\" href=\"https:\/\/www.avo.it\/wp-content\/uploads\/2025\/08\/AVO-vulkollan-18A-NR-5.jpg.jpg\"><figure class=\"swiper-slide-inner\"><img decoding=\"async\" class=\"swiper-slide-image\" src=\"https:\/\/www.avo.it\/wp-content\/uploads\/2025\/08\/AVO-vulkollan-18A-NR-5.jpg.jpg\" alt=\"AVO-vulkollan 18A NR-5.jpg\" \/><\/figure><\/a><\/div><div class=\"swiper-slide\" role=\"group\" aria-roledescription=\"slide\" aria-label=\"3 sur 6\"><a data-elementor-open-lightbox=\"yes\" data-elementor-lightbox-slideshow=\"20ef4b9\" data-e-action-hash=\"#elementor-action%3Aaction%3Dlightbox%26settings%3DeyJpZCI6MTUyNzMyLCJ1cmwiOiJodHRwczpcL1wvd3d3LmF2by5pdFwvd3AtY29udGVudFwvdXBsb2Fkc1wvMjAyNVwvMTBcL1JVT1RBLVZVTEtPTExBTi0xLmpwZyIsInNsaWRlc2hvdyI6IjIwZWY0YjkifQ%3D%3D\" href=\"https:\/\/www.avo.it\/wp-content\/uploads\/2025\/10\/RUOTA-VULKOLLAN-1.jpg\"><figure class=\"swiper-slide-inner\"><img decoding=\"async\" class=\"swiper-slide-image\" src=\"https:\/\/www.avo.it\/wp-content\/uploads\/2025\/10\/RUOTA-VULKOLLAN-1.jpg\" alt=\"RUOTA VULKOLLAN-1\" \/><\/figure><\/a><\/div><div class=\"swiper-slide\" role=\"group\" aria-roledescription=\"slide\" aria-label=\"4 sur 6\"><a data-elementor-open-lightbox=\"yes\" data-elementor-lightbox-slideshow=\"20ef4b9\" data-e-action-hash=\"#elementor-action%3Aaction%3Dlightbox%26settings%3DeyJpZCI6MTUyNzM3LCJ1cmwiOiJodHRwczpcL1wvd3d3LmF2by5pdFwvd3AtY29udGVudFwvdXBsb2Fkc1wvMjAyNVwvMTBcL1JVT1RBLVZVTEtPTExBTi01LmpwZyIsInNsaWRlc2hvdyI6IjIwZWY0YjkifQ%3D%3D\" href=\"https:\/\/www.avo.it\/wp-content\/uploads\/2025\/10\/RUOTA-VULKOLLAN-5.jpg\"><figure class=\"swiper-slide-inner\"><img decoding=\"async\" class=\"swiper-slide-image\" src=\"https:\/\/www.avo.it\/wp-content\/uploads\/2025\/10\/RUOTA-VULKOLLAN-5.jpg\" alt=\"RUOTA VULKOLLAN-5\" \/><\/figure><\/a><\/div><div class=\"swiper-slide\" role=\"group\" aria-roledescription=\"slide\" aria-label=\"5 sur 6\"><a data-elementor-open-lightbox=\"yes\" data-elementor-lightbox-slideshow=\"20ef4b9\" data-e-action-hash=\"#elementor-action%3Aaction%3Dlightbox%26settings%3DeyJpZCI6MTUyNzQyLCJ1cmwiOiJodHRwczpcL1wvd3d3LmF2by5pdFwvd3AtY29udGVudFwvdXBsb2Fkc1wvMjAyNVwvMTBcLzExQ0gtMS5qcGciLCJzbGlkZXNob3ciOiIyMGVmNGI5In0%3D\" href=\"https:\/\/www.avo.it\/wp-content\/uploads\/2025\/10\/11CH-1.jpg\"><figure class=\"swiper-slide-inner\"><img decoding=\"async\" class=\"swiper-slide-image\" src=\"https:\/\/www.avo.it\/wp-content\/uploads\/2025\/10\/11CH-1.jpg\" alt=\"11CH-1\" \/><\/figure><\/a><\/div><div class=\"swiper-slide\" role=\"group\" aria-roledescription=\"slide\" aria-label=\"6 sur 6\"><a data-elementor-open-lightbox=\"yes\" data-elementor-lightbox-slideshow=\"20ef4b9\" data-e-action-hash=\"#elementor-action%3Aaction%3Dlightbox%26settings%3DeyJpZCI6MTUyNzQ3LCJ1cmwiOiJodHRwczpcL1wvd3d3LmF2by5pdFwvd3AtY29udGVudFwvdXBsb2Fkc1wvMjAyNVwvMTBcLzExQ0gtNS5qcGciLCJzbGlkZXNob3ciOiIyMGVmNGI5In0%3D\" href=\"https:\/\/www.avo.it\/wp-content\/uploads\/2025\/10\/11CH-5.jpg\"><figure class=\"swiper-slide-inner\"><img decoding=\"async\" class=\"swiper-slide-image\" src=\"https:\/\/www.avo.it\/wp-content\/uploads\/2025\/10\/11CH-5.jpg\" alt=\"11CH-5\" \/><\/figure><\/a><\/div>\t\t\t<\/div>\n\t\t\t\t\t\t\t\t\t\t\t\t<div class=\"elementor-swiper-button elementor-swiper-button-prev\" role=\"button\" tabindex=\"0\">\n\t\t\t\t\t\t<svg aria-hidden=\"true\" class=\"e-font-icon-svg e-eicon-chevron-left\" viewBox=\"0 0 1000 1000\" xmlns=\"http:\/\/www.w3.org\/2000\/svg\"><path d=\"M646 125C629 125 613 133 604 142L308 442C296 454 292 471 292 487 292 504 296 521 308 533L604 854C617 867 629 875 646 875 663 875 679 871 692 858 704 846 713 829 713 812 713 796 708 779 692 767L438 487 692 225C700 217 708 204 708 187 708 171 704 154 692 142 675 129 663 125 646 125Z\"><\/path><\/svg>\t\t\t\t\t<\/div>\n\t\t\t\t\t<div class=\"elementor-swiper-button elementor-swiper-button-next\" role=\"button\" tabindex=\"0\">\n\t\t\t\t\t\t<svg aria-hidden=\"true\" class=\"e-font-icon-svg e-eicon-chevron-right\" viewBox=\"0 0 1000 1000\" xmlns=\"http:\/\/www.w3.org\/2000\/svg\"><path d=\"M696 533C708 521 713 504 713 487 713 471 708 454 696 446L400 146C388 133 375 125 354 125 338 125 325 129 313 142 300 154 292 171 292 187 292 204 296 221 308 233L563 492 304 771C292 783 288 800 288 817 288 833 296 850 308 863 321 871 338 875 354 875 371 875 388 867 400 854L696 533Z\"><\/path><\/svg>\t\t\t\t\t<\/div>\n\t\t\t\t\n\t\t\t\t\t\t\t\t\t<div class=\"swiper-pagination\"><\/div>\n\t\t\t\t\t\t\t\t\t<\/div>\n\t\t\t\t\t\t<\/div>\n\t\t<div class=\"elementor-element elementor-element-4633aa3 e-con-full e-flex e-con e-child\" data-id=\"4633aa3\" data-element_type=\"container\" data-e-type=\"container\" data-settings=\"{&quot;background_background&quot;:&quot;classic&quot;}\">\n\t\t\t\t<div class=\"elementor-element elementor-element-d69ac36 elementor-widget elementor-widget-heading\" data-id=\"d69ac36\" data-element_type=\"widget\" data-e-type=\"widget\" data-widget_type=\"heading.default\">\n\t\t\t\t\t<h2 class=\"elementor-heading-title elementor-size-default\">Roues en Vulkollan\u00ae<\/h2>\t\t\t\t<\/div>\n\t\t\t\t<\/div>\n\t\t\t\t<\/div>\n\t\t\t\t<\/div>\n\t\t\t\t<\/div>\n\t\t<div class=\"elementor-element elementor-element-6bef0d1 e-con-full e-flex e-con e-parent\" data-id=\"6bef0d1\" data-element_type=\"container\" data-e-type=\"container\">\n\t\t<div class=\"elementor-element elementor-element-1e16a76 e-con-full e-flex e-con e-child\" data-id=\"1e16a76\" data-element_type=\"container\" data-e-type=\"container\">\n\t\t<div class=\"elementor-element elementor-element-f799210 e-con-full e-flex e-con e-child\" data-id=\"f799210\" data-element_type=\"container\" data-e-type=\"container\">\n\t\t\t\t<div class=\"elementor-element elementor-element-7da783c elementor-widget elementor-widget-text-editor\" data-id=\"7da783c\" data-element_type=\"widget\" data-e-type=\"widget\" data-widget_type=\"text-editor.default\">\n\t\t\t\t\t\t\t\t\t<p><strong>Pour plus de d\u00e9tails techniques, contactez-nous:<\/strong><\/p>\n\t\t\t\t\t\t\t\t<\/div>\n\t\t\t\t<div class=\"elementor-element elementor-element-01e1c6a elementor-position-inline-end elementor-mobile-position-inline-end elementor-view-default elementor-widget elementor-widget-icon-box\" data-id=\"01e1c6a\" data-element_type=\"widget\" data-e-type=\"widget\" data-widget_type=\"icon-box.default\">\n\t\t\t\t\t\t\t<div class=\"elementor-icon-box-wrapper\">\n\n\t\t\t\t\t\t<div class=\"elementor-icon-box-icon\">\n\t\t\t\t<a href=\"https:\/\/www.avo.it\/contatti\/\" title=\"Approfondisci\" class=\"elementor-icon\" tabindex=\"-1\" aria-label=\"contactez-nous\">\n\t\t\t\t<svg xmlns=\"http:\/\/www.w3.org\/2000\/svg\" id=\"Livello_1\" data-name=\"Livello 1\" viewBox=\"0 0 36.78 36.78\"><defs><style>      .cls-1 {        fill: #b3e5fc;      }      .cls-2 {        fill: #21355a;      }    <\/style><\/defs><circle class=\"cls-1\" cx=\"18.39\" cy=\"18.39\" r=\"18.39\"><\/circle><path class=\"cls-2\" d=\"M13.65,26.72l7.81-7.81c.28-.28.28-.77,0-1.04l-7.81-7.81,1.04-1.04,7.81,7.81c.84.84.84,2.3,0,3.13l-7.81,7.81-1.04-1.04Z\"><\/path><\/svg>\t\t\t\t<\/a>\n\t\t\t<\/div>\n\t\t\t\n\t\t\t\t\t\t<div class=\"elementor-icon-box-content\">\n\n\t\t\t\t\t\t\t\t\t<h3 class=\"elementor-icon-box-title\">\n\t\t\t\t\t\t<a href=\"https:\/\/www.avo.it\/contatti\/\" title=\"Approfondisci\" >\n\t\t\t\t\t\t\tcontactez-nous\t\t\t\t\t\t<\/a>\n\t\t\t\t\t<\/h3>\n\t\t\t\t\n\t\t\t\t\n\t\t\t<\/div>\n\t\t\t\n\t\t<\/div>\n\t\t\t\t\t\t<\/div>\n\t\t\t\t<\/div>\n\t\t\t\t<\/div>\n\t\t\t\t<\/div>\n\t\t\t\t<\/div>\n\t\t","protected":false},"excerpt":{"rendered":"<p>Roues en Vulkollan\u00ae Roues en Vulkollan\u00ae : performances maximales pour les applications industrielles extr\u00eames Les roues en Vulkollan\u00ae repr\u00e9sentent la solution id\u00e9ale pour les applications industrielles intensives o\u00f9 sont requises une capacit\u00e9 de charge \u00e9lev\u00e9e, une grande r\u00e9sistance \u00e0 l\u2019usure et des performances dynamiques sup\u00e9rieures. R\u00e9alis\u00e9es en \u00e9lastom\u00e8re de polyur\u00e9thane \u00e0 base de Desmodur\u00ae, ces [&hellip;]<\/p>\n","protected":false},"author":2,"featured_media":0,"parent":153344,"menu_order":0,"comment_status":"closed","ping_status":"closed","template":"","meta":{"_acf_changed":false,"footnotes":""},"class_list":["post-153356","page","type-page","status-publish","hentry"],"acf":[],"_links":{"self":[{"href":"https:\/\/www.avo.it\/fr\/wp-json\/wp\/v2\/pages\/153356","targetHints":{"allow":["GET"]}}],"collection":[{"href":"https:\/\/www.avo.it\/fr\/wp-json\/wp\/v2\/pages"}],"about":[{"href":"https:\/\/www.avo.it\/fr\/wp-json\/wp\/v2\/types\/page"}],"author":[{"embeddable":true,"href":"https:\/\/www.avo.it\/fr\/wp-json\/wp\/v2\/users\/2"}],"replies":[{"embeddable":true,"href":"https:\/\/www.avo.it\/fr\/wp-json\/wp\/v2\/comments?post=153356"}],"version-history":[{"count":5,"href":"https:\/\/www.avo.it\/fr\/wp-json\/wp\/v2\/pages\/153356\/revisions"}],"predecessor-version":[{"id":153520,"href":"https:\/\/www.avo.it\/fr\/wp-json\/wp\/v2\/pages\/153356\/revisions\/153520"}],"up":[{"embeddable":true,"href":"https:\/\/www.avo.it\/fr\/wp-json\/wp\/v2\/pages\/153344"}],"wp:attachment":[{"href":"https:\/\/www.avo.it\/fr\/wp-json\/wp\/v2\/media?parent=153356"}],"curies":[{"name":"wp","href":"https:\/\/api.w.org\/{rel}","templated":true}]}}