{"id":153362,"date":"2025-08-11T07:35:50","date_gmt":"2025-08-11T07:35:50","guid":{"rendered":"https:\/\/avo.it\/projets-speciaux\/solutions-trepied\/"},"modified":"2025-10-31T10:55:43","modified_gmt":"2025-10-31T10:55:43","slug":"solutions-trepied","status":"publish","type":"page","link":"https:\/\/www.avo.it\/fr\/projets-speciaux\/solutions-trepied\/","title":{"rendered":"Solutions tr\u00e9pied"},"content":{"rendered":"\t\t<div data-elementor-type=\"wp-page\" data-elementor-id=\"153362\" class=\"elementor elementor-153362 elementor-149978\" data-elementor-post-type=\"page\">\n\t\t\t\t<div class=\"elementor-element elementor-element-3bfdd92 e-con-full e-flex e-con e-parent\" data-id=\"3bfdd92\" data-element_type=\"container\" data-e-type=\"container\" data-settings=\"{&quot;background_background&quot;:&quot;classic&quot;}\">\n\t\t<div class=\"elementor-element elementor-element-2ef1d14 e-con-full e-flex e-con e-child\" data-id=\"2ef1d14\" data-element_type=\"container\" data-e-type=\"container\" data-settings=\"{&quot;background_background&quot;:&quot;classic&quot;}\">\n\t\t<div class=\"elementor-element elementor-element-223f166 e-con-full e-flex e-con e-child\" data-id=\"223f166\" data-element_type=\"container\" data-e-type=\"container\" data-settings=\"{&quot;background_background&quot;:&quot;classic&quot;}\">\n\t\t\t\t<div class=\"elementor-element elementor-element-d27ee57 elementor-widget elementor-widget-heading\" data-id=\"d27ee57\" data-element_type=\"widget\" data-e-type=\"widget\" data-widget_type=\"heading.default\">\n\t\t\t\t\t<h1 class=\"elementor-heading-title elementor-size-default\">Solutions <span style=\"color: #B3E5FC\">tr\u00e9pied<\/span><\/h1>\t\t\t\t<\/div>\n\t\t\t\t<\/div>\n\t\t\t\t<\/div>\n\t\t\t\t<\/div>\n\t\t<div class=\"elementor-element elementor-element-f496d88 e-con-full e-flex e-con e-parent\" data-id=\"f496d88\" data-element_type=\"container\" data-e-type=\"container\">\n\t\t\t\t<div class=\"elementor-element elementor-element-1a448e9 elementor-widget elementor-widget-heading\" data-id=\"1a448e9\" data-element_type=\"widget\" data-e-type=\"widget\" data-widget_type=\"heading.default\">\n\t\t\t\t\t<h2 class=\"elementor-heading-title elementor-size-default\">Tr\u00e9pied avec roues en polyur\u00e9thane AVO : stabilit\u00e9, maniabilit\u00e9 et protection des surfaces<\/h2>\t\t\t\t<\/div>\n\t\t\t\t<div class=\"elementor-element elementor-element-a77ee49 elementor-widget elementor-widget-text-editor\" data-id=\"a77ee49\" data-element_type=\"widget\" data-e-type=\"widget\" data-widget_type=\"text-editor.default\">\n\t\t\t\t\t\t\t\t\t<p>Le tr\u00e9pied AVO avec roues en polyur\u00e9thane est une solution robuste et polyvalente, con\u00e7ue pour garantir une stabilit\u00e9 maximale m\u00eame en pr\u00e9sence de charges lourdes ou irr\u00e9guli\u00e8res.<\/p>\n<p>Sa structure \u00e0 trois points d\u2019appui assure un contact homog\u00e8ne avec le sol, facilitant le d\u00e9placement m\u00eame sur des surfaces non parfaitement planes.<\/p>\n<p>Les roues en polyur\u00e9thane haute r\u00e9sistance assurent une manutention fluide, silencieuse et s\u00fbre, gr\u00e2ce \u00e0 leur grande capacit\u00e9 d\u2019absorption des chocs et des vibrations. Ce mat\u00e9riau, hautement \u00e9lastique et r\u00e9sistant \u00e0 l\u2019usure, prot\u00e8ge les surfaces d\u00e9licates contre les rayures et les dommages, ce qui le rend id\u00e9al pour les environnements industriels ou logistiques o\u00f9 l\u2019int\u00e9grit\u00e9 du sol est essentielle.<\/p>\n\t\t\t\t\t\t\t\t<\/div>\n\t\t\t\t<\/div>\n\t\t<div class=\"elementor-element elementor-element-53bebb0 e-con-full e-flex e-con e-parent\" data-id=\"53bebb0\" data-element_type=\"container\" data-e-type=\"container\">\n\t\t<div class=\"elementor-element elementor-element-d3f4fc4 e-con-full e-flex e-con e-child\" data-id=\"d3f4fc4\" data-element_type=\"container\" data-e-type=\"container\">\n\t\t<div class=\"elementor-element elementor-element-973cf62 e-con-full e-flex e-con e-child\" data-id=\"973cf62\" data-element_type=\"container\" data-e-type=\"container\">\n\t\t\t\t<div class=\"elementor-element elementor-element-5620922 elementor-widget elementor-widget-heading\" data-id=\"5620922\" data-element_type=\"widget\" data-e-type=\"widget\" data-widget_type=\"heading.default\">\n\t\t\t\t\t<h2 class=\"elementor-heading-title elementor-size-default\">Caract\u00e9ristiques principales:<\/h2>\t\t\t\t<\/div>\n\t\t\t\t<div class=\"elementor-element elementor-element-013a798 elementor-widget elementor-widget-text-editor\" data-id=\"013a798\" data-element_type=\"widget\" data-e-type=\"widget\" data-widget_type=\"text-editor.default\">\n\t\t\t\t\t\t\t\t\t<ul>\n<li>Structure stable et auto-nivelante gr\u00e2ce au design \u00e0 trois roues<\/li>\n<li>Polyur\u00e9thane haute performance, r\u00e9sistant aux huiles, graisses et agents chimiques<\/li>\n<li>Excellente maniabilit\u00e9, m\u00eame dans les espaces restreints<\/li>\n<li>Protection des sols gr\u00e2ce \u00e0 une bande de roulement non marquante<\/li>\n<li>Versions disponibles avec diff\u00e9rents diam\u00e8tres et capacit\u00e9s de charge selon les besoins<\/li>\n<\/ul>\n<p>Le tr\u00e9pied \u00e0 roues en polyur\u00e9thane constitue un choix fiable pour ceux qui recherchent un syst\u00e8me de manutention stable, protecteur et durable.<\/p>\n<p>La structure \u00e0 trois roues, soigneusement \u00e9quilibr\u00e9e, permet un auto-nivellement naturel du syst\u00e8me, s\u2019adaptant aux irr\u00e9gularit\u00e9s du sol et assurant une r\u00e9partition uniforme de la charge. Cela r\u00e9duit le risque d\u2019oscillations, de vibrations et d\u2019usure irr\u00e9guli\u00e8re des roues, am\u00e9liorant la s\u00e9curit\u00e9 pendant les op\u00e9rations de manutention.<\/p>\n<p>Les roues en polyur\u00e9thane haute performance offrent une excellente r\u00e9sistance m\u00e9canique ainsi qu\u2019\u00e0 l\u2019abrasion, aux huiles, graisses et agents chimiques, les rendant id\u00e9ales pour les environnements industriels, logistiques et de production.<\/p>\n\t\t\t\t\t\t\t\t<\/div>\n\t\t\t\t<\/div>\n\t\t<div class=\"elementor-element elementor-element-e31f73e e-con-full e-flex e-con e-child\" data-id=\"e31f73e\" data-element_type=\"container\" data-e-type=\"container\">\n\t\t\t\t<div class=\"elementor-element elementor-element-6f08902 elementor-widget elementor-widget-image\" data-id=\"6f08902\" data-element_type=\"widget\" data-e-type=\"widget\" data-widget_type=\"image.default\">\n\t\t\t\t\t\t\t\t\t\t\t\t\t\t\t\t<a href=\"https:\/\/www.avo.it\/wp-content\/uploads\/2025\/09\/ANTEPRIMA-tripode.jpg\" data-elementor-open-lightbox=\"yes\" data-e-action-hash=\"#elementor-action%3Aaction%3Dlightbox%26settings%3DeyJpZCI6MTUxNTQyLCJ1cmwiOiJodHRwczpcL1wvd3d3LmF2by5pdFwvd3AtY29udGVudFwvdXBsb2Fkc1wvMjAyNVwvMDlcL0FOVEVQUklNQS10cmlwb2RlLmpwZyJ9\">\n\t\t\t\t\t\t\t<img fetchpriority=\"high\" decoding=\"async\" width=\"2048\" height=\"1244\" src=\"https:\/\/www.avo.it\/wp-content\/uploads\/2025\/09\/ANTEPRIMA-tripode.jpg\" class=\"attachment-full size-full wp-image-151542\" alt=\"\" srcset=\"https:\/\/www.avo.it\/wp-content\/uploads\/2025\/09\/ANTEPRIMA-tripode.jpg 2048w, https:\/\/www.avo.it\/wp-content\/uploads\/2025\/09\/ANTEPRIMA-tripode-300x182.jpg 300w, https:\/\/www.avo.it\/wp-content\/uploads\/2025\/09\/ANTEPRIMA-tripode-1024x622.jpg 1024w, https:\/\/www.avo.it\/wp-content\/uploads\/2025\/09\/ANTEPRIMA-tripode-768x467.jpg 768w, https:\/\/www.avo.it\/wp-content\/uploads\/2025\/09\/ANTEPRIMA-tripode-1536x933.jpg 1536w\" sizes=\"(max-width: 2048px) 100vw, 2048px\" \/>\t\t\t\t\t\t\t\t<\/a>\n\t\t\t\t\t\t\t\t\t\t\t\t\t\t\t<\/div>\n\t\t\t\t<div class=\"elementor-element elementor-element-408f0ac elementor-arrows-position-outside elementor-widget-mobile__width-initial elementor-pagination-position-outside elementor-widget elementor-widget-image-carousel\" data-id=\"408f0ac\" data-element_type=\"widget\" data-e-type=\"widget\" data-settings=\"{&quot;slides_to_show&quot;:&quot;2&quot;,&quot;slides_to_show_mobile&quot;:&quot;1&quot;,&quot;navigation&quot;:&quot;both&quot;,&quot;autoplay&quot;:&quot;yes&quot;,&quot;autoplay_speed&quot;:5000,&quot;infinite&quot;:&quot;yes&quot;,&quot;speed&quot;:500,&quot;image_spacing_custom&quot;:{&quot;unit&quot;:&quot;px&quot;,&quot;size&quot;:20,&quot;sizes&quot;:[]},&quot;image_spacing_custom_tablet&quot;:{&quot;unit&quot;:&quot;px&quot;,&quot;size&quot;:&quot;&quot;,&quot;sizes&quot;:[]}}\" data-widget_type=\"image-carousel.default\">\n\t\t\t\t\t\t\t<div class=\"elementor-image-carousel-wrapper swiper\" role=\"region\" aria-roledescription=\"carousel\" aria-label=\"Carosello supporti molleggiati\" dir=\"ltr\">\n\t\t\t<div class=\"elementor-image-carousel swiper-wrapper\" aria-live=\"off\">\n\t\t\t\t\t\t\t\t<div class=\"swiper-slide\" role=\"group\" aria-roledescription=\"slide\" aria-label=\"1 sur 7\"><a data-elementor-open-lightbox=\"yes\" data-elementor-lightbox-slideshow=\"408f0ac\" data-e-action-hash=\"#elementor-action%3Aaction%3Dlightbox%26settings%3DeyJpZCI6MTUxNDk0LCJ1cmwiOiJodHRwczpcL1wvd3d3LmF2by5pdFwvd3AtY29udGVudFwvdXBsb2Fkc1wvMjAyNVwvMDlcL01BUkdIRVJJVEEtMUJJUy0zLmpwZyIsInNsaWRlc2hvdyI6IjQwOGYwYWMifQ%3D%3D\" href=\"https:\/\/www.avo.it\/wp-content\/uploads\/2025\/09\/MARGHERITA-1BIS-3.jpg\"><figure class=\"swiper-slide-inner\"><img decoding=\"async\" class=\"swiper-slide-image\" src=\"https:\/\/www.avo.it\/wp-content\/uploads\/2025\/09\/MARGHERITA-1BIS-3.jpg\" alt=\"MARGHERITA 1BIS-3\" \/><\/figure><\/a><\/div><div class=\"swiper-slide\" role=\"group\" aria-roledescription=\"slide\" aria-label=\"2 sur 7\"><a data-elementor-open-lightbox=\"yes\" data-elementor-lightbox-slideshow=\"408f0ac\" data-e-action-hash=\"#elementor-action%3Aaction%3Dlightbox%26settings%3DeyJpZCI6MTUxNTA0LCJ1cmwiOiJodHRwczpcL1wvd3d3LmF2by5pdFwvd3AtY29udGVudFwvdXBsb2Fkc1wvMjAyNVwvMDlcL01BUkdIRVJJVEEtMUJJUy01LmpwZyIsInNsaWRlc2hvdyI6IjQwOGYwYWMifQ%3D%3D\" href=\"https:\/\/www.avo.it\/wp-content\/uploads\/2025\/09\/MARGHERITA-1BIS-5.jpg\"><figure class=\"swiper-slide-inner\"><img decoding=\"async\" class=\"swiper-slide-image\" src=\"https:\/\/www.avo.it\/wp-content\/uploads\/2025\/09\/MARGHERITA-1BIS-5.jpg\" alt=\"MARGHERITA 1BIS-5\" \/><\/figure><\/a><\/div><div class=\"swiper-slide\" role=\"group\" aria-roledescription=\"slide\" aria-label=\"3 sur 7\"><a data-elementor-open-lightbox=\"yes\" data-elementor-lightbox-slideshow=\"408f0ac\" data-e-action-hash=\"#elementor-action%3Aaction%3Dlightbox%26settings%3DeyJpZCI6MTUxNTA5LCJ1cmwiOiJodHRwczpcL1wvd3d3LmF2by5pdFwvd3AtY29udGVudFwvdXBsb2Fkc1wvMjAyNVwvMDlcL01BUkdIRVJJVEEtMUJJUy03LmpwZyIsInNsaWRlc2hvdyI6IjQwOGYwYWMifQ%3D%3D\" href=\"https:\/\/www.avo.it\/wp-content\/uploads\/2025\/09\/MARGHERITA-1BIS-7.jpg\"><figure class=\"swiper-slide-inner\"><img decoding=\"async\" class=\"swiper-slide-image\" src=\"https:\/\/www.avo.it\/wp-content\/uploads\/2025\/09\/MARGHERITA-1BIS-7.jpg\" alt=\"MARGHERITA 1BIS-7\" \/><\/figure><\/a><\/div><div class=\"swiper-slide\" role=\"group\" aria-roledescription=\"slide\" aria-label=\"4 sur 7\"><a data-elementor-open-lightbox=\"yes\" data-elementor-lightbox-slideshow=\"408f0ac\" data-e-action-hash=\"#elementor-action%3Aaction%3Dlightbox%26settings%3DeyJpZCI6MTUxNTE0LCJ1cmwiOiJodHRwczpcL1wvd3d3LmF2by5pdFwvd3AtY29udGVudFwvdXBsb2Fkc1wvMjAyNVwvMDlcL01BUkdIRVJJVEEtMi0xLmpwZyIsInNsaWRlc2hvdyI6IjQwOGYwYWMifQ%3D%3D\" href=\"https:\/\/www.avo.it\/wp-content\/uploads\/2025\/09\/MARGHERITA-2-1.jpg\"><figure class=\"swiper-slide-inner\"><img decoding=\"async\" class=\"swiper-slide-image\" src=\"https:\/\/www.avo.it\/wp-content\/uploads\/2025\/09\/MARGHERITA-2-1.jpg\" alt=\"MARGHERITA 2-1\" \/><\/figure><\/a><\/div><div class=\"swiper-slide\" role=\"group\" aria-roledescription=\"slide\" aria-label=\"5 sur 7\"><a data-elementor-open-lightbox=\"yes\" data-elementor-lightbox-slideshow=\"408f0ac\" data-e-action-hash=\"#elementor-action%3Aaction%3Dlightbox%26settings%3DeyJpZCI6MTUxNTI0LCJ1cmwiOiJodHRwczpcL1wvd3d3LmF2by5pdFwvd3AtY29udGVudFwvdXBsb2Fkc1wvMjAyNVwvMDlcL01BUkdIRVJJVEEtMi00LmpwZyIsInNsaWRlc2hvdyI6IjQwOGYwYWMifQ%3D%3D\" href=\"https:\/\/www.avo.it\/wp-content\/uploads\/2025\/09\/MARGHERITA-2-4.jpg\"><figure class=\"swiper-slide-inner\"><img decoding=\"async\" class=\"swiper-slide-image\" src=\"https:\/\/www.avo.it\/wp-content\/uploads\/2025\/09\/MARGHERITA-2-4.jpg\" alt=\"MARGHERITA 2-4\" \/><\/figure><\/a><\/div><div class=\"swiper-slide\" role=\"group\" aria-roledescription=\"slide\" aria-label=\"6 sur 7\"><a data-elementor-open-lightbox=\"yes\" data-elementor-lightbox-slideshow=\"408f0ac\" data-e-action-hash=\"#elementor-action%3Aaction%3Dlightbox%26settings%3DeyJpZCI6MTUxNTI5LCJ1cmwiOiJodHRwczpcL1wvd3d3LmF2by5pdFwvd3AtY29udGVudFwvdXBsb2Fkc1wvMjAyNVwvMDlcL01BUkdIRVJJVEEtMi01LmpwZyIsInNsaWRlc2hvdyI6IjQwOGYwYWMifQ%3D%3D\" href=\"https:\/\/www.avo.it\/wp-content\/uploads\/2025\/09\/MARGHERITA-2-5.jpg\"><figure class=\"swiper-slide-inner\"><img decoding=\"async\" class=\"swiper-slide-image\" src=\"https:\/\/www.avo.it\/wp-content\/uploads\/2025\/09\/MARGHERITA-2-5.jpg\" alt=\"MARGHERITA 2-5\" \/><\/figure><\/a><\/div><div class=\"swiper-slide\" role=\"group\" aria-roledescription=\"slide\" aria-label=\"7 sur 7\"><a data-elementor-open-lightbox=\"yes\" data-elementor-lightbox-slideshow=\"408f0ac\" data-e-action-hash=\"#elementor-action%3Aaction%3Dlightbox%26settings%3DeyJpZCI6MTUxNTM0LCJ1cmwiOiJodHRwczpcL1wvd3d3LmF2by5pdFwvd3AtY29udGVudFwvdXBsb2Fkc1wvMjAyNVwvMDlcL01BUkdIRVJJVEEtMi03LmpwZyIsInNsaWRlc2hvdyI6IjQwOGYwYWMifQ%3D%3D\" href=\"https:\/\/www.avo.it\/wp-content\/uploads\/2025\/09\/MARGHERITA-2-7.jpg\"><figure class=\"swiper-slide-inner\"><img decoding=\"async\" class=\"swiper-slide-image\" src=\"https:\/\/www.avo.it\/wp-content\/uploads\/2025\/09\/MARGHERITA-2-7.jpg\" alt=\"MARGHERITA 2-7\" \/><\/figure><\/a><\/div>\t\t\t<\/div>\n\t\t\t\t\t\t\t\t\t\t\t\t<div class=\"elementor-swiper-button elementor-swiper-button-prev\" role=\"button\" tabindex=\"0\">\n\t\t\t\t\t\t<svg aria-hidden=\"true\" class=\"e-font-icon-svg e-eicon-chevron-left\" viewBox=\"0 0 1000 1000\" xmlns=\"http:\/\/www.w3.org\/2000\/svg\"><path d=\"M646 125C629 125 613 133 604 142L308 442C296 454 292 471 292 487 292 504 296 521 308 533L604 854C617 867 629 875 646 875 663 875 679 871 692 858 704 846 713 829 713 812 713 796 708 779 692 767L438 487 692 225C700 217 708 204 708 187 708 171 704 154 692 142 675 129 663 125 646 125Z\"><\/path><\/svg>\t\t\t\t\t<\/div>\n\t\t\t\t\t<div class=\"elementor-swiper-button elementor-swiper-button-next\" role=\"button\" tabindex=\"0\">\n\t\t\t\t\t\t<svg aria-hidden=\"true\" class=\"e-font-icon-svg e-eicon-chevron-right\" viewBox=\"0 0 1000 1000\" xmlns=\"http:\/\/www.w3.org\/2000\/svg\"><path d=\"M696 533C708 521 713 504 713 487 713 471 708 454 696 446L400 146C388 133 375 125 354 125 338 125 325 129 313 142 300 154 292 171 292 187 292 204 296 221 308 233L563 492 304 771C292 783 288 800 288 817 288 833 296 850 308 863 321 871 338 875 354 875 371 875 388 867 400 854L696 533Z\"><\/path><\/svg>\t\t\t\t\t<\/div>\n\t\t\t\t\n\t\t\t\t\t\t\t\t\t<div class=\"swiper-pagination\"><\/div>\n\t\t\t\t\t\t\t\t\t<\/div>\n\t\t\t\t\t\t<\/div>\n\t\t<div class=\"elementor-element elementor-element-016759d e-con-full e-flex e-con e-child\" data-id=\"016759d\" data-element_type=\"container\" data-e-type=\"container\" data-settings=\"{&quot;background_background&quot;:&quot;classic&quot;}\">\n\t\t\t\t<div class=\"elementor-element elementor-element-47047a9 elementor-widget elementor-widget-heading\" data-id=\"47047a9\" data-element_type=\"widget\" data-e-type=\"widget\" data-widget_type=\"heading.default\">\n\t\t\t\t\t<h2 class=\"elementor-heading-title elementor-size-default\">Solutions tr\u00e9pied avec roues en polyur\u00e9thane<\/h2>\t\t\t\t<\/div>\n\t\t\t\t<\/div>\n\t\t\t\t<\/div>\n\t\t\t\t<\/div>\n\t\t\t\t<\/div>\n\t\t<div class=\"elementor-element elementor-element-37e4a66 e-con-full e-flex e-con e-parent\" data-id=\"37e4a66\" data-element_type=\"container\" data-e-type=\"container\">\n\t\t<div class=\"elementor-element elementor-element-f0f5766 e-con-full e-flex e-con e-child\" data-id=\"f0f5766\" data-element_type=\"container\" data-e-type=\"container\">\n\t\t\t\t<div class=\"elementor-element elementor-element-599849f elementor-widget elementor-widget-text-editor\" data-id=\"599849f\" data-element_type=\"widget\" data-e-type=\"widget\" data-widget_type=\"text-editor.default\">\n\t\t\t\t\t\t\t\t\t<p><strong>Pour plus de d\u00e9tails techniques ou pour demander un conseil personnalis\u00e9:<\/strong><\/p>\n\t\t\t\t\t\t\t\t<\/div>\n\t\t\t\t<div class=\"elementor-element elementor-element-d6dc38a elementor-position-inline-end elementor-mobile-position-inline-end elementor-view-default elementor-widget elementor-widget-icon-box\" data-id=\"d6dc38a\" data-element_type=\"widget\" data-e-type=\"widget\" data-widget_type=\"icon-box.default\">\n\t\t\t\t\t\t\t<div class=\"elementor-icon-box-wrapper\">\n\n\t\t\t\t\t\t<div class=\"elementor-icon-box-icon\">\n\t\t\t\t<a href=\"https:\/\/www.avo.it\/contatti\/\" title=\"Approfondisci\" class=\"elementor-icon\" tabindex=\"-1\" aria-label=\"Contactez-nous\">\n\t\t\t\t<svg xmlns=\"http:\/\/www.w3.org\/2000\/svg\" id=\"Livello_1\" data-name=\"Livello 1\" viewBox=\"0 0 36.78 36.78\"><defs><style>      .cls-1 {        fill: #b3e5fc;      }      .cls-2 {        fill: #21355a;      }    <\/style><\/defs><circle class=\"cls-1\" cx=\"18.39\" cy=\"18.39\" r=\"18.39\"><\/circle><path class=\"cls-2\" d=\"M13.65,26.72l7.81-7.81c.28-.28.28-.77,0-1.04l-7.81-7.81,1.04-1.04,7.81,7.81c.84.84.84,2.3,0,3.13l-7.81,7.81-1.04-1.04Z\"><\/path><\/svg>\t\t\t\t<\/a>\n\t\t\t<\/div>\n\t\t\t\n\t\t\t\t\t\t<div class=\"elementor-icon-box-content\">\n\n\t\t\t\t\t\t\t\t\t<h3 class=\"elementor-icon-box-title\">\n\t\t\t\t\t\t<a href=\"https:\/\/www.avo.it\/contatti\/\" title=\"Approfondisci\" >\n\t\t\t\t\t\t\tContactez-nous\t\t\t\t\t\t<\/a>\n\t\t\t\t\t<\/h3>\n\t\t\t\t\n\t\t\t\t\n\t\t\t<\/div>\n\t\t\t\n\t\t<\/div>\n\t\t\t\t\t\t<\/div>\n\t\t\t\t<\/div>\n\t\t\t\t<\/div>\n\t\t\t\t<\/div>\n\t\t","protected":false},"excerpt":{"rendered":"<p>Solutions tr\u00e9pied Tr\u00e9pied avec roues en polyur\u00e9thane AVO : stabilit\u00e9, maniabilit\u00e9 et protection des surfaces Le tr\u00e9pied AVO avec roues en polyur\u00e9thane est une solution robuste et polyvalente, con\u00e7ue pour garantir une stabilit\u00e9 maximale m\u00eame en pr\u00e9sence de charges lourdes ou irr\u00e9guli\u00e8res. Sa structure \u00e0 trois points d\u2019appui assure un contact homog\u00e8ne avec le sol, [&hellip;]<\/p>\n","protected":false},"author":2,"featured_media":0,"parent":153344,"menu_order":0,"comment_status":"closed","ping_status":"closed","template":"","meta":{"_acf_changed":false,"footnotes":""},"class_list":["post-153362","page","type-page","status-publish","hentry"],"acf":[],"_links":{"self":[{"href":"https:\/\/www.avo.it\/fr\/wp-json\/wp\/v2\/pages\/153362","targetHints":{"allow":["GET"]}}],"collection":[{"href":"https:\/\/www.avo.it\/fr\/wp-json\/wp\/v2\/pages"}],"about":[{"href":"https:\/\/www.avo.it\/fr\/wp-json\/wp\/v2\/types\/page"}],"author":[{"embeddable":true,"href":"https:\/\/www.avo.it\/fr\/wp-json\/wp\/v2\/users\/2"}],"replies":[{"embeddable":true,"href":"https:\/\/www.avo.it\/fr\/wp-json\/wp\/v2\/comments?post=153362"}],"version-history":[{"count":4,"href":"https:\/\/www.avo.it\/fr\/wp-json\/wp\/v2\/pages\/153362\/revisions"}],"predecessor-version":[{"id":153496,"href":"https:\/\/www.avo.it\/fr\/wp-json\/wp\/v2\/pages\/153362\/revisions\/153496"}],"up":[{"embeddable":true,"href":"https:\/\/www.avo.it\/fr\/wp-json\/wp\/v2\/pages\/153344"}],"wp:attachment":[{"href":"https:\/\/www.avo.it\/fr\/wp-json\/wp\/v2\/media?parent=153362"}],"curies":[{"name":"wp","href":"https:\/\/api.w.org\/{rel}","templated":true}]}}