{"id":153368,"date":"2025-08-11T09:01:50","date_gmt":"2025-08-11T09:01:50","guid":{"rendered":"https:\/\/avo.it\/projets-speciaux\/solutions-personnalisees\/"},"modified":"2025-10-31T10:54:54","modified_gmt":"2025-10-31T10:54:54","slug":"solutions-personnalisees","status":"publish","type":"page","link":"https:\/\/www.avo.it\/fr\/projets-speciaux\/solutions-personnalisees\/","title":{"rendered":"Solutions personnalis\u00e9es"},"content":{"rendered":"\t\t<div data-elementor-type=\"wp-page\" data-elementor-id=\"153368\" class=\"elementor elementor-153368 elementor-150096\" data-elementor-post-type=\"page\">\n\t\t\t\t<div class=\"elementor-element elementor-element-92e9b9f e-con-full e-flex e-con e-parent\" data-id=\"92e9b9f\" data-element_type=\"container\" data-e-type=\"container\" data-settings=\"{&quot;background_background&quot;:&quot;classic&quot;}\">\n\t\t<div class=\"elementor-element elementor-element-2aa24f1 e-con-full e-flex e-con e-child\" data-id=\"2aa24f1\" data-element_type=\"container\" data-e-type=\"container\" data-settings=\"{&quot;background_background&quot;:&quot;classic&quot;}\">\n\t\t<div class=\"elementor-element elementor-element-3a7ef50 e-con-full e-flex e-con e-child\" data-id=\"3a7ef50\" data-element_type=\"container\" data-e-type=\"container\" data-settings=\"{&quot;background_background&quot;:&quot;classic&quot;}\">\n\t\t\t\t<div class=\"elementor-element elementor-element-ea9b0bf elementor-widget elementor-widget-heading\" data-id=\"ea9b0bf\" data-element_type=\"widget\" data-e-type=\"widget\" data-widget_type=\"heading.default\">\n\t\t\t\t\t<h1 class=\"elementor-heading-title elementor-size-default\">Solutions <span style=\"color: #B3E5FC\">personnalis\u00e9es<\/span><\/h1>\t\t\t\t<\/div>\n\t\t\t\t<\/div>\n\t\t\t\t<\/div>\n\t\t\t\t<\/div>\n\t\t<div class=\"elementor-element elementor-element-87c7198 e-con-full e-flex e-con e-parent\" data-id=\"87c7198\" data-element_type=\"container\" data-e-type=\"container\">\n\t\t\t\t<div class=\"elementor-element elementor-element-72a3ed5 elementor-widget elementor-widget-heading\" data-id=\"72a3ed5\" data-element_type=\"widget\" data-e-type=\"widget\" data-widget_type=\"heading.default\">\n\t\t\t\t\t<h2 class=\"elementor-heading-title elementor-size-default\">Solutions personnalis\u00e9es AVO : chaque d\u00e9tail con\u00e7u sur mesure pour vos besoins<\/h2>\t\t\t\t<\/div>\n\t\t\t\t<div class=\"elementor-element elementor-element-6bc2d53 elementor-widget elementor-widget-text-editor\" data-id=\"6bc2d53\" data-element_type=\"widget\" data-e-type=\"widget\" data-widget_type=\"text-editor.default\">\n\t\t\t\t\t\t\t\t\t<p>AVO propose une large gamme de solutions personnalis\u00e9es, con\u00e7ues pour s\u2019adapter parfaitement aux exigences techniques, fonctionnelles et esth\u00e9tiques de chaque application.<\/p>\n<p>Du choix des couleurs aux caract\u00e9ristiques de conception, jusqu\u2019\u00e0 la fabrication de roues selon plan, chaque d\u00e9tail peut \u00eatre configur\u00e9 en fonction des besoins du client, garantissant une coh\u00e9rence avec l\u2019identit\u00e9 de la marque, les exigences du syst\u00e8me et l\u2019environnement d\u2019exploitation.<\/p>\n<p>Les couleurs personnalis\u00e9es permettent une int\u00e9gration esth\u00e9tique des roues et supports avec les machines et \u00e9quipements dans lesquels ils sont install\u00e9s, r\u00e9pondant \u00e0 la fois \u00e0 des crit\u00e8res visuels et r\u00e9glementaires (par exemple : codification couleur pour la s\u00e9curit\u00e9, zones st\u00e9riles ou \u00e0 acc\u00e8s contr\u00f4l\u00e9).<\/p>\n\t\t\t\t\t\t\t\t<\/div>\n\t\t\t\t<\/div>\n\t\t<div class=\"elementor-element elementor-element-a3941ea e-con-full e-flex e-con e-parent\" data-id=\"a3941ea\" data-element_type=\"container\" data-e-type=\"container\">\n\t\t<div class=\"elementor-element elementor-element-33d32cf e-con-full e-flex e-con e-child\" data-id=\"33d32cf\" data-element_type=\"container\" data-e-type=\"container\">\n\t\t<div class=\"elementor-element elementor-element-d24add9 e-con-full e-flex e-con e-child\" data-id=\"d24add9\" data-element_type=\"container\" data-e-type=\"container\">\n\t\t\t\t<div class=\"elementor-element elementor-element-e785dfd elementor-widget elementor-widget-heading\" data-id=\"e785dfd\" data-element_type=\"widget\" data-e-type=\"widget\" data-widget_type=\"heading.default\">\n\t\t\t\t\t<h2 class=\"elementor-heading-title elementor-size-default\">Services de personnalisation disponibles:<\/h2>\t\t\t\t<\/div>\n\t\t\t\t<div class=\"elementor-element elementor-element-9440814 elementor-widget elementor-widget-text-editor\" data-id=\"9440814\" data-element_type=\"widget\" data-e-type=\"widget\" data-widget_type=\"text-editor.default\">\n\t\t\t\t\t\t\t\t\t<ul>\n<li>Coloration sur demande de la bande de roulement ou des composants plastiques<\/li>\n<li>Personnalisation du moyeu et des trous de fixation<\/li>\n<li>Profilages sp\u00e9ciaux de la bande de roulement selon les besoins (anti-trace, drainage, forte adh\u00e9rence, etc.)<\/li>\n<li>Solutions sur plan ou \u00e9chantillon, y compris pour des productions d\u00e9di\u00e9es ou en petites s\u00e9ries<\/li>\n<li>Int\u00e9gration de logos ou codes d\u2019identification du client<\/li>\n<\/ul>\n<p>Gr\u00e2ce \u00e0 son service technique interne et \u00e0 un processus de production flexible, AVO est capable de r\u00e9aliser des produits personnalis\u00e9s dans des d\u00e9lais courts, tout en maintenant des standards \u00e9lev\u00e9s de qualit\u00e9, de tra\u00e7abilit\u00e9 et de r\u00e9p\u00e9tabilit\u00e9.<\/p>\n<p>La personnalisation du moyeu et des trous de fixation permet l\u2019adaptation \u00e0 diff\u00e9rents syst\u00e8mes de montage, axes ou supports, garantissant un ajustement pr\u00e9cis et s\u00fbr. Des profilages sp\u00e9ciaux de la bande de roulement peuvent \u00e9galement \u00eatre d\u00e9velopp\u00e9s pour des fonctions sp\u00e9cifiques, telles que l\u2019anti-trace, le drainage des liquides ou une adh\u00e9rence renforc\u00e9e sur les surfaces irr\u00e9guli\u00e8res ou inclin\u00e9es.<\/p>\n<p>AVO peut \u00e9galement d\u00e9velopper des solutions sur plan ou \u00e9chantillon, avec la possibilit\u00e9 de productions d\u00e9di\u00e9es, de prototypes ou de petites s\u00e9ries, conform\u00e9ment aux sp\u00e9cifications du client. L\u2019int\u00e9gration de logos, codes d\u2019identification ou marquages personnalis\u00e9s facilite la tra\u00e7abilit\u00e9 des composants et leur identification rapide tout au long de la cha\u00eene d\u2019approvisionnement.<\/p>\n\t\t\t\t\t\t\t\t<\/div>\n\t\t\t\t<\/div>\n\t\t<div class=\"elementor-element elementor-element-cd5217b e-con-full e-flex e-con e-child\" data-id=\"cd5217b\" data-element_type=\"container\" data-e-type=\"container\">\n\t\t\t\t<div class=\"elementor-element elementor-element-df6bf9c elementor-widget elementor-widget-image\" data-id=\"df6bf9c\" data-element_type=\"widget\" data-e-type=\"widget\" data-widget_type=\"image.default\">\n\t\t\t\t\t\t\t\t\t\t\t\t\t\t\t\t<a href=\"https:\/\/www.avo.it\/wp-content\/uploads\/2025\/10\/PIASTRELLA-SOLUZ-PERSON-3-2.jpg\" data-elementor-open-lightbox=\"yes\" data-e-action-hash=\"#elementor-action%3Aaction%3Dlightbox%26settings%3DeyJpZCI6MTUzMTMyLCJ1cmwiOiJodHRwczpcL1wvd3d3LmF2by5pdFwvd3AtY29udGVudFwvdXBsb2Fkc1wvMjAyNVwvMTBcL1BJQVNUUkVMTEEtU09MVVotUEVSU09OLTMtMi5qcGcifQ%3D%3D\">\n\t\t\t\t\t\t\t<img fetchpriority=\"high\" decoding=\"async\" width=\"2505\" height=\"1300\" src=\"https:\/\/www.avo.it\/wp-content\/uploads\/2025\/10\/PIASTRELLA-SOLUZ-PERSON-3-2.jpg\" class=\"attachment-full size-full wp-image-153132\" alt=\"\" srcset=\"https:\/\/www.avo.it\/wp-content\/uploads\/2025\/10\/PIASTRELLA-SOLUZ-PERSON-3-2.jpg 2505w, https:\/\/www.avo.it\/wp-content\/uploads\/2025\/10\/PIASTRELLA-SOLUZ-PERSON-3-2-300x156.jpg 300w, https:\/\/www.avo.it\/wp-content\/uploads\/2025\/10\/PIASTRELLA-SOLUZ-PERSON-3-2-1024x531.jpg 1024w, https:\/\/www.avo.it\/wp-content\/uploads\/2025\/10\/PIASTRELLA-SOLUZ-PERSON-3-2-768x399.jpg 768w, https:\/\/www.avo.it\/wp-content\/uploads\/2025\/10\/PIASTRELLA-SOLUZ-PERSON-3-2-1536x797.jpg 1536w, https:\/\/www.avo.it\/wp-content\/uploads\/2025\/10\/PIASTRELLA-SOLUZ-PERSON-3-2-2048x1063.jpg 2048w\" sizes=\"(max-width: 2505px) 100vw, 2505px\" \/>\t\t\t\t\t\t\t\t<\/a>\n\t\t\t\t\t\t\t\t\t\t\t\t\t\t\t<\/div>\n\t\t<div class=\"elementor-element elementor-element-819ccef e-con-full e-flex e-con e-child\" data-id=\"819ccef\" data-element_type=\"container\" data-e-type=\"container\" data-settings=\"{&quot;background_background&quot;:&quot;classic&quot;}\">\n\t\t\t\t<div class=\"elementor-element elementor-element-af72303 elementor-widget elementor-widget-heading\" data-id=\"af72303\" data-element_type=\"widget\" data-e-type=\"widget\" data-widget_type=\"heading.default\">\n\t\t\t\t\t<h2 class=\"elementor-heading-title elementor-size-default\">Solutions personnalis\u00e9es AVO<\/h2>\t\t\t\t<\/div>\n\t\t\t\t<\/div>\n\t\t\t\t<\/div>\n\t\t\t\t<\/div>\n\t\t\t\t<\/div>\n\t\t<div class=\"elementor-element elementor-element-0120c61 e-con-full e-flex e-con e-parent\" data-id=\"0120c61\" data-element_type=\"container\" data-e-type=\"container\">\n\t\t<div class=\"elementor-element elementor-element-8605c27 e-con-full e-flex e-con e-child\" data-id=\"8605c27\" data-element_type=\"container\" data-e-type=\"container\">\n\t\t<div class=\"elementor-element elementor-element-ca93e09 e-con-full e-flex e-con e-child\" data-id=\"ca93e09\" data-element_type=\"container\" data-e-type=\"container\">\n\t\t\t\t<div class=\"elementor-element elementor-element-f6b1ad8 elementor-widget elementor-widget-text-editor\" data-id=\"f6b1ad8\" data-element_type=\"widget\" data-e-type=\"widget\" data-widget_type=\"text-editor.default\">\n\t\t\t\t\t\t\t\t\t<p><strong>Vous avez un projet sp\u00e9cifique?<\/strong><br \/>Notre \u00e9quipe technique est \u00e0 votre disposition pour \u00e9valuer vos besoins et d\u00e9velopper des solutions sur mesure, en \u00e9troite collaboration avec vous.<\/p>\n\t\t\t\t\t\t\t\t<\/div>\n\t\t\t\t<div class=\"elementor-element elementor-element-39486ca elementor-position-inline-end elementor-mobile-position-inline-end elementor-view-default elementor-widget elementor-widget-icon-box\" data-id=\"39486ca\" data-element_type=\"widget\" data-e-type=\"widget\" data-widget_type=\"icon-box.default\">\n\t\t\t\t\t\t\t<div class=\"elementor-icon-box-wrapper\">\n\n\t\t\t\t\t\t<div class=\"elementor-icon-box-icon\">\n\t\t\t\t<a href=\"https:\/\/www.avo.it\/contatti\/\" title=\"Approfondisci\" class=\"elementor-icon\" tabindex=\"-1\" aria-label=\"Contactez-nous\">\n\t\t\t\t<svg xmlns=\"http:\/\/www.w3.org\/2000\/svg\" id=\"Livello_1\" data-name=\"Livello 1\" viewBox=\"0 0 36.78 36.78\"><defs><style>      .cls-1 {        fill: #b3e5fc;      }      .cls-2 {        fill: #21355a;      }    <\/style><\/defs><circle class=\"cls-1\" cx=\"18.39\" cy=\"18.39\" r=\"18.39\"><\/circle><path class=\"cls-2\" d=\"M13.65,26.72l7.81-7.81c.28-.28.28-.77,0-1.04l-7.81-7.81,1.04-1.04,7.81,7.81c.84.84.84,2.3,0,3.13l-7.81,7.81-1.04-1.04Z\"><\/path><\/svg>\t\t\t\t<\/a>\n\t\t\t<\/div>\n\t\t\t\n\t\t\t\t\t\t<div class=\"elementor-icon-box-content\">\n\n\t\t\t\t\t\t\t\t\t<h3 class=\"elementor-icon-box-title\">\n\t\t\t\t\t\t<a href=\"https:\/\/www.avo.it\/contatti\/\" title=\"Approfondisci\" >\n\t\t\t\t\t\t\tContactez-nous\t\t\t\t\t\t<\/a>\n\t\t\t\t\t<\/h3>\n\t\t\t\t\n\t\t\t\t\n\t\t\t<\/div>\n\t\t\t\n\t\t<\/div>\n\t\t\t\t\t\t<\/div>\n\t\t\t\t<\/div>\n\t\t\t\t<\/div>\n\t\t\t\t<\/div>\n\t\t\t\t<\/div>\n\t\t","protected":false},"excerpt":{"rendered":"<p>Solutions personnalis\u00e9es Solutions personnalis\u00e9es AVO : chaque d\u00e9tail con\u00e7u sur mesure pour vos besoins AVO propose une large gamme de solutions personnalis\u00e9es, con\u00e7ues pour s\u2019adapter parfaitement aux exigences techniques, fonctionnelles et esth\u00e9tiques de chaque application. Du choix des couleurs aux caract\u00e9ristiques de conception, jusqu\u2019\u00e0 la fabrication de roues selon plan, chaque d\u00e9tail peut \u00eatre configur\u00e9 [&hellip;]<\/p>\n","protected":false},"author":2,"featured_media":0,"parent":153344,"menu_order":0,"comment_status":"closed","ping_status":"closed","template":"","meta":{"_acf_changed":false,"footnotes":""},"class_list":["post-153368","page","type-page","status-publish","hentry"],"acf":[],"_links":{"self":[{"href":"https:\/\/www.avo.it\/fr\/wp-json\/wp\/v2\/pages\/153368","targetHints":{"allow":["GET"]}}],"collection":[{"href":"https:\/\/www.avo.it\/fr\/wp-json\/wp\/v2\/pages"}],"about":[{"href":"https:\/\/www.avo.it\/fr\/wp-json\/wp\/v2\/types\/page"}],"author":[{"embeddable":true,"href":"https:\/\/www.avo.it\/fr\/wp-json\/wp\/v2\/users\/2"}],"replies":[{"embeddable":true,"href":"https:\/\/www.avo.it\/fr\/wp-json\/wp\/v2\/comments?post=153368"}],"version-history":[{"count":3,"href":"https:\/\/www.avo.it\/fr\/wp-json\/wp\/v2\/pages\/153368\/revisions"}],"predecessor-version":[{"id":153526,"href":"https:\/\/www.avo.it\/fr\/wp-json\/wp\/v2\/pages\/153368\/revisions\/153526"}],"up":[{"embeddable":true,"href":"https:\/\/www.avo.it\/fr\/wp-json\/wp\/v2\/pages\/153344"}],"wp:attachment":[{"href":"https:\/\/www.avo.it\/fr\/wp-json\/wp\/v2\/media?parent=153368"}],"curies":[{"name":"wp","href":"https:\/\/api.w.org\/{rel}","templated":true}]}}