{"id":153374,"date":"2025-08-11T08:29:38","date_gmt":"2025-08-11T08:29:38","guid":{"rendered":"https:\/\/avo.it\/projets-speciaux\/roues-motrices-pour-systemes-agv-et-amr\/"},"modified":"2025-10-31T10:54:28","modified_gmt":"2025-10-31T10:54:28","slug":"roues-motrices-pour-systemes-agv-et-amr","status":"publish","type":"page","link":"https:\/\/www.avo.it\/fr\/projets-speciaux\/roues-motrices-pour-systemes-agv-et-amr\/","title":{"rendered":"Roues motrices pour syst\u00e8mes AGV et AMR"},"content":{"rendered":"\t\t<div data-elementor-type=\"wp-page\" data-elementor-id=\"153374\" class=\"elementor elementor-153374 elementor-150013\" data-elementor-post-type=\"page\">\n\t\t\t\t<div class=\"elementor-element elementor-element-1aed512 e-con-full e-flex e-con e-parent\" data-id=\"1aed512\" data-element_type=\"container\" data-e-type=\"container\" data-settings=\"{&quot;background_background&quot;:&quot;classic&quot;}\">\n\t\t<div class=\"elementor-element elementor-element-03a27e7 e-con-full e-flex e-con e-child\" data-id=\"03a27e7\" data-element_type=\"container\" data-e-type=\"container\" data-settings=\"{&quot;background_background&quot;:&quot;classic&quot;}\">\n\t\t<div class=\"elementor-element elementor-element-532f6e9 e-con-full e-flex e-con e-child\" data-id=\"532f6e9\" data-element_type=\"container\" data-e-type=\"container\" data-settings=\"{&quot;background_background&quot;:&quot;classic&quot;}\">\n\t\t\t\t<div class=\"elementor-element elementor-element-bdce97d elementor-widget elementor-widget-heading\" data-id=\"bdce97d\" data-element_type=\"widget\" data-e-type=\"widget\" data-widget_type=\"heading.default\">\n\t\t\t\t\t<h1 class=\"elementor-heading-title elementor-size-default\">Roues motrices pour <span style=\"color: #B3E5FC\">syst\u00e8mes AGV et AMR<\/span><\/h1>\t\t\t\t<\/div>\n\t\t\t\t<\/div>\n\t\t\t\t<\/div>\n\t\t\t\t<\/div>\n\t\t<div class=\"elementor-element elementor-element-f884bbc e-con-full e-flex e-con e-parent\" data-id=\"f884bbc\" data-element_type=\"container\" data-e-type=\"container\">\n\t\t\t\t<div class=\"elementor-element elementor-element-16e2f29 elementor-widget elementor-widget-heading\" data-id=\"16e2f29\" data-element_type=\"widget\" data-e-type=\"widget\" data-widget_type=\"heading.default\">\n\t\t\t\t\t<h2 class=\"elementor-heading-title elementor-size-default\">Roues motrices AVO pour AGV et AMR : pr\u00e9cision, fiabilit\u00e9 et long\u00e9vit\u00e9 dans les syst\u00e8mes de manutention automatis\u00e9s<\/h2>\t\t\t\t<\/div>\n\t\t\t\t<div class=\"elementor-element elementor-element-11f5bff elementor-widget elementor-widget-text-editor\" data-id=\"11f5bff\" data-element_type=\"widget\" data-e-type=\"widget\" data-widget_type=\"text-editor.default\">\n\t\t\t\t\t\t\t\t\t<p>Les roues motrices AVO pour AGV et AMR sont con\u00e7ues pour r\u00e9pondre aux plus hauts standards de pr\u00e9cision, de r\u00e9sistance et de fiabilit\u00e9 exig\u00e9s par les syst\u00e8mes de manutention automatis\u00e9s.<br \/>Id\u00e9ales pour l\u2019int\u00e9gration dans les v\u00e9hicules \u00e0 guidage automatique (AGV) et les robots mobiles autonomes (AMR), ces roues assurent une transmission de couple optimale, une traction constante et une efficacit\u00e9 op\u00e9rationnelle maximale, m\u00eame en cycles continus et dans des environnements industriels complexes.<\/p>\n<p>Gr\u00e2ce \u00e0 l\u2019utilisation de mat\u00e9riaux haute performance tels que le polyur\u00e9thane de qualit\u00e9 sup\u00e9rieure ou le Vulkollan\u00ae, les roues motrices AVO offrent une excellente r\u00e9sistance \u00e0 l\u2019usure, une adh\u00e9rence au sol optimale et un roulement silencieux, contribuant \u00e0 r\u00e9duire la maintenance et les temps d\u2019arr\u00eat.<\/p>\n\t\t\t\t\t\t\t\t<\/div>\n\t\t\t\t<\/div>\n\t\t<div class=\"elementor-element elementor-element-5845c2a e-con-full e-flex e-con e-parent\" data-id=\"5845c2a\" data-element_type=\"container\" data-e-type=\"container\">\n\t\t<div class=\"elementor-element elementor-element-9fa801b e-con-full e-flex e-con e-child\" data-id=\"9fa801b\" data-element_type=\"container\" data-e-type=\"container\">\n\t\t<div class=\"elementor-element elementor-element-4a49491 e-con-full e-flex e-con e-child\" data-id=\"4a49491\" data-element_type=\"container\" data-e-type=\"container\">\n\t\t\t\t<div class=\"elementor-element elementor-element-d56f8c0 elementor-widget elementor-widget-heading\" data-id=\"d56f8c0\" data-element_type=\"widget\" data-e-type=\"widget\" data-widget_type=\"heading.default\">\n\t\t\t\t\t<h2 class=\"elementor-heading-title elementor-size-default\">Caract\u00e9ristiques distinctives des roues motrices AVO pour AGV\/AMR:<\/h2>\t\t\t\t<\/div>\n\t\t\t\t<div class=\"elementor-element elementor-element-442553b elementor-widget elementor-widget-text-editor\" data-id=\"442553b\" data-element_type=\"widget\" data-e-type=\"widget\" data-widget_type=\"text-editor.default\">\n\t\t\t\t\t\t\t\t\t<ul>\n<li>Haute pr\u00e9cision dimensionnelle pour un accouplement parfait avec moteurs et r\u00e9ducteurs<\/li>\n<li>Mat\u00e9riaux anti-abrasion assurant des performances constantes dans le temps<\/li>\n<li>Excellente traction, m\u00eame sur sols lisses ou trait\u00e9s<\/li>\n<li>Faible d\u00e9gagement de chaleur, id\u00e9al pour un fonctionnement continu<\/li>\n<li>Disponibilit\u00e9 de solutions personnalis\u00e9es sur demande : moyeux, per\u00e7ages, profils de bande de roulement et connexions sp\u00e9cifiques \u00e0 chaque syst\u00e8me<\/li>\n<\/ul>\n<p>Les roues motrices AVO pour AGV et AMR sont le fruit d\u2019une solide exp\u00e9rience dans le domaine de la manutention industrielle automatis\u00e9e et constituent un choix strat\u00e9gique pour les concepteurs et utilisateurs de flottes AGV dans les secteurs de l\u2019intralogistique, de l\u2019automobile, de l\u2019agroalimentaire, du pharmaceutique et du e-commerce.<\/p>\n<p><strong>Des solutions sur mesure ? Aucun probl\u00e8me.<\/strong><br \/>L\u2019\u00e9quipe technique d\u2019AVO est en mesure de d\u00e9velopper des roues motrices personnalis\u00e9es selon plan ou sp\u00e9cifications, garantissant une int\u00e9gration parfaite avec tout syst\u00e8me AGV\/AMR disponible sur le march\u00e9.<\/p>\n\t\t\t\t\t\t\t\t<\/div>\n\t\t\t\t<\/div>\n\t\t<div class=\"elementor-element elementor-element-1feb4c3 e-con-full e-flex e-con e-child\" data-id=\"1feb4c3\" data-element_type=\"container\" data-e-type=\"container\">\n\t\t\t\t<div class=\"elementor-element elementor-element-4aeb00c elementor-widget elementor-widget-image\" data-id=\"4aeb00c\" data-element_type=\"widget\" data-e-type=\"widget\" data-widget_type=\"image.default\">\n\t\t\t\t\t\t\t\t\t\t\t\t\t\t\t\t<a href=\"https:\/\/www.avo.it\/wp-content\/uploads\/2025\/10\/AGV-1a.jpg\" data-elementor-open-lightbox=\"yes\" data-e-action-hash=\"#elementor-action%3Aaction%3Dlightbox%26settings%3DeyJpZCI6MTUzMjE2LCJ1cmwiOiJodHRwczpcL1wvd3d3LmF2by5pdFwvd3AtY29udGVudFwvdXBsb2Fkc1wvMjAyNVwvMTBcL0FHVi0xYS5qcGcifQ%3D%3D\">\n\t\t\t\t\t\t\t<img fetchpriority=\"high\" decoding=\"async\" width=\"1000\" height=\"898\" src=\"https:\/\/www.avo.it\/wp-content\/uploads\/2025\/10\/AGV-1a.jpg\" class=\"attachment-full size-full wp-image-153216\" alt=\"\" srcset=\"https:\/\/www.avo.it\/wp-content\/uploads\/2025\/10\/AGV-1a.jpg 1000w, https:\/\/www.avo.it\/wp-content\/uploads\/2025\/10\/AGV-1a-300x269.jpg 300w, https:\/\/www.avo.it\/wp-content\/uploads\/2025\/10\/AGV-1a-768x690.jpg 768w\" sizes=\"(max-width: 1000px) 100vw, 1000px\" \/>\t\t\t\t\t\t\t\t<\/a>\n\t\t\t\t\t\t\t\t\t\t\t\t\t\t\t<\/div>\n\t\t\t\t<div class=\"elementor-element elementor-element-4dce0d5 elementor-arrows-position-outside elementor-widget-mobile__width-initial elementor-pagination-position-outside elementor-widget elementor-widget-image-carousel\" data-id=\"4dce0d5\" data-element_type=\"widget\" data-e-type=\"widget\" data-settings=\"{&quot;slides_to_show&quot;:&quot;2&quot;,&quot;slides_to_show_mobile&quot;:&quot;1&quot;,&quot;navigation&quot;:&quot;both&quot;,&quot;autoplay&quot;:&quot;yes&quot;,&quot;autoplay_speed&quot;:5000,&quot;infinite&quot;:&quot;yes&quot;,&quot;speed&quot;:500,&quot;image_spacing_custom&quot;:{&quot;unit&quot;:&quot;px&quot;,&quot;size&quot;:20,&quot;sizes&quot;:[]},&quot;image_spacing_custom_tablet&quot;:{&quot;unit&quot;:&quot;px&quot;,&quot;size&quot;:&quot;&quot;,&quot;sizes&quot;:[]}}\" data-widget_type=\"image-carousel.default\">\n\t\t\t\t\t\t\t<div class=\"elementor-image-carousel-wrapper swiper\" role=\"region\" aria-roledescription=\"carousel\" aria-label=\"Carosello ruote motrici\" dir=\"ltr\">\n\t\t\t<div class=\"elementor-image-carousel swiper-wrapper swiper-image-stretch\" aria-live=\"off\">\n\t\t\t\t\t\t\t\t<div class=\"swiper-slide\" role=\"group\" aria-roledescription=\"slide\" aria-label=\"1 sur 3\"><a data-elementor-open-lightbox=\"yes\" data-elementor-lightbox-slideshow=\"4dce0d5\" data-e-action-hash=\"#elementor-action%3Aaction%3Dlightbox%26settings%3DeyJpZCI6MTUyNzg3LCJ1cmwiOiJodHRwczpcL1wvd3d3LmF2by5pdFwvd3AtY29udGVudFwvdXBsb2Fkc1wvMjAyNVwvMTBcL0FHVi01LmpwZyIsInNsaWRlc2hvdyI6IjRkY2UwZDUifQ%3D%3D\" href=\"https:\/\/www.avo.it\/wp-content\/uploads\/2025\/10\/AGV-5.jpg\"><figure class=\"swiper-slide-inner\"><img decoding=\"async\" class=\"swiper-slide-image\" src=\"https:\/\/www.avo.it\/wp-content\/uploads\/2025\/10\/AGV-5.jpg\" alt=\"AGV-5\" \/><\/figure><\/a><\/div><div class=\"swiper-slide\" role=\"group\" aria-roledescription=\"slide\" aria-label=\"2 sur 3\"><a data-elementor-open-lightbox=\"yes\" data-elementor-lightbox-slideshow=\"4dce0d5\" data-e-action-hash=\"#elementor-action%3Aaction%3Dlightbox%26settings%3DeyJpZCI6MTUyNzgyLCJ1cmwiOiJodHRwczpcL1wvd3d3LmF2by5pdFwvd3AtY29udGVudFwvdXBsb2Fkc1wvMjAyNVwvMTBcL0FHVi00LmpwZyIsInNsaWRlc2hvdyI6IjRkY2UwZDUifQ%3D%3D\" href=\"https:\/\/www.avo.it\/wp-content\/uploads\/2025\/10\/AGV-4.jpg\"><figure class=\"swiper-slide-inner\"><img decoding=\"async\" class=\"swiper-slide-image\" src=\"https:\/\/www.avo.it\/wp-content\/uploads\/2025\/10\/AGV-4.jpg\" alt=\"AGV-4\" \/><\/figure><\/a><\/div><div class=\"swiper-slide\" role=\"group\" aria-roledescription=\"slide\" aria-label=\"3 sur 3\"><a data-elementor-open-lightbox=\"yes\" data-elementor-lightbox-slideshow=\"4dce0d5\" data-e-action-hash=\"#elementor-action%3Aaction%3Dlightbox%26settings%3DeyJpZCI6MTUyNzcyLCJ1cmwiOiJodHRwczpcL1wvd3d3LmF2by5pdFwvd3AtY29udGVudFwvdXBsb2Fkc1wvMjAyNVwvMTBcL0FHVi03LmpwZyIsInNsaWRlc2hvdyI6IjRkY2UwZDUifQ%3D%3D\" href=\"https:\/\/www.avo.it\/wp-content\/uploads\/2025\/10\/AGV-7.jpg\"><figure class=\"swiper-slide-inner\"><img decoding=\"async\" class=\"swiper-slide-image\" src=\"https:\/\/www.avo.it\/wp-content\/uploads\/2025\/10\/AGV-7.jpg\" alt=\"AGV-7\" \/><\/figure><\/a><\/div>\t\t\t<\/div>\n\t\t\t\t\t\t\t\t\t\t\t\t<div class=\"elementor-swiper-button elementor-swiper-button-prev\" role=\"button\" tabindex=\"0\">\n\t\t\t\t\t\t<svg aria-hidden=\"true\" class=\"e-font-icon-svg e-eicon-chevron-left\" viewBox=\"0 0 1000 1000\" xmlns=\"http:\/\/www.w3.org\/2000\/svg\"><path d=\"M646 125C629 125 613 133 604 142L308 442C296 454 292 471 292 487 292 504 296 521 308 533L604 854C617 867 629 875 646 875 663 875 679 871 692 858 704 846 713 829 713 812 713 796 708 779 692 767L438 487 692 225C700 217 708 204 708 187 708 171 704 154 692 142 675 129 663 125 646 125Z\"><\/path><\/svg>\t\t\t\t\t<\/div>\n\t\t\t\t\t<div class=\"elementor-swiper-button elementor-swiper-button-next\" role=\"button\" tabindex=\"0\">\n\t\t\t\t\t\t<svg aria-hidden=\"true\" class=\"e-font-icon-svg e-eicon-chevron-right\" viewBox=\"0 0 1000 1000\" xmlns=\"http:\/\/www.w3.org\/2000\/svg\"><path d=\"M696 533C708 521 713 504 713 487 713 471 708 454 696 446L400 146C388 133 375 125 354 125 338 125 325 129 313 142 300 154 292 171 292 187 292 204 296 221 308 233L563 492 304 771C292 783 288 800 288 817 288 833 296 850 308 863 321 871 338 875 354 875 371 875 388 867 400 854L696 533Z\"><\/path><\/svg>\t\t\t\t\t<\/div>\n\t\t\t\t\n\t\t\t\t\t\t\t\t\t<div class=\"swiper-pagination\"><\/div>\n\t\t\t\t\t\t\t\t\t<\/div>\n\t\t\t\t\t\t<\/div>\n\t\t<div class=\"elementor-element elementor-element-dbd4911 e-con-full e-flex e-con e-child\" data-id=\"dbd4911\" data-element_type=\"container\" data-e-type=\"container\" data-settings=\"{&quot;background_background&quot;:&quot;classic&quot;}\">\n\t\t\t\t<div class=\"elementor-element elementor-element-e9d40af elementor-widget elementor-widget-heading\" data-id=\"e9d40af\" data-element_type=\"widget\" data-e-type=\"widget\" data-widget_type=\"heading.default\">\n\t\t\t\t\t<h2 class=\"elementor-heading-title elementor-size-default\">Roues motrices AVO pour AGV et AMR<\/h2>\t\t\t\t<\/div>\n\t\t\t\t<\/div>\n\t\t\t\t<\/div>\n\t\t\t\t<\/div>\n\t\t\t\t<\/div>\n\t\t<div class=\"elementor-element elementor-element-e631a34 e-con-full e-flex e-con e-parent\" data-id=\"e631a34\" data-element_type=\"container\" data-e-type=\"container\">\n\t\t<div class=\"elementor-element elementor-element-72cda97 e-con-full e-flex e-con e-child\" data-id=\"72cda97\" data-element_type=\"container\" data-e-type=\"container\">\n\t\t<div class=\"elementor-element elementor-element-6c25b7f e-con-full e-flex e-con e-child\" data-id=\"6c25b7f\" data-element_type=\"container\" data-e-type=\"container\">\n\t\t\t\t<div class=\"elementor-element elementor-element-1c80571 elementor-widget elementor-widget-text-editor\" data-id=\"1c80571\" data-element_type=\"widget\" data-e-type=\"widget\" data-widget_type=\"text-editor.default\">\n\t\t\t\t\t\t\t\t\t<p><strong>Pour plus de d\u00e9tails techniques ou pour demander un conseil personnalis\u00e9:<\/strong><\/p>\n\t\t\t\t\t\t\t\t<\/div>\n\t\t\t\t<div class=\"elementor-element elementor-element-14ce0be elementor-position-inline-end elementor-mobile-position-inline-end elementor-view-default elementor-widget elementor-widget-icon-box\" data-id=\"14ce0be\" data-element_type=\"widget\" data-e-type=\"widget\" data-widget_type=\"icon-box.default\">\n\t\t\t\t\t\t\t<div class=\"elementor-icon-box-wrapper\">\n\n\t\t\t\t\t\t<div class=\"elementor-icon-box-icon\">\n\t\t\t\t<a href=\"https:\/\/www.avo.it\/contatti\/\" title=\"Approfondisci\" class=\"elementor-icon\" tabindex=\"-1\" aria-label=\"contactez-nous\">\n\t\t\t\t<svg xmlns=\"http:\/\/www.w3.org\/2000\/svg\" id=\"Livello_1\" data-name=\"Livello 1\" viewBox=\"0 0 36.78 36.78\"><defs><style>      .cls-1 {        fill: #b3e5fc;      }      .cls-2 {        fill: #21355a;      }    <\/style><\/defs><circle class=\"cls-1\" cx=\"18.39\" cy=\"18.39\" r=\"18.39\"><\/circle><path class=\"cls-2\" d=\"M13.65,26.72l7.81-7.81c.28-.28.28-.77,0-1.04l-7.81-7.81,1.04-1.04,7.81,7.81c.84.84.84,2.3,0,3.13l-7.81,7.81-1.04-1.04Z\"><\/path><\/svg>\t\t\t\t<\/a>\n\t\t\t<\/div>\n\t\t\t\n\t\t\t\t\t\t<div class=\"elementor-icon-box-content\">\n\n\t\t\t\t\t\t\t\t\t<h3 class=\"elementor-icon-box-title\">\n\t\t\t\t\t\t<a href=\"https:\/\/www.avo.it\/contatti\/\" title=\"Approfondisci\" >\n\t\t\t\t\t\t\tcontactez-nous\t\t\t\t\t\t<\/a>\n\t\t\t\t\t<\/h3>\n\t\t\t\t\n\t\t\t\t\n\t\t\t<\/div>\n\t\t\t\n\t\t<\/div>\n\t\t\t\t\t\t<\/div>\n\t\t\t\t<\/div>\n\t\t\t\t<\/div>\n\t\t\t\t<\/div>\n\t\t\t\t<\/div>\n\t\t","protected":false},"excerpt":{"rendered":"<p>Roues motrices pour syst\u00e8mes AGV et AMR Roues motrices AVO pour AGV et AMR : pr\u00e9cision, fiabilit\u00e9 et long\u00e9vit\u00e9 dans les syst\u00e8mes de manutention automatis\u00e9s Les roues motrices AVO pour AGV et AMR sont con\u00e7ues pour r\u00e9pondre aux plus hauts standards de pr\u00e9cision, de r\u00e9sistance et de fiabilit\u00e9 exig\u00e9s par les syst\u00e8mes de manutention automatis\u00e9s.Id\u00e9ales [&hellip;]<\/p>\n","protected":false},"author":2,"featured_media":0,"parent":153344,"menu_order":0,"comment_status":"closed","ping_status":"closed","template":"","meta":{"_acf_changed":false,"footnotes":""},"class_list":["post-153374","page","type-page","status-publish","hentry"],"acf":[],"_links":{"self":[{"href":"https:\/\/www.avo.it\/fr\/wp-json\/wp\/v2\/pages\/153374","targetHints":{"allow":["GET"]}}],"collection":[{"href":"https:\/\/www.avo.it\/fr\/wp-json\/wp\/v2\/pages"}],"about":[{"href":"https:\/\/www.avo.it\/fr\/wp-json\/wp\/v2\/types\/page"}],"author":[{"embeddable":true,"href":"https:\/\/www.avo.it\/fr\/wp-json\/wp\/v2\/users\/2"}],"replies":[{"embeddable":true,"href":"https:\/\/www.avo.it\/fr\/wp-json\/wp\/v2\/comments?post=153374"}],"version-history":[{"count":3,"href":"https:\/\/www.avo.it\/fr\/wp-json\/wp\/v2\/pages\/153374\/revisions"}],"predecessor-version":[{"id":153514,"href":"https:\/\/www.avo.it\/fr\/wp-json\/wp\/v2\/pages\/153374\/revisions\/153514"}],"up":[{"embeddable":true,"href":"https:\/\/www.avo.it\/fr\/wp-json\/wp\/v2\/pages\/153344"}],"wp:attachment":[{"href":"https:\/\/www.avo.it\/fr\/wp-json\/wp\/v2\/media?parent=153374"}],"curies":[{"name":"wp","href":"https:\/\/api.w.org\/{rel}","templated":true}]}}