{"id":153581,"date":"2025-08-18T09:09:30","date_gmt":"2025-08-18T09:09:30","guid":{"rendered":"https:\/\/avo.it\/informations-techniques\/accessoires\/"},"modified":"2025-11-13T09:57:03","modified_gmt":"2025-11-13T09:57:03","slug":"accessoires","status":"publish","type":"page","link":"https:\/\/www.avo.it\/fr\/informations-techniques\/accessoires\/","title":{"rendered":"Accessoires"},"content":{"rendered":"\t\t<div data-elementor-type=\"wp-page\" data-elementor-id=\"153581\" class=\"elementor elementor-153581 elementor-150488\" data-elementor-post-type=\"page\">\n\t\t\t\t<div class=\"elementor-element elementor-element-5a98839 e-con-full e-flex e-con e-parent\" data-id=\"5a98839\" data-element_type=\"container\" data-e-type=\"container\" data-settings=\"{&quot;background_background&quot;:&quot;classic&quot;}\">\n\t\t<div class=\"elementor-element elementor-element-4fafbae e-con-full e-flex e-con e-child\" data-id=\"4fafbae\" data-element_type=\"container\" data-e-type=\"container\" data-settings=\"{&quot;background_background&quot;:&quot;classic&quot;}\">\n\t\t<div class=\"elementor-element elementor-element-74947ac e-con-full e-flex e-con e-child\" data-id=\"74947ac\" data-element_type=\"container\" data-e-type=\"container\" data-settings=\"{&quot;background_background&quot;:&quot;classic&quot;}\">\n\t\t\t\t<div class=\"elementor-element elementor-element-3a8c620 elementor-widget elementor-widget-heading\" data-id=\"3a8c620\" data-element_type=\"widget\" data-e-type=\"widget\" data-widget_type=\"heading.default\">\n\t\t\t\t\t<h1 class=\"elementor-heading-title elementor-size-default\"><span style=\"color: #B3E5FC\">Accessoires<\/span><\/h1>\t\t\t\t<\/div>\n\t\t\t\t<\/div>\n\t\t\t\t<\/div>\n\t\t\t\t<\/div>\n\t\t<div class=\"elementor-element elementor-element-a65a2a1 e-con-full e-flex e-con e-parent\" data-id=\"a65a2a1\" data-element_type=\"container\" data-e-type=\"container\">\n\t\t\t\t<div class=\"elementor-element elementor-element-fb47279 elementor-widget elementor-widget-heading\" data-id=\"fb47279\" data-element_type=\"widget\" data-e-type=\"widget\" data-widget_type=\"heading.default\">\n\t\t\t\t\t<h2 class=\"elementor-heading-title elementor-size-default\">Accessoires pour roues et roulettes<\/h2>\t\t\t\t<\/div>\n\t\t\t\t<div class=\"elementor-element elementor-element-3f1900c elementor-widget elementor-widget-text-editor\" data-id=\"3f1900c\" data-element_type=\"widget\" data-e-type=\"widget\" data-widget_type=\"text-editor.default\">\n\t\t\t\t\t\t\t\t\t<p>Les accessoires am\u00e9liorent la s\u00e9curit\u00e9 et l\u2019efficacit\u00e9 des chariots.<br \/>Les prot\u00e8ge-fils emp\u00eachent l\u2019enroulement de r\u00e9sidus autour de l\u2019axe, r\u00e9duisant ainsi l\u2019usure et les besoins de maintenance.<br \/>Les freins directionnels bloquent les supports pivotants pour une meilleure stabilit\u00e9 sur les trajets rectilignes.<br \/>Les prot\u00e8ge-pieds prot\u00e8gent l\u2019op\u00e9rateur contre les chocs et les \u00e9crasements.<br \/>Des solutions id\u00e9ales pour les environnements industriels, logistiques et hospitaliers.<\/p>\n\t\t\t\t\t\t\t\t<\/div>\n\t\t\t\t<\/div>\n\t\t<div class=\"elementor-element elementor-element-c0e2b9a e-con-full e-flex e-con e-parent\" data-id=\"c0e2b9a\" data-element_type=\"container\" data-e-type=\"container\">\n\t\t<div class=\"elementor-element elementor-element-4827805 e-con-full e-flex e-con e-child\" data-id=\"4827805\" data-element_type=\"container\" data-e-type=\"container\">\n\t\t<div class=\"elementor-element elementor-element-04dcbb1 e-con-full e-flex e-con e-child\" data-id=\"04dcbb1\" data-element_type=\"container\" data-e-type=\"container\">\n\t\t\t\t<div class=\"elementor-element elementor-element-1b2c826 elementor-widget elementor-widget-heading\" data-id=\"1b2c826\" data-element_type=\"widget\" data-e-type=\"widget\" data-widget_type=\"heading.default\">\n\t\t\t\t\t<h3 class=\"elementor-heading-title elementor-size-default\">Prot\u00e8ge-fils<\/h3>\t\t\t\t<\/div>\n\t\t\t\t<div class=\"elementor-element elementor-element-ca19c9f elementor-widget elementor-widget-text-editor\" data-id=\"ca19c9f\" data-element_type=\"widget\" data-e-type=\"widget\" data-widget_type=\"text-editor.default\">\n\t\t\t\t\t\t\t\t\t<p>Les prot\u00e8ge-fils sont des accessoires appliqu\u00e9s sur les roues afin d\u2019emp\u00eacher l\u2019enroulement de fils, cheveux, cordes ou autres r\u00e9sidus autour du moyeu et de l\u2019axe.<br \/>Cet \u00e9l\u00e9ment de protection contribue \u00e0 maintenir une fluidit\u00e9 de rotation constante, r\u00e9duit l\u2019usure pr\u00e9matur\u00e9e et pr\u00e9vient les blocages accidentels pendant le mouvement.<br \/>G\u00e9n\u00e9ralement r\u00e9alis\u00e9s en acier zingu\u00e9, en acier inoxydable ou en mat\u00e9riaux plastiques techniques, les prot\u00e8ge-fils sont particuli\u00e8rement recommand\u00e9s pour les chariots utilis\u00e9s dans des environnements tels que les structures hospitali\u00e8res, l\u2019industrie alimentaire et les laboratoires, o\u00f9 l\u2019hygi\u00e8ne et la fiabilit\u00e9 sont essentielles.<br \/>En plus d\u2019accro\u00eetre la long\u00e9vit\u00e9 des roues, ils facilitent les op\u00e9rations de maintenance et r\u00e9duisent les temps d\u2019arr\u00eat des \u00e9quipements.<\/p>\n\t\t\t\t\t\t\t\t<\/div>\n\t\t\t\t<\/div>\n\t\t<div class=\"elementor-element elementor-element-13e14e4 e-con-full e-flex e-con e-child\" data-id=\"13e14e4\" data-element_type=\"container\" data-e-type=\"container\">\n\t\t\t\t<div class=\"elementor-element elementor-element-9e5097d elementor-widget elementor-widget-image\" data-id=\"9e5097d\" data-element_type=\"widget\" data-e-type=\"widget\" data-widget_type=\"image.default\">\n\t\t\t\t\t\t\t\t\t\t\t\t\t\t\t\t<a href=\"https:\/\/www.avo.it\/wp-content\/uploads\/2025\/08\/PARAFILI-e1756296645741.png\" data-elementor-open-lightbox=\"yes\" data-e-action-hash=\"#elementor-action%3Aaction%3Dlightbox%26settings%3DeyJpZCI6MTUxMDg2LCJ1cmwiOiJodHRwczpcL1wvd3d3LmF2by5pdFwvd3AtY29udGVudFwvdXBsb2Fkc1wvMjAyNVwvMDhcL1BBUkFGSUxJLWUxNzU2Mjk2NjQ1NzQxLnBuZyJ9\">\n\t\t\t\t\t\t\t<img fetchpriority=\"high\" decoding=\"async\" width=\"2048\" height=\"2048\" src=\"https:\/\/www.avo.it\/wp-content\/uploads\/2025\/08\/PARAFILI-e1756296645741.png\" class=\"attachment-full size-full wp-image-151086\" alt=\"\" \/>\t\t\t\t\t\t\t\t<\/a>\n\t\t\t\t\t\t\t\t\t\t\t\t\t\t\t<\/div>\n\t\t\t\t<\/div>\n\t\t\t\t<\/div>\n\t\t\t\t<\/div>\n\t\t<div class=\"elementor-element elementor-element-4111f9c e-con-full e-flex e-con e-parent\" data-id=\"4111f9c\" data-element_type=\"container\" data-e-type=\"container\">\n\t\t\t\t<div class=\"elementor-element elementor-element-cdf2b76 elementor-widget-divider--view-line elementor-widget elementor-widget-divider\" data-id=\"cdf2b76\" data-element_type=\"widget\" data-e-type=\"widget\" data-widget_type=\"divider.default\">\n\t\t\t\t\t\t\t<div class=\"elementor-divider\">\n\t\t\t<span class=\"elementor-divider-separator\">\n\t\t\t\t\t\t<\/span>\n\t\t<\/div>\n\t\t\t\t\t\t<\/div>\n\t\t<div class=\"elementor-element elementor-element-b8d1686 e-con-full e-flex e-con e-child\" data-id=\"b8d1686\" data-element_type=\"container\" data-e-type=\"container\">\n\t\t<div class=\"elementor-element elementor-element-0caf82f e-con-full e-flex e-con e-child\" data-id=\"0caf82f\" data-element_type=\"container\" data-e-type=\"container\">\n\t\t\t\t<div class=\"elementor-element elementor-element-06c3eab elementor-widget elementor-widget-heading\" data-id=\"06c3eab\" data-element_type=\"widget\" data-e-type=\"widget\" data-widget_type=\"heading.default\">\n\t\t\t\t\t<h3 class=\"elementor-heading-title elementor-size-default\">Freins directionnels<\/h3>\t\t\t\t<\/div>\n\t\t\t\t<div class=\"elementor-element elementor-element-58498f9 elementor-widget elementor-widget-text-editor\" data-id=\"58498f9\" data-element_type=\"widget\" data-e-type=\"widget\" data-widget_type=\"text-editor.default\">\n\t\t\t\t\t\t\t\t\t<p>Les freins directionnels sont des accessoires appliqu\u00e9s sur les supports pivotants, permettant de bloquer temporairement la rotation du support et de transformer ainsi la roue pivotante en roue fixe.<br \/>Cette fonction am\u00e9liore la stabilit\u00e9 et le contr\u00f4le du chariot lors des d\u00e9placements en ligne droite, notamment sur de longues distances.<br \/>L\u2019activation du frein s\u2019effectue facilement et rapidement, par levier ou p\u00e9dale, ce qui permet \u00e0 l\u2019op\u00e9rateur de choisir ais\u00e9ment le mode de conduite le plus adapt\u00e9.<br \/>Les freins directionnels sont particuli\u00e8rement utiles sur les chariots de transport industriel, les \u00e9quipements de manutention et dans toutes les applications n\u00e9cessitant \u00e0 la fois maniabilit\u00e9 et pr\u00e9cision de direction.<\/p>\n\t\t\t\t\t\t\t\t<\/div>\n\t\t\t\t<\/div>\n\t\t<div class=\"elementor-element elementor-element-cd946e3 e-con-full e-flex e-con e-child\" data-id=\"cd946e3\" data-element_type=\"container\" data-e-type=\"container\">\n\t\t\t\t<div class=\"elementor-element elementor-element-7cb9fb5 elementor-widget elementor-widget-image\" data-id=\"7cb9fb5\" data-element_type=\"widget\" data-e-type=\"widget\" data-widget_type=\"image.default\">\n\t\t\t\t\t\t\t\t\t\t\t\t\t\t\t\t<a href=\"https:\/\/www.avo.it\/wp-content\/uploads\/2025\/08\/FRENI-DIREZIONALI.png\" data-elementor-open-lightbox=\"yes\" data-e-action-hash=\"#elementor-action%3Aaction%3Dlightbox%26settings%3DeyJpZCI6MTUxMDgxLCJ1cmwiOiJodHRwczpcL1wvd3d3LmF2by5pdFwvd3AtY29udGVudFwvdXBsb2Fkc1wvMjAyNVwvMDhcL0ZSRU5JLURJUkVaSU9OQUxJLnBuZyJ9\">\n\t\t\t\t\t\t\t<img decoding=\"async\" width=\"2048\" height=\"2048\" src=\"https:\/\/www.avo.it\/wp-content\/uploads\/2025\/08\/FRENI-DIREZIONALI.png\" class=\"attachment-full size-full wp-image-151081\" alt=\"\" srcset=\"https:\/\/www.avo.it\/wp-content\/uploads\/2025\/08\/FRENI-DIREZIONALI.png 2048w, https:\/\/www.avo.it\/wp-content\/uploads\/2025\/08\/FRENI-DIREZIONALI-300x300.png 300w, https:\/\/www.avo.it\/wp-content\/uploads\/2025\/08\/FRENI-DIREZIONALI-1024x1024.png 1024w, https:\/\/www.avo.it\/wp-content\/uploads\/2025\/08\/FRENI-DIREZIONALI-150x150.png 150w, https:\/\/www.avo.it\/wp-content\/uploads\/2025\/08\/FRENI-DIREZIONALI-768x768.png 768w, https:\/\/www.avo.it\/wp-content\/uploads\/2025\/08\/FRENI-DIREZIONALI-1536x1536.png 1536w\" sizes=\"(max-width: 2048px) 100vw, 2048px\" \/>\t\t\t\t\t\t\t\t<\/a>\n\t\t\t\t\t\t\t\t\t\t\t\t\t\t\t<\/div>\n\t\t\t\t<\/div>\n\t\t\t\t<\/div>\n\t\t\t\t<\/div>\n\t\t<div class=\"elementor-element elementor-element-7dd553c e-con-full e-flex e-con e-parent\" data-id=\"7dd553c\" data-element_type=\"container\" data-e-type=\"container\">\n\t\t\t\t<div class=\"elementor-element elementor-element-29b4dfd elementor-widget-divider--view-line elementor-widget elementor-widget-divider\" data-id=\"29b4dfd\" data-element_type=\"widget\" data-e-type=\"widget\" data-widget_type=\"divider.default\">\n\t\t\t\t\t\t\t<div class=\"elementor-divider\">\n\t\t\t<span class=\"elementor-divider-separator\">\n\t\t\t\t\t\t<\/span>\n\t\t<\/div>\n\t\t\t\t\t\t<\/div>\n\t\t<div class=\"elementor-element elementor-element-9e07b39 e-con-full e-flex e-con e-child\" data-id=\"9e07b39\" data-element_type=\"container\" data-e-type=\"container\">\n\t\t<div class=\"elementor-element elementor-element-4e6689f e-con-full e-flex e-con e-child\" data-id=\"4e6689f\" data-element_type=\"container\" data-e-type=\"container\">\n\t\t\t\t<div class=\"elementor-element elementor-element-7d25c64 elementor-widget elementor-widget-heading\" data-id=\"7d25c64\" data-element_type=\"widget\" data-e-type=\"widget\" data-widget_type=\"heading.default\">\n\t\t\t\t\t<h3 class=\"elementor-heading-title elementor-size-default\">Prot\u00e8ge-pieds<\/h3>\t\t\t\t<\/div>\n\t\t\t\t<div class=\"elementor-element elementor-element-e64e158 elementor-widget elementor-widget-text-editor\" data-id=\"e64e158\" data-element_type=\"widget\" data-e-type=\"widget\" data-widget_type=\"text-editor.default\">\n\t\t\t\t\t\t\t\t\t<p>Les prot\u00e8ge-pieds sont des dispositifs de s\u00e9curit\u00e9 fix\u00e9s sur les supports des roues afin de prot\u00e9ger les pieds de l\u2019op\u00e9rateur contre les chocs accidentels lors de la manipulation des chariots.<br \/>Fabriqu\u00e9s en acier ou en mat\u00e9riaux plastiques r\u00e9sistants aux impacts, ils sont mont\u00e9s dans la partie inf\u00e9rieure du support, \u00e0 quelques millim\u00e8tres du sol, de mani\u00e8re \u00e0 d\u00e9vier les obstacles \u00e9ventuels et emp\u00eacher tout risque d\u2019\u00e9crasement du pied sous la roue.<br \/>Les prot\u00e8ge-pieds sont largement utilis\u00e9s dans les secteurs industriel et logistique, ainsi que dans toutes les applications o\u00f9 la s\u00e9curit\u00e9 du personnel constitue une priorit\u00e9 absolue.<\/p>\n\t\t\t\t\t\t\t\t<\/div>\n\t\t\t\t<\/div>\n\t\t<div class=\"elementor-element elementor-element-29e7038 e-con-full e-flex e-con e-child\" data-id=\"29e7038\" data-element_type=\"container\" data-e-type=\"container\">\n\t\t\t\t<div class=\"elementor-element elementor-element-b4bf22d elementor-widget elementor-widget-image\" data-id=\"b4bf22d\" data-element_type=\"widget\" data-e-type=\"widget\" data-widget_type=\"image.default\">\n\t\t\t\t\t\t\t\t\t\t\t\t\t\t\t\t<a href=\"https:\/\/www.avo.it\/wp-content\/uploads\/2025\/08\/PARAPIEDI.png\" data-elementor-open-lightbox=\"yes\" data-e-action-hash=\"#elementor-action%3Aaction%3Dlightbox%26settings%3DeyJpZCI6MTUxMDkxLCJ1cmwiOiJodHRwczpcL1wvd3d3LmF2by5pdFwvd3AtY29udGVudFwvdXBsb2Fkc1wvMjAyNVwvMDhcL1BBUkFQSUVESS5wbmcifQ%3D%3D\">\n\t\t\t\t\t\t\t<img decoding=\"async\" width=\"2048\" height=\"2048\" src=\"https:\/\/www.avo.it\/wp-content\/uploads\/2025\/08\/PARAPIEDI.png\" class=\"attachment-full size-full wp-image-151091\" alt=\"\" srcset=\"https:\/\/www.avo.it\/wp-content\/uploads\/2025\/08\/PARAPIEDI.png 2048w, https:\/\/www.avo.it\/wp-content\/uploads\/2025\/08\/PARAPIEDI-300x300.png 300w, https:\/\/www.avo.it\/wp-content\/uploads\/2025\/08\/PARAPIEDI-1024x1024.png 1024w, https:\/\/www.avo.it\/wp-content\/uploads\/2025\/08\/PARAPIEDI-150x150.png 150w, https:\/\/www.avo.it\/wp-content\/uploads\/2025\/08\/PARAPIEDI-768x768.png 768w, https:\/\/www.avo.it\/wp-content\/uploads\/2025\/08\/PARAPIEDI-1536x1536.png 1536w\" sizes=\"(max-width: 2048px) 100vw, 2048px\" \/>\t\t\t\t\t\t\t\t<\/a>\n\t\t\t\t\t\t\t\t\t\t\t\t\t\t\t<\/div>\n\t\t\t\t<\/div>\n\t\t\t\t<\/div>\n\t\t\t\t<\/div>\n\t\t<div class=\"elementor-element elementor-element-3ca9f9f e-con-full e-flex e-con e-parent\" data-id=\"3ca9f9f\" data-element_type=\"container\" data-e-type=\"container\">\n\t\t<div class=\"elementor-element elementor-element-ecd2697 e-con-full e-flex e-con e-child\" data-id=\"ecd2697\" data-element_type=\"container\" data-e-type=\"container\">\n\t\t<div class=\"elementor-element elementor-element-6402836 e-con-full e-flex e-con e-child\" data-id=\"6402836\" data-element_type=\"container\" data-e-type=\"container\">\n\t\t<div class=\"elementor-element elementor-element-bcef2e6 e-con-full e-flex e-con e-child\" data-id=\"bcef2e6\" data-element_type=\"container\" data-e-type=\"container\">\n\t\t\t\t<div class=\"elementor-element elementor-element-4c0d892 elementor-widget elementor-widget-text-editor\" data-id=\"4c0d892\" data-element_type=\"widget\" data-e-type=\"widget\" data-widget_type=\"text-editor.default\">\n\t\t\t\t\t\t\t\t\t<p><strong>Pour plus de d\u00e9tails techniques ou pour demander une consultation personnalis\u00e9e :<\/strong><\/p>\n\t\t\t\t\t\t\t\t<\/div>\n\t\t\t\t<div class=\"elementor-element elementor-element-b4356e8 elementor-position-inline-end elementor-mobile-position-inline-end elementor-view-default elementor-widget elementor-widget-icon-box\" data-id=\"b4356e8\" data-element_type=\"widget\" data-e-type=\"widget\" data-widget_type=\"icon-box.default\">\n\t\t\t\t\t\t\t<div class=\"elementor-icon-box-wrapper\">\n\n\t\t\t\t\t\t<div class=\"elementor-icon-box-icon\">\n\t\t\t\t<a href=\"https:\/\/www.avo.it\/contatti\/\" title=\"Approfondisci\" class=\"elementor-icon\" tabindex=\"-1\" aria-label=\"Contactez-nous\">\n\t\t\t\t<svg xmlns=\"http:\/\/www.w3.org\/2000\/svg\" id=\"Livello_1\" data-name=\"Livello 1\" viewBox=\"0 0 36.78 36.78\"><defs><style>      .cls-1 {        fill: #b3e5fc;      }      .cls-2 {        fill: #21355a;      }    <\/style><\/defs><circle class=\"cls-1\" cx=\"18.39\" cy=\"18.39\" r=\"18.39\"><\/circle><path class=\"cls-2\" d=\"M13.65,26.72l7.81-7.81c.28-.28.28-.77,0-1.04l-7.81-7.81,1.04-1.04,7.81,7.81c.84.84.84,2.3,0,3.13l-7.81,7.81-1.04-1.04Z\"><\/path><\/svg>\t\t\t\t<\/a>\n\t\t\t<\/div>\n\t\t\t\n\t\t\t\t\t\t<div class=\"elementor-icon-box-content\">\n\n\t\t\t\t\t\t\t\t\t<h3 class=\"elementor-icon-box-title\">\n\t\t\t\t\t\t<a href=\"https:\/\/www.avo.it\/contatti\/\" title=\"Approfondisci\" >\n\t\t\t\t\t\t\tContactez-nous\t\t\t\t\t\t<\/a>\n\t\t\t\t\t<\/h3>\n\t\t\t\t\n\t\t\t\t\n\t\t\t<\/div>\n\t\t\t\n\t\t<\/div>\n\t\t\t\t\t\t<\/div>\n\t\t\t\t<\/div>\n\t\t\t\t<\/div>\n\t\t\t\t<\/div>\n\t\t\t\t<\/div>\n\t\t\t\t<\/div>\n\t\t","protected":false},"excerpt":{"rendered":"<p>Accessoires Accessoires pour roues et roulettes Les accessoires am\u00e9liorent la s\u00e9curit\u00e9 et l\u2019efficacit\u00e9 des chariots.Les prot\u00e8ge-fils emp\u00eachent l\u2019enroulement de r\u00e9sidus autour de l\u2019axe, r\u00e9duisant ainsi l\u2019usure et les besoins de maintenance.Les freins directionnels bloquent les supports pivotants pour une meilleure stabilit\u00e9 sur les trajets rectilignes.Les prot\u00e8ge-pieds prot\u00e8gent l\u2019op\u00e9rateur contre les chocs et les \u00e9crasements.Des solutions [&hellip;]<\/p>\n","protected":false},"author":3,"featured_media":0,"parent":153579,"menu_order":0,"comment_status":"closed","ping_status":"closed","template":"","meta":{"_acf_changed":false,"footnotes":""},"class_list":["post-153581","page","type-page","status-publish","hentry"],"acf":[],"_links":{"self":[{"href":"https:\/\/www.avo.it\/fr\/wp-json\/wp\/v2\/pages\/153581","targetHints":{"allow":["GET"]}}],"collection":[{"href":"https:\/\/www.avo.it\/fr\/wp-json\/wp\/v2\/pages"}],"about":[{"href":"https:\/\/www.avo.it\/fr\/wp-json\/wp\/v2\/types\/page"}],"author":[{"embeddable":true,"href":"https:\/\/www.avo.it\/fr\/wp-json\/wp\/v2\/users\/3"}],"replies":[{"embeddable":true,"href":"https:\/\/www.avo.it\/fr\/wp-json\/wp\/v2\/comments?post=153581"}],"version-history":[{"count":1,"href":"https:\/\/www.avo.it\/fr\/wp-json\/wp\/v2\/pages\/153581\/revisions"}],"predecessor-version":[{"id":153582,"href":"https:\/\/www.avo.it\/fr\/wp-json\/wp\/v2\/pages\/153581\/revisions\/153582"}],"up":[{"embeddable":true,"href":"https:\/\/www.avo.it\/fr\/wp-json\/wp\/v2\/pages\/153579"}],"wp:attachment":[{"href":"https:\/\/www.avo.it\/fr\/wp-json\/wp\/v2\/media?parent=153581"}],"curies":[{"name":"wp","href":"https:\/\/api.w.org\/{rel}","templated":true}]}}