{"id":153583,"date":"2025-08-18T12:33:11","date_gmt":"2025-08-18T12:33:11","guid":{"rendered":"https:\/\/avo.it\/informations-techniques\/calcul-de-la-capacite-de-charge\/"},"modified":"2025-11-13T10:09:46","modified_gmt":"2025-11-13T10:09:46","slug":"calcul-de-la-capacite-de-charge","status":"publish","type":"page","link":"https:\/\/www.avo.it\/fr\/informations-techniques\/calcul-de-la-capacite-de-charge\/","title":{"rendered":"Calcul de la capacit\u00e9 de charge"},"content":{"rendered":"\t\t<div data-elementor-type=\"wp-page\" data-elementor-id=\"153583\" class=\"elementor elementor-153583 elementor-150749\" data-elementor-post-type=\"page\">\n\t\t\t\t<div class=\"elementor-element elementor-element-99d28fb e-con-full e-flex e-con e-parent\" data-id=\"99d28fb\" data-element_type=\"container\" data-e-type=\"container\" data-settings=\"{&quot;background_background&quot;:&quot;classic&quot;}\">\n\t\t<div class=\"elementor-element elementor-element-84caecb e-con-full e-flex e-con e-child\" data-id=\"84caecb\" data-element_type=\"container\" data-e-type=\"container\" data-settings=\"{&quot;background_background&quot;:&quot;classic&quot;}\">\n\t\t<div class=\"elementor-element elementor-element-2c30186 e-con-full e-flex e-con e-child\" data-id=\"2c30186\" data-element_type=\"container\" data-e-type=\"container\" data-settings=\"{&quot;background_background&quot;:&quot;classic&quot;}\">\n\t\t\t\t<div class=\"elementor-element elementor-element-92b1a67 elementor-widget elementor-widget-heading\" data-id=\"92b1a67\" data-element_type=\"widget\" data-e-type=\"widget\" data-widget_type=\"heading.default\">\n\t\t\t\t\t<h1 class=\"elementor-heading-title elementor-size-default\">Calcul de la <span style=\"color: #B3E5FC\"><br>capacit\u00e9 de charge<\/span><\/h1>\t\t\t\t<\/div>\n\t\t\t\t<\/div>\n\t\t\t\t<\/div>\n\t\t\t\t<\/div>\n\t\t<div class=\"elementor-element elementor-element-00fffe5 e-con-full e-flex e-con e-parent\" data-id=\"00fffe5\" data-element_type=\"container\" data-e-type=\"container\">\n\t\t\t\t<div class=\"elementor-element elementor-element-851d847 elementor-widget elementor-widget-heading\" data-id=\"851d847\" data-element_type=\"widget\" data-e-type=\"widget\" data-widget_type=\"heading.default\">\n\t\t\t\t\t<h2 class=\"elementor-heading-title elementor-size-default\">Crit\u00e8res pour le calcul de la capacit\u00e9 de charge<\/h2>\t\t\t\t<\/div>\n\t\t\t\t<div class=\"elementor-element elementor-element-daa55cb elementor-widget elementor-widget-text-editor\" data-id=\"daa55cb\" data-element_type=\"widget\" data-e-type=\"widget\" data-widget_type=\"text-editor.default\">\n\t\t\t\t\t\t\t\t\t<p>La capacit\u00e9 de charge dynamique est d\u00e9finie par des essais sur banc selon les normes DIN EN 12527\u201312533 et d\u00e9pend du poids du chariot, de la charge maximale et du nombre de roues, en tenant compte d\u2019un facteur de s\u00e9curit\u00e9.<br \/>La capacit\u00e9 de charge statique \u00e9value la d\u00e9formation de la bande de roulement \u00e0 l\u2019arr\u00eat.<br \/>Pour le calcul, on applique la formule : <strong>P = (P1 + P2)\/3<\/strong>, car dans la pratique, seules trois roues sur quatre reposent souvent au sol.<\/p>\n\t\t\t\t\t\t\t\t<\/div>\n\t\t\t\t<\/div>\n\t\t<div class=\"elementor-element elementor-element-8b312a1 e-con-full e-flex e-con e-parent\" data-id=\"8b312a1\" data-element_type=\"container\" data-e-type=\"container\">\n\t\t<div class=\"elementor-element elementor-element-6f41750 e-con-full e-flex e-con e-child\" data-id=\"6f41750\" data-element_type=\"container\" data-e-type=\"container\">\n\t\t<div class=\"elementor-element elementor-element-790d513 e-con-full e-flex e-con e-child\" data-id=\"790d513\" data-element_type=\"container\" data-e-type=\"container\">\n\t\t\t\t<div class=\"elementor-element elementor-element-31e5894 elementor-widget elementor-widget-heading\" data-id=\"31e5894\" data-element_type=\"widget\" data-e-type=\"widget\" data-widget_type=\"heading.default\">\n\t\t\t\t\t<h3 class=\"elementor-heading-title elementor-size-default\">Capacit\u00e9 de charge dynamique<\/h3>\t\t\t\t<\/div>\n\t\t\t\t<div class=\"elementor-element elementor-element-327b367 elementor-widget elementor-widget-text-editor\" data-id=\"327b367\" data-element_type=\"widget\" data-e-type=\"widget\" data-widget_type=\"text-editor.default\">\n\t\t\t\t\t\t\t\t\t<p>La capacit\u00e9 de charge indiqu\u00e9e pour une roue ou un support repr\u00e9sente la charge maximale que le composant peut supporter, d\u00e9termin\u00e9e par essai sur banc rotatif conform\u00e9ment aux normes DIN EN 12527\u201312533 (ISO 22878\u201322884).<\/p>\n<p>Pour d\u00e9terminer la capacit\u00e9 requise, il est n\u00e9cessaire de conna\u00eetre le poids \u00e0 vide de l\u2019\u00e9quipement de transport, la charge maximale additionnelle pr\u00e9vue et le nombre de roues ou de supports utilis\u00e9s.<br \/>Lorsque quatre unit\u00e9s ou plus sont employ\u00e9es, la r\u00e9partition du poids sur chaque roue ou support peut ne pas \u00eatre uniforme.<\/p>\n<p>La capacit\u00e9 n\u00e9cessaire se calcule selon la formule suivante: <strong>P = (P1 + P2)\/3<\/strong><\/p>\n\t\t\t\t\t\t\t\t<\/div>\n\t\t\t\t<div class=\"elementor-element elementor-element-8e385ea elementor-widget elementor-widget-text-editor\" data-id=\"8e385ea\" data-element_type=\"widget\" data-e-type=\"widget\" data-widget_type=\"text-editor.default\">\n\t\t\t\t\t\t\t\t\t<p><strong>P1<\/strong> = Poids que la charge doit supporter<br \/><strong>P2<\/strong> = Poids du chariot, de la machine ou de l\u2019\u00e9quipement<br \/>La division par trois est justifi\u00e9e par le fait que, dans la plupart des cas, seules trois roues sur quatre sont effectivement en contact avec le sol.<\/p>\n<p>Les roues et supports \u00e9quip\u00e9s de roulements \u00e0 billes peuvent atteindre des vitesses sup\u00e9rieures \u00e0 4 km\/h, mais avec une capacit\u00e9 de charge r\u00e9duite.<\/p>\n\t\t\t\t\t\t\t\t<\/div>\n\t\t\t\t<\/div>\n\t\t\t\t<\/div>\n\t\t\t\t<\/div>\n\t\t<div class=\"elementor-element elementor-element-c64b08a e-con-full e-flex e-con e-parent\" data-id=\"c64b08a\" data-element_type=\"container\" data-e-type=\"container\">\n\t\t\t\t<div class=\"elementor-element elementor-element-4c1fe47 elementor-widget-divider--view-line elementor-widget elementor-widget-divider\" data-id=\"4c1fe47\" data-element_type=\"widget\" data-e-type=\"widget\" data-widget_type=\"divider.default\">\n\t\t\t\t\t\t\t<div class=\"elementor-divider\">\n\t\t\t<span class=\"elementor-divider-separator\">\n\t\t\t\t\t\t<\/span>\n\t\t<\/div>\n\t\t\t\t\t\t<\/div>\n\t\t<div class=\"elementor-element elementor-element-bcdbde6 e-con-full e-flex e-con e-child\" data-id=\"bcdbde6\" data-element_type=\"container\" data-e-type=\"container\">\n\t\t<div class=\"elementor-element elementor-element-bd714a9 e-con-full e-flex e-con e-child\" data-id=\"bd714a9\" data-element_type=\"container\" data-e-type=\"container\">\n\t\t\t\t<div class=\"elementor-element elementor-element-e41b8fb elementor-widget elementor-widget-heading\" data-id=\"e41b8fb\" data-element_type=\"widget\" data-e-type=\"widget\" data-widget_type=\"heading.default\">\n\t\t\t\t\t<h3 class=\"elementor-heading-title elementor-size-default\">Capacit\u00e9 de charge statique<\/h3>\t\t\t\t<\/div>\n\t\t\t\t<div class=\"elementor-element elementor-element-02dada9 elementor-widget elementor-widget-text-editor\" data-id=\"02dada9\" data-element_type=\"widget\" data-e-type=\"widget\" data-widget_type=\"text-editor.default\">\n\t\t\t\t\t\t\t\t\t<p>Lorsqu\u2019une roue ou un support est soumis principalement \u00e0 des charges stationnaires, sa capacit\u00e9 statique est d\u00e9termin\u00e9e conform\u00e9ment \u00e0 la norme <strong>ISO 22878<\/strong>.<br \/>L\u2019essai \u00e9value notamment le degr\u00e9 d\u2019\u00e9crasement de la bande de roulement apr\u00e8s une p\u00e9riode d\u00e9termin\u00e9e.<br \/>Les valeurs de capacit\u00e9 statique de nos produits figurent dans les fiches techniques : elles peuvent \u00eatre t\u00e9l\u00e9charg\u00e9es sur la page d\u00e9taill\u00e9e du produit ou demand\u00e9es directement \u00e0 notre \u00e9quipe.<\/p>\n\t\t\t\t\t\t\t\t<\/div>\n\t\t\t\t<\/div>\n\t\t\t\t<\/div>\n\t\t\t\t<\/div>\n\t\t<div class=\"elementor-element elementor-element-b1954a4 e-con-full e-flex e-con e-parent\" data-id=\"b1954a4\" data-element_type=\"container\" data-e-type=\"container\">\n\t\t\t\t<div class=\"elementor-element elementor-element-c57ce15 elementor-widget-divider--view-line elementor-widget elementor-widget-divider\" data-id=\"c57ce15\" data-element_type=\"widget\" data-e-type=\"widget\" data-widget_type=\"divider.default\">\n\t\t\t\t\t\t\t<div class=\"elementor-divider\">\n\t\t\t<span class=\"elementor-divider-separator\">\n\t\t\t\t\t\t<\/span>\n\t\t<\/div>\n\t\t\t\t\t\t<\/div>\n\t\t<div class=\"elementor-element elementor-element-04f850e e-con-full e-flex e-con e-child\" data-id=\"04f850e\" data-element_type=\"container\" data-e-type=\"container\">\n\t\t<div class=\"elementor-element elementor-element-7bea777 e-con-full e-flex e-con e-child\" data-id=\"7bea777\" data-element_type=\"container\" data-e-type=\"container\">\n\t\t\t\t<div class=\"elementor-element elementor-element-c995c65 elementor-widget elementor-widget-heading\" data-id=\"c995c65\" data-element_type=\"widget\" data-e-type=\"widget\" data-widget_type=\"heading.default\">\n\t\t\t\t\t<h3 class=\"elementor-heading-title elementor-size-default\">Calcul de la capacit\u00e9 de charge de la roue avec support<\/h3>\t\t\t\t<\/div>\n\t\t\t\t<div class=\"elementor-element elementor-element-371381f elementor-widget elementor-widget-text-editor\" data-id=\"371381f\" data-element_type=\"widget\" data-e-type=\"widget\" data-widget_type=\"text-editor.default\">\n\t\t\t\t\t\t\t\t\t<p>La capacit\u00e9 de charge d\u2019un ensemble roue-support indique la charge maximale que le syst\u00e8me complet peut supporter dans des conditions d\u2019utilisation normales.<br \/>Cette valeur d\u00e9pend de plusieurs facteurs :<br \/>le mat\u00e9riau et les dimensions de la roue, le type de support (fixe ou pivotant), le type de roulement, la qualit\u00e9 des mat\u00e9riaux ainsi que les conditions de service (surface de roulement, vitesse, temp\u00e9rature).<\/p>\n<p>Lors du choix, il est essentiel de consid\u00e9rer non seulement la capacit\u00e9 nominale indiqu\u00e9e par le fabricant, mais aussi le nombre de roues utilis\u00e9es, la r\u00e9partition du poids et les sollicitations dynamiques possibles.<br \/>Un calcul incorrect peut entra\u00eener une usure pr\u00e9matur\u00e9e, des d\u00e9formations ou des d\u00e9faillances compromettant la s\u00e9curit\u00e9 et la fonctionnalit\u00e9 de l\u2019application.<\/p>\n\t\t\t\t\t\t\t\t<\/div>\n\t\t\t\t<\/div>\n\t\t\t\t<\/div>\n\t\t\t\t<\/div>\n\t\t<div class=\"elementor-element elementor-element-934fe56 e-con-full e-flex e-con e-parent\" data-id=\"934fe56\" data-element_type=\"container\" data-e-type=\"container\">\n\t\t<div class=\"elementor-element elementor-element-5498667 e-con-full e-flex e-con e-child\" data-id=\"5498667\" data-element_type=\"container\" data-e-type=\"container\">\n\t\t<div class=\"elementor-element elementor-element-95278aa e-con-full e-flex e-con e-child\" data-id=\"95278aa\" data-element_type=\"container\" data-e-type=\"container\">\n\t\t<div class=\"elementor-element elementor-element-a83646d e-con-full e-flex e-con e-child\" data-id=\"a83646d\" data-element_type=\"container\" data-e-type=\"container\">\n\t\t\t\t<div class=\"elementor-element elementor-element-843d633 elementor-widget elementor-widget-text-editor\" data-id=\"843d633\" data-element_type=\"widget\" data-e-type=\"widget\" data-widget_type=\"text-editor.default\">\n\t\t\t\t\t\t\t\t\t<p><strong>Pour plus de d\u00e9tails techniques ou pour demander une consultation personnalis\u00e9e :<\/strong><\/p>\n\t\t\t\t\t\t\t\t<\/div>\n\t\t\t\t<div class=\"elementor-element elementor-element-d4345b6 elementor-position-inline-end elementor-mobile-position-inline-end elementor-view-default elementor-widget elementor-widget-icon-box\" data-id=\"d4345b6\" data-element_type=\"widget\" data-e-type=\"widget\" data-widget_type=\"icon-box.default\">\n\t\t\t\t\t\t\t<div class=\"elementor-icon-box-wrapper\">\n\n\t\t\t\t\t\t<div class=\"elementor-icon-box-icon\">\n\t\t\t\t<a href=\"https:\/\/www.avo.it\/contatti\/\" title=\"Approfondisci\" class=\"elementor-icon\" tabindex=\"-1\" aria-label=\"Contactez-nous\">\n\t\t\t\t<svg xmlns=\"http:\/\/www.w3.org\/2000\/svg\" id=\"Livello_1\" data-name=\"Livello 1\" viewBox=\"0 0 36.78 36.78\"><defs><style>      .cls-1 {        fill: #b3e5fc;      }      .cls-2 {        fill: #21355a;      }    <\/style><\/defs><circle class=\"cls-1\" cx=\"18.39\" cy=\"18.39\" r=\"18.39\"><\/circle><path class=\"cls-2\" d=\"M13.65,26.72l7.81-7.81c.28-.28.28-.77,0-1.04l-7.81-7.81,1.04-1.04,7.81,7.81c.84.84.84,2.3,0,3.13l-7.81,7.81-1.04-1.04Z\"><\/path><\/svg>\t\t\t\t<\/a>\n\t\t\t<\/div>\n\t\t\t\n\t\t\t\t\t\t<div class=\"elementor-icon-box-content\">\n\n\t\t\t\t\t\t\t\t\t<h3 class=\"elementor-icon-box-title\">\n\t\t\t\t\t\t<a href=\"https:\/\/www.avo.it\/contatti\/\" title=\"Approfondisci\" >\n\t\t\t\t\t\t\tContactez-nous\t\t\t\t\t\t<\/a>\n\t\t\t\t\t<\/h3>\n\t\t\t\t\n\t\t\t\t\n\t\t\t<\/div>\n\t\t\t\n\t\t<\/div>\n\t\t\t\t\t\t<\/div>\n\t\t\t\t<\/div>\n\t\t\t\t<\/div>\n\t\t\t\t<\/div>\n\t\t\t\t<\/div>\n\t\t\t\t<\/div>\n\t\t","protected":false},"excerpt":{"rendered":"<p>Calcul de la capacit\u00e9 de charge Crit\u00e8res pour le calcul de la capacit\u00e9 de charge La capacit\u00e9 de charge dynamique est d\u00e9finie par des essais sur banc selon les normes DIN EN 12527\u201312533 et d\u00e9pend du poids du chariot, de la charge maximale et du nombre de roues, en tenant compte d\u2019un facteur de s\u00e9curit\u00e9.La [&hellip;]<\/p>\n","protected":false},"author":3,"featured_media":0,"parent":153579,"menu_order":0,"comment_status":"closed","ping_status":"closed","template":"","meta":{"_acf_changed":false,"footnotes":""},"class_list":["post-153583","page","type-page","status-publish","hentry"],"acf":[],"_links":{"self":[{"href":"https:\/\/www.avo.it\/fr\/wp-json\/wp\/v2\/pages\/153583","targetHints":{"allow":["GET"]}}],"collection":[{"href":"https:\/\/www.avo.it\/fr\/wp-json\/wp\/v2\/pages"}],"about":[{"href":"https:\/\/www.avo.it\/fr\/wp-json\/wp\/v2\/types\/page"}],"author":[{"embeddable":true,"href":"https:\/\/www.avo.it\/fr\/wp-json\/wp\/v2\/users\/3"}],"replies":[{"embeddable":true,"href":"https:\/\/www.avo.it\/fr\/wp-json\/wp\/v2\/comments?post=153583"}],"version-history":[{"count":1,"href":"https:\/\/www.avo.it\/fr\/wp-json\/wp\/v2\/pages\/153583\/revisions"}],"predecessor-version":[{"id":153584,"href":"https:\/\/www.avo.it\/fr\/wp-json\/wp\/v2\/pages\/153583\/revisions\/153584"}],"up":[{"embeddable":true,"href":"https:\/\/www.avo.it\/fr\/wp-json\/wp\/v2\/pages\/153579"}],"wp:attachment":[{"href":"https:\/\/www.avo.it\/fr\/wp-json\/wp\/v2\/media?parent=153583"}],"curies":[{"name":"wp","href":"https:\/\/api.w.org\/{rel}","templated":true}]}}