{"id":153585,"date":"2025-08-18T09:16:26","date_gmt":"2025-08-18T09:16:26","guid":{"rendered":"https:\/\/avo.it\/informations-techniques\/definitions-et-informations-de-base\/"},"modified":"2025-11-13T10:17:42","modified_gmt":"2025-11-13T10:17:42","slug":"definitions-et-informations-de-base","status":"publish","type":"page","link":"https:\/\/www.avo.it\/fr\/informations-techniques\/definitions-et-informations-de-base\/","title":{"rendered":"D\u00e9finitions et informations de base"},"content":{"rendered":"\t\t<div data-elementor-type=\"wp-page\" data-elementor-id=\"153585\" class=\"elementor elementor-153585 elementor-150493\" data-elementor-post-type=\"page\">\n\t\t\t\t<div class=\"elementor-element elementor-element-1511d79 e-con-full e-flex e-con e-parent\" data-id=\"1511d79\" data-element_type=\"container\" data-e-type=\"container\" data-settings=\"{&quot;background_background&quot;:&quot;classic&quot;}\">\n\t\t<div class=\"elementor-element elementor-element-31022d2 e-con-full e-flex e-con e-child\" data-id=\"31022d2\" data-element_type=\"container\" data-e-type=\"container\" data-settings=\"{&quot;background_background&quot;:&quot;classic&quot;}\">\n\t\t<div class=\"elementor-element elementor-element-c27cfbc e-con-full e-flex e-con e-child\" data-id=\"c27cfbc\" data-element_type=\"container\" data-e-type=\"container\" data-settings=\"{&quot;background_background&quot;:&quot;classic&quot;}\">\n\t\t\t\t<div class=\"elementor-element elementor-element-6226712 elementor-widget elementor-widget-heading\" data-id=\"6226712\" data-element_type=\"widget\" data-e-type=\"widget\" data-widget_type=\"heading.default\">\n\t\t\t\t\t<h1 class=\"elementor-heading-title elementor-size-default\">D\u00e9finitions et <span style=\"color: #B3E5FC\">informations de base<\/span><\/h1>\t\t\t\t<\/div>\n\t\t\t\t<\/div>\n\t\t\t\t<\/div>\n\t\t\t\t<\/div>\n\t\t<div class=\"elementor-element elementor-element-fefa795 e-con-full e-flex e-con e-parent\" data-id=\"fefa795\" data-element_type=\"container\" data-e-type=\"container\">\n\t\t\t\t<div class=\"elementor-element elementor-element-cc1fac0 elementor-widget elementor-widget-heading\" data-id=\"cc1fac0\" data-element_type=\"widget\" data-e-type=\"widget\" data-widget_type=\"heading.default\">\n\t\t\t\t\t<h2 class=\"elementor-heading-title elementor-size-default\">D\u00e9finitions et composants fondamentaux des roues<\/h2>\t\t\t\t<\/div>\n\t\t\t\t<div class=\"elementor-element elementor-element-f261ed8 elementor-widget elementor-widget-text-editor\" data-id=\"f261ed8\" data-element_type=\"widget\" data-e-type=\"widget\" data-widget_type=\"text-editor.default\">\n\t\t\t\t\t\t\t\t\t<p>Une roue se compose d\u2019une bande de roulement, d\u2019un noyau, d\u2019un moyeu et d\u2019un roulement.<br \/>Les roues avec support pivotant tournent autour d\u2019un axe vertical, garantissant maniabilit\u00e9 et stabilit\u00e9, et peuvent int\u00e9grer diff\u00e9rents syst\u00e8mes de blocage.<br \/>Les roues avec support fixe, en revanche, ne sont pas orientables et facilitent les d\u00e9placements en ligne droite.<\/p>\n\t\t\t\t\t\t\t\t<\/div>\n\t\t\t\t<\/div>\n\t\t<div class=\"elementor-element elementor-element-82723b7 e-con-full e-flex e-con e-parent\" data-id=\"82723b7\" data-element_type=\"container\" data-e-type=\"container\">\n\t\t<div class=\"elementor-element elementor-element-dd72034 e-con-full e-flex e-con e-child\" data-id=\"dd72034\" data-element_type=\"container\" data-e-type=\"container\">\n\t\t<div class=\"elementor-element elementor-element-42308e3 e-con-full e-flex e-con e-child\" data-id=\"42308e3\" data-element_type=\"container\" data-e-type=\"container\">\n\t\t\t\t<div class=\"elementor-element elementor-element-6eb067e elementor-widget elementor-widget-heading\" data-id=\"6eb067e\" data-element_type=\"widget\" data-e-type=\"widget\" data-widget_type=\"heading.default\">\n\t\t\t\t\t<h3 class=\"elementor-heading-title elementor-size-default\">Roue<\/h3>\t\t\t\t<\/div>\n\t\t\t\t<div class=\"elementor-element elementor-element-95752f7 elementor-widget elementor-widget-text-editor\" data-id=\"95752f7\" data-element_type=\"widget\" data-e-type=\"widget\" data-widget_type=\"text-editor.default\">\n\t\t\t\t\t\t\t\t\t<p>Une roue est constitu\u00e9e d\u2019une bande de roulement, d\u2019un noyau et d\u2019un moyeu.<\/p>\n<p>Les diff\u00e9rents types de roues se distinguent par leur capacit\u00e9 de charge, leur r\u00e9sistance au roulement et leur qualit\u00e9 de rotation.<br \/>Les caract\u00e9ristiques sp\u00e9cifiques de chaque s\u00e9rie de roues sont d\u00e9crites en d\u00e9tail dans la section correspondante.<\/p>\n<p><strong>Nomenclature :<\/strong><br \/>1 = bande de roulement<br \/>2 = noyau<br \/>3 = moyeu<br \/>4 = roulement de la roue<\/p>\n\t\t\t\t\t\t\t\t<\/div>\n\t\t\t\t<\/div>\n\t\t<div class=\"elementor-element elementor-element-81f1a8a e-con-full e-flex e-con e-child\" data-id=\"81f1a8a\" data-element_type=\"container\" data-e-type=\"container\">\n\t\t\t\t<div class=\"elementor-element elementor-element-cf51b61 elementor-widget elementor-widget-image\" data-id=\"cf51b61\" data-element_type=\"widget\" data-e-type=\"widget\" data-widget_type=\"image.default\">\n\t\t\t\t\t\t\t\t\t\t\t\t\t\t\t\t<a href=\"https:\/\/www.avo.it\/wp-content\/uploads\/2025\/08\/definizioni-ruota.png\" data-elementor-open-lightbox=\"yes\" data-e-action-hash=\"#elementor-action%3Aaction%3Dlightbox%26settings%3DeyJpZCI6MTUwNTMwLCJ1cmwiOiJodHRwczpcL1wvd3d3LmF2by5pdFwvd3AtY29udGVudFwvdXBsb2Fkc1wvMjAyNVwvMDhcL2RlZmluaXppb25pLXJ1b3RhLnBuZyJ9\">\n\t\t\t\t\t\t\t<img fetchpriority=\"high\" decoding=\"async\" width=\"589\" height=\"794\" src=\"https:\/\/www.avo.it\/wp-content\/uploads\/2025\/08\/definizioni-ruota.png\" class=\"attachment-full size-full wp-image-150530\" alt=\"\" srcset=\"https:\/\/www.avo.it\/wp-content\/uploads\/2025\/08\/definizioni-ruota.png 589w, https:\/\/www.avo.it\/wp-content\/uploads\/2025\/08\/definizioni-ruota-223x300.png 223w\" sizes=\"(max-width: 589px) 100vw, 589px\" \/>\t\t\t\t\t\t\t\t<\/a>\n\t\t\t\t\t\t\t\t\t\t\t\t\t\t\t<\/div>\n\t\t\t\t<\/div>\n\t\t\t\t<\/div>\n\t\t\t\t<\/div>\n\t\t<div class=\"elementor-element elementor-element-8eb4d24 e-con-full e-flex e-con e-parent\" data-id=\"8eb4d24\" data-element_type=\"container\" data-e-type=\"container\">\n\t\t\t\t<div class=\"elementor-element elementor-element-61f827b elementor-widget-divider--view-line elementor-widget elementor-widget-divider\" data-id=\"61f827b\" data-element_type=\"widget\" data-e-type=\"widget\" data-widget_type=\"divider.default\">\n\t\t\t\t\t\t\t<div class=\"elementor-divider\">\n\t\t\t<span class=\"elementor-divider-separator\">\n\t\t\t\t\t\t<\/span>\n\t\t<\/div>\n\t\t\t\t\t\t<\/div>\n\t\t<div class=\"elementor-element elementor-element-aaa00fd e-con-full e-flex e-con e-child\" data-id=\"aaa00fd\" data-element_type=\"container\" data-e-type=\"container\">\n\t\t<div class=\"elementor-element elementor-element-bce66f3 e-con-full e-flex e-con e-child\" data-id=\"bce66f3\" data-element_type=\"container\" data-e-type=\"container\">\n\t\t\t\t<div class=\"elementor-element elementor-element-4f2feeb elementor-widget elementor-widget-heading\" data-id=\"4f2feeb\" data-element_type=\"widget\" data-e-type=\"widget\" data-widget_type=\"heading.default\">\n\t\t\t\t\t<h3 class=\"elementor-heading-title elementor-size-default\">Roue avec support pivotant<\/h3>\t\t\t\t<\/div>\n\t\t\t\t<div class=\"elementor-element elementor-element-4c4dbd7 elementor-widget elementor-widget-text-editor\" data-id=\"4c4dbd7\" data-element_type=\"widget\" data-e-type=\"widget\" data-widget_type=\"text-editor.default\">\n\t\t\t\t\t\t\t\t\t<p><strong>Nomenclature :<\/strong><br \/>1\u20133 = support pivotant<br \/>1 = platine de fixation<br \/>2 = ensemble rotatif (chape pivotante)<br \/>3 = fourche pivotante<br \/>4 = roue<br \/>5 = axe<\/p>\n\t\t\t\t\t\t\t\t<\/div>\n\t\t\t\t<div class=\"elementor-element elementor-element-650a3e8 elementor-widget elementor-widget-text-editor\" data-id=\"650a3e8\" data-element_type=\"widget\" data-e-type=\"widget\" data-widget_type=\"text-editor.default\">\n\t\t\t\t\t\t\t\t\t<p>H = hauteur totale \/ constructive<br \/>F = d\u00e9port (d\u00e9calage)<br \/>A, B = dimensions de la platine<br \/>a, b = entraxe des trous de fixation<br \/>d = diam\u00e8tre des trous de fixation<\/p>\n\t\t\t\t\t\t\t\t<\/div>\n\t\t\t\t<div class=\"elementor-element elementor-element-7bba2d1 elementor-widget elementor-widget-text-editor\" data-id=\"7bba2d1\" data-element_type=\"widget\" data-e-type=\"widget\" data-widget_type=\"text-editor.default\">\n\t\t\t\t\t\t\t\t\t<p>Les roues avec support pivotant peuvent tourner verticalement, ce qui permet de man\u0153uvrer ais\u00e9ment les machines, \u00e9quipements et dispositifs similaires.<br \/>Le groupe rotatif relie la fourche pivotante \u00e0 l\u2019\u00e9l\u00e9ment de fixation.<\/p>\n<p>En g\u00e9n\u00e9ral, l\u2019axe du roulement pivotant est positionn\u00e9 \u00e0 une certaine distance horizontale de l\u2019axe de la roue (d\u00e9calage), ce qui facilite la rotation de la fourche.<\/p>\n<p>Ce d\u00e9calage permet \u00e0 la roue pivotante de tourner librement sans dispositifs suppl\u00e9mentaires, tout en garantissant une bonne stabilit\u00e9 en ligne droite.<\/p>\n<p>Les roues avec support pivotant peuvent \u00eatre \u00e9quip\u00e9es de diff\u00e9rents syst\u00e8mes de blocage :<\/p>\n<ul>\n<li>blocage uniquement de la rotation de la roue (<strong>frein de roue<\/strong>)<\/li>\n<li>blocage de la rotation de la roue et du pivot (<strong>frein total<\/strong>)<\/li>\n<li>blocage uniquement du pivot pour un maintien directionnel (<strong>frein directionnel<\/strong>)<\/li>\n<\/ul>\n\t\t\t\t\t\t\t\t<\/div>\n\t\t\t\t<\/div>\n\t\t<div class=\"elementor-element elementor-element-31bf3e6 e-con-full e-flex e-con e-child\" data-id=\"31bf3e6\" data-element_type=\"container\" data-e-type=\"container\">\n\t\t\t\t<div class=\"elementor-element elementor-element-1cacc8c elementor-widget elementor-widget-image\" data-id=\"1cacc8c\" data-element_type=\"widget\" data-e-type=\"widget\" data-widget_type=\"image.default\">\n\t\t\t\t\t\t\t\t\t\t\t\t\t\t\t\t<a href=\"https:\/\/www.avo.it\/wp-content\/uploads\/2025\/08\/ruota-supporto-girevole.png\" data-elementor-open-lightbox=\"yes\" data-e-action-hash=\"#elementor-action%3Aaction%3Dlightbox%26settings%3DeyJpZCI6MTUwNTUzLCJ1cmwiOiJodHRwczpcL1wvd3d3LmF2by5pdFwvd3AtY29udGVudFwvdXBsb2Fkc1wvMjAyNVwvMDhcL3J1b3RhLXN1cHBvcnRvLWdpcmV2b2xlLnBuZyJ9\">\n\t\t\t\t\t\t\t<img decoding=\"async\" width=\"374\" height=\"590\" src=\"https:\/\/www.avo.it\/wp-content\/uploads\/2025\/08\/ruota-supporto-girevole.png\" class=\"attachment-full size-full wp-image-150553\" alt=\"\" srcset=\"https:\/\/www.avo.it\/wp-content\/uploads\/2025\/08\/ruota-supporto-girevole.png 374w, https:\/\/www.avo.it\/wp-content\/uploads\/2025\/08\/ruota-supporto-girevole-190x300.png 190w\" sizes=\"(max-width: 374px) 100vw, 374px\" \/>\t\t\t\t\t\t\t\t<\/a>\n\t\t\t\t\t\t\t\t\t\t\t\t\t\t\t<\/div>\n\t\t\t\t<\/div>\n\t\t\t\t<\/div>\n\t\t\t\t<\/div>\n\t\t<div class=\"elementor-element elementor-element-e104d9e e-con-full e-flex e-con e-parent\" data-id=\"e104d9e\" data-element_type=\"container\" data-e-type=\"container\">\n\t\t\t\t<div class=\"elementor-element elementor-element-9744aad elementor-widget-divider--view-line elementor-widget elementor-widget-divider\" data-id=\"9744aad\" data-element_type=\"widget\" data-e-type=\"widget\" data-widget_type=\"divider.default\">\n\t\t\t\t\t\t\t<div class=\"elementor-divider\">\n\t\t\t<span class=\"elementor-divider-separator\">\n\t\t\t\t\t\t<\/span>\n\t\t<\/div>\n\t\t\t\t\t\t<\/div>\n\t\t<div class=\"elementor-element elementor-element-4d4bfd8 e-con-full e-flex e-con e-child\" data-id=\"4d4bfd8\" data-element_type=\"container\" data-e-type=\"container\">\n\t\t<div class=\"elementor-element elementor-element-8af4124 e-con-full e-flex e-con e-child\" data-id=\"8af4124\" data-element_type=\"container\" data-e-type=\"container\">\n\t\t\t\t<div class=\"elementor-element elementor-element-eb47885 elementor-widget elementor-widget-heading\" data-id=\"eb47885\" data-element_type=\"widget\" data-e-type=\"widget\" data-widget_type=\"heading.default\">\n\t\t\t\t\t<h3 class=\"elementor-heading-title elementor-size-default\">Roue avec support fixe<\/h3>\t\t\t\t<\/div>\n\t\t\t\t<div class=\"elementor-element elementor-element-57b5826 elementor-widget elementor-widget-text-editor\" data-id=\"57b5826\" data-element_type=\"widget\" data-e-type=\"widget\" data-widget_type=\"text-editor.default\">\n\t\t\t\t\t\t\t\t\t<p><strong>Nomenclature:<\/strong><br \/>1 = support fixe<br \/>2 = roue<br \/>3 = axe<\/p>\n\t\t\t\t\t\t\t\t<\/div>\n\t\t\t\t<div class=\"elementor-element elementor-element-efad9ea elementor-widget elementor-widget-text-editor\" data-id=\"efad9ea\" data-element_type=\"widget\" data-e-type=\"widget\" data-widget_type=\"text-editor.default\">\n\t\t\t\t\t\t\t\t\t<p><strong>Dimensions :<\/strong><br \/>H = hauteur totale \/ constructive<br \/>A, B = dimensions de la platine<br \/>a, b = entraxe des trous de fixation<br \/>d = diam\u00e8tre des trous de fixation<\/p>\n\t\t\t\t\t\t\t\t<\/div>\n\t\t\t\t<div class=\"elementor-element elementor-element-212cd96 elementor-widget elementor-widget-text-editor\" data-id=\"212cd96\" data-element_type=\"widget\" data-e-type=\"widget\" data-widget_type=\"text-editor.default\">\n\t\t\t\t\t\t\t\t\t<p>Les roues avec support fixe ne sont pas orientables et facilitent le d\u00e9placement des machines, appareils, etc., dans une direction d\u00e9termin\u00e9e sans d\u00e9viation.<\/p>\n\t\t\t\t\t\t\t\t<\/div>\n\t\t\t\t<\/div>\n\t\t<div class=\"elementor-element elementor-element-b1d12e1 e-con-full e-flex e-con e-child\" data-id=\"b1d12e1\" data-element_type=\"container\" data-e-type=\"container\">\n\t\t\t\t<div class=\"elementor-element elementor-element-86a3b7b elementor-widget elementor-widget-image\" data-id=\"86a3b7b\" data-element_type=\"widget\" data-e-type=\"widget\" data-widget_type=\"image.default\">\n\t\t\t\t\t\t\t\t\t\t\t\t\t\t\t\t<a href=\"https:\/\/www.avo.it\/wp-content\/uploads\/2025\/08\/ruota-supporto-fisso.png\" data-elementor-open-lightbox=\"yes\" data-e-action-hash=\"#elementor-action%3Aaction%3Dlightbox%26settings%3DeyJpZCI6MTUwNTk1LCJ1cmwiOiJodHRwczpcL1wvd3d3LmF2by5pdFwvd3AtY29udGVudFwvdXBsb2Fkc1wvMjAyNVwvMDhcL3J1b3RhLXN1cHBvcnRvLWZpc3NvLnBuZyJ9\">\n\t\t\t\t\t\t\t<img decoding=\"async\" width=\"396\" height=\"604\" src=\"https:\/\/www.avo.it\/wp-content\/uploads\/2025\/08\/ruota-supporto-fisso.png\" class=\"attachment-full size-full wp-image-150595\" alt=\"\" srcset=\"https:\/\/www.avo.it\/wp-content\/uploads\/2025\/08\/ruota-supporto-fisso.png 396w, https:\/\/www.avo.it\/wp-content\/uploads\/2025\/08\/ruota-supporto-fisso-197x300.png 197w\" sizes=\"(max-width: 396px) 100vw, 396px\" \/>\t\t\t\t\t\t\t\t<\/a>\n\t\t\t\t\t\t\t\t\t\t\t\t\t\t\t<\/div>\n\t\t\t\t<\/div>\n\t\t\t\t<\/div>\n\t\t\t\t<\/div>\n\t\t<div class=\"elementor-element elementor-element-d898b0a e-con-full e-flex e-con e-parent\" data-id=\"d898b0a\" data-element_type=\"container\" data-e-type=\"container\">\n\t\t\t\t<div class=\"elementor-element elementor-element-85bf455 elementor-widget elementor-widget-text-editor\" data-id=\"85bf455\" data-element_type=\"widget\" data-e-type=\"widget\" data-widget_type=\"text-editor.default\">\n\t\t\t\t\t\t\t\t\t<p><strong>Pour plus de d\u00e9tails techniques ou pour demander une consultation personnalis\u00e9e:<\/strong><\/p>\n\t\t\t\t\t\t\t\t<\/div>\n\t\t\t\t<div class=\"elementor-element elementor-element-a373f41 elementor-position-inline-end elementor-mobile-position-inline-end elementor-view-default elementor-widget elementor-widget-icon-box\" data-id=\"a373f41\" data-element_type=\"widget\" data-e-type=\"widget\" data-widget_type=\"icon-box.default\">\n\t\t\t\t\t\t\t<div class=\"elementor-icon-box-wrapper\">\n\n\t\t\t\t\t\t<div class=\"elementor-icon-box-icon\">\n\t\t\t\t<a href=\"https:\/\/www.avo.it\/contatti\/\" title=\"Approfondisci\" class=\"elementor-icon\" tabindex=\"-1\" aria-label=\"Contactez-nous\">\n\t\t\t\t<svg xmlns=\"http:\/\/www.w3.org\/2000\/svg\" id=\"Livello_1\" data-name=\"Livello 1\" viewBox=\"0 0 36.78 36.78\"><defs><style>      .cls-1 {        fill: #b3e5fc;      }      .cls-2 {        fill: #21355a;      }    <\/style><\/defs><circle class=\"cls-1\" cx=\"18.39\" cy=\"18.39\" r=\"18.39\"><\/circle><path class=\"cls-2\" d=\"M13.65,26.72l7.81-7.81c.28-.28.28-.77,0-1.04l-7.81-7.81,1.04-1.04,7.81,7.81c.84.84.84,2.3,0,3.13l-7.81,7.81-1.04-1.04Z\"><\/path><\/svg>\t\t\t\t<\/a>\n\t\t\t<\/div>\n\t\t\t\n\t\t\t\t\t\t<div class=\"elementor-icon-box-content\">\n\n\t\t\t\t\t\t\t\t\t<h3 class=\"elementor-icon-box-title\">\n\t\t\t\t\t\t<a href=\"https:\/\/www.avo.it\/contatti\/\" title=\"Approfondisci\" >\n\t\t\t\t\t\t\tContactez-nous\t\t\t\t\t\t<\/a>\n\t\t\t\t\t<\/h3>\n\t\t\t\t\n\t\t\t\t\n\t\t\t<\/div>\n\t\t\t\n\t\t<\/div>\n\t\t\t\t\t\t<\/div>\n\t\t\t\t<\/div>\n\t\t\t\t<\/div>\n\t\t","protected":false},"excerpt":{"rendered":"<p>D\u00e9finitions et informations de base D\u00e9finitions et composants fondamentaux des roues Une roue se compose d\u2019une bande de roulement, d\u2019un noyau, d\u2019un moyeu et d\u2019un roulement.Les roues avec support pivotant tournent autour d\u2019un axe vertical, garantissant maniabilit\u00e9 et stabilit\u00e9, et peuvent int\u00e9grer diff\u00e9rents syst\u00e8mes de blocage.Les roues avec support fixe, en revanche, ne sont pas [&hellip;]<\/p>\n","protected":false},"author":2,"featured_media":0,"parent":153579,"menu_order":0,"comment_status":"closed","ping_status":"closed","template":"","meta":{"_acf_changed":false,"footnotes":""},"class_list":["post-153585","page","type-page","status-publish","hentry"],"acf":[],"_links":{"self":[{"href":"https:\/\/www.avo.it\/fr\/wp-json\/wp\/v2\/pages\/153585","targetHints":{"allow":["GET"]}}],"collection":[{"href":"https:\/\/www.avo.it\/fr\/wp-json\/wp\/v2\/pages"}],"about":[{"href":"https:\/\/www.avo.it\/fr\/wp-json\/wp\/v2\/types\/page"}],"author":[{"embeddable":true,"href":"https:\/\/www.avo.it\/fr\/wp-json\/wp\/v2\/users\/2"}],"replies":[{"embeddable":true,"href":"https:\/\/www.avo.it\/fr\/wp-json\/wp\/v2\/comments?post=153585"}],"version-history":[{"count":1,"href":"https:\/\/www.avo.it\/fr\/wp-json\/wp\/v2\/pages\/153585\/revisions"}],"predecessor-version":[{"id":153586,"href":"https:\/\/www.avo.it\/fr\/wp-json\/wp\/v2\/pages\/153585\/revisions\/153586"}],"up":[{"embeddable":true,"href":"https:\/\/www.avo.it\/fr\/wp-json\/wp\/v2\/pages\/153579"}],"wp:attachment":[{"href":"https:\/\/www.avo.it\/fr\/wp-json\/wp\/v2\/media?parent=153585"}],"curies":[{"name":"wp","href":"https:\/\/api.w.org\/{rel}","templated":true}]}}