{"id":153587,"date":"2025-08-18T08:39:18","date_gmt":"2025-08-18T08:39:18","guid":{"rendered":"https:\/\/avo.it\/informations-techniques\/facteurs-environnementaux\/"},"modified":"2025-11-13T10:43:29","modified_gmt":"2025-11-13T10:43:29","slug":"facteurs-environnementaux","status":"publish","type":"page","link":"https:\/\/www.avo.it\/fr\/informations-techniques\/facteurs-environnementaux\/","title":{"rendered":"Facteurs environnementaux"},"content":{"rendered":"\t\t<div data-elementor-type=\"wp-page\" data-elementor-id=\"153587\" class=\"elementor elementor-153587 elementor-150426\" data-elementor-post-type=\"page\">\n\t\t\t\t<div class=\"elementor-element elementor-element-5a42572 e-con-full e-flex e-con e-parent\" data-id=\"5a42572\" data-element_type=\"container\" data-e-type=\"container\" data-settings=\"{&quot;background_background&quot;:&quot;classic&quot;}\">\n\t\t<div class=\"elementor-element elementor-element-66a5fd5 e-con-full e-flex e-con e-child\" data-id=\"66a5fd5\" data-element_type=\"container\" data-e-type=\"container\" data-settings=\"{&quot;background_background&quot;:&quot;classic&quot;}\">\n\t\t<div class=\"elementor-element elementor-element-1524045 e-con-full e-flex e-con e-child\" data-id=\"1524045\" data-element_type=\"container\" data-e-type=\"container\" data-settings=\"{&quot;background_background&quot;:&quot;classic&quot;}\">\n\t\t\t\t<div class=\"elementor-element elementor-element-fa46211 elementor-widget elementor-widget-heading\" data-id=\"fa46211\" data-element_type=\"widget\" data-e-type=\"widget\" data-widget_type=\"heading.default\">\n\t\t\t\t\t<h1 class=\"elementor-heading-title elementor-size-default\">Facteurs <span style=\"color: #B3E5FC\"><br>environnementaux<\/span><\/h1>\t\t\t\t<\/div>\n\t\t\t\t<\/div>\n\t\t\t\t<\/div>\n\t\t\t\t<\/div>\n\t\t<div class=\"elementor-element elementor-element-be1211c e-con-full e-flex e-con e-parent\" data-id=\"be1211c\" data-element_type=\"container\" data-e-type=\"container\">\n\t\t\t\t<div class=\"elementor-element elementor-element-5299829 elementor-widget elementor-widget-heading\" data-id=\"5299829\" data-element_type=\"widget\" data-e-type=\"widget\" data-widget_type=\"heading.default\">\n\t\t\t\t\t<h2 class=\"elementor-heading-title elementor-size-default\">Facteurs environnementaux<\/h2>\t\t\t\t<\/div>\n\t\t\t\t<div class=\"elementor-element elementor-element-885614c elementor-widget elementor-widget-text-editor\" data-id=\"885614c\" data-element_type=\"widget\" data-e-type=\"widget\" data-widget_type=\"text-editor.default\">\n\t\t\t\t\t\t\t\t\t<p>Lors du choix d\u2019une roue ou d\u2019un support, les performances m\u00e9caniques ne repr\u00e9sentent qu\u2019un des crit\u00e8res \u00e0 consid\u00e9rer.<br \/>Les conditions environnementales d\u2019utilisation peuvent influencer de mani\u00e8re d\u00e9terminante la durabilit\u00e9, la s\u00e9curit\u00e9 et la fiabilit\u00e9 globale du syst\u00e8me de manutention.<br \/>AVO propose des solutions cibl\u00e9es prenant en compte quatre aspects fondamentaux : <strong>r\u00e9sistance \u00e0 la corrosion<\/strong>, <strong>r\u00e9sistance thermique<\/strong>, <strong>conductivit\u00e9 \u00e9lectrique<\/strong> et <strong>r\u00e9sistance aux produits chimiques<\/strong>.<\/p>\n\t\t\t\t\t\t\t\t<\/div>\n\t\t\t\t<\/div>\n\t\t<div class=\"elementor-element elementor-element-2cf1eee e-con-full e-flex e-con e-parent\" data-id=\"2cf1eee\" data-element_type=\"container\" data-e-type=\"container\">\n\t\t<div class=\"elementor-element elementor-element-83fd8de e-con-full e-flex e-con e-child\" data-id=\"83fd8de\" data-element_type=\"container\" data-e-type=\"container\">\n\t\t<div class=\"elementor-element elementor-element-d66cb4f e-con-full e-flex e-con e-child\" data-id=\"d66cb4f\" data-element_type=\"container\" data-e-type=\"container\">\n\t\t\t\t<div class=\"elementor-element elementor-element-67de1ed elementor-widget elementor-widget-heading\" data-id=\"67de1ed\" data-element_type=\"widget\" data-e-type=\"widget\" data-widget_type=\"heading.default\">\n\t\t\t\t\t<h3 class=\"elementor-heading-title elementor-size-default\">R\u00e9sistance \u00e0 la corrosion<\/h3>\t\t\t\t<\/div>\n\t\t\t\t<div class=\"elementor-element elementor-element-11e84ed elementor-widget elementor-widget-text-editor\" data-id=\"11e84ed\" data-element_type=\"widget\" data-e-type=\"widget\" data-widget_type=\"text-editor.default\">\n\t\t\t\t\t\t\t\t\t<p>En pr\u00e9sence d\u2019humidit\u00e9, d\u2019eau ou de substances corrosives, il est essentiel que les roues et les supports conservent leurs propri\u00e9t\u00e9s sans se d\u00e9t\u00e9riorer.<br \/>Les supports en acier inoxydable <strong>AISI 304<\/strong> et <strong>AISI 316<\/strong> repr\u00e9sentent la solution id\u00e9ale pour les environnements marins, les installations agroalimentaires et les contextes n\u00e9cessitant une hygi\u00e8ne stricte, o\u00f9 la protection contre la rouille est indispensable.<br \/>Les roues \u00e0 corps en <strong>polyamide<\/strong> et les rev\u00eatements en <strong>polyur\u00e9thane AVOWATER<\/strong> offrent \u00e9galement d\u2019excellentes performances contre l\u2019oxydation et l\u2019humidit\u00e9, les rendant particuli\u00e8rement adapt\u00e9s aux serres, chantiers navals ou zones soumises \u00e0 des lavages fr\u00e9quents.<\/p>\n\t\t\t\t\t\t\t\t<\/div>\n\t\t\t\t<\/div>\n\t\t<div class=\"elementor-element elementor-element-59ece6e e-con-full e-flex e-con e-child\" data-id=\"59ece6e\" data-element_type=\"container\" data-e-type=\"container\">\n\t\t\t\t<div class=\"elementor-element elementor-element-bdadc1d elementor-widget elementor-widget-image\" data-id=\"bdadc1d\" data-element_type=\"widget\" data-e-type=\"widget\" data-widget_type=\"image.default\">\n\t\t\t\t\t\t\t\t\t\t\t\t\t\t\t\t<a href=\"https:\/\/www.avo.it\/wp-content\/uploads\/2025\/08\/fattori-ambientali01.png\" data-elementor-open-lightbox=\"yes\" data-e-action-hash=\"#elementor-action%3Aaction%3Dlightbox%26settings%3DeyJpZCI6MTUxMDU4LCJ1cmwiOiJodHRwczpcL1wvd3d3LmF2by5pdFwvd3AtY29udGVudFwvdXBsb2Fkc1wvMjAyNVwvMDhcL2ZhdHRvcmktYW1iaWVudGFsaTAxLnBuZyJ9\">\n\t\t\t\t\t\t\t<img fetchpriority=\"high\" decoding=\"async\" width=\"2048\" height=\"2048\" src=\"https:\/\/www.avo.it\/wp-content\/uploads\/2025\/08\/fattori-ambientali01.png\" class=\"attachment-full size-full wp-image-151058\" alt=\"\" srcset=\"https:\/\/www.avo.it\/wp-content\/uploads\/2025\/08\/fattori-ambientali01.png 2048w, https:\/\/www.avo.it\/wp-content\/uploads\/2025\/08\/fattori-ambientali01-300x300.png 300w, https:\/\/www.avo.it\/wp-content\/uploads\/2025\/08\/fattori-ambientali01-1024x1024.png 1024w, https:\/\/www.avo.it\/wp-content\/uploads\/2025\/08\/fattori-ambientali01-150x150.png 150w, https:\/\/www.avo.it\/wp-content\/uploads\/2025\/08\/fattori-ambientali01-768x768.png 768w, https:\/\/www.avo.it\/wp-content\/uploads\/2025\/08\/fattori-ambientali01-1536x1536.png 1536w\" sizes=\"(max-width: 2048px) 100vw, 2048px\" \/>\t\t\t\t\t\t\t\t<\/a>\n\t\t\t\t\t\t\t\t\t\t\t\t\t\t\t<\/div>\n\t\t\t\t<\/div>\n\t\t\t\t<\/div>\n\t\t\t\t<\/div>\n\t\t<div class=\"elementor-element elementor-element-cf2452d e-con-full e-flex e-con e-parent\" data-id=\"cf2452d\" data-element_type=\"container\" data-e-type=\"container\">\n\t\t\t\t<div class=\"elementor-element elementor-element-9ad6c29 elementor-widget-divider--view-line elementor-widget elementor-widget-divider\" data-id=\"9ad6c29\" data-element_type=\"widget\" data-e-type=\"widget\" data-widget_type=\"divider.default\">\n\t\t\t\t\t\t\t<div class=\"elementor-divider\">\n\t\t\t<span class=\"elementor-divider-separator\">\n\t\t\t\t\t\t<\/span>\n\t\t<\/div>\n\t\t\t\t\t\t<\/div>\n\t\t<div class=\"elementor-element elementor-element-0e32fcb e-con-full e-flex e-con e-child\" data-id=\"0e32fcb\" data-element_type=\"container\" data-e-type=\"container\">\n\t\t<div class=\"elementor-element elementor-element-d3972a8 e-con-full e-flex e-con e-child\" data-id=\"d3972a8\" data-element_type=\"container\" data-e-type=\"container\">\n\t\t\t\t<div class=\"elementor-element elementor-element-43ec8f2 elementor-widget elementor-widget-heading\" data-id=\"43ec8f2\" data-element_type=\"widget\" data-e-type=\"widget\" data-widget_type=\"heading.default\">\n\t\t\t\t\t<h3 class=\"elementor-heading-title elementor-size-default\">R\u00e9sistance thermique<\/h3>\t\t\t\t<\/div>\n\t\t\t\t<div class=\"elementor-element elementor-element-e93d8cd elementor-widget elementor-widget-text-editor\" data-id=\"e93d8cd\" data-element_type=\"widget\" data-e-type=\"widget\" data-widget_type=\"text-editor.default\">\n\t\t\t\t\t\t\t\t\t<p>Les variations de temp\u00e9rature peuvent compromettre la performance des mat\u00e9riaux, surtout lorsque les limites des m\u00e9langes standards sont d\u00e9pass\u00e9es.<br \/>Pour les applications dans les fours ou les environnements \u00e0 haute temp\u00e9rature, les <strong>roues en fonte grise \u00e0 structure perlitiques<\/strong> conservent leur solidit\u00e9 m\u00eame dans des conditions extr\u00eames.<br \/>Les versions en <strong>caoutchouc sp\u00e9cial r\u00e9sistant \u00e0 la chaleur<\/strong> garantissent \u00e9lasticit\u00e9 et confort de roulement au-del\u00e0 de <strong>100 \u00b0C<\/strong>.<br \/>Parall\u00e8lement, les rev\u00eatements en <strong>polyur\u00e9thane AVO<\/strong> offrent d\u2019excellentes performances \u00e0 basse temp\u00e9rature, ce qui les rend id\u00e9aux pour les chambres froides et la logistique du froid.<\/p>\n\t\t\t\t\t\t\t\t<\/div>\n\t\t\t\t<\/div>\n\t\t<div class=\"elementor-element elementor-element-8a11155 e-con-full e-flex e-con e-child\" data-id=\"8a11155\" data-element_type=\"container\" data-e-type=\"container\">\n\t\t\t\t<div class=\"elementor-element elementor-element-bba98d3 elementor-widget elementor-widget-image\" data-id=\"bba98d3\" data-element_type=\"widget\" data-e-type=\"widget\" data-widget_type=\"image.default\">\n\t\t\t\t\t\t\t\t\t\t\t\t\t\t\t\t<a href=\"https:\/\/www.avo.it\/wp-content\/uploads\/2025\/08\/fattori-ambientali02.png\" data-elementor-open-lightbox=\"yes\" data-e-action-hash=\"#elementor-action%3Aaction%3Dlightbox%26settings%3DeyJpZCI6MTUxMDYzLCJ1cmwiOiJodHRwczpcL1wvd3d3LmF2by5pdFwvd3AtY29udGVudFwvdXBsb2Fkc1wvMjAyNVwvMDhcL2ZhdHRvcmktYW1iaWVudGFsaTAyLnBuZyJ9\">\n\t\t\t\t\t\t\t<img decoding=\"async\" width=\"2048\" height=\"2048\" src=\"https:\/\/www.avo.it\/wp-content\/uploads\/2025\/08\/fattori-ambientali02.png\" class=\"attachment-full size-full wp-image-151063\" alt=\"\" srcset=\"https:\/\/www.avo.it\/wp-content\/uploads\/2025\/08\/fattori-ambientali02.png 2048w, https:\/\/www.avo.it\/wp-content\/uploads\/2025\/08\/fattori-ambientali02-300x300.png 300w, https:\/\/www.avo.it\/wp-content\/uploads\/2025\/08\/fattori-ambientali02-1024x1024.png 1024w, https:\/\/www.avo.it\/wp-content\/uploads\/2025\/08\/fattori-ambientali02-150x150.png 150w, https:\/\/www.avo.it\/wp-content\/uploads\/2025\/08\/fattori-ambientali02-768x768.png 768w, https:\/\/www.avo.it\/wp-content\/uploads\/2025\/08\/fattori-ambientali02-1536x1536.png 1536w\" sizes=\"(max-width: 2048px) 100vw, 2048px\" \/>\t\t\t\t\t\t\t\t<\/a>\n\t\t\t\t\t\t\t\t\t\t\t\t\t\t\t<\/div>\n\t\t\t\t<\/div>\n\t\t\t\t<\/div>\n\t\t\t\t<\/div>\n\t\t<div class=\"elementor-element elementor-element-59b02bb e-con-full e-flex e-con e-parent\" data-id=\"59b02bb\" data-element_type=\"container\" data-e-type=\"container\">\n\t\t\t\t<div class=\"elementor-element elementor-element-99a18d4 elementor-widget-divider--view-line elementor-widget elementor-widget-divider\" data-id=\"99a18d4\" data-element_type=\"widget\" data-e-type=\"widget\" data-widget_type=\"divider.default\">\n\t\t\t\t\t\t\t<div class=\"elementor-divider\">\n\t\t\t<span class=\"elementor-divider-separator\">\n\t\t\t\t\t\t<\/span>\n\t\t<\/div>\n\t\t\t\t\t\t<\/div>\n\t\t<div class=\"elementor-element elementor-element-ae0e22d e-con-full e-flex e-con e-child\" data-id=\"ae0e22d\" data-element_type=\"container\" data-e-type=\"container\">\n\t\t<div class=\"elementor-element elementor-element-abb9d73 e-con-full e-flex e-con e-child\" data-id=\"abb9d73\" data-element_type=\"container\" data-e-type=\"container\">\n\t\t\t\t<div class=\"elementor-element elementor-element-ba4e822 elementor-widget elementor-widget-heading\" data-id=\"ba4e822\" data-element_type=\"widget\" data-e-type=\"widget\" data-widget_type=\"heading.default\">\n\t\t\t\t\t<h3 class=\"elementor-heading-title elementor-size-default\">Conductivit\u00e9 \u00e9lectrique<\/h3>\t\t\t\t<\/div>\n\t\t\t\t<div class=\"elementor-element elementor-element-bde2b8f elementor-widget elementor-widget-text-editor\" data-id=\"bde2b8f\" data-element_type=\"widget\" data-e-type=\"widget\" data-widget_type=\"text-editor.default\">\n\t\t\t\t\t\t\t\t\t<p>Dans de nombreux secteurs, tels que l\u2019\u00e9lectronique ou l\u2019industrie chimique, il est essentiel d\u2019\u00e9viter l\u2019accumulation de charges \u00e9lectrostatiques.<br \/>AVO a d\u00e9velopp\u00e9 le <strong>polyur\u00e9thane AVOANTISTATIC<\/strong>, capable de dissiper efficacement les charges gr\u00e2ce \u00e0 une r\u00e9sistance \u00e9lectrique contr\u00f4l\u00e9e (<strong>R \u2264 50 M\u03a9<\/strong>).<br \/>Cette propri\u00e9t\u00e9 prot\u00e8ge les \u00e9quipements et composants sensibles tout en am\u00e9liorant la s\u00e9curit\u00e9 globale des op\u00e9rateurs et des installations.<\/p>\n\t\t\t\t\t\t\t\t<\/div>\n\t\t\t\t<\/div>\n\t\t<div class=\"elementor-element elementor-element-f0b68ed e-con-full e-flex e-con e-child\" data-id=\"f0b68ed\" data-element_type=\"container\" data-e-type=\"container\">\n\t\t\t\t<div class=\"elementor-element elementor-element-eda0cce elementor-widget elementor-widget-image\" data-id=\"eda0cce\" data-element_type=\"widget\" data-e-type=\"widget\" data-widget_type=\"image.default\">\n\t\t\t\t\t\t\t\t\t\t\t\t\t\t\t\t<a href=\"https:\/\/www.avo.it\/wp-content\/uploads\/2025\/08\/fattori-ambientali03.png\" data-elementor-open-lightbox=\"yes\" data-e-action-hash=\"#elementor-action%3Aaction%3Dlightbox%26settings%3DeyJpZCI6MTUxMDY4LCJ1cmwiOiJodHRwczpcL1wvd3d3LmF2by5pdFwvd3AtY29udGVudFwvdXBsb2Fkc1wvMjAyNVwvMDhcL2ZhdHRvcmktYW1iaWVudGFsaTAzLnBuZyJ9\">\n\t\t\t\t\t\t\t<img decoding=\"async\" width=\"2048\" height=\"2048\" src=\"https:\/\/www.avo.it\/wp-content\/uploads\/2025\/08\/fattori-ambientali03.png\" class=\"attachment-full size-full wp-image-151068\" alt=\"\" srcset=\"https:\/\/www.avo.it\/wp-content\/uploads\/2025\/08\/fattori-ambientali03.png 2048w, https:\/\/www.avo.it\/wp-content\/uploads\/2025\/08\/fattori-ambientali03-300x300.png 300w, https:\/\/www.avo.it\/wp-content\/uploads\/2025\/08\/fattori-ambientali03-1024x1024.png 1024w, https:\/\/www.avo.it\/wp-content\/uploads\/2025\/08\/fattori-ambientali03-150x150.png 150w, https:\/\/www.avo.it\/wp-content\/uploads\/2025\/08\/fattori-ambientali03-768x768.png 768w, https:\/\/www.avo.it\/wp-content\/uploads\/2025\/08\/fattori-ambientali03-1536x1536.png 1536w\" sizes=\"(max-width: 2048px) 100vw, 2048px\" \/>\t\t\t\t\t\t\t\t<\/a>\n\t\t\t\t\t\t\t\t\t\t\t\t\t\t\t<\/div>\n\t\t\t\t<\/div>\n\t\t\t\t<\/div>\n\t\t\t\t<\/div>\n\t\t<div class=\"elementor-element elementor-element-211feed e-con-full e-flex e-con e-parent\" data-id=\"211feed\" data-element_type=\"container\" data-e-type=\"container\">\n\t\t\t\t<div class=\"elementor-element elementor-element-463d23e elementor-widget-divider--view-line elementor-widget elementor-widget-divider\" data-id=\"463d23e\" data-element_type=\"widget\" data-e-type=\"widget\" data-widget_type=\"divider.default\">\n\t\t\t\t\t\t\t<div class=\"elementor-divider\">\n\t\t\t<span class=\"elementor-divider-separator\">\n\t\t\t\t\t\t<\/span>\n\t\t<\/div>\n\t\t\t\t\t\t<\/div>\n\t\t<div class=\"elementor-element elementor-element-a914af9 e-con-full e-flex e-con e-child\" data-id=\"a914af9\" data-element_type=\"container\" data-e-type=\"container\">\n\t\t<div class=\"elementor-element elementor-element-1fbe47e e-con-full e-flex e-con e-child\" data-id=\"1fbe47e\" data-element_type=\"container\" data-e-type=\"container\">\n\t\t\t\t<div class=\"elementor-element elementor-element-f8cb06e elementor-widget elementor-widget-heading\" data-id=\"f8cb06e\" data-element_type=\"widget\" data-e-type=\"widget\" data-widget_type=\"heading.default\">\n\t\t\t\t\t<h3 class=\"elementor-heading-title elementor-size-default\">R\u00e9sistance aux produits chimiques<\/h3>\t\t\t\t<\/div>\n\t\t\t\t<div class=\"elementor-element elementor-element-2a0eee6 elementor-widget elementor-widget-text-editor\" data-id=\"2a0eee6\" data-element_type=\"widget\" data-e-type=\"widget\" data-widget_type=\"text-editor.default\">\n\t\t\t\t\t\t\t\t\t<p>De nombreux environnements industriels exposent les roues \u00e0 des huiles, graisses, solvants ou agents agressifs susceptibles d\u2019endommager les mat\u00e9riaux traditionnels.<br \/>Pour ces applications, AVO propose des gammes sp\u00e9cifiques telles que <strong>AVOPRENE<\/strong> et <strong>AVOTOP<\/strong>, con\u00e7ues pour r\u00e9sister \u00e0 l\u2019hydrolyse, aux huiles v\u00e9g\u00e9tales et min\u00e9rales, aux solvants et aux bases dilu\u00e9es.<br \/>Gr\u00e2ce \u00e0 leur formulation avanc\u00e9e, ces polyur\u00e9thanes conservent leur int\u00e9grit\u00e9 structurelle m\u00eame dans des conditions s\u00e9v\u00e8res et lors de cycles d\u2019utilisation intensifs.<br \/>De m\u00eame, des mat\u00e9riaux comme le <strong>polypropyl\u00e8ne<\/strong> et le <strong>polyamide 6 renforc\u00e9 de fibres de verre<\/strong> se distinguent par leur stabilit\u00e9 chimique, les rendant id\u00e9aux pour les environnements contenant des solvants chlor\u00e9s ou des substances corrosives.<\/p>\n\t\t\t\t\t\t\t\t<\/div>\n\t\t\t\t<\/div>\n\t\t<div class=\"elementor-element elementor-element-fd6af7e e-con-full e-flex e-con e-child\" data-id=\"fd6af7e\" data-element_type=\"container\" data-e-type=\"container\">\n\t\t\t\t<div class=\"elementor-element elementor-element-79540f5 elementor-widget elementor-widget-image\" data-id=\"79540f5\" data-element_type=\"widget\" data-e-type=\"widget\" data-widget_type=\"image.default\">\n\t\t\t\t\t\t\t\t\t\t\t\t\t\t\t\t<a href=\"https:\/\/www.avo.it\/wp-content\/uploads\/2025\/08\/fattori-ambientali04.png\" data-elementor-open-lightbox=\"yes\" data-e-action-hash=\"#elementor-action%3Aaction%3Dlightbox%26settings%3DeyJpZCI6MTUxMDczLCJ1cmwiOiJodHRwczpcL1wvd3d3LmF2by5pdFwvd3AtY29udGVudFwvdXBsb2Fkc1wvMjAyNVwvMDhcL2ZhdHRvcmktYW1iaWVudGFsaTA0LnBuZyJ9\">\n\t\t\t\t\t\t\t<img loading=\"lazy\" decoding=\"async\" width=\"2048\" height=\"2048\" src=\"https:\/\/www.avo.it\/wp-content\/uploads\/2025\/08\/fattori-ambientali04.png\" class=\"attachment-full size-full wp-image-151073\" alt=\"\" srcset=\"https:\/\/www.avo.it\/wp-content\/uploads\/2025\/08\/fattori-ambientali04.png 2048w, https:\/\/www.avo.it\/wp-content\/uploads\/2025\/08\/fattori-ambientali04-300x300.png 300w, https:\/\/www.avo.it\/wp-content\/uploads\/2025\/08\/fattori-ambientali04-1024x1024.png 1024w, https:\/\/www.avo.it\/wp-content\/uploads\/2025\/08\/fattori-ambientali04-150x150.png 150w, https:\/\/www.avo.it\/wp-content\/uploads\/2025\/08\/fattori-ambientali04-768x768.png 768w, https:\/\/www.avo.it\/wp-content\/uploads\/2025\/08\/fattori-ambientali04-1536x1536.png 1536w\" sizes=\"(max-width: 2048px) 100vw, 2048px\" \/>\t\t\t\t\t\t\t\t<\/a>\n\t\t\t\t\t\t\t\t\t\t\t\t\t\t\t<\/div>\n\t\t\t\t<\/div>\n\t\t\t\t<\/div>\n\t\t\t\t<\/div>\n\t\t<div class=\"elementor-element elementor-element-3fadec4 e-con-full e-flex e-con e-parent\" data-id=\"3fadec4\" data-element_type=\"container\" data-e-type=\"container\">\n\t\t<div class=\"elementor-element elementor-element-3b219d6 e-con-full e-flex e-con e-child\" data-id=\"3b219d6\" data-element_type=\"container\" data-e-type=\"container\">\n\t\t<div class=\"elementor-element elementor-element-0e75501 e-con-full e-flex e-con e-child\" data-id=\"0e75501\" data-element_type=\"container\" data-e-type=\"container\">\n\t\t<div class=\"elementor-element elementor-element-65a8339 e-con-full e-flex e-con e-child\" data-id=\"65a8339\" data-element_type=\"container\" data-e-type=\"container\">\n\t\t\t\t<div class=\"elementor-element elementor-element-dee5941 elementor-widget elementor-widget-text-editor\" data-id=\"dee5941\" data-element_type=\"widget\" data-e-type=\"widget\" data-widget_type=\"text-editor.default\">\n\t\t\t\t\t\t\t\t\t<p><strong>Pour plus de d\u00e9tails techniques ou pour demander une consultation personnalis\u00e9e :<\/strong><\/p>\n\t\t\t\t\t\t\t\t<\/div>\n\t\t\t\t<div class=\"elementor-element elementor-element-4cb0957 elementor-position-inline-end elementor-mobile-position-inline-end elementor-view-default elementor-widget elementor-widget-icon-box\" data-id=\"4cb0957\" data-element_type=\"widget\" data-e-type=\"widget\" data-widget_type=\"icon-box.default\">\n\t\t\t\t\t\t\t<div class=\"elementor-icon-box-wrapper\">\n\n\t\t\t\t\t\t<div class=\"elementor-icon-box-icon\">\n\t\t\t\t<a href=\"https:\/\/www.avo.it\/contatti\/\" title=\"Approfondisci\" class=\"elementor-icon\" tabindex=\"-1\" aria-label=\"Contactez-nous\">\n\t\t\t\t<svg xmlns=\"http:\/\/www.w3.org\/2000\/svg\" id=\"Livello_1\" data-name=\"Livello 1\" viewBox=\"0 0 36.78 36.78\"><defs><style>      .cls-1 {        fill: #b3e5fc;      }      .cls-2 {        fill: #21355a;      }    <\/style><\/defs><circle class=\"cls-1\" cx=\"18.39\" cy=\"18.39\" r=\"18.39\"><\/circle><path class=\"cls-2\" d=\"M13.65,26.72l7.81-7.81c.28-.28.28-.77,0-1.04l-7.81-7.81,1.04-1.04,7.81,7.81c.84.84.84,2.3,0,3.13l-7.81,7.81-1.04-1.04Z\"><\/path><\/svg>\t\t\t\t<\/a>\n\t\t\t<\/div>\n\t\t\t\n\t\t\t\t\t\t<div class=\"elementor-icon-box-content\">\n\n\t\t\t\t\t\t\t\t\t<h3 class=\"elementor-icon-box-title\">\n\t\t\t\t\t\t<a href=\"https:\/\/www.avo.it\/contatti\/\" title=\"Approfondisci\" >\n\t\t\t\t\t\t\tContactez-nous\t\t\t\t\t\t<\/a>\n\t\t\t\t\t<\/h3>\n\t\t\t\t\n\t\t\t\t\n\t\t\t<\/div>\n\t\t\t\n\t\t<\/div>\n\t\t\t\t\t\t<\/div>\n\t\t\t\t<\/div>\n\t\t\t\t<\/div>\n\t\t\t\t<\/div>\n\t\t\t\t<\/div>\n\t\t\t\t<\/div>\n\t\t","protected":false},"excerpt":{"rendered":"<p>Facteurs environnementaux Facteurs environnementaux Lors du choix d\u2019une roue ou d\u2019un support, les performances m\u00e9caniques ne repr\u00e9sentent qu\u2019un des crit\u00e8res \u00e0 consid\u00e9rer.Les conditions environnementales d\u2019utilisation peuvent influencer de mani\u00e8re d\u00e9terminante la durabilit\u00e9, la s\u00e9curit\u00e9 et la fiabilit\u00e9 globale du syst\u00e8me de manutention.AVO propose des solutions cibl\u00e9es prenant en compte quatre aspects fondamentaux : r\u00e9sistance \u00e0 [&hellip;]<\/p>\n","protected":false},"author":3,"featured_media":0,"parent":153579,"menu_order":0,"comment_status":"closed","ping_status":"closed","template":"","meta":{"_acf_changed":false,"footnotes":""},"class_list":["post-153587","page","type-page","status-publish","hentry"],"acf":[],"_links":{"self":[{"href":"https:\/\/www.avo.it\/fr\/wp-json\/wp\/v2\/pages\/153587","targetHints":{"allow":["GET"]}}],"collection":[{"href":"https:\/\/www.avo.it\/fr\/wp-json\/wp\/v2\/pages"}],"about":[{"href":"https:\/\/www.avo.it\/fr\/wp-json\/wp\/v2\/types\/page"}],"author":[{"embeddable":true,"href":"https:\/\/www.avo.it\/fr\/wp-json\/wp\/v2\/users\/3"}],"replies":[{"embeddable":true,"href":"https:\/\/www.avo.it\/fr\/wp-json\/wp\/v2\/comments?post=153587"}],"version-history":[{"count":1,"href":"https:\/\/www.avo.it\/fr\/wp-json\/wp\/v2\/pages\/153587\/revisions"}],"predecessor-version":[{"id":153588,"href":"https:\/\/www.avo.it\/fr\/wp-json\/wp\/v2\/pages\/153587\/revisions\/153588"}],"up":[{"embeddable":true,"href":"https:\/\/www.avo.it\/fr\/wp-json\/wp\/v2\/pages\/153579"}],"wp:attachment":[{"href":"https:\/\/www.avo.it\/fr\/wp-json\/wp\/v2\/media?parent=153587"}],"curies":[{"name":"wp","href":"https:\/\/api.w.org\/{rel}","templated":true}]}}