{"id":153593,"date":"2025-08-18T12:27:06","date_gmt":"2025-08-18T12:27:06","guid":{"rendered":"https:\/\/avo.it\/informations-techniques\/informations-sur-les-materiaux\/materiau-acier\/"},"modified":"2025-11-13T11:42:54","modified_gmt":"2025-11-13T11:42:54","slug":"materiau-acier","status":"publish","type":"page","link":"https:\/\/www.avo.it\/fr\/informations-techniques\/informations-sur-les-materiaux\/materiau-acier\/","title":{"rendered":"Mat\u00e9riau: acier"},"content":{"rendered":"\t\t<div data-elementor-type=\"wp-page\" data-elementor-id=\"153593\" class=\"elementor elementor-153593 elementor-150738\" data-elementor-post-type=\"page\">\n\t\t\t\t<div class=\"elementor-element elementor-element-f6fbb49 e-con-full e-flex e-con e-parent\" data-id=\"f6fbb49\" data-element_type=\"container\" data-e-type=\"container\" data-settings=\"{&quot;background_background&quot;:&quot;classic&quot;}\">\n\t\t<div class=\"elementor-element elementor-element-4d3e876 e-con-full e-flex e-con e-child\" data-id=\"4d3e876\" data-element_type=\"container\" data-e-type=\"container\" data-settings=\"{&quot;background_background&quot;:&quot;classic&quot;}\">\n\t\t<div class=\"elementor-element elementor-element-3e88d30 e-con-full e-flex e-con e-child\" data-id=\"3e88d30\" data-element_type=\"container\" data-e-type=\"container\" data-settings=\"{&quot;background_background&quot;:&quot;classic&quot;}\">\n\t\t\t\t<div class=\"elementor-element elementor-element-6219f02 elementor-widget elementor-widget-heading\" data-id=\"6219f02\" data-element_type=\"widget\" data-e-type=\"widget\" data-widget_type=\"heading.default\">\n\t\t\t\t\t<h1 class=\"elementor-heading-title elementor-size-default\">Mat\u00e9riau: <span style=\"color: #B3E5FC\"><br>acier<\/span><\/h1>\t\t\t\t<\/div>\n\t\t\t\t<\/div>\n\t\t\t\t<\/div>\n\t\t\t\t<\/div>\n\t\t<div class=\"elementor-element elementor-element-54849d4 e-con-full e-flex e-con e-parent\" data-id=\"54849d4\" data-element_type=\"container\" data-e-type=\"container\">\n\t\t<div class=\"elementor-element elementor-element-6256314 e-con-full e-flex e-con e-child\" data-id=\"6256314\" data-element_type=\"container\" data-e-type=\"container\">\n\t\t<div class=\"elementor-element elementor-element-bb6c371 e-con-full e-flex e-con e-child\" data-id=\"bb6c371\" data-element_type=\"container\" data-e-type=\"container\">\n\t\t\t\t<div class=\"elementor-element elementor-element-aead16e elementor-widget elementor-widget-heading\" data-id=\"aead16e\" data-element_type=\"widget\" data-e-type=\"widget\" data-widget_type=\"heading.default\">\n\t\t\t\t\t<h2 class=\"elementor-heading-title elementor-size-default\">Acier<\/h2>\t\t\t\t<\/div>\n\t\t\t\t<div class=\"elementor-element elementor-element-3a773a5 elementor-widget elementor-widget-text-editor\" data-id=\"3a773a5\" data-element_type=\"widget\" data-e-type=\"widget\" data-widget_type=\"text-editor.default\">\n\t\t\t\t\t\t\t\t\t<p>L\u2019acier est un <strong>alliage de fer et de carbone<\/strong> qui, gr\u00e2ce \u00e0 sa combinaison de <strong>r\u00e9sistance m\u00e9canique<\/strong>, de <strong>rigidit\u00e9<\/strong> et de <strong>facilit\u00e9 d\u2019usinage<\/strong>, constitue l\u2019un des mat\u00e9riaux les plus utilis\u00e9s pour la fabrication de <strong>supports industriels<\/strong>.<br \/>Les supports en <strong>acier au carbone<\/strong> sont g\u00e9n\u00e9ralement produits par <strong>emboutissage<\/strong> ou <strong>soudage<\/strong>, puis soumis \u00e0 des <strong>traitements de surface protecteurs<\/strong> (tels que la <strong>galvanisation<\/strong> ou la <strong>peinture en poudre<\/strong>) afin d\u2019augmenter leur <strong>r\u00e9sistance \u00e0 la corrosion<\/strong> et de prolonger leur <strong>dur\u00e9e de vie<\/strong> dans des environnements standard ou mod\u00e9r\u00e9ment agressifs.<\/p>\n<p>Pour les applications n\u00e9cessitant une <strong>protection sup\u00e9rieure contre l\u2019oxydation et les agents chimiques<\/strong>, on utilise de l\u2019<strong>acier inoxydable<\/strong>, en particulier dans les alliages <strong>AISI 304<\/strong> et <strong>AISI 316<\/strong>.<\/p>\n<ul>\n<li><strong>AISI 304<\/strong> : pr\u00e9sente une <strong>excellente r\u00e9sistance \u00e0 la corrosion<\/strong> dans les environnements humides et face \u00e0 de nombreux agents chimiques.<br \/>\nC\u2019est le choix le plus courant pour les applications <strong>industrielles<\/strong>, <strong>alimentaires<\/strong> et <strong>pharmaceutiques<\/strong>.<\/li>\n<li><strong>AISI 316<\/strong> : gr\u00e2ce \u00e0 l\u2019<strong>addition de molybd\u00e8ne<\/strong>, offre une <strong>r\u00e9sistance encore plus \u00e9lev\u00e9e \u00e0 la corrosion<\/strong>, notamment dans les milieux <strong>salins<\/strong> ou fortement <strong>agressifs<\/strong>, ce qui en fait le mat\u00e9riau id\u00e9al pour les secteurs <strong>marin<\/strong>, <strong>chimique<\/strong> et <strong>m\u00e9dical<\/strong>.<\/li>\n<\/ul>\n<p>Les deux types d\u2019acier inoxydable conservent une <strong>grande r\u00e9sistance m\u00e9canique<\/strong>, sont <strong>faciles \u00e0 nettoyer et \u00e0 d\u00e9sinfecter<\/strong>, et garantissent une <strong>fiabilit\u00e9 optimale<\/strong> m\u00eame dans des conditions d\u2019utilisation intensives et exigeantes.<\/p>\n\t\t\t\t\t\t\t\t<\/div>\n\t\t\t\t<div class=\"elementor-element elementor-element-9315d80 elementor-widget elementor-widget-text-editor\" data-id=\"9315d80\" data-element_type=\"widget\" data-e-type=\"widget\" data-widget_type=\"text-editor.default\">\n\t\t\t\t\t\t\t\t\t<p><strong>Pour plus de d\u00e9tails techniques ou pour demander une consultation personnalis\u00e9e:<\/strong><\/p>\n\t\t\t\t\t\t\t\t<\/div>\n\t\t\t\t<div class=\"elementor-element elementor-element-38bd932 elementor-position-inline-end elementor-mobile-position-inline-end elementor-view-default elementor-widget elementor-widget-icon-box\" data-id=\"38bd932\" data-element_type=\"widget\" data-e-type=\"widget\" data-widget_type=\"icon-box.default\">\n\t\t\t\t\t\t\t<div class=\"elementor-icon-box-wrapper\">\n\n\t\t\t\t\t\t<div class=\"elementor-icon-box-icon\">\n\t\t\t\t<a href=\"https:\/\/www.avo.it\/contatti\/\" title=\"Approfondisci\" class=\"elementor-icon\" tabindex=\"-1\" aria-label=\"Contactez-nous\">\n\t\t\t\t<svg xmlns=\"http:\/\/www.w3.org\/2000\/svg\" id=\"Livello_1\" data-name=\"Livello 1\" viewBox=\"0 0 36.78 36.78\"><defs><style>      .cls-1 {        fill: #b3e5fc;      }      .cls-2 {        fill: #21355a;      }    <\/style><\/defs><circle class=\"cls-1\" cx=\"18.39\" cy=\"18.39\" r=\"18.39\"><\/circle><path class=\"cls-2\" d=\"M13.65,26.72l7.81-7.81c.28-.28.28-.77,0-1.04l-7.81-7.81,1.04-1.04,7.81,7.81c.84.84.84,2.3,0,3.13l-7.81,7.81-1.04-1.04Z\"><\/path><\/svg>\t\t\t\t<\/a>\n\t\t\t<\/div>\n\t\t\t\n\t\t\t\t\t\t<div class=\"elementor-icon-box-content\">\n\n\t\t\t\t\t\t\t\t\t<h3 class=\"elementor-icon-box-title\">\n\t\t\t\t\t\t<a href=\"https:\/\/www.avo.it\/contatti\/\" title=\"Approfondisci\" >\n\t\t\t\t\t\t\tContactez-nous\t\t\t\t\t\t<\/a>\n\t\t\t\t\t<\/h3>\n\t\t\t\t\n\t\t\t\t\n\t\t\t<\/div>\n\t\t\t\n\t\t<\/div>\n\t\t\t\t\t\t<\/div>\n\t\t\t\t<\/div>\n\t\t<div class=\"elementor-element elementor-element-bfe64a2 e-con-full e-flex e-con e-child\" data-id=\"bfe64a2\" data-element_type=\"container\" data-e-type=\"container\">\n\t\t\t\t<div class=\"elementor-element elementor-element-dfb880b elementor-widget elementor-widget-image\" data-id=\"dfb880b\" data-element_type=\"widget\" data-e-type=\"widget\" data-widget_type=\"image.default\">\n\t\t\t\t\t\t\t\t\t\t\t\t\t\t\t\t<a href=\"https:\/\/www.avo.it\/wp-content\/uploads\/2025\/08\/ACCIAIO-dettaglio.jpg\" data-elementor-open-lightbox=\"yes\" data-e-action-hash=\"#elementor-action%3Aaction%3Dlightbox%26settings%3DeyJpZCI6MTUxMjczLCJ1cmwiOiJodHRwczpcL1wvd3d3LmF2by5pdFwvd3AtY29udGVudFwvdXBsb2Fkc1wvMjAyNVwvMDhcL0FDQ0lBSU8tZGV0dGFnbGlvLmpwZyJ9\">\n\t\t\t\t\t\t\t<img fetchpriority=\"high\" decoding=\"async\" width=\"2048\" height=\"1171\" src=\"https:\/\/www.avo.it\/wp-content\/uploads\/2025\/08\/ACCIAIO-dettaglio.jpg\" class=\"attachment-full size-full wp-image-151273\" alt=\"\" srcset=\"https:\/\/www.avo.it\/wp-content\/uploads\/2025\/08\/ACCIAIO-dettaglio.jpg 2048w, https:\/\/www.avo.it\/wp-content\/uploads\/2025\/08\/ACCIAIO-dettaglio-300x172.jpg 300w, https:\/\/www.avo.it\/wp-content\/uploads\/2025\/08\/ACCIAIO-dettaglio-1024x586.jpg 1024w, https:\/\/www.avo.it\/wp-content\/uploads\/2025\/08\/ACCIAIO-dettaglio-768x439.jpg 768w, https:\/\/www.avo.it\/wp-content\/uploads\/2025\/08\/ACCIAIO-dettaglio-1536x878.jpg 1536w\" sizes=\"(max-width: 2048px) 100vw, 2048px\" \/>\t\t\t\t\t\t\t\t<\/a>\n\t\t\t\t\t\t\t\t\t\t\t\t\t\t\t<\/div>\n\t\t\t\t<\/div>\n\t\t\t\t<\/div>\n\t\t\t\t<\/div>\n\t\t\t\t<\/div>\n\t\t","protected":false},"excerpt":{"rendered":"<p>Mat\u00e9riau: acier Acier L\u2019acier est un alliage de fer et de carbone qui, gr\u00e2ce \u00e0 sa combinaison de r\u00e9sistance m\u00e9canique, de rigidit\u00e9 et de facilit\u00e9 d\u2019usinage, constitue l\u2019un des mat\u00e9riaux les plus utilis\u00e9s pour la fabrication de supports industriels.Les supports en acier au carbone sont g\u00e9n\u00e9ralement produits par emboutissage ou soudage, puis soumis \u00e0 des [&hellip;]<\/p>\n","protected":false},"author":3,"featured_media":0,"parent":153591,"menu_order":0,"comment_status":"closed","ping_status":"closed","template":"","meta":{"_acf_changed":false,"footnotes":""},"class_list":["post-153593","page","type-page","status-publish","hentry"],"acf":[],"_links":{"self":[{"href":"https:\/\/www.avo.it\/fr\/wp-json\/wp\/v2\/pages\/153593","targetHints":{"allow":["GET"]}}],"collection":[{"href":"https:\/\/www.avo.it\/fr\/wp-json\/wp\/v2\/pages"}],"about":[{"href":"https:\/\/www.avo.it\/fr\/wp-json\/wp\/v2\/types\/page"}],"author":[{"embeddable":true,"href":"https:\/\/www.avo.it\/fr\/wp-json\/wp\/v2\/users\/3"}],"replies":[{"embeddable":true,"href":"https:\/\/www.avo.it\/fr\/wp-json\/wp\/v2\/comments?post=153593"}],"version-history":[{"count":1,"href":"https:\/\/www.avo.it\/fr\/wp-json\/wp\/v2\/pages\/153593\/revisions"}],"predecessor-version":[{"id":153594,"href":"https:\/\/www.avo.it\/fr\/wp-json\/wp\/v2\/pages\/153593\/revisions\/153594"}],"up":[{"embeddable":true,"href":"https:\/\/www.avo.it\/fr\/wp-json\/wp\/v2\/pages\/153591"}],"wp:attachment":[{"href":"https:\/\/www.avo.it\/fr\/wp-json\/wp\/v2\/media?parent=153593"}],"curies":[{"name":"wp","href":"https:\/\/api.w.org\/{rel}","templated":true}]}}