{"id":153595,"date":"2025-08-27T07:40:59","date_gmt":"2025-08-27T07:40:59","guid":{"rendered":"https:\/\/avo.it\/informations-techniques\/informations-sur-les-materiaux\/materiau-decauville\/"},"modified":"2025-11-13T11:49:33","modified_gmt":"2025-11-13T11:49:33","slug":"materiau-decauville","status":"publish","type":"page","link":"https:\/\/www.avo.it\/fr\/informations-techniques\/informations-sur-les-materiaux\/materiau-decauville\/","title":{"rendered":"Mat\u00e9riau: Decauville"},"content":{"rendered":"\t\t<div data-elementor-type=\"wp-page\" data-elementor-id=\"153595\" class=\"elementor elementor-153595 elementor-151205\" data-elementor-post-type=\"page\">\n\t\t\t\t<div class=\"elementor-element elementor-element-9207018 e-con-full e-flex e-con e-parent\" data-id=\"9207018\" data-element_type=\"container\" data-e-type=\"container\" data-settings=\"{&quot;background_background&quot;:&quot;classic&quot;}\">\n\t\t<div class=\"elementor-element elementor-element-26d10f7 e-con-full e-flex e-con e-child\" data-id=\"26d10f7\" data-element_type=\"container\" data-e-type=\"container\" data-settings=\"{&quot;background_background&quot;:&quot;classic&quot;}\">\n\t\t<div class=\"elementor-element elementor-element-6f653db e-con-full e-flex e-con e-child\" data-id=\"6f653db\" data-element_type=\"container\" data-e-type=\"container\" data-settings=\"{&quot;background_background&quot;:&quot;classic&quot;}\">\n\t\t\t\t<div class=\"elementor-element elementor-element-3078daf elementor-widget elementor-widget-heading\" data-id=\"3078daf\" data-element_type=\"widget\" data-e-type=\"widget\" data-widget_type=\"heading.default\">\n\t\t\t\t\t<h1 class=\"elementor-heading-title elementor-size-default\">Mat\u00e9riau: <span style=\"color: #B3E5FC\"><br>decauville<\/span><\/h1>\t\t\t\t<\/div>\n\t\t\t\t<\/div>\n\t\t\t\t<\/div>\n\t\t\t\t<\/div>\n\t\t<div class=\"elementor-element elementor-element-8ebeb6b e-con-full e-flex e-con e-parent\" data-id=\"8ebeb6b\" data-element_type=\"container\" data-e-type=\"container\">\n\t\t<div class=\"elementor-element elementor-element-15a449e e-con-full e-flex e-con e-child\" data-id=\"15a449e\" data-element_type=\"container\" data-e-type=\"container\">\n\t\t<div class=\"elementor-element elementor-element-a43c1a7 e-con-full e-flex e-con e-child\" data-id=\"a43c1a7\" data-element_type=\"container\" data-e-type=\"container\">\n\t\t\t\t<div class=\"elementor-element elementor-element-a4387a2 elementor-widget elementor-widget-heading\" data-id=\"a4387a2\" data-element_type=\"widget\" data-e-type=\"widget\" data-widget_type=\"heading.default\">\n\t\t\t\t\t<h2 class=\"elementor-heading-title elementor-size-default\">Decauville<\/h2>\t\t\t\t<\/div>\n\t\t\t\t<div class=\"elementor-element elementor-element-a142294 elementor-widget elementor-widget-text-editor\" data-id=\"a142294\" data-element_type=\"widget\" data-e-type=\"widget\" data-widget_type=\"text-editor.default\">\n\t\t\t\t\t\t\t\t\t<p>Les syst\u00e8mes <strong>Decauville<\/strong>, reconnus pour leur <strong>modularit\u00e9<\/strong> et leur <strong>praticit\u00e9<\/strong>, constituent une solution <strong>polyvalente<\/strong> pour la r\u00e9alisation de <strong>voies ferr\u00e9es l\u00e9g\u00e8res et temporaires<\/strong>.<br \/>Bas\u00e9s sur des <strong>rails pr\u00e9fabriqu\u00e9s en acier trait\u00e9<\/strong>, facilement <strong>transportables<\/strong> et <strong>assemblables<\/strong>, ils permettent de cr\u00e9er rapidement des <strong>lignes de transport<\/strong> destin\u00e9es \u00e0 la manutention de mat\u00e9riaux dans les <strong>carri\u00e8res<\/strong>, <strong>chantiers<\/strong>, <strong>usines<\/strong> et <strong>zones logistiques<\/strong>.<\/p>\n<p>La <strong>structure modulaire<\/strong> assure un <strong>montage et d\u00e9montage rapides<\/strong>, r\u00e9duisant ainsi les <strong>temps d\u2019installation<\/strong> et les <strong>co\u00fbts d\u2019exploitation<\/strong>.<br \/>Les <strong>rails Decauville en acier trait\u00e9<\/strong> se distinguent par leur <strong>haute r\u00e9sistance m\u00e9canique<\/strong>, leur <strong>durabilit\u00e9<\/strong> et leur <strong>stabilit\u00e9<\/strong> m\u00eame sous de lourdes charges, garantissant des <strong>performances fiables<\/strong> dans les conditions de travail les plus exigeantes.<br \/>La <strong>compatibilit\u00e9<\/strong> avec des <strong>wagonnets et chariots d\u00e9di\u00e9s<\/strong> rend ces syst\u00e8mes particuli\u00e8rement efficaces pour le <strong>transport de mat\u00e9riaux lourds ou volumineux<\/strong>.<\/p>\n<p>Outre leurs qualit\u00e9s techniques, les syst\u00e8mes Decauville offrent une <strong>grande flexibilit\u00e9 d\u2019utilisation<\/strong> : les <strong>voies peuvent \u00eatre reconfigur\u00e9es<\/strong> selon les besoins du site, assurant ainsi <strong>efficacit\u00e9<\/strong> et <strong>s\u00e9curit\u00e9<\/strong> \u00e0 chaque \u00e9tape des op\u00e9rations.<\/p>\n\t\t\t\t\t\t\t\t<\/div>\n\t\t\t\t<div class=\"elementor-element elementor-element-cc57d39 elementor-widget elementor-widget-text-editor\" data-id=\"cc57d39\" data-element_type=\"widget\" data-e-type=\"widget\" data-widget_type=\"text-editor.default\">\n\t\t\t\t\t\t\t\t\t<p><strong>Pour plus de d\u00e9tails techniques ou pour demander une consultation personnalis\u00e9e:<\/strong><\/p>\n\t\t\t\t\t\t\t\t<\/div>\n\t\t\t\t<div class=\"elementor-element elementor-element-ed00a70 elementor-position-inline-end elementor-mobile-position-inline-end elementor-view-default elementor-widget elementor-widget-icon-box\" data-id=\"ed00a70\" data-element_type=\"widget\" data-e-type=\"widget\" data-widget_type=\"icon-box.default\">\n\t\t\t\t\t\t\t<div class=\"elementor-icon-box-wrapper\">\n\n\t\t\t\t\t\t<div class=\"elementor-icon-box-icon\">\n\t\t\t\t<a href=\"https:\/\/www.avo.it\/contatti\/\" title=\"Approfondisci\" class=\"elementor-icon\" tabindex=\"-1\" aria-label=\"Contactez-nous\">\n\t\t\t\t<svg xmlns=\"http:\/\/www.w3.org\/2000\/svg\" id=\"Livello_1\" data-name=\"Livello 1\" viewBox=\"0 0 36.78 36.78\"><defs><style>      .cls-1 {        fill: #b3e5fc;      }      .cls-2 {        fill: #21355a;      }    <\/style><\/defs><circle class=\"cls-1\" cx=\"18.39\" cy=\"18.39\" r=\"18.39\"><\/circle><path class=\"cls-2\" d=\"M13.65,26.72l7.81-7.81c.28-.28.28-.77,0-1.04l-7.81-7.81,1.04-1.04,7.81,7.81c.84.84.84,2.3,0,3.13l-7.81,7.81-1.04-1.04Z\"><\/path><\/svg>\t\t\t\t<\/a>\n\t\t\t<\/div>\n\t\t\t\n\t\t\t\t\t\t<div class=\"elementor-icon-box-content\">\n\n\t\t\t\t\t\t\t\t\t<h3 class=\"elementor-icon-box-title\">\n\t\t\t\t\t\t<a href=\"https:\/\/www.avo.it\/contatti\/\" title=\"Approfondisci\" >\n\t\t\t\t\t\t\tContactez-nous\t\t\t\t\t\t<\/a>\n\t\t\t\t\t<\/h3>\n\t\t\t\t\n\t\t\t\t\n\t\t\t<\/div>\n\t\t\t\n\t\t<\/div>\n\t\t\t\t\t\t<\/div>\n\t\t\t\t<\/div>\n\t\t<div class=\"elementor-element elementor-element-839b994 e-con-full e-flex e-con e-child\" data-id=\"839b994\" data-element_type=\"container\" data-e-type=\"container\">\n\t\t\t\t<div class=\"elementor-element elementor-element-638ba61 elementor-widget elementor-widget-image\" data-id=\"638ba61\" data-element_type=\"widget\" data-e-type=\"widget\" data-widget_type=\"image.default\">\n\t\t\t\t\t\t\t\t\t\t\t\t\t\t\t\t<a href=\"https:\/\/www.avo.it\/wp-content\/uploads\/2025\/08\/DECAUVILLE-dettaglio.jpg\" data-elementor-open-lightbox=\"yes\" data-e-action-hash=\"#elementor-action%3Aaction%3Dlightbox%26settings%3DeyJpZCI6MTUxMjQzLCJ1cmwiOiJodHRwczpcL1wvd3d3LmF2by5pdFwvd3AtY29udGVudFwvdXBsb2Fkc1wvMjAyNVwvMDhcL0RFQ0FVVklMTEUtZGV0dGFnbGlvLmpwZyJ9\">\n\t\t\t\t\t\t\t<img fetchpriority=\"high\" decoding=\"async\" width=\"2048\" height=\"1631\" src=\"https:\/\/www.avo.it\/wp-content\/uploads\/2025\/08\/DECAUVILLE-dettaglio.jpg\" class=\"attachment-full size-full wp-image-151243\" alt=\"\" srcset=\"https:\/\/www.avo.it\/wp-content\/uploads\/2025\/08\/DECAUVILLE-dettaglio.jpg 2048w, https:\/\/www.avo.it\/wp-content\/uploads\/2025\/08\/DECAUVILLE-dettaglio-300x239.jpg 300w, https:\/\/www.avo.it\/wp-content\/uploads\/2025\/08\/DECAUVILLE-dettaglio-1024x816.jpg 1024w, https:\/\/www.avo.it\/wp-content\/uploads\/2025\/08\/DECAUVILLE-dettaglio-768x612.jpg 768w, https:\/\/www.avo.it\/wp-content\/uploads\/2025\/08\/DECAUVILLE-dettaglio-1536x1223.jpg 1536w\" sizes=\"(max-width: 2048px) 100vw, 2048px\" \/>\t\t\t\t\t\t\t\t<\/a>\n\t\t\t\t\t\t\t\t\t\t\t\t\t\t\t<\/div>\n\t\t\t\t<\/div>\n\t\t\t\t<\/div>\n\t\t\t\t<\/div>\n\t\t\t\t<\/div>\n\t\t","protected":false},"excerpt":{"rendered":"<p>Mat\u00e9riau: decauville Decauville Les syst\u00e8mes Decauville, reconnus pour leur modularit\u00e9 et leur praticit\u00e9, constituent une solution polyvalente pour la r\u00e9alisation de voies ferr\u00e9es l\u00e9g\u00e8res et temporaires.Bas\u00e9s sur des rails pr\u00e9fabriqu\u00e9s en acier trait\u00e9, facilement transportables et assemblables, ils permettent de cr\u00e9er rapidement des lignes de transport destin\u00e9es \u00e0 la manutention de mat\u00e9riaux dans les carri\u00e8res, [&hellip;]<\/p>\n","protected":false},"author":2,"featured_media":0,"parent":153591,"menu_order":0,"comment_status":"closed","ping_status":"closed","template":"","meta":{"_acf_changed":false,"footnotes":""},"class_list":["post-153595","page","type-page","status-publish","hentry"],"acf":[],"_links":{"self":[{"href":"https:\/\/www.avo.it\/fr\/wp-json\/wp\/v2\/pages\/153595","targetHints":{"allow":["GET"]}}],"collection":[{"href":"https:\/\/www.avo.it\/fr\/wp-json\/wp\/v2\/pages"}],"about":[{"href":"https:\/\/www.avo.it\/fr\/wp-json\/wp\/v2\/types\/page"}],"author":[{"embeddable":true,"href":"https:\/\/www.avo.it\/fr\/wp-json\/wp\/v2\/users\/2"}],"replies":[{"embeddable":true,"href":"https:\/\/www.avo.it\/fr\/wp-json\/wp\/v2\/comments?post=153595"}],"version-history":[{"count":1,"href":"https:\/\/www.avo.it\/fr\/wp-json\/wp\/v2\/pages\/153595\/revisions"}],"predecessor-version":[{"id":153596,"href":"https:\/\/www.avo.it\/fr\/wp-json\/wp\/v2\/pages\/153595\/revisions\/153596"}],"up":[{"embeddable":true,"href":"https:\/\/www.avo.it\/fr\/wp-json\/wp\/v2\/pages\/153591"}],"wp:attachment":[{"href":"https:\/\/www.avo.it\/fr\/wp-json\/wp\/v2\/media?parent=153595"}],"curies":[{"name":"wp","href":"https:\/\/api.w.org\/{rel}","templated":true}]}}