{"id":153599,"date":"2025-08-18T10:37:47","date_gmt":"2025-08-18T10:37:47","guid":{"rendered":"https:\/\/avo.it\/informations-techniques\/informations-sur-les-materiaux\/materiau-caoutchouc\/"},"modified":"2025-11-13T13:55:02","modified_gmt":"2025-11-13T13:55:02","slug":"materiau-caoutchouc","status":"publish","type":"page","link":"https:\/\/www.avo.it\/fr\/informations-techniques\/informations-sur-les-materiaux\/materiau-caoutchouc\/","title":{"rendered":"Mat\u00e9riau: caoutchouc"},"content":{"rendered":"\t\t<div data-elementor-type=\"wp-page\" data-elementor-id=\"153599\" class=\"elementor elementor-153599 elementor-150625\" data-elementor-post-type=\"page\">\n\t\t\t\t<div class=\"elementor-element elementor-element-d711051 e-con-full e-flex e-con e-parent\" data-id=\"d711051\" data-element_type=\"container\" data-e-type=\"container\" data-settings=\"{&quot;background_background&quot;:&quot;classic&quot;}\">\n\t\t<div class=\"elementor-element elementor-element-567e269 e-con-full e-flex e-con e-child\" data-id=\"567e269\" data-element_type=\"container\" data-e-type=\"container\" data-settings=\"{&quot;background_background&quot;:&quot;classic&quot;}\">\n\t\t<div class=\"elementor-element elementor-element-7ece13f e-con-full e-flex e-con e-child\" data-id=\"7ece13f\" data-element_type=\"container\" data-e-type=\"container\" data-settings=\"{&quot;background_background&quot;:&quot;classic&quot;}\">\n\t\t\t\t<div class=\"elementor-element elementor-element-1e0b486 elementor-widget elementor-widget-heading\" data-id=\"1e0b486\" data-element_type=\"widget\" data-e-type=\"widget\" data-widget_type=\"heading.default\">\n\t\t\t\t\t<h1 class=\"elementor-heading-title elementor-size-default\">Mat\u00e9riau: <span style=\"color: #B3E5FC\"><br>caoutchouc<\/span><\/h1>\t\t\t\t<\/div>\n\t\t\t\t<\/div>\n\t\t\t\t<\/div>\n\t\t\t\t<\/div>\n\t\t<div class=\"elementor-element elementor-element-e0bafbc e-con-full e-flex e-con e-parent\" data-id=\"e0bafbc\" data-element_type=\"container\" data-e-type=\"container\">\n\t\t<div class=\"elementor-element elementor-element-c51ca0b e-con-full e-flex e-con e-child\" data-id=\"c51ca0b\" data-element_type=\"container\" data-e-type=\"container\">\n\t\t<div class=\"elementor-element elementor-element-45321ec e-con-full e-flex e-con e-child\" data-id=\"45321ec\" data-element_type=\"container\" data-e-type=\"container\">\n\t\t\t\t<div class=\"elementor-element elementor-element-11fe638 elementor-widget elementor-widget-heading\" data-id=\"11fe638\" data-element_type=\"widget\" data-e-type=\"widget\" data-widget_type=\"heading.default\">\n\t\t\t\t\t<h3 class=\"elementor-heading-title elementor-size-default\">Caoutchouc plein<\/h3>\t\t\t\t<\/div>\n\t\t\t\t<div class=\"elementor-element elementor-element-d665f20 elementor-widget elementor-widget-text-editor\" data-id=\"d665f20\" data-element_type=\"widget\" data-e-type=\"widget\" data-widget_type=\"text-editor.default\">\n\t\t\t\t\t\t\t\t\t<p>Le caoutchouc plein est obtenu par <strong>vulcanisation<\/strong> \u00e0 partir de <strong>mati\u00e8res naturelles<\/strong>.<br \/>Le m\u00e9lange est sp\u00e9cialement formul\u00e9 pour garantir une <strong>excellente roulabilit\u00e9<\/strong>, une <strong>bonne r\u00e9sistance \u00e0 l\u2019usure<\/strong> et une <strong>grande \u00e9lasticit\u00e9<\/strong>.<br \/>Des versions <strong>antistatiques<\/strong>, <strong>non marquantes<\/strong> et <strong>r\u00e9sistantes \u00e0 la chaleur<\/strong> sont disponibles sur demande.<br \/>Ce mat\u00e9riau ne pose <strong>aucun probl\u00e8me d\u2019\u00e9limination en fin de vie<\/strong> et est <strong>facilement recyclable<\/strong>.<\/p>\n\t\t\t\t\t\t\t\t<\/div>\n\t\t\t\t<\/div>\n\t\t<div class=\"elementor-element elementor-element-080054b e-con-full e-flex e-con e-child\" data-id=\"080054b\" data-element_type=\"container\" data-e-type=\"container\">\n\t\t\t\t<div class=\"elementor-element elementor-element-ad2dc0a elementor-widget elementor-widget-image\" data-id=\"ad2dc0a\" data-element_type=\"widget\" data-e-type=\"widget\" data-widget_type=\"image.default\">\n\t\t\t\t\t\t\t\t\t\t\t\t\t\t\t\t<a href=\"https:\/\/www.avo.it\/wp-content\/uploads\/2025\/08\/GOMMA-PIENA.jpg\" data-elementor-open-lightbox=\"yes\" data-e-action-hash=\"#elementor-action%3Aaction%3Dlightbox%26settings%3DeyJpZCI6MTUxMjkxLCJ1cmwiOiJodHRwczpcL1wvd3d3LmF2by5pdFwvd3AtY29udGVudFwvdXBsb2Fkc1wvMjAyNVwvMDhcL0dPTU1BLVBJRU5BLmpwZyJ9\">\n\t\t\t\t\t\t\t<img fetchpriority=\"high\" decoding=\"async\" width=\"2048\" height=\"1362\" src=\"https:\/\/www.avo.it\/wp-content\/uploads\/2025\/08\/GOMMA-PIENA.jpg\" class=\"attachment-full size-full wp-image-151291\" alt=\"\" srcset=\"https:\/\/www.avo.it\/wp-content\/uploads\/2025\/08\/GOMMA-PIENA.jpg 2048w, https:\/\/www.avo.it\/wp-content\/uploads\/2025\/08\/GOMMA-PIENA-300x200.jpg 300w, https:\/\/www.avo.it\/wp-content\/uploads\/2025\/08\/GOMMA-PIENA-1024x681.jpg 1024w, https:\/\/www.avo.it\/wp-content\/uploads\/2025\/08\/GOMMA-PIENA-768x511.jpg 768w, https:\/\/www.avo.it\/wp-content\/uploads\/2025\/08\/GOMMA-PIENA-1536x1022.jpg 1536w\" sizes=\"(max-width: 2048px) 100vw, 2048px\" \/>\t\t\t\t\t\t\t\t<\/a>\n\t\t\t\t\t\t\t\t\t\t\t\t\t\t\t<\/div>\n\t\t\t\t<\/div>\n\t\t\t\t<\/div>\n\t\t\t\t<\/div>\n\t\t<div class=\"elementor-element elementor-element-93c439e e-con-full e-flex e-con e-parent\" data-id=\"93c439e\" data-element_type=\"container\" data-e-type=\"container\">\n\t\t\t\t<div class=\"elementor-element elementor-element-fdab93d elementor-widget-divider--view-line elementor-widget elementor-widget-divider\" data-id=\"fdab93d\" data-element_type=\"widget\" data-e-type=\"widget\" data-widget_type=\"divider.default\">\n\t\t\t\t\t\t\t<div class=\"elementor-divider\">\n\t\t\t<span class=\"elementor-divider-separator\">\n\t\t\t\t\t\t<\/span>\n\t\t<\/div>\n\t\t\t\t\t\t<\/div>\n\t\t<div class=\"elementor-element elementor-element-d650617 e-con-full e-flex e-con e-child\" data-id=\"d650617\" data-element_type=\"container\" data-e-type=\"container\">\n\t\t<div class=\"elementor-element elementor-element-b167a53 e-con-full e-flex e-con e-child\" data-id=\"b167a53\" data-element_type=\"container\" data-e-type=\"container\">\n\t\t\t\t<div class=\"elementor-element elementor-element-98fb41f elementor-widget elementor-widget-heading\" data-id=\"98fb41f\" data-element_type=\"widget\" data-e-type=\"widget\" data-widget_type=\"heading.default\">\n\t\t\t\t\t<h3 class=\"elementor-heading-title elementor-size-default\">Caoutchouc \u00e9lastique<\/h3>\t\t\t\t<\/div>\n\t\t\t\t<div class=\"elementor-element elementor-element-53ad24f elementor-widget elementor-widget-text-editor\" data-id=\"53ad24f\" data-element_type=\"widget\" data-e-type=\"widget\" data-widget_type=\"text-editor.default\">\n\t\t\t\t\t\t\t\t\t<p>Le <strong>caoutchouc \u00e9lastique AVO<\/strong> est fabriqu\u00e9 \u00e0 partir d\u2019un compos\u00e9 sp\u00e9cialement con\u00e7u pour offrir une <strong>roulabilit\u00e9 optimale<\/strong>, une <strong>bonne r\u00e9sistance \u00e0 l\u2019abrasion<\/strong> et une <strong>excellente capacit\u00e9 de charge<\/strong>.<br \/>L\u2019utilisation prolong\u00e9e \u00e0 des temp\u00e9ratures sup\u00e9rieures \u00e0 <strong>70 \u00b0C<\/strong> est d\u00e9conseill\u00e9e.<\/p>\n\t\t\t\t\t\t\t\t<\/div>\n\t\t\t\t<\/div>\n\t\t<div class=\"elementor-element elementor-element-31de6bf e-con-full e-flex e-con e-child\" data-id=\"31de6bf\" data-element_type=\"container\" data-e-type=\"container\">\n\t\t\t\t<div class=\"elementor-element elementor-element-9bc281f elementor-widget elementor-widget-image\" data-id=\"9bc281f\" data-element_type=\"widget\" data-e-type=\"widget\" data-widget_type=\"image.default\">\n\t\t\t\t\t\t\t\t\t\t\t\t\t\t\t\t<a href=\"https:\/\/www.avo.it\/wp-content\/uploads\/2025\/08\/GOMMA-ELASTICA.jpg\" data-elementor-open-lightbox=\"yes\" data-e-action-hash=\"#elementor-action%3Aaction%3Dlightbox%26settings%3DeyJpZCI6MTUxMjg2LCJ1cmwiOiJodHRwczpcL1wvd3d3LmF2by5pdFwvd3AtY29udGVudFwvdXBsb2Fkc1wvMjAyNVwvMDhcL0dPTU1BLUVMQVNUSUNBLmpwZyJ9\">\n\t\t\t\t\t\t\t<img decoding=\"async\" width=\"2048\" height=\"1421\" src=\"https:\/\/www.avo.it\/wp-content\/uploads\/2025\/08\/GOMMA-ELASTICA.jpg\" class=\"attachment-full size-full wp-image-151286\" alt=\"\" srcset=\"https:\/\/www.avo.it\/wp-content\/uploads\/2025\/08\/GOMMA-ELASTICA.jpg 2048w, https:\/\/www.avo.it\/wp-content\/uploads\/2025\/08\/GOMMA-ELASTICA-300x208.jpg 300w, https:\/\/www.avo.it\/wp-content\/uploads\/2025\/08\/GOMMA-ELASTICA-1024x711.jpg 1024w, https:\/\/www.avo.it\/wp-content\/uploads\/2025\/08\/GOMMA-ELASTICA-768x533.jpg 768w, https:\/\/www.avo.it\/wp-content\/uploads\/2025\/08\/GOMMA-ELASTICA-1536x1066.jpg 1536w\" sizes=\"(max-width: 2048px) 100vw, 2048px\" \/>\t\t\t\t\t\t\t\t<\/a>\n\t\t\t\t\t\t\t\t\t\t\t\t\t\t\t<\/div>\n\t\t\t\t<\/div>\n\t\t\t\t<\/div>\n\t\t\t\t<\/div>\n\t\t<div class=\"elementor-element elementor-element-0e86119 e-con-full e-flex e-con e-parent\" data-id=\"0e86119\" data-element_type=\"container\" data-e-type=\"container\">\n\t\t\t\t<div class=\"elementor-element elementor-element-f12e332 elementor-widget-divider--view-line elementor-widget elementor-widget-divider\" data-id=\"f12e332\" data-element_type=\"widget\" data-e-type=\"widget\" data-widget_type=\"divider.default\">\n\t\t\t\t\t\t\t<div class=\"elementor-divider\">\n\t\t\t<span class=\"elementor-divider-separator\">\n\t\t\t\t\t\t<\/span>\n\t\t<\/div>\n\t\t\t\t\t\t<\/div>\n\t\t<div class=\"elementor-element elementor-element-4d862d6 e-con-full e-flex e-con e-child\" data-id=\"4d862d6\" data-element_type=\"container\" data-e-type=\"container\">\n\t\t<div class=\"elementor-element elementor-element-ce0b86e e-con-full e-flex e-con e-child\" data-id=\"ce0b86e\" data-element_type=\"container\" data-e-type=\"container\">\n\t\t\t\t<div class=\"elementor-element elementor-element-8226da2 elementor-widget elementor-widget-heading\" data-id=\"8226da2\" data-element_type=\"widget\" data-e-type=\"widget\" data-widget_type=\"heading.default\">\n\t\t\t\t\t<h3 class=\"elementor-heading-title elementor-size-default\">Caoutchouc cushion<\/h3>\t\t\t\t<\/div>\n\t\t\t\t<div class=\"elementor-element elementor-element-92ea4ca elementor-widget elementor-widget-text-editor\" data-id=\"92ea4ca\" data-element_type=\"widget\" data-e-type=\"widget\" data-widget_type=\"text-editor.default\">\n\t\t\t\t\t\t\t\t\t<p>Ce type de caoutchouc, adapt\u00e9 aux <strong>chariots \u00e9quip\u00e9s de moteurs \u00e9lectriques ou \u00e9lectroniques<\/strong>, est produit exclusivement \u00e0 base de <strong>caoutchouc naturel<\/strong>.<br \/>Il offre une <strong>tr\u00e8s bonne roulabilit\u00e9<\/strong>, r\u00e9duisant ainsi la <strong>consommation d\u2019\u00e9nergie des batteries<\/strong>.<br \/>Son <strong>\u00e9lasticit\u00e9 \u00e9lev\u00e9e<\/strong> assure un <strong>grand confort de marche<\/strong> du chariot et facilite le d\u00e9placement en diminuant l\u2019effort du moteur.<\/p>\n\t\t\t\t\t\t\t\t<\/div>\n\t\t\t\t<\/div>\n\t\t<div class=\"elementor-element elementor-element-c6fc01a e-con-full e-flex e-con e-child\" data-id=\"c6fc01a\" data-element_type=\"container\" data-e-type=\"container\">\n\t\t\t\t<div class=\"elementor-element elementor-element-c155444 elementor-widget elementor-widget-image\" data-id=\"c155444\" data-element_type=\"widget\" data-e-type=\"widget\" data-widget_type=\"image.default\">\n\t\t\t\t\t\t\t\t\t\t\t\t\t\t\t\t<a href=\"https:\/\/www.avo.it\/wp-content\/uploads\/2025\/08\/GOMMA-CUSHION.jpg\" data-elementor-open-lightbox=\"yes\" data-e-action-hash=\"#elementor-action%3Aaction%3Dlightbox%26settings%3DeyJpZCI6MTUxMjgxLCJ1cmwiOiJodHRwczpcL1wvd3d3LmF2by5pdFwvd3AtY29udGVudFwvdXBsb2Fkc1wvMjAyNVwvMDhcL0dPTU1BLUNVU0hJT04uanBnIn0%3D\">\n\t\t\t\t\t\t\t<img decoding=\"async\" width=\"2048\" height=\"1445\" src=\"https:\/\/www.avo.it\/wp-content\/uploads\/2025\/08\/GOMMA-CUSHION.jpg\" class=\"attachment-full size-full wp-image-151281\" alt=\"\" srcset=\"https:\/\/www.avo.it\/wp-content\/uploads\/2025\/08\/GOMMA-CUSHION.jpg 2048w, https:\/\/www.avo.it\/wp-content\/uploads\/2025\/08\/GOMMA-CUSHION-300x212.jpg 300w, https:\/\/www.avo.it\/wp-content\/uploads\/2025\/08\/GOMMA-CUSHION-1024x723.jpg 1024w, https:\/\/www.avo.it\/wp-content\/uploads\/2025\/08\/GOMMA-CUSHION-768x542.jpg 768w, https:\/\/www.avo.it\/wp-content\/uploads\/2025\/08\/GOMMA-CUSHION-1536x1084.jpg 1536w\" sizes=\"(max-width: 2048px) 100vw, 2048px\" \/>\t\t\t\t\t\t\t\t<\/a>\n\t\t\t\t\t\t\t\t\t\t\t\t\t\t\t<\/div>\n\t\t\t\t<\/div>\n\t\t\t\t<\/div>\n\t\t\t\t<\/div>\n\t\t<div class=\"elementor-element elementor-element-ac0ee44 e-con-full e-flex e-con e-parent\" data-id=\"ac0ee44\" data-element_type=\"container\" data-e-type=\"container\">\n\t\t\t\t<div class=\"elementor-element elementor-element-232fc0d elementor-widget-divider--view-line elementor-widget elementor-widget-divider\" data-id=\"232fc0d\" data-element_type=\"widget\" data-e-type=\"widget\" data-widget_type=\"divider.default\">\n\t\t\t\t\t\t\t<div class=\"elementor-divider\">\n\t\t\t<span class=\"elementor-divider-separator\">\n\t\t\t\t\t\t<\/span>\n\t\t<\/div>\n\t\t\t\t\t\t<\/div>\n\t\t<div class=\"elementor-element elementor-element-0475f71 e-con-full e-flex e-con e-child\" data-id=\"0475f71\" data-element_type=\"container\" data-e-type=\"container\">\n\t\t<div class=\"elementor-element elementor-element-91c0476 e-con-full e-flex e-con e-child\" data-id=\"91c0476\" data-element_type=\"container\" data-e-type=\"container\">\n\t\t\t\t<div class=\"elementor-element elementor-element-98ceb11 elementor-widget elementor-widget-heading\" data-id=\"98ceb11\" data-element_type=\"widget\" data-e-type=\"widget\" data-widget_type=\"heading.default\">\n\t\t\t\t\t<h3 class=\"elementor-heading-title elementor-size-default\">Caoutchouc synth\u00e9tique thermoplastique<\/h3>\t\t\t\t<\/div>\n\t\t\t\t<div class=\"elementor-element elementor-element-548f0ab elementor-widget elementor-widget-text-editor\" data-id=\"548f0ab\" data-element_type=\"widget\" data-e-type=\"widget\" data-widget_type=\"text-editor.default\">\n\t\t\t\t\t\t\t\t\t<p>Il s\u2019agit d\u2019une <strong>r\u00e9sine thermoplastique synth\u00e9tique<\/strong> caract\u00e9ris\u00e9e par une <strong>grande \u00e9lasticit\u00e9<\/strong>, une <strong>large plage de duret\u00e9s<\/strong>, une <strong>bonne r\u00e9sistance chimique<\/strong>, une <strong>excellente colorabilit\u00e9<\/strong> et une <strong>roulabilit\u00e9 silencieuse<\/strong>.<br \/>Elle pr\u00e9sente de <strong>bonnes propri\u00e9t\u00e9s m\u00e9caniques<\/strong>, ne pose <strong>aucun probl\u00e8me d\u2019\u00e9limination en fin de vie<\/strong> et est <strong>facilement recyclable<\/strong>.<\/p>\n\t\t\t\t\t\t\t\t<\/div>\n\t\t\t\t<\/div>\n\t\t<div class=\"elementor-element elementor-element-130d41b e-con-full e-flex e-con e-child\" data-id=\"130d41b\" data-element_type=\"container\" data-e-type=\"container\">\n\t\t\t\t<div class=\"elementor-element elementor-element-6381f66 elementor-widget elementor-widget-image\" data-id=\"6381f66\" data-element_type=\"widget\" data-e-type=\"widget\" data-widget_type=\"image.default\">\n\t\t\t\t\t\t\t\t\t\t\t\t\t\t\t\t<a href=\"https:\/\/www.avo.it\/wp-content\/uploads\/2025\/08\/GOMMA-SINTETICA-TERMOPLASTICA.jpg\" data-elementor-open-lightbox=\"yes\" data-e-action-hash=\"#elementor-action%3Aaction%3Dlightbox%26settings%3DeyJpZCI6MTUxMjk2LCJ1cmwiOiJodHRwczpcL1wvd3d3LmF2by5pdFwvd3AtY29udGVudFwvdXBsb2Fkc1wvMjAyNVwvMDhcL0dPTU1BLVNJTlRFVElDQS1URVJNT1BMQVNUSUNBLmpwZyJ9\">\n\t\t\t\t\t\t\t<img loading=\"lazy\" decoding=\"async\" width=\"2048\" height=\"1411\" src=\"https:\/\/www.avo.it\/wp-content\/uploads\/2025\/08\/GOMMA-SINTETICA-TERMOPLASTICA.jpg\" class=\"attachment-full size-full wp-image-151296\" alt=\"\" srcset=\"https:\/\/www.avo.it\/wp-content\/uploads\/2025\/08\/GOMMA-SINTETICA-TERMOPLASTICA.jpg 2048w, https:\/\/www.avo.it\/wp-content\/uploads\/2025\/08\/GOMMA-SINTETICA-TERMOPLASTICA-300x207.jpg 300w, https:\/\/www.avo.it\/wp-content\/uploads\/2025\/08\/GOMMA-SINTETICA-TERMOPLASTICA-1024x706.jpg 1024w, https:\/\/www.avo.it\/wp-content\/uploads\/2025\/08\/GOMMA-SINTETICA-TERMOPLASTICA-768x529.jpg 768w, https:\/\/www.avo.it\/wp-content\/uploads\/2025\/08\/GOMMA-SINTETICA-TERMOPLASTICA-1536x1058.jpg 1536w\" sizes=\"(max-width: 2048px) 100vw, 2048px\" \/>\t\t\t\t\t\t\t\t<\/a>\n\t\t\t\t\t\t\t\t\t\t\t\t\t\t\t<\/div>\n\t\t\t\t<\/div>\n\t\t\t\t<\/div>\n\t\t\t\t<\/div>\n\t\t<div class=\"elementor-element elementor-element-8c34115 e-con-full e-flex e-con e-parent\" data-id=\"8c34115\" data-element_type=\"container\" data-e-type=\"container\">\n\t\t<div class=\"elementor-element elementor-element-63a2b0b e-con-full e-flex e-con e-child\" data-id=\"63a2b0b\" data-element_type=\"container\" data-e-type=\"container\">\n\t\t<div class=\"elementor-element elementor-element-ba3d7aa e-con-full e-flex e-con e-child\" data-id=\"ba3d7aa\" data-element_type=\"container\" data-e-type=\"container\">\n\t\t<div class=\"elementor-element elementor-element-131f9d9 e-con-full e-flex e-con e-child\" data-id=\"131f9d9\" data-element_type=\"container\" data-e-type=\"container\">\n\t\t\t\t<div class=\"elementor-element elementor-element-270dfd1 elementor-widget elementor-widget-text-editor\" data-id=\"270dfd1\" data-element_type=\"widget\" data-e-type=\"widget\" data-widget_type=\"text-editor.default\">\n\t\t\t\t\t\t\t\t\t<p><strong>Pour plus de d\u00e9tails techniques ou pour demander une consultation personnalis\u00e9e:<\/strong><\/p>\n\t\t\t\t\t\t\t\t<\/div>\n\t\t\t\t<div class=\"elementor-element elementor-element-79a8929 elementor-position-inline-end elementor-mobile-position-inline-end elementor-view-default elementor-widget elementor-widget-icon-box\" data-id=\"79a8929\" data-element_type=\"widget\" data-e-type=\"widget\" data-widget_type=\"icon-box.default\">\n\t\t\t\t\t\t\t<div class=\"elementor-icon-box-wrapper\">\n\n\t\t\t\t\t\t<div class=\"elementor-icon-box-icon\">\n\t\t\t\t<a href=\"https:\/\/www.avo.it\/contatti\/\" title=\"Approfondisci\" class=\"elementor-icon\" tabindex=\"-1\" aria-label=\"Contactez-nous\">\n\t\t\t\t<svg xmlns=\"http:\/\/www.w3.org\/2000\/svg\" id=\"Livello_1\" data-name=\"Livello 1\" viewBox=\"0 0 36.78 36.78\"><defs><style>      .cls-1 {        fill: #b3e5fc;      }      .cls-2 {        fill: #21355a;      }    <\/style><\/defs><circle class=\"cls-1\" cx=\"18.39\" cy=\"18.39\" r=\"18.39\"><\/circle><path class=\"cls-2\" d=\"M13.65,26.72l7.81-7.81c.28-.28.28-.77,0-1.04l-7.81-7.81,1.04-1.04,7.81,7.81c.84.84.84,2.3,0,3.13l-7.81,7.81-1.04-1.04Z\"><\/path><\/svg>\t\t\t\t<\/a>\n\t\t\t<\/div>\n\t\t\t\n\t\t\t\t\t\t<div class=\"elementor-icon-box-content\">\n\n\t\t\t\t\t\t\t\t\t<h3 class=\"elementor-icon-box-title\">\n\t\t\t\t\t\t<a href=\"https:\/\/www.avo.it\/contatti\/\" title=\"Approfondisci\" >\n\t\t\t\t\t\t\tContactez-nous\t\t\t\t\t\t<\/a>\n\t\t\t\t\t<\/h3>\n\t\t\t\t\n\t\t\t\t\n\t\t\t<\/div>\n\t\t\t\n\t\t<\/div>\n\t\t\t\t\t\t<\/div>\n\t\t\t\t<\/div>\n\t\t\t\t<\/div>\n\t\t\t\t<\/div>\n\t\t\t\t<\/div>\n\t\t\t\t<\/div>\n\t\t","protected":false},"excerpt":{"rendered":"<p>Mat\u00e9riau: caoutchouc Caoutchouc plein Le caoutchouc plein est obtenu par vulcanisation \u00e0 partir de mati\u00e8res naturelles.Le m\u00e9lange est sp\u00e9cialement formul\u00e9 pour garantir une excellente roulabilit\u00e9, une bonne r\u00e9sistance \u00e0 l\u2019usure et une grande \u00e9lasticit\u00e9.Des versions antistatiques, non marquantes et r\u00e9sistantes \u00e0 la chaleur sont disponibles sur demande.Ce mat\u00e9riau ne pose aucun probl\u00e8me d\u2019\u00e9limination en fin [&hellip;]<\/p>\n","protected":false},"author":3,"featured_media":0,"parent":153591,"menu_order":0,"comment_status":"closed","ping_status":"closed","template":"","meta":{"_acf_changed":false,"footnotes":""},"class_list":["post-153599","page","type-page","status-publish","hentry"],"acf":[],"_links":{"self":[{"href":"https:\/\/www.avo.it\/fr\/wp-json\/wp\/v2\/pages\/153599","targetHints":{"allow":["GET"]}}],"collection":[{"href":"https:\/\/www.avo.it\/fr\/wp-json\/wp\/v2\/pages"}],"about":[{"href":"https:\/\/www.avo.it\/fr\/wp-json\/wp\/v2\/types\/page"}],"author":[{"embeddable":true,"href":"https:\/\/www.avo.it\/fr\/wp-json\/wp\/v2\/users\/3"}],"replies":[{"embeddable":true,"href":"https:\/\/www.avo.it\/fr\/wp-json\/wp\/v2\/comments?post=153599"}],"version-history":[{"count":1,"href":"https:\/\/www.avo.it\/fr\/wp-json\/wp\/v2\/pages\/153599\/revisions"}],"predecessor-version":[{"id":153600,"href":"https:\/\/www.avo.it\/fr\/wp-json\/wp\/v2\/pages\/153599\/revisions\/153600"}],"up":[{"embeddable":true,"href":"https:\/\/www.avo.it\/fr\/wp-json\/wp\/v2\/pages\/153591"}],"wp:attachment":[{"href":"https:\/\/www.avo.it\/fr\/wp-json\/wp\/v2\/media?parent=153599"}],"curies":[{"name":"wp","href":"https:\/\/api.w.org\/{rel}","templated":true}]}}