{"id":153601,"date":"2025-08-27T07:39:46","date_gmt":"2025-08-27T07:39:46","guid":{"rendered":"https:\/\/avo.it\/informations-techniques\/informations-sur-les-materiaux\/materiau-caoutchouc-pneumatique\/"},"modified":"2025-11-13T14:33:55","modified_gmt":"2025-11-13T14:33:55","slug":"materiau-caoutchouc-pneumatique","status":"publish","type":"page","link":"https:\/\/www.avo.it\/fr\/informations-techniques\/informations-sur-les-materiaux\/materiau-caoutchouc-pneumatique\/","title":{"rendered":"Mat\u00e9riau: caoutchouc pneumatique"},"content":{"rendered":"\t\t<div data-elementor-type=\"wp-page\" data-elementor-id=\"153601\" class=\"elementor elementor-153601 elementor-151200\" data-elementor-post-type=\"page\">\n\t\t\t\t<div class=\"elementor-element elementor-element-5f4e14d e-con-full e-flex e-con e-parent\" data-id=\"5f4e14d\" data-element_type=\"container\" data-e-type=\"container\" data-settings=\"{&quot;background_background&quot;:&quot;classic&quot;}\">\n\t\t<div class=\"elementor-element elementor-element-18f275e e-con-full e-flex e-con e-child\" data-id=\"18f275e\" data-element_type=\"container\" data-e-type=\"container\" data-settings=\"{&quot;background_background&quot;:&quot;classic&quot;}\">\n\t\t<div class=\"elementor-element elementor-element-dace993 e-con-full e-flex e-con e-child\" data-id=\"dace993\" data-element_type=\"container\" data-e-type=\"container\" data-settings=\"{&quot;background_background&quot;:&quot;classic&quot;}\">\n\t\t\t\t<div class=\"elementor-element elementor-element-7986977 elementor-widget elementor-widget-heading\" data-id=\"7986977\" data-element_type=\"widget\" data-e-type=\"widget\" data-widget_type=\"heading.default\">\n\t\t\t\t\t<h1 class=\"elementor-heading-title elementor-size-default\">Mat\u00e9riau: <span style=\"color: #B3E5FC\"><br>caoutchouc pneumatique<\/span><\/h1>\t\t\t\t<\/div>\n\t\t\t\t<\/div>\n\t\t\t\t<\/div>\n\t\t\t\t<\/div>\n\t\t<div class=\"elementor-element elementor-element-87d27b0 e-con-full e-flex e-con e-parent\" data-id=\"87d27b0\" data-element_type=\"container\" data-e-type=\"container\">\n\t\t<div class=\"elementor-element elementor-element-54015d5 e-con-full e-flex e-con e-child\" data-id=\"54015d5\" data-element_type=\"container\" data-e-type=\"container\">\n\t\t<div class=\"elementor-element elementor-element-bc9278d e-con-full e-flex e-con e-child\" data-id=\"bc9278d\" data-element_type=\"container\" data-e-type=\"container\">\n\t\t\t\t<div class=\"elementor-element elementor-element-c998ba4 elementor-widget elementor-widget-heading\" data-id=\"c998ba4\" data-element_type=\"widget\" data-e-type=\"widget\" data-widget_type=\"heading.default\">\n\t\t\t\t\t<h2 class=\"elementor-heading-title elementor-size-default\">Caoutchouc pneumatique<\/h2>\t\t\t\t<\/div>\n\t\t\t\t<div class=\"elementor-element elementor-element-d913f95 elementor-widget elementor-widget-text-editor\" data-id=\"d913f95\" data-element_type=\"widget\" data-e-type=\"widget\" data-widget_type=\"text-editor.default\">\n\t\t\t\t\t\t\t\t\t<p>Les <strong>roues en caoutchouc pneumatique<\/strong> constituent la solution id\u00e9ale lorsqu\u2019une <strong>absorption maximale des chocs<\/strong> et un <strong>confort d\u2019utilisation \u00e9lev\u00e9<\/strong> sont requis.<br \/>Gr\u00e2ce \u00e0 leur <strong>chambre \u00e0 air interne<\/strong>, elles assurent une <strong>excellente amortissement<\/strong> m\u00eame sur des surfaces <strong>irr\u00e9guli\u00e8res<\/strong>, en r\u00e9duisant les <strong>vibrations<\/strong> et les <strong>contraintes<\/strong> aussi bien sur la charge transport\u00e9e que sur les structures de support.<\/p>\n<p>Fabriqu\u00e9es \u00e0 partir de <strong>compos\u00e9s de caoutchouc r\u00e9sistants \u00e0 l\u2019usure<\/strong>, ces roues se distinguent par leur <strong>haute \u00e9lasticit\u00e9<\/strong>, leur <strong>bonne adh\u00e9rence au sol<\/strong> et leur <strong>capacit\u00e9 \u00e0 supporter des charges importantes<\/strong>.<br \/>Elles sont particuli\u00e8rement adapt\u00e9es aux <strong>chariots industriels<\/strong>, <strong>machines mobiles<\/strong>, <strong>\u00e9quipements agricoles<\/strong> et \u00e0 toutes les <strong>applications n\u00e9cessitant une mobilit\u00e9 fluide<\/strong> sur des <strong>terrains accident\u00e9s ou irr\u00e9guliers<\/strong>.<\/p>\n<p>Outre leur <strong>confort d\u2019utilisation<\/strong>, ces roues garantissent une <strong>polyvalence et une s\u00e9curit\u00e9 accrues<\/strong> :<br \/>le <strong>profil de la bande de roulement<\/strong> peut \u00eatre con\u00e7u selon diff\u00e9rents motifs afin d\u2019optimiser la <strong>traction<\/strong>, tandis que les <strong>jantes<\/strong> sont disponibles en plusieurs <strong>mat\u00e9riaux et configurations<\/strong> pour s\u2019adapter \u00e0 chaque exigence d\u2019application.<\/p>\n\t\t\t\t\t\t\t\t<\/div>\n\t\t\t\t<div class=\"elementor-element elementor-element-603d84e elementor-widget elementor-widget-text-editor\" data-id=\"603d84e\" data-element_type=\"widget\" data-e-type=\"widget\" data-widget_type=\"text-editor.default\">\n\t\t\t\t\t\t\t\t\t<p><strong>Pour plus de d\u00e9tails techniques ou pour demander une consultation personnalis\u00e9e:<\/strong><\/p>\n\t\t\t\t\t\t\t\t<\/div>\n\t\t\t\t<div class=\"elementor-element elementor-element-d99e52c elementor-position-inline-end elementor-mobile-position-inline-end elementor-view-default elementor-widget elementor-widget-icon-box\" data-id=\"d99e52c\" data-element_type=\"widget\" data-e-type=\"widget\" data-widget_type=\"icon-box.default\">\n\t\t\t\t\t\t\t<div class=\"elementor-icon-box-wrapper\">\n\n\t\t\t\t\t\t<div class=\"elementor-icon-box-icon\">\n\t\t\t\t<a href=\"https:\/\/www.avo.it\/contatti\/\" title=\"Approfondisci\" class=\"elementor-icon\" tabindex=\"-1\" aria-label=\"Contactez-nous\">\n\t\t\t\t<svg xmlns=\"http:\/\/www.w3.org\/2000\/svg\" id=\"Livello_1\" data-name=\"Livello 1\" viewBox=\"0 0 36.78 36.78\"><defs><style>      .cls-1 {        fill: #b3e5fc;      }      .cls-2 {        fill: #21355a;      }    <\/style><\/defs><circle class=\"cls-1\" cx=\"18.39\" cy=\"18.39\" r=\"18.39\"><\/circle><path class=\"cls-2\" d=\"M13.65,26.72l7.81-7.81c.28-.28.28-.77,0-1.04l-7.81-7.81,1.04-1.04,7.81,7.81c.84.84.84,2.3,0,3.13l-7.81,7.81-1.04-1.04Z\"><\/path><\/svg>\t\t\t\t<\/a>\n\t\t\t<\/div>\n\t\t\t\n\t\t\t\t\t\t<div class=\"elementor-icon-box-content\">\n\n\t\t\t\t\t\t\t\t\t<h3 class=\"elementor-icon-box-title\">\n\t\t\t\t\t\t<a href=\"https:\/\/www.avo.it\/contatti\/\" title=\"Approfondisci\" >\n\t\t\t\t\t\t\tContactez-nous\t\t\t\t\t\t<\/a>\n\t\t\t\t\t<\/h3>\n\t\t\t\t\n\t\t\t\t\n\t\t\t<\/div>\n\t\t\t\n\t\t<\/div>\n\t\t\t\t\t\t<\/div>\n\t\t\t\t<\/div>\n\t\t<div class=\"elementor-element elementor-element-3c574d0 e-con-full e-flex e-con e-child\" data-id=\"3c574d0\" data-element_type=\"container\" data-e-type=\"container\">\n\t\t\t\t<div class=\"elementor-element elementor-element-9d14f8f elementor-widget elementor-widget-image\" data-id=\"9d14f8f\" data-element_type=\"widget\" data-e-type=\"widget\" data-widget_type=\"image.default\">\n\t\t\t\t\t\t\t\t\t\t\t\t\t\t\t\t<a href=\"https:\/\/www.avo.it\/wp-content\/uploads\/2025\/08\/PNEUMATICA-dettaglio.jpg\" data-elementor-open-lightbox=\"yes\" data-e-action-hash=\"#elementor-action%3Aaction%3Dlightbox%26settings%3DeyJpZCI6MTUxMjUxLCJ1cmwiOiJodHRwczpcL1wvd3d3LmF2by5pdFwvd3AtY29udGVudFwvdXBsb2Fkc1wvMjAyNVwvMDhcL1BORVVNQVRJQ0EtZGV0dGFnbGlvLmpwZyJ9\">\n\t\t\t\t\t\t\t<img fetchpriority=\"high\" decoding=\"async\" width=\"2048\" height=\"1533\" src=\"https:\/\/www.avo.it\/wp-content\/uploads\/2025\/08\/PNEUMATICA-dettaglio.jpg\" class=\"attachment-full size-full wp-image-151251\" alt=\"\" srcset=\"https:\/\/www.avo.it\/wp-content\/uploads\/2025\/08\/PNEUMATICA-dettaglio.jpg 2048w, https:\/\/www.avo.it\/wp-content\/uploads\/2025\/08\/PNEUMATICA-dettaglio-300x225.jpg 300w, https:\/\/www.avo.it\/wp-content\/uploads\/2025\/08\/PNEUMATICA-dettaglio-1024x767.jpg 1024w, https:\/\/www.avo.it\/wp-content\/uploads\/2025\/08\/PNEUMATICA-dettaglio-768x575.jpg 768w, https:\/\/www.avo.it\/wp-content\/uploads\/2025\/08\/PNEUMATICA-dettaglio-1536x1150.jpg 1536w\" sizes=\"(max-width: 2048px) 100vw, 2048px\" \/>\t\t\t\t\t\t\t\t<\/a>\n\t\t\t\t\t\t\t\t\t\t\t\t\t\t\t<\/div>\n\t\t\t\t<\/div>\n\t\t\t\t<\/div>\n\t\t\t\t<\/div>\n\t\t\t\t<\/div>\n\t\t","protected":false},"excerpt":{"rendered":"<p>Mat\u00e9riau: caoutchouc pneumatique Caoutchouc pneumatique Les roues en caoutchouc pneumatique constituent la solution id\u00e9ale lorsqu\u2019une absorption maximale des chocs et un confort d\u2019utilisation \u00e9lev\u00e9 sont requis.Gr\u00e2ce \u00e0 leur chambre \u00e0 air interne, elles assurent une excellente amortissement m\u00eame sur des surfaces irr\u00e9guli\u00e8res, en r\u00e9duisant les vibrations et les contraintes aussi bien sur la charge transport\u00e9e [&hellip;]<\/p>\n","protected":false},"author":2,"featured_media":0,"parent":153591,"menu_order":0,"comment_status":"closed","ping_status":"closed","template":"","meta":{"_acf_changed":false,"footnotes":""},"class_list":["post-153601","page","type-page","status-publish","hentry"],"acf":[],"_links":{"self":[{"href":"https:\/\/www.avo.it\/fr\/wp-json\/wp\/v2\/pages\/153601","targetHints":{"allow":["GET"]}}],"collection":[{"href":"https:\/\/www.avo.it\/fr\/wp-json\/wp\/v2\/pages"}],"about":[{"href":"https:\/\/www.avo.it\/fr\/wp-json\/wp\/v2\/types\/page"}],"author":[{"embeddable":true,"href":"https:\/\/www.avo.it\/fr\/wp-json\/wp\/v2\/users\/2"}],"replies":[{"embeddable":true,"href":"https:\/\/www.avo.it\/fr\/wp-json\/wp\/v2\/comments?post=153601"}],"version-history":[{"count":1,"href":"https:\/\/www.avo.it\/fr\/wp-json\/wp\/v2\/pages\/153601\/revisions"}],"predecessor-version":[{"id":153602,"href":"https:\/\/www.avo.it\/fr\/wp-json\/wp\/v2\/pages\/153601\/revisions\/153602"}],"up":[{"embeddable":true,"href":"https:\/\/www.avo.it\/fr\/wp-json\/wp\/v2\/pages\/153591"}],"wp:attachment":[{"href":"https:\/\/www.avo.it\/fr\/wp-json\/wp\/v2\/media?parent=153601"}],"curies":[{"name":"wp","href":"https:\/\/api.w.org\/{rel}","templated":true}]}}