{"id":153603,"date":"2025-08-18T10:45:23","date_gmt":"2025-08-18T10:45:23","guid":{"rendered":"https:\/\/avo.it\/informations-techniques\/informations-sur-les-materiaux\/materiau-polyamide-6\/"},"modified":"2025-11-13T14:38:54","modified_gmt":"2025-11-13T14:38:54","slug":"materiau-polyamide-6","status":"publish","type":"page","link":"https:\/\/www.avo.it\/fr\/informations-techniques\/informations-sur-les-materiaux\/materiau-polyamide-6\/","title":{"rendered":"Mat\u00e9riau: polyamide 6"},"content":{"rendered":"\t\t<div data-elementor-type=\"wp-page\" data-elementor-id=\"153603\" class=\"elementor elementor-153603 elementor-150653\" data-elementor-post-type=\"page\">\n\t\t\t\t<div class=\"elementor-element elementor-element-4148d63 e-con-full e-flex e-con e-parent\" data-id=\"4148d63\" data-element_type=\"container\" data-e-type=\"container\" data-settings=\"{&quot;background_background&quot;:&quot;classic&quot;}\">\n\t\t<div class=\"elementor-element elementor-element-c909fbb e-con-full e-flex e-con e-child\" data-id=\"c909fbb\" data-element_type=\"container\" data-e-type=\"container\" data-settings=\"{&quot;background_background&quot;:&quot;classic&quot;}\">\n\t\t<div class=\"elementor-element elementor-element-e6739ed e-con-full e-flex e-con e-child\" data-id=\"e6739ed\" data-element_type=\"container\" data-e-type=\"container\" data-settings=\"{&quot;background_background&quot;:&quot;classic&quot;}\">\n\t\t\t\t<div class=\"elementor-element elementor-element-6acbea8 elementor-widget elementor-widget-heading\" data-id=\"6acbea8\" data-element_type=\"widget\" data-e-type=\"widget\" data-widget_type=\"heading.default\">\n\t\t\t\t\t<h1 class=\"elementor-heading-title elementor-size-default\">Mat\u00e9riau: <span style=\"color: #B3E5FC\"><br>polyamide 6<\/span><\/h1>\t\t\t\t<\/div>\n\t\t\t\t<\/div>\n\t\t\t\t<\/div>\n\t\t\t\t<\/div>\n\t\t<div class=\"elementor-element elementor-element-96f3511 e-con-full e-flex e-con e-parent\" data-id=\"96f3511\" data-element_type=\"container\" data-e-type=\"container\">\n\t\t<div class=\"elementor-element elementor-element-f5ebf98 e-con-full e-flex e-con e-child\" data-id=\"f5ebf98\" data-element_type=\"container\" data-e-type=\"container\">\n\t\t<div class=\"elementor-element elementor-element-ebf6c91 e-con-full e-flex e-con e-child\" data-id=\"ebf6c91\" data-element_type=\"container\" data-e-type=\"container\">\n\t\t\t\t<div class=\"elementor-element elementor-element-be01334 elementor-widget elementor-widget-heading\" data-id=\"be01334\" data-element_type=\"widget\" data-e-type=\"widget\" data-widget_type=\"heading.default\">\n\t\t\t\t\t<h3 class=\"elementor-heading-title elementor-size-default\">Polyamide 6<\/h3>\t\t\t\t<\/div>\n\t\t\t\t<div class=\"elementor-element elementor-element-ffb74b5 elementor-widget elementor-widget-text-editor\" data-id=\"ffb74b5\" data-element_type=\"widget\" data-e-type=\"widget\" data-widget_type=\"text-editor.default\">\n\t\t\t\t\t\t\t\t\t<p>Les produits en <strong>polyamide 6<\/strong>, commun\u00e9ment appel\u00e9s <strong>Nylon\u00ae<\/strong>, sont des <strong>thermoplastiques<\/strong> fabriqu\u00e9s par <strong>moulage par injection<\/strong>.<br \/>Gr\u00e2ce \u00e0 son <strong>faible coefficient de frottement<\/strong>, le polyamide 6 assure une <strong>excellente roulabilit\u00e9<\/strong> et une <strong>usure minimale<\/strong>, garantissant ainsi une <strong>longue dur\u00e9e de vie<\/strong>.<br \/>Il pr\u00e9sente une <strong>grande r\u00e9sistance \u00e0 la rupture<\/strong>, une <strong>insensibilit\u00e9 aux agents chimiques et atmosph\u00e9riques<\/strong>, ainsi qu\u2019un <strong>poids sp\u00e9cifique r\u00e9duit<\/strong>, ce qui conf\u00e8re aux roues et composants en polyamide 6 une <strong>l\u00e9g\u00e8ret\u00e9 appr\u00e9ciable<\/strong>.<br \/>La <strong>colorabilit\u00e9<\/strong> du mat\u00e9riau est \u00e9galement excellente, facilitant son adaptation esth\u00e9tique et fonctionnelle selon les besoins d\u2019application.<\/p>\n\t\t\t\t\t\t\t\t<\/div>\n\t\t\t\t<\/div>\n\t\t<div class=\"elementor-element elementor-element-f9fcf39 e-con-full e-flex e-con e-child\" data-id=\"f9fcf39\" data-element_type=\"container\" data-e-type=\"container\">\n\t\t\t\t<div class=\"elementor-element elementor-element-ce24987 elementor-widget elementor-widget-image\" data-id=\"ce24987\" data-element_type=\"widget\" data-e-type=\"widget\" data-widget_type=\"image.default\">\n\t\t\t\t\t\t\t\t\t\t\t\t\t\t\t\t<a href=\"https:\/\/www.avo.it\/wp-content\/uploads\/2025\/08\/POLIAMMIDE-6-dettaglio.jpg\" data-elementor-open-lightbox=\"yes\" data-e-action-hash=\"#elementor-action%3Aaction%3Dlightbox%26settings%3DeyJpZCI6MTUxMzA0LCJ1cmwiOiJodHRwczpcL1wvd3d3LmF2by5pdFwvd3AtY29udGVudFwvdXBsb2Fkc1wvMjAyNVwvMDhcL1BPTElBTU1JREUtNi1kZXR0YWdsaW8uanBnIn0%3D\">\n\t\t\t\t\t\t\t<img fetchpriority=\"high\" decoding=\"async\" width=\"2048\" height=\"1385\" src=\"https:\/\/www.avo.it\/wp-content\/uploads\/2025\/08\/POLIAMMIDE-6-dettaglio.jpg\" class=\"attachment-full size-full wp-image-151304\" alt=\"\" srcset=\"https:\/\/www.avo.it\/wp-content\/uploads\/2025\/08\/POLIAMMIDE-6-dettaglio.jpg 2048w, https:\/\/www.avo.it\/wp-content\/uploads\/2025\/08\/POLIAMMIDE-6-dettaglio-300x203.jpg 300w, https:\/\/www.avo.it\/wp-content\/uploads\/2025\/08\/POLIAMMIDE-6-dettaglio-1024x693.jpg 1024w, https:\/\/www.avo.it\/wp-content\/uploads\/2025\/08\/POLIAMMIDE-6-dettaglio-768x519.jpg 768w, https:\/\/www.avo.it\/wp-content\/uploads\/2025\/08\/POLIAMMIDE-6-dettaglio-1536x1039.jpg 1536w\" sizes=\"(max-width: 2048px) 100vw, 2048px\" \/>\t\t\t\t\t\t\t\t<\/a>\n\t\t\t\t\t\t\t\t\t\t\t\t\t\t\t<\/div>\n\t\t\t\t<\/div>\n\t\t\t\t<\/div>\n\t\t\t\t<\/div>\n\t\t<div class=\"elementor-element elementor-element-4db93c0 e-con-full e-flex e-con e-parent\" data-id=\"4db93c0\" data-element_type=\"container\" data-e-type=\"container\">\n\t\t<div class=\"elementor-element elementor-element-c2b24f6 e-con-full e-flex e-con e-child\" data-id=\"c2b24f6\" data-element_type=\"container\" data-e-type=\"container\">\n\t\t<div class=\"elementor-element elementor-element-9feb562 e-con-full e-flex e-con e-child\" data-id=\"9feb562\" data-element_type=\"container\" data-e-type=\"container\">\n\t\t\t\t<div class=\"elementor-element elementor-element-0bff96a elementor-widget elementor-widget-heading\" data-id=\"0bff96a\" data-element_type=\"widget\" data-e-type=\"widget\" data-widget_type=\"heading.default\">\n\t\t\t\t\t<h3 class=\"elementor-heading-title elementor-size-default\">Polyamide 6 charg\u00e9 en fibre de verre 30%<\/h3>\t\t\t\t<\/div>\n\t\t\t\t<div class=\"elementor-element elementor-element-f3089ac elementor-widget elementor-widget-text-editor\" data-id=\"f3089ac\" data-element_type=\"widget\" data-e-type=\"widget\" data-widget_type=\"text-editor.default\">\n\t\t\t\t\t\t\t\t\t<p>Le <strong>polyamide 6 renforc\u00e9 de 30 % de fibre de verre<\/strong> est un <strong>technopolym\u00e8re haute performance<\/strong> qui associe la <strong>r\u00e9sistance<\/strong> et la <strong>rigidit\u00e9<\/strong> des plastiques techniques aux <strong>propri\u00e9t\u00e9s m\u00e9caniques exceptionnelles<\/strong> conf\u00e9r\u00e9es par le renfort en fibre de verre.<br \/>Cette formulation offre une <strong>stabilit\u00e9 dimensionnelle \u00e9lev\u00e9e<\/strong>, une <strong>r\u00e9sistance sup\u00e9rieure \u00e0 la traction, \u00e0 la compression et \u00e0 la flexion<\/strong>, ainsi qu\u2019une <strong>excellente capacit\u00e9 \u00e0 supporter des charges statiques et dynamiques<\/strong> m\u00eame dans des conditions d\u2019utilisation s\u00e9v\u00e8res.<\/p>\n\t\t\t\t\t\t\t\t<\/div>\n\t\t\t\t<div class=\"elementor-element elementor-element-56f41b5 elementor-widget elementor-widget-text-editor\" data-id=\"56f41b5\" data-element_type=\"widget\" data-e-type=\"widget\" data-widget_type=\"text-editor.default\">\n\t\t\t\t\t\t\t\t\t<p><strong>Pour plus de d\u00e9tails techniques ou pour demander une consultation personnalis\u00e9e:<\/strong><\/p>\n\t\t\t\t\t\t\t\t<\/div>\n\t\t\t\t<div class=\"elementor-element elementor-element-0883755 elementor-position-inline-end elementor-mobile-position-inline-end elementor-view-default elementor-widget elementor-widget-icon-box\" data-id=\"0883755\" data-element_type=\"widget\" data-e-type=\"widget\" data-widget_type=\"icon-box.default\">\n\t\t\t\t\t\t\t<div class=\"elementor-icon-box-wrapper\">\n\n\t\t\t\t\t\t<div class=\"elementor-icon-box-icon\">\n\t\t\t\t<a href=\"https:\/\/www.avo.it\/contatti\/\" title=\"Approfondisci\" class=\"elementor-icon\" tabindex=\"-1\" aria-label=\"Contactez-nous\">\n\t\t\t\t<svg xmlns=\"http:\/\/www.w3.org\/2000\/svg\" id=\"Livello_1\" data-name=\"Livello 1\" viewBox=\"0 0 36.78 36.78\"><defs><style>      .cls-1 {        fill: #b3e5fc;      }      .cls-2 {        fill: #21355a;      }    <\/style><\/defs><circle class=\"cls-1\" cx=\"18.39\" cy=\"18.39\" r=\"18.39\"><\/circle><path class=\"cls-2\" d=\"M13.65,26.72l7.81-7.81c.28-.28.28-.77,0-1.04l-7.81-7.81,1.04-1.04,7.81,7.81c.84.84.84,2.3,0,3.13l-7.81,7.81-1.04-1.04Z\"><\/path><\/svg>\t\t\t\t<\/a>\n\t\t\t<\/div>\n\t\t\t\n\t\t\t\t\t\t<div class=\"elementor-icon-box-content\">\n\n\t\t\t\t\t\t\t\t\t<h3 class=\"elementor-icon-box-title\">\n\t\t\t\t\t\t<a href=\"https:\/\/www.avo.it\/contatti\/\" title=\"Approfondisci\" >\n\t\t\t\t\t\t\tContactez-nous\t\t\t\t\t\t<\/a>\n\t\t\t\t\t<\/h3>\n\t\t\t\t\n\t\t\t\t\n\t\t\t<\/div>\n\t\t\t\n\t\t<\/div>\n\t\t\t\t\t\t<\/div>\n\t\t\t\t<\/div>\n\t\t<div class=\"elementor-element elementor-element-d6d12d1 e-con-full e-flex e-con e-child\" data-id=\"d6d12d1\" data-element_type=\"container\" data-e-type=\"container\">\n\t\t\t\t<div class=\"elementor-element elementor-element-41d64d3 elementor-widget elementor-widget-image\" data-id=\"41d64d3\" data-element_type=\"widget\" data-e-type=\"widget\" data-widget_type=\"image.default\">\n\t\t\t\t\t\t\t\t\t\t\t\t\t\t\t\t<a href=\"https:\/\/www.avo.it\/wp-content\/uploads\/2025\/08\/POLIAMMIDE-6-CARICATA-VETRO-dettaglio.jpg\" data-elementor-open-lightbox=\"yes\" data-e-action-hash=\"#elementor-action%3Aaction%3Dlightbox%26settings%3DeyJpZCI6MTUxMzA5LCJ1cmwiOiJodHRwczpcL1wvd3d3LmF2by5pdFwvd3AtY29udGVudFwvdXBsb2Fkc1wvMjAyNVwvMDhcL1BPTElBTU1JREUtNi1DQVJJQ0FUQS1WRVRSTy1kZXR0YWdsaW8uanBnIn0%3D\">\n\t\t\t\t\t\t\t<img decoding=\"async\" width=\"2048\" height=\"1381\" src=\"https:\/\/www.avo.it\/wp-content\/uploads\/2025\/08\/POLIAMMIDE-6-CARICATA-VETRO-dettaglio.jpg\" class=\"attachment-full size-full wp-image-151309\" alt=\"\" srcset=\"https:\/\/www.avo.it\/wp-content\/uploads\/2025\/08\/POLIAMMIDE-6-CARICATA-VETRO-dettaglio.jpg 2048w, https:\/\/www.avo.it\/wp-content\/uploads\/2025\/08\/POLIAMMIDE-6-CARICATA-VETRO-dettaglio-300x202.jpg 300w, https:\/\/www.avo.it\/wp-content\/uploads\/2025\/08\/POLIAMMIDE-6-CARICATA-VETRO-dettaglio-1024x691.jpg 1024w, https:\/\/www.avo.it\/wp-content\/uploads\/2025\/08\/POLIAMMIDE-6-CARICATA-VETRO-dettaglio-768x518.jpg 768w, https:\/\/www.avo.it\/wp-content\/uploads\/2025\/08\/POLIAMMIDE-6-CARICATA-VETRO-dettaglio-1536x1036.jpg 1536w\" sizes=\"(max-width: 2048px) 100vw, 2048px\" \/>\t\t\t\t\t\t\t\t<\/a>\n\t\t\t\t\t\t\t\t\t\t\t\t\t\t\t<\/div>\n\t\t\t\t<\/div>\n\t\t\t\t<\/div>\n\t\t\t\t<\/div>\n\t\t\t\t<\/div>\n\t\t","protected":false},"excerpt":{"rendered":"<p>Mat\u00e9riau: polyamide 6 Polyamide 6 Les produits en polyamide 6, commun\u00e9ment appel\u00e9s Nylon\u00ae, sont des thermoplastiques fabriqu\u00e9s par moulage par injection.Gr\u00e2ce \u00e0 son faible coefficient de frottement, le polyamide 6 assure une excellente roulabilit\u00e9 et une usure minimale, garantissant ainsi une longue dur\u00e9e de vie.Il pr\u00e9sente une grande r\u00e9sistance \u00e0 la rupture, une insensibilit\u00e9 aux [&hellip;]<\/p>\n","protected":false},"author":3,"featured_media":0,"parent":153591,"menu_order":0,"comment_status":"closed","ping_status":"closed","template":"","meta":{"_acf_changed":false,"footnotes":""},"class_list":["post-153603","page","type-page","status-publish","hentry"],"acf":[],"_links":{"self":[{"href":"https:\/\/www.avo.it\/fr\/wp-json\/wp\/v2\/pages\/153603","targetHints":{"allow":["GET"]}}],"collection":[{"href":"https:\/\/www.avo.it\/fr\/wp-json\/wp\/v2\/pages"}],"about":[{"href":"https:\/\/www.avo.it\/fr\/wp-json\/wp\/v2\/types\/page"}],"author":[{"embeddable":true,"href":"https:\/\/www.avo.it\/fr\/wp-json\/wp\/v2\/users\/3"}],"replies":[{"embeddable":true,"href":"https:\/\/www.avo.it\/fr\/wp-json\/wp\/v2\/comments?post=153603"}],"version-history":[{"count":1,"href":"https:\/\/www.avo.it\/fr\/wp-json\/wp\/v2\/pages\/153603\/revisions"}],"predecessor-version":[{"id":153604,"href":"https:\/\/www.avo.it\/fr\/wp-json\/wp\/v2\/pages\/153603\/revisions\/153604"}],"up":[{"embeddable":true,"href":"https:\/\/www.avo.it\/fr\/wp-json\/wp\/v2\/pages\/153591"}],"wp:attachment":[{"href":"https:\/\/www.avo.it\/fr\/wp-json\/wp\/v2\/media?parent=153603"}],"curies":[{"name":"wp","href":"https:\/\/api.w.org\/{rel}","templated":true}]}}