{"id":153605,"date":"2025-08-18T10:57:47","date_gmt":"2025-08-18T10:57:47","guid":{"rendered":"https:\/\/avo.it\/informations-techniques\/informations-sur-les-materiaux\/materiau-polypropylene\/"},"modified":"2025-11-13T15:37:31","modified_gmt":"2025-11-13T15:37:31","slug":"materiau-polypropylene","status":"publish","type":"page","link":"https:\/\/www.avo.it\/fr\/informations-techniques\/informations-sur-les-materiaux\/materiau-polypropylene\/","title":{"rendered":"Mat\u00e9riau: polypropyl\u00e8ne"},"content":{"rendered":"\t\t<div data-elementor-type=\"wp-page\" data-elementor-id=\"153605\" class=\"elementor elementor-153605 elementor-150711\" data-elementor-post-type=\"page\">\n\t\t\t\t<div class=\"elementor-element elementor-element-7e31756 e-con-full e-flex e-con e-parent\" data-id=\"7e31756\" data-element_type=\"container\" data-e-type=\"container\" data-settings=\"{&quot;background_background&quot;:&quot;classic&quot;}\">\n\t\t<div class=\"elementor-element elementor-element-ee656e8 e-con-full e-flex e-con e-child\" data-id=\"ee656e8\" data-element_type=\"container\" data-e-type=\"container\" data-settings=\"{&quot;background_background&quot;:&quot;classic&quot;}\">\n\t\t<div class=\"elementor-element elementor-element-f24b26c e-con-full e-flex e-con e-child\" data-id=\"f24b26c\" data-element_type=\"container\" data-e-type=\"container\" data-settings=\"{&quot;background_background&quot;:&quot;classic&quot;}\">\n\t\t\t\t<div class=\"elementor-element elementor-element-fc7061c elementor-widget elementor-widget-heading\" data-id=\"fc7061c\" data-element_type=\"widget\" data-e-type=\"widget\" data-widget_type=\"heading.default\">\n\t\t\t\t\t<h1 class=\"elementor-heading-title elementor-size-default\">Mat\u00e9riau: <span style=\"color: #B3E5FC\"><br>polypropyl\u00e8ne<\/span><\/h1>\t\t\t\t<\/div>\n\t\t\t\t<\/div>\n\t\t\t\t<\/div>\n\t\t\t\t<\/div>\n\t\t<div class=\"elementor-element elementor-element-09c568f e-con-full e-flex e-con e-parent\" data-id=\"09c568f\" data-element_type=\"container\" data-e-type=\"container\">\n\t\t<div class=\"elementor-element elementor-element-240d7f4 e-con-full e-flex e-con e-child\" data-id=\"240d7f4\" data-element_type=\"container\" data-e-type=\"container\">\n\t\t<div class=\"elementor-element elementor-element-f4855db e-con-full e-flex e-con e-child\" data-id=\"f4855db\" data-element_type=\"container\" data-e-type=\"container\">\n\t\t\t\t<div class=\"elementor-element elementor-element-13e31d8 elementor-widget elementor-widget-heading\" data-id=\"13e31d8\" data-element_type=\"widget\" data-e-type=\"widget\" data-widget_type=\"heading.default\">\n\t\t\t\t\t<h2 class=\"elementor-heading-title elementor-size-default\">Polypropyl\u00e8ne<\/h2>\t\t\t\t<\/div>\n\t\t\t\t<div class=\"elementor-element elementor-element-7b7fbb3 elementor-widget elementor-widget-text-editor\" data-id=\"7b7fbb3\" data-element_type=\"widget\" data-e-type=\"widget\" data-widget_type=\"text-editor.default\">\n\t\t\t\t\t\t\t\t\t<p>Le <strong>polypropyl\u00e8ne<\/strong> est un <strong>polym\u00e8re thermoplastique<\/strong> pouvant pr\u00e9senter diff\u00e9rentes <strong>tacticit\u00e9s<\/strong>.<br \/>La forme la plus int\u00e9ressante sur le plan industriel est le <strong>polypropyl\u00e8ne isotactique<\/strong>, un <strong>polym\u00e8re semi-cristallin<\/strong> caract\u00e9ris\u00e9 par une <strong>grande r\u00e9sistance \u00e0 la traction<\/strong>, une <strong>faible densit\u00e9<\/strong>, une <strong>bonne r\u00e9sistance thermique<\/strong> et une <strong>excellente r\u00e9sistance \u00e0 l\u2019abrasion<\/strong>.<\/p>\n<p>Il offre une <strong>tr\u00e8s bonne roulabilit\u00e9<\/strong>, une <strong>grande r\u00e9sistance aux chocs<\/strong>, une <strong>excellente colorabilit\u00e9<\/strong>, une <strong>stabilit\u00e9 dimensionnelle \u00e9lev\u00e9e<\/strong> et une <strong>durabilit\u00e9 remarquable<\/strong> dans le temps.<br \/>Le polypropyl\u00e8ne pr\u00e9sente \u00e9galement un <strong>comportement excellent face aux agents chimiques agressifs<\/strong>.<br \/>En fin de vie, il <strong>ne pose aucun probl\u00e8me d\u2019\u00e9limination<\/strong> et est <strong>facilement recyclable<\/strong>.<\/p>\n\t\t\t\t\t\t\t\t<\/div>\n\t\t\t\t<div class=\"elementor-element elementor-element-b83c41a elementor-widget elementor-widget-text-editor\" data-id=\"b83c41a\" data-element_type=\"widget\" data-e-type=\"widget\" data-widget_type=\"text-editor.default\">\n\t\t\t\t\t\t\t\t\t<p><strong>Pour plus de d\u00e9tails techniques ou pour demander une consultation personnalis\u00e9e:<\/strong><\/p>\n\t\t\t\t\t\t\t\t<\/div>\n\t\t\t\t<div class=\"elementor-element elementor-element-7e5c4d7 elementor-position-inline-end elementor-mobile-position-inline-end elementor-view-default elementor-widget elementor-widget-icon-box\" data-id=\"7e5c4d7\" data-element_type=\"widget\" data-e-type=\"widget\" data-widget_type=\"icon-box.default\">\n\t\t\t\t\t\t\t<div class=\"elementor-icon-box-wrapper\">\n\n\t\t\t\t\t\t<div class=\"elementor-icon-box-icon\">\n\t\t\t\t<a href=\"https:\/\/www.avo.it\/contatti\/\" title=\"Approfondisci\" class=\"elementor-icon\" tabindex=\"-1\" aria-label=\"Contactez-nous\">\n\t\t\t\t<svg xmlns=\"http:\/\/www.w3.org\/2000\/svg\" id=\"Livello_1\" data-name=\"Livello 1\" viewBox=\"0 0 36.78 36.78\"><defs><style>      .cls-1 {        fill: #b3e5fc;      }      .cls-2 {        fill: #21355a;      }    <\/style><\/defs><circle class=\"cls-1\" cx=\"18.39\" cy=\"18.39\" r=\"18.39\"><\/circle><path class=\"cls-2\" d=\"M13.65,26.72l7.81-7.81c.28-.28.28-.77,0-1.04l-7.81-7.81,1.04-1.04,7.81,7.81c.84.84.84,2.3,0,3.13l-7.81,7.81-1.04-1.04Z\"><\/path><\/svg>\t\t\t\t<\/a>\n\t\t\t<\/div>\n\t\t\t\n\t\t\t\t\t\t<div class=\"elementor-icon-box-content\">\n\n\t\t\t\t\t\t\t\t\t<h3 class=\"elementor-icon-box-title\">\n\t\t\t\t\t\t<a href=\"https:\/\/www.avo.it\/contatti\/\" title=\"Approfondisci\" >\n\t\t\t\t\t\t\tContactez-nous\t\t\t\t\t\t<\/a>\n\t\t\t\t\t<\/h3>\n\t\t\t\t\n\t\t\t\t\n\t\t\t<\/div>\n\t\t\t\n\t\t<\/div>\n\t\t\t\t\t\t<\/div>\n\t\t\t\t<\/div>\n\t\t<div class=\"elementor-element elementor-element-e1ae1e4 e-con-full e-flex e-con e-child\" data-id=\"e1ae1e4\" data-element_type=\"container\" data-e-type=\"container\">\n\t\t\t\t<div class=\"elementor-element elementor-element-725805d elementor-widget elementor-widget-image\" data-id=\"725805d\" data-element_type=\"widget\" data-e-type=\"widget\" data-widget_type=\"image.default\">\n\t\t\t\t\t\t\t\t\t\t\t\t\t\t\t\t<a href=\"https:\/\/www.avo.it\/wp-content\/uploads\/2025\/08\/POLIPROPILENE.jpg\" data-elementor-open-lightbox=\"yes\" data-e-action-hash=\"#elementor-action%3Aaction%3Dlightbox%26settings%3DeyJpZCI6MTUxMzE3LCJ1cmwiOiJodHRwczpcL1wvd3d3LmF2by5pdFwvd3AtY29udGVudFwvdXBsb2Fkc1wvMjAyNVwvMDhcL1BPTElQUk9QSUxFTkUuanBnIn0%3D\">\n\t\t\t\t\t\t\t<img fetchpriority=\"high\" decoding=\"async\" width=\"2048\" height=\"1135\" src=\"https:\/\/www.avo.it\/wp-content\/uploads\/2025\/08\/POLIPROPILENE.jpg\" class=\"attachment-full size-full wp-image-151317\" alt=\"\" srcset=\"https:\/\/www.avo.it\/wp-content\/uploads\/2025\/08\/POLIPROPILENE.jpg 2048w, https:\/\/www.avo.it\/wp-content\/uploads\/2025\/08\/POLIPROPILENE-300x166.jpg 300w, https:\/\/www.avo.it\/wp-content\/uploads\/2025\/08\/POLIPROPILENE-1024x568.jpg 1024w, https:\/\/www.avo.it\/wp-content\/uploads\/2025\/08\/POLIPROPILENE-768x426.jpg 768w, https:\/\/www.avo.it\/wp-content\/uploads\/2025\/08\/POLIPROPILENE-1536x851.jpg 1536w\" sizes=\"(max-width: 2048px) 100vw, 2048px\" \/>\t\t\t\t\t\t\t\t<\/a>\n\t\t\t\t\t\t\t\t\t\t\t\t\t\t\t<\/div>\n\t\t\t\t<\/div>\n\t\t\t\t<\/div>\n\t\t\t\t<\/div>\n\t\t\t\t<\/div>\n\t\t","protected":false},"excerpt":{"rendered":"<p>Mat\u00e9riau: polypropyl\u00e8ne Polypropyl\u00e8ne Le polypropyl\u00e8ne est un polym\u00e8re thermoplastique pouvant pr\u00e9senter diff\u00e9rentes tacticit\u00e9s.La forme la plus int\u00e9ressante sur le plan industriel est le polypropyl\u00e8ne isotactique, un polym\u00e8re semi-cristallin caract\u00e9ris\u00e9 par une grande r\u00e9sistance \u00e0 la traction, une faible densit\u00e9, une bonne r\u00e9sistance thermique et une excellente r\u00e9sistance \u00e0 l\u2019abrasion. Il offre une tr\u00e8s bonne roulabilit\u00e9, [&hellip;]<\/p>\n","protected":false},"author":3,"featured_media":0,"parent":153591,"menu_order":0,"comment_status":"closed","ping_status":"closed","template":"","meta":{"_acf_changed":false,"footnotes":""},"class_list":["post-153605","page","type-page","status-publish","hentry"],"acf":[],"_links":{"self":[{"href":"https:\/\/www.avo.it\/fr\/wp-json\/wp\/v2\/pages\/153605","targetHints":{"allow":["GET"]}}],"collection":[{"href":"https:\/\/www.avo.it\/fr\/wp-json\/wp\/v2\/pages"}],"about":[{"href":"https:\/\/www.avo.it\/fr\/wp-json\/wp\/v2\/types\/page"}],"author":[{"embeddable":true,"href":"https:\/\/www.avo.it\/fr\/wp-json\/wp\/v2\/users\/3"}],"replies":[{"embeddable":true,"href":"https:\/\/www.avo.it\/fr\/wp-json\/wp\/v2\/comments?post=153605"}],"version-history":[{"count":1,"href":"https:\/\/www.avo.it\/fr\/wp-json\/wp\/v2\/pages\/153605\/revisions"}],"predecessor-version":[{"id":153606,"href":"https:\/\/www.avo.it\/fr\/wp-json\/wp\/v2\/pages\/153605\/revisions\/153606"}],"up":[{"embeddable":true,"href":"https:\/\/www.avo.it\/fr\/wp-json\/wp\/v2\/pages\/153591"}],"wp:attachment":[{"href":"https:\/\/www.avo.it\/fr\/wp-json\/wp\/v2\/media?parent=153605"}],"curies":[{"name":"wp","href":"https:\/\/api.w.org\/{rel}","templated":true}]}}