{"id":153609,"date":"2025-08-18T10:56:15","date_gmt":"2025-08-18T10:56:15","guid":{"rendered":"https:\/\/avo.it\/informations-techniques\/informations-sur-les-materiaux\/materiau-resines-phenoliques\/"},"modified":"2025-11-13T15:50:30","modified_gmt":"2025-11-13T15:50:30","slug":"materiau-resines-phenoliques","status":"publish","type":"page","link":"https:\/\/www.avo.it\/fr\/informations-techniques\/informations-sur-les-materiaux\/materiau-resines-phenoliques\/","title":{"rendered":"Mat\u00e9riau: r\u00e9sines ph\u00e9noliques"},"content":{"rendered":"\t\t<div data-elementor-type=\"wp-page\" data-elementor-id=\"153609\" class=\"elementor elementor-153609 elementor-150686\" data-elementor-post-type=\"page\">\n\t\t\t\t<div class=\"elementor-element elementor-element-37af547 e-con-full e-flex e-con e-parent\" data-id=\"37af547\" data-element_type=\"container\" data-e-type=\"container\" data-settings=\"{&quot;background_background&quot;:&quot;classic&quot;}\">\n\t\t<div class=\"elementor-element elementor-element-ad80b55 e-con-full e-flex e-con e-child\" data-id=\"ad80b55\" data-element_type=\"container\" data-e-type=\"container\" data-settings=\"{&quot;background_background&quot;:&quot;classic&quot;}\">\n\t\t<div class=\"elementor-element elementor-element-09287b2 e-con-full e-flex e-con e-child\" data-id=\"09287b2\" data-element_type=\"container\" data-e-type=\"container\" data-settings=\"{&quot;background_background&quot;:&quot;classic&quot;}\">\n\t\t\t\t<div class=\"elementor-element elementor-element-2dc3d11 elementor-widget elementor-widget-heading\" data-id=\"2dc3d11\" data-element_type=\"widget\" data-e-type=\"widget\" data-widget_type=\"heading.default\">\n\t\t\t\t\t<h1 class=\"elementor-heading-title elementor-size-default\">Mat\u00e9riau: <span style=\"color: #B3E5FC\"><br>r\u00e9sines ph\u00e9noliques<\/span><\/h1>\t\t\t\t<\/div>\n\t\t\t\t<\/div>\n\t\t\t\t<\/div>\n\t\t\t\t<\/div>\n\t\t<div class=\"elementor-element elementor-element-93c087c e-con-full e-flex e-con e-parent\" data-id=\"93c087c\" data-element_type=\"container\" data-e-type=\"container\">\n\t\t<div class=\"elementor-element elementor-element-7c8ddf6 e-con-full e-flex e-con e-child\" data-id=\"7c8ddf6\" data-element_type=\"container\" data-e-type=\"container\">\n\t\t<div class=\"elementor-element elementor-element-50dd037 e-con-full e-flex e-con e-child\" data-id=\"50dd037\" data-element_type=\"container\" data-e-type=\"container\">\n\t\t\t\t<div class=\"elementor-element elementor-element-4db9fac elementor-widget elementor-widget-heading\" data-id=\"4db9fac\" data-element_type=\"widget\" data-e-type=\"widget\" data-widget_type=\"heading.default\">\n\t\t\t\t\t<h2 class=\"elementor-heading-title elementor-size-default\">R\u00e9sines ph\u00e9noliques<\/h2>\t\t\t\t<\/div>\n\t\t\t\t<div class=\"elementor-element elementor-element-c03093b elementor-widget elementor-widget-text-editor\" data-id=\"c03093b\" data-element_type=\"widget\" data-e-type=\"widget\" data-widget_type=\"text-editor.default\">\n\t\t\t\t\t\t\t\t\t<p>Les <strong>mat\u00e9riaux plastiques thermodurcissables<\/strong>, tels que les <strong>r\u00e9sines ph\u00e9noliques<\/strong>, <strong>ur\u00e9e<\/strong> et <strong>m\u00e9lamine<\/strong>, se distinguent par une propri\u00e9t\u00e9 particuli\u00e8re : leur <strong>rigidit\u00e9 augmente avec la temp\u00e9rature<\/strong>, garantissant ainsi une <strong>stabilit\u00e9 dimensionnelle<\/strong> et des <strong>performances constantes<\/strong> m\u00eame dans des <strong>conditions thermiques s\u00e9v\u00e8res<\/strong>.<br \/>Ces mat\u00e9riaux sont g\u00e9n\u00e9ralement fabriqu\u00e9s par <strong>moulage par compression<\/strong>, un proc\u00e9d\u00e9 qui permet d\u2019obtenir des <strong>composants \u00e0 densit\u00e9 \u00e9lev\u00e9e<\/strong> pr\u00e9sentant une <strong>excellente r\u00e9sistance aux hautes temp\u00e9ratures<\/strong>.<\/p>\n<p>En plus de leurs <strong>propri\u00e9t\u00e9s m\u00e9caniques et thermiques<\/strong>, les mat\u00e9riaux thermodurcissables offrent une <strong>bonne r\u00e9sistance chimique<\/strong> et conservent leur <strong>int\u00e9grit\u00e9 structurelle<\/strong> m\u00eame dans des <strong>environnements industriels exigeants<\/strong>.<br \/>En fin de vie, ils <strong>ne posent pas de probl\u00e8mes particuliers d\u2019\u00e9limination<\/strong> et peuvent \u00eatre <strong>facilement recycl\u00e9s<\/strong>, contribuant ainsi \u00e0 une <strong>gestion durable des ressources<\/strong>.<\/p>\n\t\t\t\t\t\t\t\t<\/div>\n\t\t\t\t<div class=\"elementor-element elementor-element-ee3a4ac elementor-widget elementor-widget-text-editor\" data-id=\"ee3a4ac\" data-element_type=\"widget\" data-e-type=\"widget\" data-widget_type=\"text-editor.default\">\n\t\t\t\t\t\t\t\t\t<p><strong>Pour plus de d\u00e9tails techniques ou pour demander une consultation personnalis\u00e9e:<\/strong><\/p>\n\t\t\t\t\t\t\t\t<\/div>\n\t\t\t\t<div class=\"elementor-element elementor-element-31fd163 elementor-position-inline-end elementor-mobile-position-inline-end elementor-view-default elementor-widget elementor-widget-icon-box\" data-id=\"31fd163\" data-element_type=\"widget\" data-e-type=\"widget\" data-widget_type=\"icon-box.default\">\n\t\t\t\t\t\t\t<div class=\"elementor-icon-box-wrapper\">\n\n\t\t\t\t\t\t<div class=\"elementor-icon-box-icon\">\n\t\t\t\t<a href=\"https:\/\/www.avo.it\/contatti\/\" title=\"Approfondisci\" class=\"elementor-icon\" tabindex=\"-1\" aria-label=\"Contactez-nous\">\n\t\t\t\t<svg xmlns=\"http:\/\/www.w3.org\/2000\/svg\" id=\"Livello_1\" data-name=\"Livello 1\" viewBox=\"0 0 36.78 36.78\"><defs><style>      .cls-1 {        fill: #b3e5fc;      }      .cls-2 {        fill: #21355a;      }    <\/style><\/defs><circle class=\"cls-1\" cx=\"18.39\" cy=\"18.39\" r=\"18.39\"><\/circle><path class=\"cls-2\" d=\"M13.65,26.72l7.81-7.81c.28-.28.28-.77,0-1.04l-7.81-7.81,1.04-1.04,7.81,7.81c.84.84.84,2.3,0,3.13l-7.81,7.81-1.04-1.04Z\"><\/path><\/svg>\t\t\t\t<\/a>\n\t\t\t<\/div>\n\t\t\t\n\t\t\t\t\t\t<div class=\"elementor-icon-box-content\">\n\n\t\t\t\t\t\t\t\t\t<h3 class=\"elementor-icon-box-title\">\n\t\t\t\t\t\t<a href=\"https:\/\/www.avo.it\/contatti\/\" title=\"Approfondisci\" >\n\t\t\t\t\t\t\tContactez-nous\t\t\t\t\t\t<\/a>\n\t\t\t\t\t<\/h3>\n\t\t\t\t\n\t\t\t\t\n\t\t\t<\/div>\n\t\t\t\n\t\t<\/div>\n\t\t\t\t\t\t<\/div>\n\t\t\t\t<\/div>\n\t\t<div class=\"elementor-element elementor-element-415f693 e-con-full e-flex e-con e-child\" data-id=\"415f693\" data-element_type=\"container\" data-e-type=\"container\">\n\t\t\t\t<div class=\"elementor-element elementor-element-1c80b8d elementor-widget elementor-widget-image\" data-id=\"1c80b8d\" data-element_type=\"widget\" data-e-type=\"widget\" data-widget_type=\"image.default\">\n\t\t\t\t\t\t\t\t\t\t\t\t\t\t\t\t<a href=\"https:\/\/www.avo.it\/wp-content\/uploads\/2025\/08\/RESINE-FENOLICHE.jpg\" data-elementor-open-lightbox=\"yes\" data-e-action-hash=\"#elementor-action%3Aaction%3Dlightbox%26settings%3DeyJpZCI6MTUxMzY4LCJ1cmwiOiJodHRwczpcL1wvd3d3LmF2by5pdFwvd3AtY29udGVudFwvdXBsb2Fkc1wvMjAyNVwvMDhcL1JFU0lORS1GRU5PTElDSEUuanBnIn0%3D\">\n\t\t\t\t\t\t\t<img fetchpriority=\"high\" decoding=\"async\" width=\"2048\" height=\"1318\" src=\"https:\/\/www.avo.it\/wp-content\/uploads\/2025\/08\/RESINE-FENOLICHE.jpg\" class=\"attachment-full size-full wp-image-151368\" alt=\"\" srcset=\"https:\/\/www.avo.it\/wp-content\/uploads\/2025\/08\/RESINE-FENOLICHE.jpg 2048w, https:\/\/www.avo.it\/wp-content\/uploads\/2025\/08\/RESINE-FENOLICHE-300x193.jpg 300w, https:\/\/www.avo.it\/wp-content\/uploads\/2025\/08\/RESINE-FENOLICHE-1024x659.jpg 1024w, https:\/\/www.avo.it\/wp-content\/uploads\/2025\/08\/RESINE-FENOLICHE-768x494.jpg 768w, https:\/\/www.avo.it\/wp-content\/uploads\/2025\/08\/RESINE-FENOLICHE-1536x989.jpg 1536w\" sizes=\"(max-width: 2048px) 100vw, 2048px\" \/>\t\t\t\t\t\t\t\t<\/a>\n\t\t\t\t\t\t\t\t\t\t\t\t\t\t\t<\/div>\n\t\t\t\t<\/div>\n\t\t\t\t<\/div>\n\t\t\t\t<\/div>\n\t\t\t\t<\/div>\n\t\t","protected":false},"excerpt":{"rendered":"<p>Mat\u00e9riau: r\u00e9sines ph\u00e9noliques R\u00e9sines ph\u00e9noliques Les mat\u00e9riaux plastiques thermodurcissables, tels que les r\u00e9sines ph\u00e9noliques, ur\u00e9e et m\u00e9lamine, se distinguent par une propri\u00e9t\u00e9 particuli\u00e8re : leur rigidit\u00e9 augmente avec la temp\u00e9rature, garantissant ainsi une stabilit\u00e9 dimensionnelle et des performances constantes m\u00eame dans des conditions thermiques s\u00e9v\u00e8res.Ces mat\u00e9riaux sont g\u00e9n\u00e9ralement fabriqu\u00e9s par moulage par compression, un proc\u00e9d\u00e9 [&hellip;]<\/p>\n","protected":false},"author":3,"featured_media":0,"parent":153591,"menu_order":0,"comment_status":"closed","ping_status":"closed","template":"","meta":{"_acf_changed":false,"footnotes":""},"class_list":["post-153609","page","type-page","status-publish","hentry"],"acf":[],"_links":{"self":[{"href":"https:\/\/www.avo.it\/fr\/wp-json\/wp\/v2\/pages\/153609","targetHints":{"allow":["GET"]}}],"collection":[{"href":"https:\/\/www.avo.it\/fr\/wp-json\/wp\/v2\/pages"}],"about":[{"href":"https:\/\/www.avo.it\/fr\/wp-json\/wp\/v2\/types\/page"}],"author":[{"embeddable":true,"href":"https:\/\/www.avo.it\/fr\/wp-json\/wp\/v2\/users\/3"}],"replies":[{"embeddable":true,"href":"https:\/\/www.avo.it\/fr\/wp-json\/wp\/v2\/comments?post=153609"}],"version-history":[{"count":1,"href":"https:\/\/www.avo.it\/fr\/wp-json\/wp\/v2\/pages\/153609\/revisions"}],"predecessor-version":[{"id":153610,"href":"https:\/\/www.avo.it\/fr\/wp-json\/wp\/v2\/pages\/153609\/revisions\/153610"}],"up":[{"embeddable":true,"href":"https:\/\/www.avo.it\/fr\/wp-json\/wp\/v2\/pages\/153591"}],"wp:attachment":[{"href":"https:\/\/www.avo.it\/fr\/wp-json\/wp\/v2\/media?parent=153609"}],"curies":[{"name":"wp","href":"https:\/\/api.w.org\/{rel}","templated":true}]}}