{"id":153611,"date":"2025-08-18T10:23:51","date_gmt":"2025-08-18T10:23:51","guid":{"rendered":"https:\/\/avo.it\/informations-techniques\/systemes-de-rotation\/"},"modified":"2025-11-13T15:55:52","modified_gmt":"2025-11-13T15:55:52","slug":"systemes-de-rotation","status":"publish","type":"page","link":"https:\/\/www.avo.it\/fr\/informations-techniques\/systemes-de-rotation\/","title":{"rendered":"Syst\u00e8mes de rotation"},"content":{"rendered":"\t\t<div data-elementor-type=\"wp-page\" data-elementor-id=\"153611\" class=\"elementor elementor-153611 elementor-150608\" data-elementor-post-type=\"page\">\n\t\t\t\t<div class=\"elementor-element elementor-element-ee6b60a e-con-full e-flex e-con e-parent\" data-id=\"ee6b60a\" data-element_type=\"container\" data-e-type=\"container\" data-settings=\"{&quot;background_background&quot;:&quot;classic&quot;}\">\n\t\t<div class=\"elementor-element elementor-element-4234e80 e-con-full e-flex e-con e-child\" data-id=\"4234e80\" data-element_type=\"container\" data-e-type=\"container\" data-settings=\"{&quot;background_background&quot;:&quot;classic&quot;}\">\n\t\t<div class=\"elementor-element elementor-element-4bfe4bc e-con-full dkr-background-banner e-flex e-con e-child\" data-id=\"4bfe4bc\" data-element_type=\"container\" data-e-type=\"container\" data-settings=\"{&quot;background_background&quot;:&quot;classic&quot;}\">\n\t\t\t\t<div class=\"elementor-element elementor-element-44ee3a9 elementor-widget elementor-widget-heading\" data-id=\"44ee3a9\" data-element_type=\"widget\" data-e-type=\"widget\" data-widget_type=\"heading.default\">\n\t\t\t\t\t<h1 class=\"elementor-heading-title elementor-size-default\">Syst\u00e8mes de <span style=\"color: #B3E5FC\">rotation<\/span><\/h1>\t\t\t\t<\/div>\n\t\t\t\t<\/div>\n\t\t\t\t<\/div>\n\t\t\t\t<\/div>\n\t\t<div class=\"elementor-element elementor-element-b60a749 e-con-full e-flex e-con e-parent\" data-id=\"b60a749\" data-element_type=\"container\" data-e-type=\"container\">\n\t\t\t\t<div class=\"elementor-element elementor-element-06d6324 elementor-widget elementor-widget-heading\" data-id=\"06d6324\" data-element_type=\"widget\" data-e-type=\"widget\" data-widget_type=\"heading.default\">\n\t\t\t\t\t<h2 class=\"elementor-heading-title elementor-size-default\">Syst\u00e8mes de rotation<\/h2>\t\t\t\t<\/div>\n\t\t\t\t<div class=\"elementor-element elementor-element-3ba1a71 elementor-widget elementor-widget-text-editor\" data-id=\"3ba1a71\" data-element_type=\"widget\" data-e-type=\"widget\" data-widget_type=\"text-editor.default\">\n\t\t\t\t\t\t\t\t\t<p>Les <strong>syst\u00e8mes de rotation<\/strong> varient selon les <strong>performances<\/strong> et les <strong>charges support\u00e9es<\/strong>:<br \/>les <strong>bagues en nylon<\/strong> sont \u00e9conomiques et r\u00e9sistantes, id\u00e9ales pour les vitesses faibles;<br \/>les <strong>cages \u00e0 rouleaux<\/strong> r\u00e9duisent le frottement et permettent de d\u00e9placer des charges lourdes;<br \/>les <strong>roulements \u00e0 billes<\/strong> offrent la meilleure fluidit\u00e9, durabilit\u00e9 et fiabilit\u00e9, m\u00eame \u00e0 haute vitesse.<\/p>\n\t\t\t\t\t\t\t\t<\/div>\n\t\t\t\t<\/div>\n\t\t<div class=\"elementor-element elementor-element-0fcc5be e-con-full e-flex e-con e-parent\" data-id=\"0fcc5be\" data-element_type=\"container\" data-e-type=\"container\">\n\t\t<div class=\"elementor-element elementor-element-8eec782 e-con-full e-flex e-con e-child\" data-id=\"8eec782\" data-element_type=\"container\" data-e-type=\"container\">\n\t\t<div class=\"elementor-element elementor-element-2d6d8f5 e-con-full e-flex e-con e-child\" data-id=\"2d6d8f5\" data-element_type=\"container\" data-e-type=\"container\">\n\t\t\t\t<div class=\"elementor-element elementor-element-6585a9a elementor-position-inline-end elementor-mobile-position-inline-end elementor-view-default elementor-widget elementor-widget-icon-box\" data-id=\"6585a9a\" data-element_type=\"widget\" data-e-type=\"widget\" data-widget_type=\"icon-box.default\">\n\t\t\t\t\t\t\t<div class=\"elementor-icon-box-wrapper\">\n\n\t\t\t\t\t\t<div class=\"elementor-icon-box-icon\">\n\t\t\t\t<span  class=\"elementor-icon\">\n\t\t\t\t<svg xmlns=\"http:\/\/www.w3.org\/2000\/svg\" id=\"uuid-d686d51e-f4f3-47f4-bffb-0e1569e9f477\" width=\"13.01mm\" height=\"12.66mm\" viewBox=\"0 0 36.89 35.89\"><rect width=\"36.89\" height=\"8.89\"><\/rect><rect y=\"27\" width=\"36.89\" height=\"8.89\"><\/rect><\/svg>\t\t\t\t<\/span>\n\t\t\t<\/div>\n\t\t\t\n\t\t\t\t\t\t<div class=\"elementor-icon-box-content\">\n\n\t\t\t\t\t\t\t\t\t<h3 class=\"elementor-icon-box-title\">\n\t\t\t\t\t\t<span  >\n\t\t\t\t\t\t\tBague en nylon autolubrifiante\t\t\t\t\t\t<\/span>\n\t\t\t\t\t<\/h3>\n\t\t\t\t\n\t\t\t\t\n\t\t\t<\/div>\n\t\t\t\n\t\t<\/div>\n\t\t\t\t\t\t<\/div>\n\t\t\t\t<div class=\"elementor-element elementor-element-dd8fc0e elementor-widget elementor-widget-text-editor\" data-id=\"dd8fc0e\" data-element_type=\"widget\" data-e-type=\"widget\" data-widget_type=\"text-editor.default\">\n\t\t\t\t\t\t\t\t\t<p>L\u2019organe de rotation le plus simple est la <strong>bague<\/strong>, \u00e9conomique et robuste, utilis\u00e9e dans les supports standards et les chariots \u00e0 <strong>vitesse de d\u00e9placement r\u00e9duite<\/strong> ou \u00e0 <strong>utilisation occasionnelle<\/strong>.<\/p>\n<p>L\u2019emploi des bagues d\u00e9pend du <strong>mat\u00e9riau de la roue et du corps<\/strong> : lorsqu\u2019ils sont en <strong>polyamide<\/strong>, <strong>polypropyl\u00e8ne<\/strong> ou <strong>fonte<\/strong>, ces \u00e9l\u00e9ments de roulement ne sont g\u00e9n\u00e9ralement pas n\u00e9cessaires, ces mat\u00e9riaux offrant d\u00e9j\u00e0 une bonne capacit\u00e9 de glissement.<br \/>Le <strong>nylon<\/strong> est l\u2019une des mati\u00e8res les plus adapt\u00e9es \u00e0 la fabrication des bagues, particuli\u00e8rement efficace avec des <strong>roues en caoutchouc<\/strong> et des <strong>corps en t\u00f4le<\/strong>.<\/p>\n<p>Les bagues <strong>ne n\u00e9cessitent g\u00e9n\u00e9ralement aucun entretien<\/strong>, sauf dans des conditions extr\u00eames (par exemple, forte concentration de poussi\u00e8re).<br \/>Elles sont \u00e9galement <strong>r\u00e9sistantes \u00e0 la corrosion<\/strong>.<\/p>\n\t\t\t\t\t\t\t\t<\/div>\n\t\t\t\t<\/div>\n\t\t<div class=\"elementor-element elementor-element-16c0629 e-con-full e-flex e-con e-child\" data-id=\"16c0629\" data-element_type=\"container\" data-e-type=\"container\">\n\t\t\t\t<div class=\"elementor-element elementor-element-7eb1ab6 elementor-widget elementor-widget-image\" data-id=\"7eb1ab6\" data-element_type=\"widget\" data-e-type=\"widget\" data-widget_type=\"image.default\">\n\t\t\t\t\t\t\t\t\t\t\t\t\t\t\t\t<a href=\"https:\/\/www.avo.it\/wp-content\/uploads\/2025\/08\/boccola-autolubrificante.jpg\" data-elementor-open-lightbox=\"yes\" data-e-action-hash=\"#elementor-action%3Aaction%3Dlightbox%26settings%3DeyJpZCI6MTUxMTU3LCJ1cmwiOiJodHRwczpcL1wvd3d3LmF2by5pdFwvd3AtY29udGVudFwvdXBsb2Fkc1wvMjAyNVwvMDhcL2JvY2NvbGEtYXV0b2x1YnJpZmljYW50ZS5qcGcifQ%3D%3D\">\n\t\t\t\t\t\t\t<img fetchpriority=\"high\" decoding=\"async\" width=\"2048\" height=\"2048\" src=\"https:\/\/www.avo.it\/wp-content\/uploads\/2025\/08\/boccola-autolubrificante.jpg\" class=\"attachment-full size-full wp-image-151157\" alt=\"\" srcset=\"https:\/\/www.avo.it\/wp-content\/uploads\/2025\/08\/boccola-autolubrificante.jpg 2048w, https:\/\/www.avo.it\/wp-content\/uploads\/2025\/08\/boccola-autolubrificante-300x300.jpg 300w, https:\/\/www.avo.it\/wp-content\/uploads\/2025\/08\/boccola-autolubrificante-1024x1024.jpg 1024w, https:\/\/www.avo.it\/wp-content\/uploads\/2025\/08\/boccola-autolubrificante-150x150.jpg 150w, https:\/\/www.avo.it\/wp-content\/uploads\/2025\/08\/boccola-autolubrificante-768x768.jpg 768w, https:\/\/www.avo.it\/wp-content\/uploads\/2025\/08\/boccola-autolubrificante-1536x1536.jpg 1536w\" sizes=\"(max-width: 2048px) 100vw, 2048px\" \/>\t\t\t\t\t\t\t\t<\/a>\n\t\t\t\t\t\t\t\t\t\t\t\t\t\t\t<\/div>\n\t\t\t\t<\/div>\n\t\t\t\t<\/div>\n\t\t\t\t<\/div>\n\t\t<div class=\"elementor-element elementor-element-37ea351 e-con-full e-flex e-con e-parent\" data-id=\"37ea351\" data-element_type=\"container\" data-e-type=\"container\">\n\t\t<div class=\"elementor-element elementor-element-b39db7b e-con-full e-flex e-con e-child\" data-id=\"b39db7b\" data-element_type=\"container\" data-e-type=\"container\">\n\t\t<div class=\"elementor-element elementor-element-e36a5ec e-con-full e-flex e-con e-child\" data-id=\"e36a5ec\" data-element_type=\"container\" data-e-type=\"container\">\n\t\t\t\t<div class=\"elementor-element elementor-element-9e508f9 elementor-position-inline-end elementor-mobile-position-inline-end elementor-view-default elementor-widget elementor-widget-icon-box\" data-id=\"9e508f9\" data-element_type=\"widget\" data-e-type=\"widget\" data-widget_type=\"icon-box.default\">\n\t\t\t\t\t\t\t<div class=\"elementor-icon-box-wrapper\">\n\n\t\t\t\t\t\t<div class=\"elementor-icon-box-icon\">\n\t\t\t\t<span  class=\"elementor-icon\">\n\t\t\t\t<svg xmlns=\"http:\/\/www.w3.org\/2000\/svg\" id=\"uuid-e4fd7a6f-26cd-4e7a-9b8f-9993e63f767d\" width=\"102.64\" height=\"36.45\" viewBox=\"0 0 102.64 36.45\"><path d=\"M37.9,9.89H0V0h37.9v9.89ZM1,8.89h35.9V1H1v7.89Z\"><\/path><path d=\"M37.9,23.18H0v-9.89h37.9v9.89ZM1,22.18h35.9v-7.89H1v7.89Z\"><\/path><path d=\"M37.9,36.45H0v-9.89h37.9v9.89ZM1,35.45h35.9v-7.89H1v7.89Z\"><\/path><rect x=\"65.76\" y=\"13.78\" width=\"36.88\" height=\"8.89\"><\/rect><rect x=\"65.76\" y=\"-.1\" width=\"36.88\" height=\"8.89\"><\/rect><rect x=\"65.76\" y=\"27.67\" width=\"36.88\" height=\"8.89\"><\/rect><\/svg>\t\t\t\t<\/span>\n\t\t\t<\/div>\n\t\t\t\n\t\t\t\t\t\t<div class=\"elementor-icon-box-content\">\n\n\t\t\t\t\t\t\t\t\t<h3 class=\"elementor-icon-box-title\">\n\t\t\t\t\t\t<span  >\n\t\t\t\t\t\t\tCage \u00e0 rouleaux\t\t\t\t\t\t<\/span>\n\t\t\t\t\t<\/h3>\n\t\t\t\t\n\t\t\t\t\n\t\t\t<\/div>\n\t\t\t\n\t\t<\/div>\n\t\t\t\t\t\t<\/div>\n\t\t\t\t<div class=\"elementor-element elementor-element-2ebdd4a elementor-widget elementor-widget-text-editor\" data-id=\"2ebdd4a\" data-element_type=\"widget\" data-e-type=\"widget\" data-widget_type=\"text-editor.default\">\n\t\t\t\t\t\t\t\t\t<p>La <strong>cage \u00e0 rouleaux<\/strong>, appr\u00e9ci\u00e9e pour sa <strong>robustesse et sa praticit\u00e9<\/strong>, est fr\u00e9quemment utilis\u00e9e dans les supports de chariots.<br \/>Sa conception compacte la rend adapt\u00e9e aux <strong>espaces r\u00e9duits<\/strong>.<br \/>Elle <strong>ne n\u00e9cessite pas d\u2019entretien<\/strong>, \u00e9tant <strong>pr\u00e9-lubrifi\u00e9e avec une graisse longue dur\u00e9e<\/strong> lors de l\u2019assemblage.<\/p>\n<p>La structure, disponible \u00e9galement en <strong>acier inoxydable<\/strong>, est constitu\u00e9e d\u2019une <strong>cage en mati\u00e8re plastique ou m\u00e9tallique<\/strong> renfermant des <strong>rouleaux cylindriques en acier<\/strong> qui tournent entre le <strong>tube d\u2019axe<\/strong> et le <strong>moyeu de la roue<\/strong>.<br \/>Ce syst\u00e8me cr\u00e9e un <strong>frottement roulant<\/strong> au lieu d\u2019un frottement glissant, ce qui r\u00e9duit l\u2019effort de pouss\u00e9e n\u00e9cessaire et permet de <strong>d\u00e9placer des charges tr\u00e8s lourdes<\/strong> avec une plus grande facilit\u00e9.<\/p>\n\t\t\t\t\t\t\t\t<\/div>\n\t\t\t\t<\/div>\n\t\t<div class=\"elementor-element elementor-element-4058dde e-con-full e-flex e-con e-child\" data-id=\"4058dde\" data-element_type=\"container\" data-e-type=\"container\">\n\t\t\t\t<div class=\"elementor-element elementor-element-cb56c94 elementor-widget elementor-widget-image\" data-id=\"cb56c94\" data-element_type=\"widget\" data-e-type=\"widget\" data-widget_type=\"image.default\">\n\t\t\t\t\t\t\t\t\t\t\t\t\t\t\t\t<a href=\"https:\/\/www.avo.it\/wp-content\/uploads\/2025\/08\/gabbia-a-rulli-sistemi-rotazione.jpg\" data-elementor-open-lightbox=\"yes\" data-e-action-hash=\"#elementor-action%3Aaction%3Dlightbox%26settings%3DeyJpZCI6MTUxMTY3LCJ1cmwiOiJodHRwczpcL1wvd3d3LmF2by5pdFwvd3AtY29udGVudFwvdXBsb2Fkc1wvMjAyNVwvMDhcL2dhYmJpYS1hLXJ1bGxpLXNpc3RlbWktcm90YXppb25lLmpwZyJ9\">\n\t\t\t\t\t\t\t<img decoding=\"async\" width=\"2048\" height=\"2048\" src=\"https:\/\/www.avo.it\/wp-content\/uploads\/2025\/08\/gabbia-a-rulli-sistemi-rotazione.jpg\" class=\"attachment-full size-full wp-image-151167\" alt=\"\" srcset=\"https:\/\/www.avo.it\/wp-content\/uploads\/2025\/08\/gabbia-a-rulli-sistemi-rotazione.jpg 2048w, https:\/\/www.avo.it\/wp-content\/uploads\/2025\/08\/gabbia-a-rulli-sistemi-rotazione-300x300.jpg 300w, https:\/\/www.avo.it\/wp-content\/uploads\/2025\/08\/gabbia-a-rulli-sistemi-rotazione-1024x1024.jpg 1024w, https:\/\/www.avo.it\/wp-content\/uploads\/2025\/08\/gabbia-a-rulli-sistemi-rotazione-150x150.jpg 150w, https:\/\/www.avo.it\/wp-content\/uploads\/2025\/08\/gabbia-a-rulli-sistemi-rotazione-768x768.jpg 768w, https:\/\/www.avo.it\/wp-content\/uploads\/2025\/08\/gabbia-a-rulli-sistemi-rotazione-1536x1536.jpg 1536w\" sizes=\"(max-width: 2048px) 100vw, 2048px\" \/>\t\t\t\t\t\t\t\t<\/a>\n\t\t\t\t\t\t\t\t\t\t\t\t\t\t\t<\/div>\n\t\t\t\t<\/div>\n\t\t\t\t<\/div>\n\t\t\t\t<\/div>\n\t\t<div class=\"elementor-element elementor-element-7706f2d e-con-full e-flex e-con e-parent\" data-id=\"7706f2d\" data-element_type=\"container\" data-e-type=\"container\">\n\t\t<div class=\"elementor-element elementor-element-efd5767 e-con-full e-flex e-con e-child\" data-id=\"efd5767\" data-element_type=\"container\" data-e-type=\"container\">\n\t\t<div class=\"elementor-element elementor-element-0d81512 e-con-full e-flex e-con e-child\" data-id=\"0d81512\" data-element_type=\"container\" data-e-type=\"container\">\n\t\t\t\t<div class=\"elementor-element elementor-element-19f4b7f elementor-position-inline-end elementor-mobile-position-inline-end elementor-view-default elementor-widget elementor-widget-icon-box\" data-id=\"19f4b7f\" data-element_type=\"widget\" data-e-type=\"widget\" data-widget_type=\"icon-box.default\">\n\t\t\t\t\t\t\t<div class=\"elementor-icon-box-wrapper\">\n\n\t\t\t\t\t\t<div class=\"elementor-icon-box-icon\">\n\t\t\t\t<span  class=\"elementor-icon\">\n\t\t\t\t<svg xmlns=\"http:\/\/www.w3.org\/2000\/svg\" id=\"uuid-9d9551c2-060d-4ffd-a092-d8bd4491c1ba\" width=\"13.01mm\" height=\"12.62mm\" viewBox=\"0 0 36.89 35.78\"><rect width=\"36.89\" height=\"8.89\"><\/rect><rect y=\"26.89\" width=\"36.89\" height=\"8.89\"><\/rect><path d=\"M18.44,9.89c4.41,0,8,3.59,8,8s-3.59,8-8,8-8-3.59-8-8,3.59-8,8-8M18.44,8.89c-4.97,0-9,4.03-9,9s4.03,9,9,9,9-4.03,9-9-4.03-9-9-9h0Z\"><\/path><\/svg>\t\t\t\t<\/span>\n\t\t\t<\/div>\n\t\t\t\n\t\t\t\t\t\t<div class=\"elementor-icon-box-content\">\n\n\t\t\t\t\t\t\t\t\t<h3 class=\"elementor-icon-box-title\">\n\t\t\t\t\t\t<span  >\n\t\t\t\t\t\t\tRoulements \u00e0 billes\t\t\t\t\t\t<\/span>\n\t\t\t\t\t<\/h3>\n\t\t\t\t\n\t\t\t\t\n\t\t\t<\/div>\n\t\t\t\n\t\t<\/div>\n\t\t\t\t\t\t<\/div>\n\t\t\t\t<div class=\"elementor-element elementor-element-f95f224 elementor-widget elementor-widget-text-editor\" data-id=\"f95f224\" data-element_type=\"widget\" data-e-type=\"widget\" data-widget_type=\"text-editor.default\">\n\t\t\t\t\t\t\t\t\t<p>Pour les applications exigeant une <strong>roulabilit\u00e9 maximale<\/strong>, m\u00eame \u00e0 <strong>haute vitesse<\/strong>, et une <strong>r\u00e9sistance \u00e9lev\u00e9e aux charges<\/strong> dans tous les environnements, l\u2019organe de rotation le plus utilis\u00e9 est le <strong>roulement \u00e0 billes \u00e0 une rang\u00e9e<\/strong> (ou de <strong>pr\u00e9cision<\/strong>).<\/p>\n<p>Les \u00e9l\u00e9ments roulants sont des <strong>billes tremp\u00e9es<\/strong> ins\u00e9r\u00e9es dans une <strong>cage<\/strong>, qui tournent entre deux <strong>bagues<\/strong> \u2014 l\u2019une externe et l\u2019autre interne.<br \/>Un <strong>\u00e9cran m\u00e9tallique (type Z)<\/strong> prot\u00e8ge le roulement contre la poussi\u00e8re.<\/p>\n<p>Selon les besoins, un ou deux <strong>joints d\u2019\u00e9tanch\u00e9it\u00e9<\/strong> peuvent \u00eatre ajout\u00e9s (<strong>types RS ou 2RS<\/strong>).<br \/>Les roulements \u00e0 billes sont \u00e9galement disponibles en <strong>acier inoxydable<\/strong> ; dans les deux cas, ils <strong>ne n\u00e9cessitent pas d\u2019entretien<\/strong>, car ils sont <strong>graiss\u00e9s \u00e0 vie<\/strong> lors de l\u2019assemblage.<\/p>\n<p>Une version suppl\u00e9mentaire, le <strong>roulement \u00e0 billes conique<\/strong>, est utilis\u00e9e principalement dans les <strong>supports standards<\/strong>.<br \/>Ses \u00e9l\u00e9ments roulants, dispos\u00e9s dans une cage, se d\u00e9placent entre des <strong>bagues coniques tremp\u00e9es<\/strong>, et, comme les autres mod\u00e8les, ils sont <strong>pr\u00e9-lubrifi\u00e9s<\/strong> pour garantir un fonctionnement durable et fluide.<\/p>\n\t\t\t\t\t\t\t\t<\/div>\n\t\t\t\t<\/div>\n\t\t<div class=\"elementor-element elementor-element-60e97b0 e-con-full e-flex e-con e-child\" data-id=\"60e97b0\" data-element_type=\"container\" data-e-type=\"container\">\n\t\t\t\t<div class=\"elementor-element elementor-element-6467dbf elementor-widget elementor-widget-image\" data-id=\"6467dbf\" data-element_type=\"widget\" data-e-type=\"widget\" data-widget_type=\"image.default\">\n\t\t\t\t\t\t\t\t\t\t\t\t\t\t\t\t<a href=\"https:\/\/www.avo.it\/wp-content\/uploads\/2025\/10\/EXTRA-CATALOGOSEZIONIRUOTA-112-CUSCRUOTA-112-CUSC-1.jpg\" data-elementor-open-lightbox=\"yes\" data-e-action-hash=\"#elementor-action%3Aaction%3Dlightbox%26settings%3DeyJpZCI6MTUyNjk3LCJ1cmwiOiJodHRwczpcL1wvd3d3LmF2by5pdFwvd3AtY29udGVudFwvdXBsb2Fkc1wvMjAyNVwvMTBcL0VYVFJBLUNBVEFMT0dPU0VaSU9OSVJVT1RBLTExMi1DVVNDUlVPVEEtMTEyLUNVU0MtMS5qcGcifQ%3D%3D\">\n\t\t\t\t\t\t\t<img decoding=\"async\" width=\"2048\" height=\"2048\" src=\"https:\/\/www.avo.it\/wp-content\/uploads\/2025\/10\/EXTRA-CATALOGOSEZIONIRUOTA-112-CUSCRUOTA-112-CUSC-1.jpg\" class=\"attachment-full size-full wp-image-152697\" alt=\"\" srcset=\"https:\/\/www.avo.it\/wp-content\/uploads\/2025\/10\/EXTRA-CATALOGOSEZIONIRUOTA-112-CUSCRUOTA-112-CUSC-1.jpg 2048w, https:\/\/www.avo.it\/wp-content\/uploads\/2025\/10\/EXTRA-CATALOGOSEZIONIRUOTA-112-CUSCRUOTA-112-CUSC-1-300x300.jpg 300w, https:\/\/www.avo.it\/wp-content\/uploads\/2025\/10\/EXTRA-CATALOGOSEZIONIRUOTA-112-CUSCRUOTA-112-CUSC-1-1024x1024.jpg 1024w, https:\/\/www.avo.it\/wp-content\/uploads\/2025\/10\/EXTRA-CATALOGOSEZIONIRUOTA-112-CUSCRUOTA-112-CUSC-1-150x150.jpg 150w, https:\/\/www.avo.it\/wp-content\/uploads\/2025\/10\/EXTRA-CATALOGOSEZIONIRUOTA-112-CUSCRUOTA-112-CUSC-1-768x768.jpg 768w, https:\/\/www.avo.it\/wp-content\/uploads\/2025\/10\/EXTRA-CATALOGOSEZIONIRUOTA-112-CUSCRUOTA-112-CUSC-1-1536x1536.jpg 1536w\" sizes=\"(max-width: 2048px) 100vw, 2048px\" \/>\t\t\t\t\t\t\t\t<\/a>\n\t\t\t\t\t\t\t\t\t\t\t\t\t\t\t<\/div>\n\t\t\t\t<\/div>\n\t\t\t\t<\/div>\n\t\t\t\t<\/div>\n\t\t<div class=\"elementor-element elementor-element-d005e63 e-con-full e-flex e-con e-parent\" data-id=\"d005e63\" data-element_type=\"container\" data-e-type=\"container\">\n\t\t\t\t<div class=\"elementor-element elementor-element-9096422 elementor-widget elementor-widget-text-editor\" data-id=\"9096422\" data-element_type=\"widget\" data-e-type=\"widget\" data-widget_type=\"text-editor.default\">\n\t\t\t\t\t\t\t\t\t<p><strong>Pour plus de d\u00e9tails techniques ou pour demander une consultation personnalis\u00e9e:<\/strong><\/p>\n\t\t\t\t\t\t\t\t<\/div>\n\t\t\t\t<div class=\"elementor-element elementor-element-f2b7d56 elementor-position-inline-end elementor-mobile-position-inline-end elementor-view-default elementor-widget elementor-widget-icon-box\" data-id=\"f2b7d56\" data-element_type=\"widget\" data-e-type=\"widget\" data-widget_type=\"icon-box.default\">\n\t\t\t\t\t\t\t<div class=\"elementor-icon-box-wrapper\">\n\n\t\t\t\t\t\t<div class=\"elementor-icon-box-icon\">\n\t\t\t\t<a href=\"https:\/\/www.avo.it\/contatti\/\" title=\"Approfondisci\" class=\"elementor-icon\" tabindex=\"-1\" aria-label=\"Contactez-nous\">\n\t\t\t\t<svg xmlns=\"http:\/\/www.w3.org\/2000\/svg\" id=\"Livello_1\" data-name=\"Livello 1\" viewBox=\"0 0 36.78 36.78\"><defs><style>      .cls-1 {        fill: #b3e5fc;      }      .cls-2 {        fill: #21355a;      }    <\/style><\/defs><circle class=\"cls-1\" cx=\"18.39\" cy=\"18.39\" r=\"18.39\"><\/circle><path class=\"cls-2\" d=\"M13.65,26.72l7.81-7.81c.28-.28.28-.77,0-1.04l-7.81-7.81,1.04-1.04,7.81,7.81c.84.84.84,2.3,0,3.13l-7.81,7.81-1.04-1.04Z\"><\/path><\/svg>\t\t\t\t<\/a>\n\t\t\t<\/div>\n\t\t\t\n\t\t\t\t\t\t<div class=\"elementor-icon-box-content\">\n\n\t\t\t\t\t\t\t\t\t<h3 class=\"elementor-icon-box-title\">\n\t\t\t\t\t\t<a href=\"https:\/\/www.avo.it\/contatti\/\" title=\"Approfondisci\" >\n\t\t\t\t\t\t\tContactez-nous\t\t\t\t\t\t<\/a>\n\t\t\t\t\t<\/h3>\n\t\t\t\t\n\t\t\t\t\n\t\t\t<\/div>\n\t\t\t\n\t\t<\/div>\n\t\t\t\t\t\t<\/div>\n\t\t\t\t<\/div>\n\t\t\t\t<\/div>\n\t\t","protected":false},"excerpt":{"rendered":"<p>Syst\u00e8mes de rotation Syst\u00e8mes de rotation Les syst\u00e8mes de rotation varient selon les performances et les charges support\u00e9es:les bagues en nylon sont \u00e9conomiques et r\u00e9sistantes, id\u00e9ales pour les vitesses faibles;les cages \u00e0 rouleaux r\u00e9duisent le frottement et permettent de d\u00e9placer des charges lourdes;les roulements \u00e0 billes offrent la meilleure fluidit\u00e9, durabilit\u00e9 et fiabilit\u00e9, m\u00eame \u00e0 [&hellip;]<\/p>\n","protected":false},"author":2,"featured_media":0,"parent":153579,"menu_order":0,"comment_status":"closed","ping_status":"closed","template":"","meta":{"_acf_changed":false,"footnotes":""},"class_list":["post-153611","page","type-page","status-publish","hentry"],"acf":[],"_links":{"self":[{"href":"https:\/\/www.avo.it\/fr\/wp-json\/wp\/v2\/pages\/153611","targetHints":{"allow":["GET"]}}],"collection":[{"href":"https:\/\/www.avo.it\/fr\/wp-json\/wp\/v2\/pages"}],"about":[{"href":"https:\/\/www.avo.it\/fr\/wp-json\/wp\/v2\/types\/page"}],"author":[{"embeddable":true,"href":"https:\/\/www.avo.it\/fr\/wp-json\/wp\/v2\/users\/2"}],"replies":[{"embeddable":true,"href":"https:\/\/www.avo.it\/fr\/wp-json\/wp\/v2\/comments?post=153611"}],"version-history":[{"count":1,"href":"https:\/\/www.avo.it\/fr\/wp-json\/wp\/v2\/pages\/153611\/revisions"}],"predecessor-version":[{"id":153612,"href":"https:\/\/www.avo.it\/fr\/wp-json\/wp\/v2\/pages\/153611\/revisions\/153612"}],"up":[{"embeddable":true,"href":"https:\/\/www.avo.it\/fr\/wp-json\/wp\/v2\/pages\/153579"}],"wp:attachment":[{"href":"https:\/\/www.avo.it\/fr\/wp-json\/wp\/v2\/media?parent=153611"}],"curies":[{"name":"wp","href":"https:\/\/api.w.org\/{rel}","templated":true}]}}