{"id":153615,"date":"2025-08-18T09:19:04","date_gmt":"2025-08-18T09:19:04","guid":{"rendered":"https:\/\/avo.it\/informations-techniques\/types-de-fixation\/"},"modified":"2025-11-13T16:07:17","modified_gmt":"2025-11-13T16:07:17","slug":"types-de-fixation","status":"publish","type":"page","link":"https:\/\/www.avo.it\/fr\/informations-techniques\/types-de-fixation\/","title":{"rendered":"Types de fixation"},"content":{"rendered":"\t\t<div data-elementor-type=\"wp-page\" data-elementor-id=\"153615\" class=\"elementor elementor-153615 elementor-150507\" data-elementor-post-type=\"page\">\n\t\t\t\t<div class=\"elementor-element elementor-element-d2048cc e-con-full e-flex e-con e-parent\" data-id=\"d2048cc\" data-element_type=\"container\" data-e-type=\"container\" data-settings=\"{&quot;background_background&quot;:&quot;classic&quot;}\">\n\t\t<div class=\"elementor-element elementor-element-53eef5d e-con-full e-flex e-con e-child\" data-id=\"53eef5d\" data-element_type=\"container\" data-e-type=\"container\" data-settings=\"{&quot;background_background&quot;:&quot;classic&quot;}\">\n\t\t<div class=\"elementor-element elementor-element-2a75af5 e-con-full e-flex e-con e-child\" data-id=\"2a75af5\" data-element_type=\"container\" data-e-type=\"container\" data-settings=\"{&quot;background_background&quot;:&quot;classic&quot;}\">\n\t\t\t\t<div class=\"elementor-element elementor-element-e966b92 elementor-widget elementor-widget-heading\" data-id=\"e966b92\" data-element_type=\"widget\" data-e-type=\"widget\" data-widget_type=\"heading.default\">\n\t\t\t\t\t<h1 class=\"elementor-heading-title elementor-size-default\">Types de <span style=\"color: #B3E5FC\"><br>fixation<\/span><\/h1>\t\t\t\t<\/div>\n\t\t\t\t<\/div>\n\t\t\t\t<\/div>\n\t\t\t\t<\/div>\n\t\t<div class=\"elementor-element elementor-element-eec997e e-con-full e-flex e-con e-parent\" data-id=\"eec997e\" data-element_type=\"container\" data-e-type=\"container\">\n\t\t\t\t<div class=\"elementor-element elementor-element-d831498 elementor-widget elementor-widget-heading\" data-id=\"d831498\" data-element_type=\"widget\" data-e-type=\"widget\" data-widget_type=\"heading.default\">\n\t\t\t\t\t<h2 class=\"elementor-heading-title elementor-size-default\">Syst\u00e8mes de fixation pour roues et supports<\/h2>\t\t\t\t<\/div>\n\t\t\t\t<div class=\"elementor-element elementor-element-9aa9155 elementor-widget elementor-widget-text-editor\" data-id=\"9aa9155\" data-element_type=\"widget\" data-e-type=\"widget\" data-widget_type=\"text-editor.default\">\n\t\t\t\t\t\t\t\t\t<p>Les roues peuvent \u00eatre mont\u00e9es selon plusieurs <strong>syst\u00e8mes de fixation<\/strong>, en fonction de l\u2019application et des exigences de charge :<\/p>\n<ul>\n<li><strong>Platine<\/strong> : pour surfaces planes avec trous de fixation standardis\u00e9s.<\/li>\n<li><strong>Trou central<\/strong> : pour un montage direct, compact et rapide.<\/li>\n<li><strong>Tige lisse ou filet\u00e9e<\/strong> : adapt\u00e9e aux chariots l\u00e9gers ou aux charges plus \u00e9lev\u00e9es.<\/li>\n<li><strong>Tige expansible<\/strong> : id\u00e9ale pour les structures tubulaires.<br \/>\nChaque solution garantit <strong>stabilit\u00e9<\/strong>, <strong>s\u00e9curit\u00e9<\/strong> et <strong>facilit\u00e9 d\u2019installation<\/strong>.<\/li>\n<\/ul>\n\t\t\t\t\t\t\t\t<\/div>\n\t\t\t\t<\/div>\n\t\t<div class=\"elementor-element elementor-element-d4f1473 e-con-full e-flex e-con e-parent\" data-id=\"d4f1473\" data-element_type=\"container\" data-e-type=\"container\">\n\t\t<div class=\"elementor-element elementor-element-e9e83ba e-con-full e-flex e-con e-child\" data-id=\"e9e83ba\" data-element_type=\"container\" data-e-type=\"container\">\n\t\t<div class=\"elementor-element elementor-element-290b0a2 e-con-full e-flex e-con e-child\" data-id=\"290b0a2\" data-element_type=\"container\" data-e-type=\"container\">\n\t\t\t\t<div class=\"elementor-element elementor-element-3700ed1 elementor-widget elementor-widget-heading\" data-id=\"3700ed1\" data-element_type=\"widget\" data-e-type=\"widget\" data-widget_type=\"heading.default\">\n\t\t\t\t\t<h3 class=\"elementor-heading-title elementor-size-default\">Fixation par platine<\/h3>\t\t\t\t<\/div>\n\t\t\t\t<div class=\"elementor-element elementor-element-d69b607 elementor-widget elementor-widget-text-editor\" data-id=\"d69b607\" data-element_type=\"widget\" data-e-type=\"widget\" data-widget_type=\"text-editor.default\">\n\t\t\t\t\t\t\t\t\t<p>La roue avec support est mont\u00e9e sur une surface plane \u00e0 l\u2019aide de <strong>vis et \u00e9crous<\/strong>, en utilisant des <strong>entraxes de fixation standardis\u00e9s<\/strong>.<br \/>Les platines sont disponibles aussi bien pour les <strong>supports pivotants<\/strong> que pour les <strong>supports fixes<\/strong>.<\/p>\n<p>Dans le cas d\u2019un <strong>blocage directionnel<\/strong>, la platine doit \u00eatre mont\u00e9e avec le <strong>c\u00f4t\u00e9 le plus court orient\u00e9 dans le sens de la marche<\/strong>.<\/p>\n<p>Les dimensions \u00e0 consid\u00e9rer pour un choix correct sont :<\/p>\n<ul>\n<li>Dimensions ext\u00e9rieures de la platine<\/li>\n<li>Entraxe des trous de fixation<\/li>\n<li>Diam\u00e8tre des trous de fixation<\/li>\n<\/ul>\n\t\t\t\t\t\t\t\t<\/div>\n\t\t\t\t<\/div>\n\t\t<div class=\"elementor-element elementor-element-fe16fce e-con-full e-flex e-con e-child\" data-id=\"fe16fce\" data-element_type=\"container\" data-e-type=\"container\">\n\t\t\t\t<div class=\"elementor-element elementor-element-f2800b5 elementor-widget elementor-widget-image\" data-id=\"f2800b5\" data-element_type=\"widget\" data-e-type=\"widget\" data-widget_type=\"image.default\">\n\t\t\t\t\t\t\t\t\t\t\t\t\t\t\t\t<a href=\"https:\/\/www.avo.it\/wp-content\/uploads\/2025\/08\/tipologie_fissaggio-piastra.png\" data-elementor-open-lightbox=\"yes\" data-e-action-hash=\"#elementor-action%3Aaction%3Dlightbox%26settings%3DeyJpZCI6MTUwNTExLCJ1cmwiOiJodHRwczpcL1wvd3d3LmF2by5pdFwvd3AtY29udGVudFwvdXBsb2Fkc1wvMjAyNVwvMDhcL3RpcG9sb2dpZV9maXNzYWdnaW8tcGlhc3RyYS5wbmcifQ%3D%3D\">\n\t\t\t\t\t\t\t<img fetchpriority=\"high\" decoding=\"async\" width=\"475\" height=\"364\" src=\"https:\/\/www.avo.it\/wp-content\/uploads\/2025\/08\/tipologie_fissaggio-piastra.png\" class=\"attachment-full size-full wp-image-150511\" alt=\"\" srcset=\"https:\/\/www.avo.it\/wp-content\/uploads\/2025\/08\/tipologie_fissaggio-piastra.png 475w, https:\/\/www.avo.it\/wp-content\/uploads\/2025\/08\/tipologie_fissaggio-piastra-300x230.png 300w\" sizes=\"(max-width: 475px) 100vw, 475px\" \/>\t\t\t\t\t\t\t\t<\/a>\n\t\t\t\t\t\t\t\t\t\t\t\t\t\t\t<\/div>\n\t\t\t\t<\/div>\n\t\t\t\t<\/div>\n\t\t\t\t<\/div>\n\t\t<div class=\"elementor-element elementor-element-e7deffb e-con-full e-flex e-con e-parent\" data-id=\"e7deffb\" data-element_type=\"container\" data-e-type=\"container\">\n\t\t\t\t<div class=\"elementor-element elementor-element-0127445 elementor-widget-divider--view-line elementor-widget elementor-widget-divider\" data-id=\"0127445\" data-element_type=\"widget\" data-e-type=\"widget\" data-widget_type=\"divider.default\">\n\t\t\t\t\t\t\t<div class=\"elementor-divider\">\n\t\t\t<span class=\"elementor-divider-separator\">\n\t\t\t\t\t\t<\/span>\n\t\t<\/div>\n\t\t\t\t\t\t<\/div>\n\t\t<div class=\"elementor-element elementor-element-43e0434 e-con-full e-flex e-con e-child\" data-id=\"43e0434\" data-element_type=\"container\" data-e-type=\"container\">\n\t\t<div class=\"elementor-element elementor-element-e5c4b14 e-con-full e-flex e-con e-child\" data-id=\"e5c4b14\" data-element_type=\"container\" data-e-type=\"container\">\n\t\t\t\t<div class=\"elementor-element elementor-element-7da9aec elementor-widget elementor-widget-heading\" data-id=\"7da9aec\" data-element_type=\"widget\" data-e-type=\"widget\" data-widget_type=\"heading.default\">\n\t\t\t\t\t<h3 class=\"elementor-heading-title elementor-size-default\">Fixation par trou central<\/h3>\t\t\t\t<\/div>\n\t\t\t\t<div class=\"elementor-element elementor-element-abd4884 elementor-widget elementor-widget-text-editor\" data-id=\"abd4884\" data-element_type=\"widget\" data-e-type=\"widget\" data-widget_type=\"text-editor.default\">\n\t\t\t\t\t\t\t\t\t<p>La fixation par <strong>trou central<\/strong> consiste \u00e0 int\u00e9grer un <strong>al\u00e9sage au centre de la platine sup\u00e9rieure<\/strong> du support, dans lequel est ins\u00e9r\u00e9 un <strong>boulon<\/strong>, une <strong>tige<\/strong> ou une <strong>vis<\/strong> pour un <strong>montage direct<\/strong> sur les structures ou \u00e9quipements.<br \/>Cette solution est particuli\u00e8rement adapt\u00e9e lorsque l\u2019espace est limit\u00e9 ou qu\u2019un <strong>remplacement rapide de la roue<\/strong> est n\u00e9cessaire.<\/p>\n<p>Disponible pour <strong>supports pivotants<\/strong> et <strong>supports fixes<\/strong>, elle est souvent utilis\u00e9e sur les <strong>chariots l\u00e9gers<\/strong>, les <strong>appareils de manutention manuelle<\/strong> et dans les <strong>applications institutionnelles<\/strong>.<br \/>La stabilit\u00e9 du montage d\u00e9pend du <strong>diam\u00e8tre correct du trou<\/strong> et du <strong>choix de la visserie<\/strong>, en fonction de la structure et de la <strong>capacit\u00e9 de charge requise<\/strong>.<\/p>\n\t\t\t\t\t\t\t\t<\/div>\n\t\t\t\t<\/div>\n\t\t<div class=\"elementor-element elementor-element-0f5f831 e-con-full e-flex e-con e-child\" data-id=\"0f5f831\" data-element_type=\"container\" data-e-type=\"container\">\n\t\t\t\t<div class=\"elementor-element elementor-element-9919cdd elementor-widget elementor-widget-image\" data-id=\"9919cdd\" data-element_type=\"widget\" data-e-type=\"widget\" data-widget_type=\"image.default\">\n\t\t\t\t\t\t\t\t\t\t\t\t\t\t\t\t<a href=\"https:\/\/www.avo.it\/wp-content\/uploads\/2025\/08\/tipologie_fissaggio-foro.png\" data-elementor-open-lightbox=\"yes\" data-e-action-hash=\"#elementor-action%3Aaction%3Dlightbox%26settings%3DeyJpZCI6MTUwNTIwLCJ1cmwiOiJodHRwczpcL1wvd3d3LmF2by5pdFwvd3AtY29udGVudFwvdXBsb2Fkc1wvMjAyNVwvMDhcL3RpcG9sb2dpZV9maXNzYWdnaW8tZm9yby5wbmcifQ%3D%3D\">\n\t\t\t\t\t\t\t<img decoding=\"async\" width=\"411\" height=\"385\" src=\"https:\/\/www.avo.it\/wp-content\/uploads\/2025\/08\/tipologie_fissaggio-foro.png\" class=\"attachment-full size-full wp-image-150520\" alt=\"\" srcset=\"https:\/\/www.avo.it\/wp-content\/uploads\/2025\/08\/tipologie_fissaggio-foro.png 411w, https:\/\/www.avo.it\/wp-content\/uploads\/2025\/08\/tipologie_fissaggio-foro-300x281.png 300w\" sizes=\"(max-width: 411px) 100vw, 411px\" \/>\t\t\t\t\t\t\t\t<\/a>\n\t\t\t\t\t\t\t\t\t\t\t\t\t\t\t<\/div>\n\t\t\t\t<\/div>\n\t\t\t\t<\/div>\n\t\t\t\t<\/div>\n\t\t<div class=\"elementor-element elementor-element-19c0a41 e-con-full e-flex e-con e-parent\" data-id=\"19c0a41\" data-element_type=\"container\" data-e-type=\"container\">\n\t\t\t\t<div class=\"elementor-element elementor-element-2ceaad1 elementor-widget-divider--view-line elementor-widget elementor-widget-divider\" data-id=\"2ceaad1\" data-element_type=\"widget\" data-e-type=\"widget\" data-widget_type=\"divider.default\">\n\t\t\t\t\t\t\t<div class=\"elementor-divider\">\n\t\t\t<span class=\"elementor-divider-separator\">\n\t\t\t\t\t\t<\/span>\n\t\t<\/div>\n\t\t\t\t\t\t<\/div>\n\t\t<div class=\"elementor-element elementor-element-1f781e5 e-con-full e-flex e-con e-child\" data-id=\"1f781e5\" data-element_type=\"container\" data-e-type=\"container\">\n\t\t<div class=\"elementor-element elementor-element-012dfa6 e-con-full e-flex e-con e-child\" data-id=\"012dfa6\" data-element_type=\"container\" data-e-type=\"container\">\n\t\t\t\t<div class=\"elementor-element elementor-element-04d9342 elementor-widget elementor-widget-heading\" data-id=\"04d9342\" data-element_type=\"widget\" data-e-type=\"widget\" data-widget_type=\"heading.default\">\n\t\t\t\t\t<h3 class=\"elementor-heading-title elementor-size-default\">Fixation par tige lisse<\/h3>\t\t\t\t<\/div>\n\t\t\t\t<div class=\"elementor-element elementor-element-68ace3a elementor-widget elementor-widget-text-editor\" data-id=\"68ace3a\" data-element_type=\"widget\" data-e-type=\"widget\" data-widget_type=\"text-editor.default\">\n\t\t\t\t\t\t\t\t\t<p>Le syst\u00e8me \u00e0 <strong>tige lisse<\/strong> pr\u00e9voit l\u2019insertion d\u2019une <strong>tige cylindrique non filet\u00e9e<\/strong> dans un logement ou une douille correspondante du ch\u00e2ssis.<br \/>Ce montage simple et rapide est particuli\u00e8rement adapt\u00e9 aux <strong>chariots l\u00e9gers<\/strong>, aux <strong>meubles mobiles<\/strong> et aux <strong>petites structures<\/strong> n\u00e9cessitant des remplacements fr\u00e9quents.<br \/>Disponible pour <strong>supports pivotants ou fixes<\/strong>, il assure un <strong>montage compact<\/strong> et <strong>une rotation fluide<\/strong> sans entretien particulier.<\/p>\n\t\t\t\t\t\t\t\t<\/div>\n\t\t\t\t<\/div>\n\t\t<div class=\"elementor-element elementor-element-89824a3 e-con-full e-flex e-con e-child\" data-id=\"89824a3\" data-element_type=\"container\" data-e-type=\"container\">\n\t\t\t\t<div class=\"elementor-element elementor-element-22142de elementor-widget elementor-widget-image\" data-id=\"22142de\" data-element_type=\"widget\" data-e-type=\"widget\" data-widget_type=\"image.default\">\n\t\t\t\t\t\t\t\t\t\t\t\t\t\t\t\t<a href=\"https:\/\/www.avo.it\/wp-content\/uploads\/2025\/08\/tipologie_fissaggio-perno_liscio.png\" data-elementor-open-lightbox=\"yes\" data-e-action-hash=\"#elementor-action%3Aaction%3Dlightbox%26settings%3DeyJpZCI6MTUwNTM1LCJ1cmwiOiJodHRwczpcL1wvd3d3LmF2by5pdFwvd3AtY29udGVudFwvdXBsb2Fkc1wvMjAyNVwvMDhcL3RpcG9sb2dpZV9maXNzYWdnaW8tcGVybm9fbGlzY2lvLnBuZyJ9\">\n\t\t\t\t\t\t\t<img decoding=\"async\" width=\"408\" height=\"442\" src=\"https:\/\/www.avo.it\/wp-content\/uploads\/2025\/08\/tipologie_fissaggio-perno_liscio.png\" class=\"attachment-full size-full wp-image-150535\" alt=\"\" srcset=\"https:\/\/www.avo.it\/wp-content\/uploads\/2025\/08\/tipologie_fissaggio-perno_liscio.png 408w, https:\/\/www.avo.it\/wp-content\/uploads\/2025\/08\/tipologie_fissaggio-perno_liscio-277x300.png 277w\" sizes=\"(max-width: 408px) 100vw, 408px\" \/>\t\t\t\t\t\t\t\t<\/a>\n\t\t\t\t\t\t\t\t\t\t\t\t\t\t\t<\/div>\n\t\t\t\t<\/div>\n\t\t\t\t<\/div>\n\t\t\t\t<\/div>\n\t\t<div class=\"elementor-element elementor-element-d89f2ac e-con-full e-flex e-con e-parent\" data-id=\"d89f2ac\" data-element_type=\"container\" data-e-type=\"container\">\n\t\t\t\t<div class=\"elementor-element elementor-element-2806224 elementor-widget-divider--view-line elementor-widget elementor-widget-divider\" data-id=\"2806224\" data-element_type=\"widget\" data-e-type=\"widget\" data-widget_type=\"divider.default\">\n\t\t\t\t\t\t\t<div class=\"elementor-divider\">\n\t\t\t<span class=\"elementor-divider-separator\">\n\t\t\t\t\t\t<\/span>\n\t\t<\/div>\n\t\t\t\t\t\t<\/div>\n\t\t<div class=\"elementor-element elementor-element-b185dc8 e-con-full e-flex e-con e-child\" data-id=\"b185dc8\" data-element_type=\"container\" data-e-type=\"container\">\n\t\t<div class=\"elementor-element elementor-element-2731297 e-con-full e-flex e-con e-child\" data-id=\"2731297\" data-element_type=\"container\" data-e-type=\"container\">\n\t\t\t\t<div class=\"elementor-element elementor-element-79e1961 elementor-widget elementor-widget-heading\" data-id=\"79e1961\" data-element_type=\"widget\" data-e-type=\"widget\" data-widget_type=\"heading.default\">\n\t\t\t\t\t<h3 class=\"elementor-heading-title elementor-size-default\">Fixation par tige filet\u00e9e<\/h3>\t\t\t\t<\/div>\n\t\t\t\t<div class=\"elementor-element elementor-element-9629d14 elementor-widget elementor-widget-text-editor\" data-id=\"9629d14\" data-element_type=\"widget\" data-e-type=\"widget\" data-widget_type=\"text-editor.default\">\n\t\t\t\t\t\t\t\t\t<p>Le <strong>montage \u00e0 tige filet\u00e9e<\/strong> utilise une <strong>tige \u00e0 filetage externe<\/strong> int\u00e9gr\u00e9e dans la partie sup\u00e9rieure du support, viss\u00e9e directement sur le ch\u00e2ssis ou l\u2019appareil.<br \/>Ce type de fixation garantit une <strong>liaison solide et fiable<\/strong>, id\u00e9ale pour les <strong>applications n\u00e9cessitant une plus grande r\u00e9sistance<\/strong> et des <strong>charges plus lourdes<\/strong>.<br \/>Disponible pour <strong>supports pivotants<\/strong> et <strong>supports fixes<\/strong>, il permet un <strong>montage robuste et pr\u00e9cis<\/strong> m\u00eame dans des espaces restreints.<\/p>\n\t\t\t\t\t\t\t\t<\/div>\n\t\t\t\t<\/div>\n\t\t<div class=\"elementor-element elementor-element-896cbb3 e-con-full e-flex e-con e-child\" data-id=\"896cbb3\" data-element_type=\"container\" data-e-type=\"container\">\n\t\t\t\t<div class=\"elementor-element elementor-element-59b7c70 elementor-widget elementor-widget-image\" data-id=\"59b7c70\" data-element_type=\"widget\" data-e-type=\"widget\" data-widget_type=\"image.default\">\n\t\t\t\t\t\t\t\t\t\t\t\t\t\t\t\t<a href=\"https:\/\/www.avo.it\/wp-content\/uploads\/2025\/08\/tipologie_fissaggio-tramite_perno_filettato.png\" data-elementor-open-lightbox=\"yes\" data-e-action-hash=\"#elementor-action%3Aaction%3Dlightbox%26settings%3DeyJpZCI6MTUwNTQwLCJ1cmwiOiJodHRwczpcL1wvd3d3LmF2by5pdFwvd3AtY29udGVudFwvdXBsb2Fkc1wvMjAyNVwvMDhcL3RpcG9sb2dpZV9maXNzYWdnaW8tdHJhbWl0ZV9wZXJub19maWxldHRhdG8ucG5nIn0%3D\">\n\t\t\t\t\t\t\t<img loading=\"lazy\" decoding=\"async\" width=\"397\" height=\"430\" src=\"https:\/\/www.avo.it\/wp-content\/uploads\/2025\/08\/tipologie_fissaggio-tramite_perno_filettato.png\" class=\"attachment-full size-full wp-image-150540\" alt=\"\" srcset=\"https:\/\/www.avo.it\/wp-content\/uploads\/2025\/08\/tipologie_fissaggio-tramite_perno_filettato.png 397w, https:\/\/www.avo.it\/wp-content\/uploads\/2025\/08\/tipologie_fissaggio-tramite_perno_filettato-277x300.png 277w\" sizes=\"(max-width: 397px) 100vw, 397px\" \/>\t\t\t\t\t\t\t\t<\/a>\n\t\t\t\t\t\t\t\t\t\t\t\t\t\t\t<\/div>\n\t\t\t\t<\/div>\n\t\t\t\t<\/div>\n\t\t\t\t<\/div>\n\t\t<div class=\"elementor-element elementor-element-fd2bd32 e-con-full e-flex e-con e-parent\" data-id=\"fd2bd32\" data-element_type=\"container\" data-e-type=\"container\">\n\t\t\t\t<div class=\"elementor-element elementor-element-0dd47fa elementor-widget-divider--view-line elementor-widget elementor-widget-divider\" data-id=\"0dd47fa\" data-element_type=\"widget\" data-e-type=\"widget\" data-widget_type=\"divider.default\">\n\t\t\t\t\t\t\t<div class=\"elementor-divider\">\n\t\t\t<span class=\"elementor-divider-separator\">\n\t\t\t\t\t\t<\/span>\n\t\t<\/div>\n\t\t\t\t\t\t<\/div>\n\t\t<div class=\"elementor-element elementor-element-e7f5b02 e-con-full e-flex e-con e-child\" data-id=\"e7f5b02\" data-element_type=\"container\" data-e-type=\"container\">\n\t\t<div class=\"elementor-element elementor-element-33d55bb e-con-full e-flex e-con e-child\" data-id=\"33d55bb\" data-element_type=\"container\" data-e-type=\"container\">\n\t\t\t\t<div class=\"elementor-element elementor-element-dea6f75 elementor-widget elementor-widget-heading\" data-id=\"dea6f75\" data-element_type=\"widget\" data-e-type=\"widget\" data-widget_type=\"heading.default\">\n\t\t\t\t\t<h3 class=\"elementor-heading-title elementor-size-default\">Fixation par tige expansible<\/h3>\t\t\t\t<\/div>\n\t\t\t\t<div class=\"elementor-element elementor-element-2f23105 elementor-widget elementor-widget-text-editor\" data-id=\"2f23105\" data-element_type=\"widget\" data-e-type=\"widget\" data-widget_type=\"text-editor.default\">\n\t\t\t\t\t\t\t\t\t<p>Le syst\u00e8me \u00e0 <strong>tige expansible<\/strong> consiste \u00e0 ins\u00e9rer une <strong>tige cylindrique munie d\u2019un \u00e9l\u00e9ment \u00e9lastique en caoutchouc<\/strong> dans le cadre ou le tube de support.<br \/>En serrant la <strong>vis centrale<\/strong>, le <strong>caoutchouc se dilate<\/strong> contre les parois internes, assurant une <strong>fixation stable et s\u00e9curis\u00e9e<\/strong> sans n\u00e9cessiter d\u2019usinage suppl\u00e9mentaire.<br \/>Cette solution est particuli\u00e8rement indiqu\u00e9e pour les <strong>structures tubulaires<\/strong>, <strong>chariots l\u00e9gers<\/strong> et <strong>\u00e9quipements mobiles<\/strong>, offrant un <strong>montage rapide<\/strong>, des <strong>d\u00e9montages fr\u00e9quents<\/strong> et une <strong>bonne absorption des vibrations<\/strong>, tout en garantissant une <strong>r\u00e9sistance m\u00e9canique satisfaisante<\/strong>.<\/p>\n\t\t\t\t\t\t\t\t<\/div>\n\t\t\t\t<\/div>\n\t\t<div class=\"elementor-element elementor-element-9958d31 e-con-full e-flex e-con e-child\" data-id=\"9958d31\" data-element_type=\"container\" data-e-type=\"container\">\n\t\t\t\t<div class=\"elementor-element elementor-element-e6daf41 elementor-widget elementor-widget-image\" data-id=\"e6daf41\" data-element_type=\"widget\" data-e-type=\"widget\" data-widget_type=\"image.default\">\n\t\t\t\t\t\t\t\t\t\t\t\t\t\t\t\t<a href=\"https:\/\/www.avo.it\/wp-content\/uploads\/2025\/08\/tipologie_fissaggio-perno_espandibile.png\" data-elementor-open-lightbox=\"yes\" data-e-action-hash=\"#elementor-action%3Aaction%3Dlightbox%26settings%3DeyJpZCI6MTUwNTQ4LCJ1cmwiOiJodHRwczpcL1wvd3d3LmF2by5pdFwvd3AtY29udGVudFwvdXBsb2Fkc1wvMjAyNVwvMDhcL3RpcG9sb2dpZV9maXNzYWdnaW8tcGVybm9fZXNwYW5kaWJpbGUucG5nIn0%3D\">\n\t\t\t\t\t\t\t<img loading=\"lazy\" decoding=\"async\" width=\"364\" height=\"439\" src=\"https:\/\/www.avo.it\/wp-content\/uploads\/2025\/08\/tipologie_fissaggio-perno_espandibile.png\" class=\"attachment-full size-full wp-image-150548\" alt=\"\" srcset=\"https:\/\/www.avo.it\/wp-content\/uploads\/2025\/08\/tipologie_fissaggio-perno_espandibile.png 364w, https:\/\/www.avo.it\/wp-content\/uploads\/2025\/08\/tipologie_fissaggio-perno_espandibile-249x300.png 249w\" sizes=\"(max-width: 364px) 100vw, 364px\" \/>\t\t\t\t\t\t\t\t<\/a>\n\t\t\t\t\t\t\t\t\t\t\t\t\t\t\t<\/div>\n\t\t\t\t<\/div>\n\t\t\t\t<\/div>\n\t\t\t\t<\/div>\n\t\t<div class=\"elementor-element elementor-element-516107a e-con-full e-flex e-con e-parent\" data-id=\"516107a\" data-element_type=\"container\" data-e-type=\"container\">\n\t\t\t\t<div class=\"elementor-element elementor-element-50782e2 elementor-widget elementor-widget-text-editor\" data-id=\"50782e2\" data-element_type=\"widget\" data-e-type=\"widget\" data-widget_type=\"text-editor.default\">\n\t\t\t\t\t\t\t\t\t<p><strong>Pour plus de d\u00e9tails techniques ou pour demander une consultation personnalis\u00e9e:<\/strong><\/p>\n\t\t\t\t\t\t\t\t<\/div>\n\t\t\t\t<div class=\"elementor-element elementor-element-85d5750 elementor-position-inline-end elementor-mobile-position-inline-end elementor-view-default elementor-widget elementor-widget-icon-box\" data-id=\"85d5750\" data-element_type=\"widget\" data-e-type=\"widget\" data-widget_type=\"icon-box.default\">\n\t\t\t\t\t\t\t<div class=\"elementor-icon-box-wrapper\">\n\n\t\t\t\t\t\t<div class=\"elementor-icon-box-icon\">\n\t\t\t\t<a href=\"https:\/\/www.avo.it\/contatti\/\" title=\"Approfondisci\" class=\"elementor-icon\" tabindex=\"-1\" aria-label=\"Contactez-nous\">\n\t\t\t\t<svg xmlns=\"http:\/\/www.w3.org\/2000\/svg\" id=\"Livello_1\" data-name=\"Livello 1\" viewBox=\"0 0 36.78 36.78\"><defs><style>      .cls-1 {        fill: #b3e5fc;      }      .cls-2 {        fill: #21355a;      }    <\/style><\/defs><circle class=\"cls-1\" cx=\"18.39\" cy=\"18.39\" r=\"18.39\"><\/circle><path class=\"cls-2\" d=\"M13.65,26.72l7.81-7.81c.28-.28.28-.77,0-1.04l-7.81-7.81,1.04-1.04,7.81,7.81c.84.84.84,2.3,0,3.13l-7.81,7.81-1.04-1.04Z\"><\/path><\/svg>\t\t\t\t<\/a>\n\t\t\t<\/div>\n\t\t\t\n\t\t\t\t\t\t<div class=\"elementor-icon-box-content\">\n\n\t\t\t\t\t\t\t\t\t<h3 class=\"elementor-icon-box-title\">\n\t\t\t\t\t\t<a href=\"https:\/\/www.avo.it\/contatti\/\" title=\"Approfondisci\" >\n\t\t\t\t\t\t\tContactez-nous\t\t\t\t\t\t<\/a>\n\t\t\t\t\t<\/h3>\n\t\t\t\t\n\t\t\t\t\n\t\t\t<\/div>\n\t\t\t\n\t\t<\/div>\n\t\t\t\t\t\t<\/div>\n\t\t\t\t<\/div>\n\t\t\t\t<\/div>\n\t\t","protected":false},"excerpt":{"rendered":"<p>Types de fixation Syst\u00e8mes de fixation pour roues et supports Les roues peuvent \u00eatre mont\u00e9es selon plusieurs syst\u00e8mes de fixation, en fonction de l\u2019application et des exigences de charge : Platine : pour surfaces planes avec trous de fixation standardis\u00e9s. Trou central : pour un montage direct, compact et rapide. Tige lisse ou filet\u00e9e : [&hellip;]<\/p>\n","protected":false},"author":3,"featured_media":0,"parent":153579,"menu_order":0,"comment_status":"closed","ping_status":"closed","template":"","meta":{"_acf_changed":false,"footnotes":""},"class_list":["post-153615","page","type-page","status-publish","hentry"],"acf":[],"_links":{"self":[{"href":"https:\/\/www.avo.it\/fr\/wp-json\/wp\/v2\/pages\/153615","targetHints":{"allow":["GET"]}}],"collection":[{"href":"https:\/\/www.avo.it\/fr\/wp-json\/wp\/v2\/pages"}],"about":[{"href":"https:\/\/www.avo.it\/fr\/wp-json\/wp\/v2\/types\/page"}],"author":[{"embeddable":true,"href":"https:\/\/www.avo.it\/fr\/wp-json\/wp\/v2\/users\/3"}],"replies":[{"embeddable":true,"href":"https:\/\/www.avo.it\/fr\/wp-json\/wp\/v2\/comments?post=153615"}],"version-history":[{"count":1,"href":"https:\/\/www.avo.it\/fr\/wp-json\/wp\/v2\/pages\/153615\/revisions"}],"predecessor-version":[{"id":153616,"href":"https:\/\/www.avo.it\/fr\/wp-json\/wp\/v2\/pages\/153615\/revisions\/153616"}],"up":[{"embeddable":true,"href":"https:\/\/www.avo.it\/fr\/wp-json\/wp\/v2\/pages\/153579"}],"wp:attachment":[{"href":"https:\/\/www.avo.it\/fr\/wp-json\/wp\/v2\/media?parent=153615"}],"curies":[{"name":"wp","href":"https:\/\/api.w.org\/{rel}","templated":true}]}}