{"id":156374,"date":"2025-12-22T11:59:57","date_gmt":"2025-12-22T11:59:57","guid":{"rendered":"https:\/\/avo.it\/applications\/secteur-cleaning\/"},"modified":"2025-12-23T21:23:35","modified_gmt":"2025-12-23T21:23:35","slug":"secteur-cleaning","status":"publish","type":"page","link":"https:\/\/www.avo.it\/fr\/applications\/secteur-cleaning\/","title":{"rendered":"Secteur Cleaning"},"content":{"rendered":"\t\t<div data-elementor-type=\"wp-page\" data-elementor-id=\"156374\" class=\"elementor elementor-156374 elementor-156096\" data-elementor-post-type=\"page\">\n\t\t\t\t<div class=\"elementor-element elementor-element-3ba02e9 e-con-full e-flex e-con e-parent\" data-id=\"3ba02e9\" data-element_type=\"container\" data-e-type=\"container\" data-settings=\"{&quot;background_background&quot;:&quot;classic&quot;}\">\n\t\t<div class=\"elementor-element elementor-element-c5657f8 e-con-full e-flex e-con e-child\" data-id=\"c5657f8\" data-element_type=\"container\" data-e-type=\"container\" data-settings=\"{&quot;background_background&quot;:&quot;classic&quot;}\">\n\t\t<div class=\"elementor-element elementor-element-945756d e-con-full e-flex e-con e-child\" data-id=\"945756d\" data-element_type=\"container\" data-e-type=\"container\" data-settings=\"{&quot;background_background&quot;:&quot;classic&quot;}\">\n\t\t\t\t<div class=\"elementor-element elementor-element-d495e70 elementor-widget elementor-widget-heading\" data-id=\"d495e70\" data-element_type=\"widget\" data-e-type=\"widget\" data-widget_type=\"heading.default\">\n\t\t\t\t\t<h1 class=\"elementor-heading-title elementor-size-default\">Settore <span style=\"color: #B3E5FC\">cleaning<\/span><\/h1>\t\t\t\t<\/div>\n\t\t\t\t<\/div>\n\t\t\t\t<\/div>\n\t\t\t\t<\/div>\n\t\t<div class=\"elementor-element elementor-element-ba1411c e-con-full e-flex e-con e-parent\" data-id=\"ba1411c\" data-element_type=\"container\" data-e-type=\"container\">\n\t\t<div class=\"elementor-element elementor-element-8d47057 e-con-full e-flex e-con e-child\" data-id=\"8d47057\" data-element_type=\"container\" data-e-type=\"container\">\n\t\t\t\t<div class=\"elementor-element elementor-element-48f0b4f elementor-widget elementor-widget-text-editor\" data-id=\"48f0b4f\" data-element_type=\"widget\" data-e-type=\"widget\" data-widget_type=\"text-editor.default\">\n\t\t\t\t\t\t\t\t\t<p data-start=\"295\" data-end=\"477\">Dans le secteur du cleaning, une <strong data-start=\"328\" data-end=\"357\">mobilit\u00e9 efficace et s\u00fbre<\/strong> des \u00e9quipements est un facteur d\u00e9terminant pour garantir <strong data-start=\"415\" data-end=\"426\">hygi\u00e8ne<\/strong>, <strong data-start=\"428\" data-end=\"444\">productivit\u00e9<\/strong> et <strong data-start=\"448\" data-end=\"476\">fiabilit\u00e9 op\u00e9rationnelle<\/strong>.<\/p>\n<p><\/p>\n<p data-start=\"479\" data-end=\"909\">Les <strong data-start=\"483\" data-end=\"509\">Roues et Roulettes AVO<\/strong> sont utilis\u00e9es sur des <strong data-start=\"533\" data-end=\"572\">chariots de nettoyage professionnel<\/strong>, des <strong data-start=\"578\" data-end=\"594\">autolaveuses<\/strong>, des <strong data-start=\"600\" data-end=\"627\">aspirateurs industriels<\/strong> et des \u00e9quipements destin\u00e9s \u00e0 des environnements tels que les <strong data-start=\"690\" data-end=\"702\">h\u00f4pitaux<\/strong>, les <strong data-start=\"708\" data-end=\"735\">\u00e9tablissements de sant\u00e9<\/strong>, l\u2019<strong data-start=\"739\" data-end=\"764\">industrie alimentaire<\/strong>, les <strong data-start=\"770\" data-end=\"783\">a\u00e9roports<\/strong>, les <strong data-start=\"789\" data-end=\"812\">centres commerciaux<\/strong> et les <strong data-start=\"820\" data-end=\"839\">espaces publics<\/strong>, o\u00f9 les exigences en mati\u00e8re d\u2019hygi\u00e8ne sont particuli\u00e8rement \u00e9lev\u00e9es.<\/p>\n<p><\/p>\n<p data-start=\"911\" data-end=\"1192\">Nos solutions sont con\u00e7ues pour r\u00e9sister aux <strong data-start=\"956\" data-end=\"977\">lavages fr\u00e9quents<\/strong>, aux <strong data-start=\"983\" data-end=\"1007\">d\u00e9tergents agressifs<\/strong> et \u00e0 une <strong data-start=\"1017\" data-end=\"1039\">humidit\u00e9 constante<\/strong>, gr\u00e2ce \u00e0 l\u2019utilisation de <strong data-start=\"1066\" data-end=\"1083\">polyur\u00e9thanes<\/strong> et de <strong data-start=\"1090\" data-end=\"1123\">mat\u00e9riaux hautes performances<\/strong>, associ\u00e9s \u00e0 des <strong data-start=\"1140\" data-end=\"1191\">supports en acier zingu\u00e9 ou en acier inoxydable<\/strong>.<\/p>\n<p><\/p>\n<p data-start=\"1194\" data-end=\"1632\">Le <strong data-start=\"1197\" data-end=\"1240\">design aux surfaces lisses et compactes<\/strong> limite les zones d\u2019accumulation des salissures et facilite les op\u00e9rations de <strong data-start=\"1318\" data-end=\"1350\">nettoyage et de d\u00e9sinfection<\/strong>, tandis que l\u2019<strong data-start=\"1365\" data-end=\"1399\">excellente fluidit\u00e9 de roulage<\/strong> et le <strong data-start=\"1406\" data-end=\"1430\">faible niveau sonore<\/strong> contribuent \u00e0 r\u00e9duire l\u2019effort des op\u00e9rateurs et \u00e0 am\u00e9liorer le confort d\u2019utilisation, m\u00eame dans des environnements sensibles tels que les <strong data-start=\"1570\" data-end=\"1595\">couloirs hospitaliers<\/strong> ou les <strong data-start=\"1603\" data-end=\"1631\">zones ouvertes au public<\/strong>.<\/p>\n<p><\/p>\n<p data-start=\"1634\" data-end=\"1780\" data-is-last-node=\"\" data-is-only-node=\"\">Des solutions pens\u00e9es pour le <strong data-start=\"1664\" data-end=\"1690\">cleaning professionnel<\/strong>, o\u00f9 <strong data-start=\"1695\" data-end=\"1707\">propret\u00e9<\/strong>, <strong data-start=\"1709\" data-end=\"1722\">fiabilit\u00e9<\/strong> et <strong data-start=\"1726\" data-end=\"1754\">durabilit\u00e9 dans le temps<\/strong> doivent avancer ensemble.<\/p>\n\t\t\t\t\t\t\t\t<\/div>\n\t\t\t\t<\/div>\n\t\t\t\t<\/div>\n\t\t\t\t<\/div>\n\t\t","protected":false},"excerpt":{"rendered":"<p>Settore cleaning Dans le secteur du cleaning, une mobilit\u00e9 efficace et s\u00fbre des \u00e9quipements est un facteur d\u00e9terminant pour garantir hygi\u00e8ne, productivit\u00e9 et fiabilit\u00e9 op\u00e9rationnelle. Les Roues et Roulettes AVO sont utilis\u00e9es sur des chariots de nettoyage professionnel, des autolaveuses, des aspirateurs industriels et des \u00e9quipements destin\u00e9s \u00e0 des environnements tels que les h\u00f4pitaux, les [&hellip;]<\/p>\n","protected":false},"author":2,"featured_media":0,"parent":152540,"menu_order":0,"comment_status":"closed","ping_status":"closed","template":"","meta":{"_acf_changed":false,"footnotes":""},"class_list":["post-156374","page","type-page","status-publish","hentry"],"acf":[],"_links":{"self":[{"href":"https:\/\/www.avo.it\/fr\/wp-json\/wp\/v2\/pages\/156374","targetHints":{"allow":["GET"]}}],"collection":[{"href":"https:\/\/www.avo.it\/fr\/wp-json\/wp\/v2\/pages"}],"about":[{"href":"https:\/\/www.avo.it\/fr\/wp-json\/wp\/v2\/types\/page"}],"author":[{"embeddable":true,"href":"https:\/\/www.avo.it\/fr\/wp-json\/wp\/v2\/users\/2"}],"replies":[{"embeddable":true,"href":"https:\/\/www.avo.it\/fr\/wp-json\/wp\/v2\/comments?post=156374"}],"version-history":[{"count":2,"href":"https:\/\/www.avo.it\/fr\/wp-json\/wp\/v2\/pages\/156374\/revisions"}],"predecessor-version":[{"id":156555,"href":"https:\/\/www.avo.it\/fr\/wp-json\/wp\/v2\/pages\/156374\/revisions\/156555"}],"up":[{"embeddable":true,"href":"https:\/\/www.avo.it\/fr\/wp-json\/wp\/v2\/pages\/152540"}],"wp:attachment":[{"href":"https:\/\/www.avo.it\/fr\/wp-json\/wp\/v2\/media?parent=156374"}],"curies":[{"name":"wp","href":"https:\/\/api.w.org\/{rel}","templated":true}]}}