{"id":156378,"date":"2025-12-22T11:54:54","date_gmt":"2025-12-22T11:54:54","guid":{"rendered":"https:\/\/avo.it\/applications\/secteur-nautique\/"},"modified":"2025-12-23T09:27:22","modified_gmt":"2025-12-23T09:27:22","slug":"secteur-nautique","status":"publish","type":"page","link":"https:\/\/www.avo.it\/fr\/applications\/secteur-nautique\/","title":{"rendered":"Secteur nautique"},"content":{"rendered":"\t\t<div data-elementor-type=\"wp-page\" data-elementor-id=\"156378\" class=\"elementor elementor-156378 elementor-156092\" data-elementor-post-type=\"page\">\n\t\t\t\t<div class=\"elementor-element elementor-element-1f8b90f e-con-full e-flex e-con e-parent\" data-id=\"1f8b90f\" data-element_type=\"container\" data-e-type=\"container\" data-settings=\"{&quot;background_background&quot;:&quot;classic&quot;}\">\n\t\t<div class=\"elementor-element elementor-element-aaaf984 e-con-full e-flex e-con e-child\" data-id=\"aaaf984\" data-element_type=\"container\" data-e-type=\"container\" data-settings=\"{&quot;background_background&quot;:&quot;classic&quot;}\">\n\t\t<div class=\"elementor-element elementor-element-eaaa72b e-con-full e-flex e-con e-child\" data-id=\"eaaa72b\" data-element_type=\"container\" data-e-type=\"container\" data-settings=\"{&quot;background_background&quot;:&quot;classic&quot;}\">\n\t\t\t\t<div class=\"elementor-element elementor-element-e0cd974 elementor-widget elementor-widget-heading\" data-id=\"e0cd974\" data-element_type=\"widget\" data-e-type=\"widget\" data-widget_type=\"heading.default\">\n\t\t\t\t\t<h1 class=\"elementor-heading-title elementor-size-default\">Settore <span style=\"color: #B3E5FC\">nautico<\/span><\/h1>\t\t\t\t<\/div>\n\t\t\t\t<\/div>\n\t\t\t\t<\/div>\n\t\t\t\t<\/div>\n\t\t<div class=\"elementor-element elementor-element-a9ca7cf e-con-full e-flex e-con e-parent\" data-id=\"a9ca7cf\" data-element_type=\"container\" data-e-type=\"container\">\n\t\t<div class=\"elementor-element elementor-element-7869e7c e-con-full e-flex e-con e-child\" data-id=\"7869e7c\" data-element_type=\"container\" data-e-type=\"container\">\n\t\t\t\t<div class=\"elementor-element elementor-element-91dc648 elementor-widget elementor-widget-text-editor\" data-id=\"91dc648\" data-element_type=\"widget\" data-e-type=\"widget\" data-widget_type=\"text-editor.default\">\n\t\t\t\t\t\t\t\t\t<div class=\"flex flex-col text-sm pb-25\">\n<article class=\"text-token-text-primary w-full focus:outline-none [--shadow-height:45px] has-data-writing-block:pointer-events-none has-data-writing-block:-mt-(--shadow-height) has-data-writing-block:pt-(--shadow-height) [&amp;:has([data-writing-block])&gt;*]:pointer-events-auto scroll-mt-[calc(var(--header-height)+min(200px,max(70px,20svh)))]\" dir=\"auto\" tabindex=\"-1\" data-turn-id=\"request-WEB:b8a9b194-d857-4444-ad54-d0068549c508-19\" data-testid=\"conversation-turn-40\" data-scroll-anchor=\"true\" data-turn=\"assistant\">\n<div class=\"text-base my-auto mx-auto pb-10 [--thread-content-margin:--spacing(4)] @w-sm\/main:[--thread-content-margin:--spacing(6)] @w-lg\/main:[--thread-content-margin:--spacing(16)] px-(--thread-content-margin)\">\n<div class=\"[--thread-content-max-width:40rem] @w-lg\/main:[--thread-content-max-width:48rem] mx-auto max-w-(--thread-content-max-width) flex-1 group\/turn-messages focus-visible:outline-hidden relative flex w-full min-w-0 flex-col agent-turn\" tabindex=\"-1\">\n<div class=\"flex max-w-full flex-col grow\">\n<div class=\"min-h-8 text-message relative flex w-full flex-col items-end gap-2 text-start break-words whitespace-normal [.text-message+&amp;]:mt-1\" dir=\"auto\" data-message-author-role=\"assistant\" data-message-id=\"8cc92afe-0f38-44de-9c66-81d5a66d94fb\" data-message-model-slug=\"gpt-5-2\">\n<div class=\"flex w-full flex-col gap-1 empty:hidden first:pt-[1px]\">\n<div class=\"markdown prose dark:prose-invert w-full break-words dark markdown-new-styling\">\n<p data-start=\"286\" data-end=\"1067\">Dans le secteur nautique, les op\u00e9rations de manutention exigent des solutions capables de garantir une <strong data-start=\"389\" data-end=\"425\">r\u00e9sistance \u00e9lev\u00e9e \u00e0 la corrosion<\/strong>, une <strong data-start=\"431\" data-end=\"452\">fiabilit\u00e9 durable<\/strong> et des <strong data-start=\"460\" data-end=\"487\">performances constantes<\/strong>, m\u00eame dans des environnements marins particuli\u00e8rement contraignants. Les <strong data-start=\"561\" data-end=\"587\">Roues et Roulettes AVO<\/strong> sont utilis\u00e9es pour la r\u00e9alisation de <strong data-start=\"626\" data-end=\"658\">chariots de chantiers navals<\/strong>, la <strong data-start=\"663\" data-end=\"693\">manutention d\u2019embarcations<\/strong>, les <strong data-start=\"699\" data-end=\"722\">\u00e9quipements de bord<\/strong>, les <strong data-start=\"728\" data-end=\"753\">structures de support<\/strong> et les <strong data-start=\"761\" data-end=\"785\">syst\u00e8mes logistiques<\/strong> op\u00e9rant dans les <strong data-start=\"803\" data-end=\"812\">ports<\/strong>, <strong data-start=\"814\" data-end=\"825\">marinas<\/strong> et <strong data-start=\"829\" data-end=\"853\">zones de maintenance<\/strong>. Elles sont con\u00e7ues pour supporter des <strong data-start=\"893\" data-end=\"916\">charges importantes<\/strong>, une <strong data-start=\"922\" data-end=\"945\">humidit\u00e9 permanente<\/strong>, l\u2019<strong data-start=\"949\" data-end=\"977\">exposition \u00e0 l\u2019eau sal\u00e9e<\/strong> et les <strong data-start=\"985\" data-end=\"1014\">variations de temp\u00e9rature<\/strong>, garantissant s\u00e9curit\u00e9 et continuit\u00e9 op\u00e9rationnelle.<\/p>\n<p data-start=\"1069\" data-end=\"1563\">Un r\u00f4le central est jou\u00e9 par l\u2019utilisation de <strong data-start=\"1115\" data-end=\"1140\">mat\u00e9riaux sp\u00e9cifiques<\/strong>, tels que des <strong data-start=\"1155\" data-end=\"1192\">polyur\u00e9thanes hautes performances<\/strong> et des <strong data-start=\"1200\" data-end=\"1245\">supports charges lourdes ou extra-lourdes<\/strong>, \u00e9galement disponibles en <strong data-start=\"1272\" data-end=\"1313\">acier inoxydable AISI 304 et AISI 316<\/strong>, id\u00e9aux pour pr\u00e9venir l\u2019oxydation et la d\u00e9gradation dans le temps. \u00c0 cela s\u2019ajoutent les <strong data-start=\"1403\" data-end=\"1459\">Roues et Roulettes pour la manutention de conteneurs<\/strong>, \u00e9quip\u00e9es de syst\u00e8mes <strong data-start=\"1482\" data-end=\"1495\">Twistlock<\/strong>, assurant fiabilit\u00e9 et s\u00e9curit\u00e9 sans compromettre les performances.<\/p>\n<p data-start=\"1565\" data-end=\"1834\">Les <strong data-start=\"1569\" data-end=\"1588\">surfaces lisses<\/strong> et le <strong data-start=\"1595\" data-end=\"1617\">design fonctionnel<\/strong> facilitent les op\u00e9rations de <strong data-start=\"1647\" data-end=\"1678\">nettoyage et de maintenance<\/strong>, tandis que l\u2019<strong data-start=\"1693\" data-end=\"1727\">excellente fluidit\u00e9 de roulage<\/strong> r\u00e9duit l\u2019effort des op\u00e9rateurs, m\u00eame sur des surfaces irr\u00e9guli\u00e8res typiques des environnements portuaires.<\/p>\n<p data-start=\"1836\" data-end=\"1962\" data-is-last-node=\"\" data-is-only-node=\"\">Des solutions d\u00e9di\u00e9es au <strong data-start=\"1861\" data-end=\"1879\">monde nautique<\/strong>, o\u00f9 <strong data-start=\"1884\" data-end=\"1897\">fiabilit\u00e9<\/strong>, <strong data-start=\"1899\" data-end=\"1913\">durabilit\u00e9<\/strong> et <strong data-start=\"1917\" data-end=\"1929\">s\u00e9curit\u00e9<\/strong> sont des exigences essentielles.<\/p>\n<\/div>\n<p><\/div>\n<p><\/div>\n<p><\/div>\n<p><\/p>\n<div class=\"z-0 flex min-h-[46px] justify-start\"><\/div>\n<p><\/p>\n<div class=\"mt-3 w-full empty:hidden\">\n<div class=\"text-center\"><\/div>\n<p><\/div>\n<p><\/div>\n<p><\/div>\n<p><\/article>\n<\/div>\n\t\t\t\t\t\t\t\t<\/div>\n\t\t\t\t<\/div>\n\t\t\t\t<\/div>\n\t\t\t\t<\/div>\n\t\t","protected":false},"excerpt":{"rendered":"<p>Settore nautico Dans le secteur nautique, les op\u00e9rations de manutention exigent des solutions capables de garantir une r\u00e9sistance \u00e9lev\u00e9e \u00e0 la corrosion, une fiabilit\u00e9 durable et des performances constantes, m\u00eame dans des environnements marins particuli\u00e8rement contraignants. Les Roues et Roulettes AVO sont utilis\u00e9es pour la r\u00e9alisation de chariots de chantiers navals, la manutention d\u2019embarcations, les [&hellip;]<\/p>\n","protected":false},"author":2,"featured_media":0,"parent":152540,"menu_order":0,"comment_status":"closed","ping_status":"closed","template":"","meta":{"_acf_changed":false,"footnotes":""},"class_list":["post-156378","page","type-page","status-publish","hentry"],"acf":[],"_links":{"self":[{"href":"https:\/\/www.avo.it\/fr\/wp-json\/wp\/v2\/pages\/156378","targetHints":{"allow":["GET"]}}],"collection":[{"href":"https:\/\/www.avo.it\/fr\/wp-json\/wp\/v2\/pages"}],"about":[{"href":"https:\/\/www.avo.it\/fr\/wp-json\/wp\/v2\/types\/page"}],"author":[{"embeddable":true,"href":"https:\/\/www.avo.it\/fr\/wp-json\/wp\/v2\/users\/2"}],"replies":[{"embeddable":true,"href":"https:\/\/www.avo.it\/fr\/wp-json\/wp\/v2\/comments?post=156378"}],"version-history":[{"count":1,"href":"https:\/\/www.avo.it\/fr\/wp-json\/wp\/v2\/pages\/156378\/revisions"}],"predecessor-version":[{"id":156379,"href":"https:\/\/www.avo.it\/fr\/wp-json\/wp\/v2\/pages\/156378\/revisions\/156379"}],"up":[{"embeddable":true,"href":"https:\/\/www.avo.it\/fr\/wp-json\/wp\/v2\/pages\/152540"}],"wp:attachment":[{"href":"https:\/\/www.avo.it\/fr\/wp-json\/wp\/v2\/media?parent=156378"}],"curies":[{"name":"wp","href":"https:\/\/api.w.org\/{rel}","templated":true}]}}